{"id":5974,"date":"2022-04-28T06:17:59","date_gmt":"2022-04-28T06:17:59","guid":{"rendered":"https:\/\/oniar.eu\/\/?page_id=5974"},"modified":"2024-10-14T14:19:16","modified_gmt":"2024-10-14T14:19:16","slug":"cookie-policy","status":"publish","type":"page","link":"https:\/\/oniar.eu\/sv\/cookie-policy\/","title":{"rendered":"Policy f\u00f6r cookies"},"content":{"rendered":"<div data-elementor-type=\"wp-post\" data-elementor-id=\"5974\" class=\"elementor elementor-5974\">\n\t\t\t\t\t\t<section class=\"elementor-section elementor-top-section elementor-element elementor-element-d5cb96b elementor-section-full_width elementor-section-height-min-height elementor-section-stretched elementor-section-height-default elementor-section-items-middle\" data-id=\"d5cb96b\" data-element_type=\"section\" data-e-type=\"section\" data-settings=\"{&quot;stretch_section&quot;:&quot;section-stretched&quot;,&quot;background_background&quot;:&quot;classic&quot;}\">\n\t\t\t\t\t\t<div class=\"elementor-container elementor-column-gap-default\">\n\t\t\t\t\t<div class=\"elementor-column elementor-col-100 elementor-top-column elementor-element elementor-element-b877cb7\" data-id=\"b877cb7\" data-element_type=\"column\" data-e-type=\"column\">\n\t\t\t<div class=\"elementor-widget-wrap elementor-element-populated\">\n\t\t\t\t\t\t<div class=\"elementor-element elementor-element-978fc1f elementor-widget elementor-widget-heading\" data-id=\"978fc1f\" data-element_type=\"widget\" data-e-type=\"widget\" data-widget_type=\"heading.default\">\n\t\t\t\t<div class=\"elementor-widget-container\">\n\t\t\t\t\t<h1 class=\"elementor-heading-title elementor-size-default\">Policy f\u00f6r cookies<\/h1>\t\t\t\t<\/div>\n\t\t\t\t<\/div>\n\t\t\t\t\t<\/div>\n\t\t<\/div>\n\t\t\t\t\t<\/div>\n\t\t<\/section>\n\t\t\t\t<section class=\"elementor-section elementor-top-section elementor-element elementor-element-54dfedde elementor-section-boxed elementor-section-height-default elementor-section-height-default\" data-id=\"54dfedde\" data-element_type=\"section\" data-e-type=\"section\" data-settings=\"{&quot;background_background&quot;:&quot;classic&quot;}\">\n\t\t\t\t\t\t<div class=\"elementor-container elementor-column-gap-default\">\n\t\t\t\t\t<div class=\"elementor-column elementor-col-100 elementor-top-column elementor-element elementor-element-3b5232b7\" data-id=\"3b5232b7\" data-element_type=\"column\" data-e-type=\"column\">\n\t\t\t<div class=\"elementor-widget-wrap elementor-element-populated\">\n\t\t\t\t\t\t<div class=\"elementor-element elementor-element-e4915ba elementor-widget elementor-widget-heading\" data-id=\"e4915ba\" data-element_type=\"widget\" data-e-type=\"widget\" data-widget_type=\"heading.default\">\n\t\t\t\t<div class=\"elementor-widget-container\">\n\t\t\t\t\t<h3 class=\"elementor-heading-title elementor-size-default\">Introduktion\n\n<\/h3>\t\t\t\t<\/div>\n\t\t\t\t<\/div>\n\t\t\t\t<div class=\"elementor-element elementor-element-5dba8f1 elementor-widget elementor-widget-heading\" data-id=\"5dba8f1\" data-element_type=\"widget\" data-e-type=\"widget\" data-widget_type=\"heading.default\">\n\t\t\t\t<div class=\"elementor-widget-container\">\n\t\t\t\t\t<h3 class=\"elementor-heading-title elementor-size-small\">Denna cookiepolicy f\u00f6rklarar vad cookies \u00e4r och hur Oniar O\u00dc anv\u00e4nder dem p\u00e5 webbplatsen www.oniar.eu. Denna policy hj\u00e4lper dig att f\u00f6rst\u00e5 vilken typ av cookies vi anv\u00e4nder, vilken information vi samlar in med hj\u00e4lp av cookies och hur denna information anv\u00e4nds. Dessutom f\u00f6rklaras varf\u00f6r vi anv\u00e4nder dem samt dina r\u00e4ttigheter att kontrollera v\u00e5r anv\u00e4ndning av dem.\n\nVi behandlar personuppgifter i enlighet med till\u00e4mpliga lagar om skydd av personuppgifter, inklusive Europaparlamentets och r\u00e5dets f\u00f6rordning (EU) 2016\/679 (\"GDPR\").\n\nVi lagrar inte k\u00e4nsliga personuppgifter, s\u00e5som postadresser, kontol\u00f6senord etc. i de cookies vi anv\u00e4nder. F\u00f6r mer information om hur vi anv\u00e4nder, lagrar och skyddar dina personuppgifter, se v\u00e5r sekretesspolicy. \n<\/h3>\t\t\t\t<\/div>\n\t\t\t\t<\/div>\n\t\t\t\t<div class=\"elementor-element elementor-element-f164035 elementor-widget elementor-widget-heading\" data-id=\"f164035\" data-element_type=\"widget\" data-e-type=\"widget\" data-widget_type=\"heading.default\">\n\t\t\t\t<div class=\"elementor-widget-container\">\n\t\t\t\t\t<h3 class=\"elementor-heading-title elementor-size-default\">Vad \u00e4r en kaka?<\/h3>\t\t\t\t<\/div>\n\t\t\t\t<\/div>\n\t\t\t\t<div class=\"elementor-element elementor-element-fd95a4d elementor-widget elementor-widget-heading\" data-id=\"fd95a4d\" data-element_type=\"widget\" data-e-type=\"widget\" data-widget_type=\"heading.default\">\n\t\t\t\t<div class=\"elementor-widget-container\">\n\t\t\t\t\t<h3 class=\"elementor-heading-title elementor-size-small\">En cookie \u00e4r en liten textfil som lagras p\u00e5 din dator eller annan internetansluten enhet f\u00f6r att identifiera din webbl\u00e4sare, tillhandah\u00e5lla analyser, komma ih\u00e5g information om dig, t.ex. dina spr\u00e5kpreferenser eller inloggningsinformation. De \u00e4r helt s\u00e4kra och kan inte anv\u00e4ndas f\u00f6r att k\u00f6ra program eller leverera virus till din enhet.\n\nN\u00e4r du bes\u00f6ker en webbplats eller anv\u00e4nder en mobilapplikation fr\u00e5gar en dator din dator eller mobila enhet om till\u00e5telse att spara denna fil p\u00e5 din dator eller mobila enhet och f\u00e5 tillg\u00e5ng till information.<\/h3>\t\t\t\t<\/div>\n\t\t\t\t<\/div>\n\t\t\t\t<div class=\"elementor-element elementor-element-7d66723 elementor-widget elementor-widget-heading\" data-id=\"7d66723\" data-element_type=\"widget\" data-e-type=\"widget\" data-widget_type=\"heading.default\">\n\t\t\t\t<div class=\"elementor-widget-container\">\n\t\t\t\t\t<h3 class=\"elementor-heading-title elementor-size-default\">Varf\u00f6r anv\u00e4nder vi cookies?<\/h3>\t\t\t\t<\/div>\n\t\t\t\t<\/div>\n\t\t\t\t<div class=\"elementor-element elementor-element-2885e18 elementor-widget elementor-widget-heading\" data-id=\"2885e18\" data-element_type=\"widget\" data-e-type=\"widget\" data-widget_type=\"heading.default\">\n\t\t\t\t<div class=\"elementor-widget-container\">\n\t\t\t\t\t<h3 class=\"elementor-heading-title elementor-size-small\">Vi anv\u00e4nder cookies fr\u00e5n f\u00f6rsta part och\/eller tredje part p\u00e5 v\u00e5r webbplats.\nF\u00f6rstapartscookies placeras av den webbplats du bes\u00f6ker. Endast v\u00e4rddom\u00e4nen kan h\u00e4mta och l\u00e4sa inneh\u00e5llet i dessa cookies. Tredjepartscookies m\u00f6jligg\u00f6r tredjepartsfunktioner p\u00e5 v\u00e5r webbplats.\n\nVi anv\u00e4nder cookies i f\u00f6ljande syften:\n\n1. F\u00f6r att f\u00f6renkla driften och funktionaliteten p\u00e5 v\u00e5r webbplats;\n2. F\u00f6r att f\u00f6rb\u00e4ttra din upplevelse genom att g\u00f6ra det snabbare och enklare att navigera p\u00e5 v\u00e5r webbplats;\n3. F\u00f6r att l\u00e5ta oss f\u00f6rst\u00e5 vad som \u00e4r anv\u00e4ndbart eller av intresse f\u00f6r dig.\n4. F\u00f6r att analysera hur v\u00e5r webbplats anv\u00e4nds och hur vi kan g\u00f6ra den mer effektiv att anv\u00e4nda.\n<\/h3>\t\t\t\t<\/div>\n\t\t\t\t<\/div>\n\t\t\t\t<div class=\"elementor-element elementor-element-de22a88 elementor-widget elementor-widget-heading\" data-id=\"de22a88\" data-element_type=\"widget\" data-e-type=\"widget\" data-widget_type=\"heading.default\">\n\t\t\t\t<div class=\"elementor-widget-container\">\n\t\t\t\t\t<h3 class=\"elementor-heading-title elementor-size-default\">Vilken typ av cookies anv\u00e4nder vi?<\/h3>\t\t\t\t<\/div>\n\t\t\t\t<\/div>\n\t\t\t\t<div class=\"elementor-element elementor-element-d103921 elementor-widget elementor-widget-heading\" data-id=\"d103921\" data-element_type=\"widget\" data-e-type=\"widget\" data-widget_type=\"heading.default\">\n\t\t\t\t<div class=\"elementor-widget-container\">\n\t\t\t\t\t<h3 class=\"elementor-heading-title elementor-size-small\">Cookies kan antingen vara sessionscookies eller permanenta cookies. Sessionscookies raderas automatiskt n\u00e4r du st\u00e4nger webbl\u00e4saren. Best\u00e4ndiga cookies har f\u00e5tt ett utg\u00e5ngsdatum och de kommer att finnas kvar tills detta datum har uppn\u00e5tts eller tills du raderar dina cookies. F\u00f6rfallodagarna anges i sj\u00e4lva kakorna; vissa kan upph\u00f6ra att g\u00e4lla efter n\u00e5gra minuter medan andra kan upph\u00f6ra att g\u00e4lla efter flera \u00e5r.\n\nVi anv\u00e4nder f\u00f6ljande typer av cookies p\u00e5 v\u00e5r webbplats.\n<\/h3>\t\t\t\t<\/div>\n\t\t\t\t<\/div>\n\t\t\t\t<div class=\"elementor-element elementor-element-9f516ca elementor-widget elementor-widget-heading\" data-id=\"9f516ca\" data-element_type=\"widget\" data-e-type=\"widget\" data-widget_type=\"heading.default\">\n\t\t\t\t<div class=\"elementor-widget-container\">\n\t\t\t\t\t<h3 class=\"elementor-heading-title elementor-size-default\">Strikt n\u00f6dv\u00e4ndiga och v\u00e4sentliga cookies<\/h3>\t\t\t\t<\/div>\n\t\t\t\t<\/div>\n\t\t\t\t<div class=\"elementor-element elementor-element-acf9116 elementor-widget elementor-widget-heading\" data-id=\"acf9116\" data-element_type=\"widget\" data-e-type=\"widget\" data-widget_type=\"heading.default\">\n\t\t\t\t<div class=\"elementor-widget-container\">\n\t\t\t\t\t<h3 class=\"elementor-heading-title elementor-size-small\">Dessa cookies \u00e4r n\u00f6dv\u00e4ndiga f\u00f6r att v\u00e5r webbplats ska fungera och s\u00e4kerst\u00e4lla korrekt funktionalitet. De m\u00f6jligg\u00f6r grundl\u00e4ggande funktioner som n\u00e4tverkshantering, dina cookiepreferenser och tillg\u00e4nglighet. Dessa cookies g\u00f6r det m\u00f6jligt f\u00f6r dig att navigera p\u00e5 webbplatsen och anv\u00e4nda dess funktioner.  Du kan inaktivera dem genom att \u00e4ndra inst\u00e4llningarna i din webbl\u00e4sare, men detta kan p\u00e5verka webbplatsens funktion och vi kan inte garantera webbplatsens tekniska funktion och anv\u00e4ndning.<\/h3>\t\t\t\t<\/div>\n\t\t\t\t<\/div>\n\t\t\t\t<div class=\"elementor-element elementor-element-974ef26 elementor-widget elementor-widget-heading\" data-id=\"974ef26\" data-element_type=\"widget\" data-e-type=\"widget\" data-widget_type=\"heading.default\">\n\t\t\t\t<div class=\"elementor-widget-container\">\n\t\t\t\t\t<h3 class=\"elementor-heading-title elementor-size-default\">Cookies f\u00f6r prestanda och funktionalitet <\/h3>\t\t\t\t<\/div>\n\t\t\t\t<\/div>\n\t\t\t\t<div class=\"elementor-element elementor-element-4d68d2d elementor-widget elementor-widget-heading\" data-id=\"4d68d2d\" data-element_type=\"widget\" data-e-type=\"widget\" data-widget_type=\"heading.default\">\n\t\t\t\t<div class=\"elementor-widget-container\">\n\t\t\t\t\t<h3 class=\"elementor-heading-title elementor-size-small\">Dessa cookies \u00e4r inte n\u00f6dv\u00e4ndiga men anv\u00e4nds f\u00f6r att f\u00f6rb\u00e4ttra v\u00e5r webbplats prestanda och funktionalitet. Utan dessa cookies kan vissa funktioner som videor bli otillg\u00e4ngliga eller varje g\u00e5ng du bes\u00f6ker webbplatsen skulle vi inte kunna komma ih\u00e5g dina individuella val (t.ex. spr\u00e5k eller region). <\/h3>\t\t\t\t<\/div>\n\t\t\t\t<\/div>\n\t\t\t\t<div class=\"elementor-element elementor-element-018c9a3 elementor-widget elementor-widget-heading\" data-id=\"018c9a3\" data-element_type=\"widget\" data-e-type=\"widget\" data-widget_type=\"heading.default\">\n\t\t\t\t<div class=\"elementor-widget-container\">\n\t\t\t\t\t<h3 class=\"elementor-heading-title elementor-size-default\">Cookies f\u00f6r analys och anpassning<\/h3>\t\t\t\t<\/div>\n\t\t\t\t<\/div>\n\t\t\t\t<div class=\"elementor-element elementor-element-bd5d329 elementor-widget elementor-widget-heading\" data-id=\"bd5d329\" data-element_type=\"widget\" data-e-type=\"widget\" data-widget_type=\"heading.default\">\n\t\t\t\t<div class=\"elementor-widget-container\">\n\t\t\t\t\t<h3 class=\"elementor-heading-title elementor-size-small\">Dessa cookies samlar in information som anv\u00e4nds f\u00f6r att hj\u00e4lpa oss att f\u00f6rst\u00e5 hur v\u00e5r webbplats anv\u00e4nds eller f\u00f6r att hj\u00e4lpa oss att anpassa v\u00e5r webbplats f\u00f6r dig. Vi anv\u00e4nder statistisk information om anv\u00e4ndningen av v\u00e5r webbplats f\u00f6r prestanda och optimering av webbplatsen.\n\nVi anv\u00e4nder cookies som serveras av Google Analytics f\u00f6r att samla in begr\u00e4nsade uppgifter direkt fr\u00e5n slutanv\u00e4ndarens webbl\u00e4sare s\u00e5 att vi b\u00e4ttre kan f\u00f6rst\u00e5 din anv\u00e4ndning av v\u00e5r webbplats. Dessa cookies kan sp\u00e5ra saker som hur l\u00e4nge du tillbringar p\u00e5 webbplatsen och vilka sidor du bes\u00f6ker.  Mer information om hur Google samlar in och anv\u00e4nder dessa uppgifter finns p\u00e5: https:\/\/policies.google.com\/technologies\/partner-sites. Du kan v\u00e4lja bort all Google-st\u00f6dd analys p\u00e5 v\u00e5ra webbplatser genom att bes\u00f6ka: https:\/\/tools.google.com\/dlpage\/gaoptout. \n<\/h3>\t\t\t\t<\/div>\n\t\t\t\t<\/div>\n\t\t\t\t<div class=\"elementor-element elementor-element-a8e8e2b elementor-widget elementor-widget-heading\" data-id=\"a8e8e2b\" data-element_type=\"widget\" data-e-type=\"widget\" data-widget_type=\"heading.default\">\n\t\t\t\t<div class=\"elementor-widget-container\">\n\t\t\t\t\t<h3 class=\"elementor-heading-title elementor-size-default\">Cookies fr\u00e5n tredje part<\/h3>\t\t\t\t<\/div>\n\t\t\t\t<\/div>\n\t\t\t\t<div class=\"elementor-element elementor-element-261a06e elementor-widget elementor-widget-heading\" data-id=\"261a06e\" data-element_type=\"widget\" data-e-type=\"widget\" data-widget_type=\"heading.default\">\n\t\t\t\t<div class=\"elementor-widget-container\">\n\t\t\t\t\t<h3 class=\"elementor-heading-title elementor-size-small\">Vissa cookies som har st\u00e4llts in p\u00e5 v\u00e5r webbplats har inte st\u00e4llts in av en f\u00f6rsta part. Webbplatsen kan inneh\u00e5lla inneh\u00e5ll fr\u00e5n tredje part i reklamsyfte via v\u00e5r webbplats. Dessa tredjepartstj\u00e4nsteleverant\u00f6rer kan st\u00e4lla in sina egna cookies i din webbl\u00e4sare. Tredjepartstj\u00e4nsteleverant\u00f6rer kontrollerar m\u00e5nga av de prestanda- och funktionalitets-, reklam-, marknadsf\u00f6rings- och analyscookies som beskrivs ovan. Tredjepartscookies kan anv\u00e4nda information om dina bes\u00f6k p\u00e5 denna och andra webbplatser f\u00f6r att tillhandah\u00e5lla relevanta annonser om varor och tj\u00e4nster som du kan vara intresserad av. De uppgifter som samlas in av dessa cookies st\u00e5r inte under v\u00e5r kontroll eftersom anv\u00e4ndningen av dessa tredjepartscookies endast kan n\u00e5s av den tredje part som ursprungligen st\u00e4llde in dem. \n<\/h3>\t\t\t\t<\/div>\n\t\t\t\t<\/div>\n\t\t\t\t<div class=\"elementor-element elementor-element-b51feb4 elementor-widget elementor-widget-heading\" data-id=\"b51feb4\" data-element_type=\"widget\" data-e-type=\"widget\" data-widget_type=\"heading.default\">\n\t\t\t\t<div class=\"elementor-widget-container\">\n\t\t\t\t\t<h3 class=\"elementor-heading-title elementor-size-default\">Hur kan du hantera cookies?<\/h3>\t\t\t\t<\/div>\n\t\t\t\t<\/div>\n\t\t\t\t<div class=\"elementor-element elementor-element-2c7865f elementor-widget elementor-widget-heading\" data-id=\"2c7865f\" data-element_type=\"widget\" data-e-type=\"widget\" data-widget_type=\"heading.default\">\n\t\t\t\t<div class=\"elementor-widget-container\">\n\t\t\t\t\t<h3 class=\"elementor-heading-title elementor-size-small\">I de flesta webbl\u00e4sare kan du kontrollera cookies via inst\u00e4llningarna. Du kan \u00e4ndra inst\u00e4llningarna i din webbl\u00e4sare f\u00f6r att styra i vilken utstr\u00e4ckning du till\u00e5ter anv\u00e4ndning av cookies och riktad reklam. Om du begr\u00e4nsar webbplatsers m\u00f6jlighet att st\u00e4lla in cookies kan du dock f\u00f6rs\u00e4mra din totala anv\u00e4ndarupplevelse, eftersom den inte l\u00e4ngre kommer att vara personlig f\u00f6r dig.\n\nOm du vill konfigurera inst\u00e4llningarna enligt dina \u00f6nskem\u00e5l kan du l\u00e4sa mer om detta i webbl\u00e4sartillverkarens hj\u00e4lpmeny.\n\n<\/h3>\t\t\t\t<\/div>\n\t\t\t\t<\/div>\n\t\t\t\t<div class=\"elementor-element elementor-element-9710fb8 elementor-widget elementor-widget-heading\" data-id=\"9710fb8\" data-element_type=\"widget\" data-e-type=\"widget\" data-widget_type=\"heading.default\">\n\t\t\t\t<div class=\"elementor-widget-container\">\n\t\t\t\t\t<h3 class=\"elementor-heading-title elementor-size-default\">Blockera och inaktivera cookies och liknande teknik<\/h3>\t\t\t\t<\/div>\n\t\t\t\t<\/div>\n\t\t\t\t<div class=\"elementor-element elementor-element-817ac0b elementor-widget elementor-widget-heading\" data-id=\"817ac0b\" data-element_type=\"widget\" data-e-type=\"widget\" data-widget_type=\"heading.default\">\n\t\t\t\t<div class=\"elementor-widget-container\">\n\t\t\t\t\t<h3 class=\"elementor-heading-title elementor-size-small\">Du kan st\u00e4lla in din webbl\u00e4sare s\u00e5 att den blockerar cookies och liknande teknik, men det kan ocks\u00e5 blockera v\u00e5ra viktiga cookies och f\u00f6rhindra att v\u00e5r webbplats fungerar korrekt. Du kan uppleva vissa ol\u00e4genheter n\u00e4r du anv\u00e4nder webbplatsens funktioner och tj\u00e4nster. Du b\u00f6r vara medveten om att du ocks\u00e5 kan f\u00f6rlora viss sparad information (t.ex. webbplatsinst\u00e4llningar) om du blockerar cookies i din webbl\u00e4sare. Det rekommenderas d\u00e4rf\u00f6r att du inte inaktiverar eller blockerar cookies.\n\nAtt inaktivera en cookie eller en kategori av cookies raderar inte cookien fr\u00e5n din webbl\u00e4sare, du m\u00e5ste g\u00f6ra detta sj\u00e4lv fr\u00e5n din webbl\u00e4sare. Om du vill radera cookies eller tilldela din webbl\u00e4sare att radera eller v\u00e4gra cookies, g\u00e5 till hj\u00e4lpmenyn i din webbl\u00e4sare.\n<\/h3>\t\t\t\t<\/div>\n\t\t\t\t<\/div>\n\t\t\t\t<div class=\"elementor-element elementor-element-23cbeb8 elementor-widget elementor-widget-heading\" data-id=\"23cbeb8\" data-element_type=\"widget\" data-e-type=\"widget\" data-widget_type=\"heading.default\">\n\t\t\t\t<div class=\"elementor-widget-container\">\n\t\t\t\t\t<h3 class=\"elementor-heading-title elementor-size-default\">\u00c4ndringar i v\u00e5r cookiepolicy<\/h3>\t\t\t\t<\/div>\n\t\t\t\t<\/div>\n\t\t\t\t<div class=\"elementor-element elementor-element-9c2009c elementor-widget elementor-widget-heading\" data-id=\"9c2009c\" data-element_type=\"widget\" data-e-type=\"widget\" data-widget_type=\"heading.default\">\n\t\t\t\t<div class=\"elementor-widget-container\">\n\t\t\t\t\t<h3 class=\"elementor-heading-title elementor-size-small\">Vi kan beh\u00f6va g\u00f6ra \u00e4ndringar i denna cookiepolicy s\u00e5 att den korrekt \u00e5terspeglar v\u00e5ra tj\u00e4nster och policyer. Vi rekommenderar att du \u00e5terbes\u00f6ker v\u00e5r cookiepolicy d\u00e5 och d\u00e5 f\u00f6r att h\u00e5lla dig informerad om v\u00e5r anv\u00e4ndning av cookies och relaterad teknik. Den senaste relevanta cookiepolicyn finns h\u00e4r.\n\nOm vi skulle g\u00f6ra \u00e4ndringar som v\u00e4sentligt reviderar v\u00e5r cookiepolicy kan vi lyfta fram \u00e4ndringarna p\u00e5 v\u00e5r webbplats.\n<\/h3>\t\t\t\t<\/div>\n\t\t\t\t<\/div>\n\t\t\t\t<div class=\"elementor-element elementor-element-b89bbbe elementor-widget elementor-widget-heading\" data-id=\"b89bbbe\" data-element_type=\"widget\" data-e-type=\"widget\" data-widget_type=\"heading.default\">\n\t\t\t\t<div class=\"elementor-widget-container\">\n\t\t\t\t\t<h3 class=\"elementor-heading-title elementor-size-default\">Dina r\u00e4ttigheter till dina personuppgifter<\/h3>\t\t\t\t<\/div>\n\t\t\t\t<\/div>\n\t\t\t\t<div class=\"elementor-element elementor-element-e8cb0be elementor-widget elementor-widget-heading\" data-id=\"e8cb0be\" data-element_type=\"widget\" data-e-type=\"widget\" data-widget_type=\"heading.default\">\n\t\t\t\t<div class=\"elementor-widget-container\">\n\t\t\t\t\t<h3 class=\"elementor-heading-title elementor-size-small\">Du har r\u00e4tt att best\u00e4mma om du vill acceptera eller avvisa cookies. Genom att forts\u00e4tta anv\u00e4nda v\u00e5r webbplats godk\u00e4nner du v\u00e5r cookiepolicy och samtycker till dess villkor.\n\nDina personuppgifter behandlas konfidentiellt. Vi avsl\u00f6jar, s\u00e4ljer eller hyr inte ut dina uppgifter till tredje part. Dina personuppgifter \u00e4r begr\u00e4nsade till Oniar O\u00dc:s anst\u00e4llda som kan anv\u00e4nda informationen i sina arbetsuppgifter.\n\nDu har r\u00e4tt att kontrollera uppgifterna om dig sj\u00e4lv i v\u00e5rt register, r\u00e4tt att beg\u00e4ra r\u00e4ttelse av felaktiga uppgifter, r\u00e4tt att f\u00f6rbjuda behandling av personuppgifter som r\u00f6r dig i direkt marknadsf\u00f6ring.\n\nP\u00e5 din beg\u00e4ran kommer vi att korrigera, radera eller komplettera personuppgifter som kan vara felaktiga, on\u00f6diga, ofullst\u00e4ndiga eller inaktuella. Om du vill ut\u00f6va dina r\u00e4ttigheter till dina personuppgifter eller om du har n\u00e5gra fr\u00e5gor om v\u00e5r cookiepolicy kan du kontakta oss via e-post: dataprotection@oniar.eu. <\/h3>\t\t\t\t<\/div>\n\t\t\t\t<\/div>\n\t\t\t\t\t<\/div>\n\t\t<\/div>\n\t\t\t\t\t<\/div>\n\t\t<\/section>\n\t\t\t\t<\/div>","protected":false},"excerpt":{"rendered":"<p>Cookie policy Introduction This cookie policy explains what cookies are and how Oniar O\u00dc use them on website www.oniar.eu. This policy will help you understand what type of cookies we use, the information we collect using cookies and how this information is being used. Furthermore, it explains why we use them, as well as your [&hellip;]<\/p>\n","protected":false},"author":2,"featured_media":0,"parent":0,"menu_order":0,"comment_status":"closed","ping_status":"closed","template":"","meta":{"_eb_attr":"","_monsterinsights_skip_tracking":false,"_monsterinsights_sitenote_active":false,"_monsterinsights_sitenote_note":"","_monsterinsights_sitenote_category":0,"site-sidebar-layout":"no-sidebar","site-content-layout":"page-builder","ast-site-content-layout":"full-width-container","site-content-style":"unboxed","site-sidebar-style":"unboxed","ast-global-header-display":"","ast-banner-title-visibility":"","ast-main-header-display":"","ast-hfb-above-header-display":"","ast-hfb-below-header-display":"","ast-hfb-mobile-header-display":"","site-post-title":"disabled","ast-breadcrumbs-content":"","ast-featured-img":"disabled","footer-sml-layout":"","ast-disable-related-posts":"","theme-transparent-header-meta":"enabled","adv-header-id-meta":"","stick-header-meta":"","header-above-stick-meta":"","header-main-stick-meta":"","header-below-stick-meta":"","astra-migrate-meta-layouts":"set","ast-page-background-enabled":"default","ast-page-background-meta":{"desktop":{"background-color":"","background-image":"","background-repeat":"repeat","background-position":"center center","background-size":"auto","background-attachment":"scroll","background-type":"","background-media":"","overlay-type":"","overlay-color":"","overlay-opacity":"","overlay-gradient":""},"tablet":{"background-color":"","background-image":"","background-repeat":"repeat","background-position":"center center","background-size":"auto","background-attachment":"scroll","background-type":"","background-media":"","overlay-type":"","overlay-color":"","overlay-opacity":"","overlay-gradient":""},"mobile":{"background-color":"","background-image":"","background-repeat":"repeat","background-position":"center center","background-size":"auto","background-attachment":"scroll","background-type":"","background-media":"","overlay-type":"","overlay-color":"","overlay-opacity":"","overlay-gradient":""}},"ast-content-background-meta":{"desktop":{"background-color":"var(--ast-global-color-5)","background-image":"","background-repeat":"repeat","background-position":"center center","background-size":"auto","background-attachment":"scroll","background-type":"","background-media":"","overlay-type":"","overlay-color":"","overlay-opacity":"","overlay-gradient":""},"tablet":{"background-color":"var(--ast-global-color-5)","background-image":"","background-repeat":"repeat","background-position":"center center","background-size":"auto","background-attachment":"scroll","background-type":"","background-media":"","overlay-type":"","overlay-color":"","overlay-opacity":"","overlay-gradient":""},"mobile":{"background-color":"var(--ast-global-color-5)","background-image":"","background-repeat":"repeat","background-position":"center center","background-size":"auto","background-attachment":"scroll","background-type":"","background-media":"","overlay-type":"","overlay-color":"","overlay-opacity":"","overlay-gradient":""}},"footnotes":""},"class_list":["post-5974","page","type-page","status-publish","hentry"],"aioseo_notices":[],"_links":{"self":[{"href":"https:\/\/oniar.eu\/sv\/wp-json\/wp\/v2\/pages\/5974","targetHints":{"allow":["GET"]}}],"collection":[{"href":"https:\/\/oniar.eu\/sv\/wp-json\/wp\/v2\/pages"}],"about":[{"href":"https:\/\/oniar.eu\/sv\/wp-json\/wp\/v2\/types\/page"}],"author":[{"embeddable":true,"href":"https:\/\/oniar.eu\/sv\/wp-json\/wp\/v2\/users\/2"}],"replies":[{"embeddable":true,"href":"https:\/\/oniar.eu\/sv\/wp-json\/wp\/v2\/comments?post=5974"}],"version-history":[{"count":26,"href":"https:\/\/oniar.eu\/sv\/wp-json\/wp\/v2\/pages\/5974\/revisions"}],"predecessor-version":[{"id":7776,"href":"https:\/\/oniar.eu\/sv\/wp-json\/wp\/v2\/pages\/5974\/revisions\/7776"}],"wp:attachment":[{"href":"https:\/\/oniar.eu\/sv\/wp-json\/wp\/v2\/media?parent=5974"}],"curies":[{"name":"wp","href":"https:\/\/api.w.org\/{rel}","templated":true}]}}