{"id":5974,"date":"2022-04-28T06:17:59","date_gmt":"2022-04-28T06:17:59","guid":{"rendered":"https:\/\/oniar.eu\/\/?page_id=5974"},"modified":"2024-10-14T14:19:16","modified_gmt":"2024-10-14T14:19:16","slug":"cookie-policy","status":"publish","type":"page","link":"https:\/\/oniar.eu\/sl\/cookie-policy\/","title":{"rendered":"Pravilnik o pi\u0161kotkih"},"content":{"rendered":"<div data-elementor-type=\"wp-post\" data-elementor-id=\"5974\" class=\"elementor elementor-5974\">\n\t\t\t\t\t\t<section class=\"elementor-section elementor-top-section elementor-element elementor-element-d5cb96b elementor-section-full_width elementor-section-height-min-height elementor-section-stretched elementor-section-height-default elementor-section-items-middle\" data-id=\"d5cb96b\" data-element_type=\"section\" data-e-type=\"section\" data-settings=\"{&quot;stretch_section&quot;:&quot;section-stretched&quot;,&quot;background_background&quot;:&quot;classic&quot;}\">\n\t\t\t\t\t\t<div class=\"elementor-container elementor-column-gap-default\">\n\t\t\t\t\t<div class=\"elementor-column elementor-col-100 elementor-top-column elementor-element elementor-element-b877cb7\" data-id=\"b877cb7\" data-element_type=\"column\" data-e-type=\"column\">\n\t\t\t<div class=\"elementor-widget-wrap elementor-element-populated\">\n\t\t\t\t\t\t<div class=\"elementor-element elementor-element-978fc1f elementor-widget elementor-widget-heading\" data-id=\"978fc1f\" data-element_type=\"widget\" data-e-type=\"widget\" data-widget_type=\"heading.default\">\n\t\t\t\t<div class=\"elementor-widget-container\">\n\t\t\t\t\t<h1 class=\"elementor-heading-title elementor-size-default\">Pravilnik o pi\u0161kotkih<\/h1>\t\t\t\t<\/div>\n\t\t\t\t<\/div>\n\t\t\t\t\t<\/div>\n\t\t<\/div>\n\t\t\t\t\t<\/div>\n\t\t<\/section>\n\t\t\t\t<section class=\"elementor-section elementor-top-section elementor-element elementor-element-54dfedde elementor-section-boxed elementor-section-height-default elementor-section-height-default\" data-id=\"54dfedde\" data-element_type=\"section\" data-e-type=\"section\" data-settings=\"{&quot;background_background&quot;:&quot;classic&quot;}\">\n\t\t\t\t\t\t<div class=\"elementor-container elementor-column-gap-default\">\n\t\t\t\t\t<div class=\"elementor-column elementor-col-100 elementor-top-column elementor-element elementor-element-3b5232b7\" data-id=\"3b5232b7\" data-element_type=\"column\" data-e-type=\"column\">\n\t\t\t<div class=\"elementor-widget-wrap elementor-element-populated\">\n\t\t\t\t\t\t<div class=\"elementor-element elementor-element-e4915ba elementor-widget elementor-widget-heading\" data-id=\"e4915ba\" data-element_type=\"widget\" data-e-type=\"widget\" data-widget_type=\"heading.default\">\n\t\t\t\t<div class=\"elementor-widget-container\">\n\t\t\t\t\t<h3 class=\"elementor-heading-title elementor-size-default\">Uvod\n\n<\/h3>\t\t\t\t<\/div>\n\t\t\t\t<\/div>\n\t\t\t\t<div class=\"elementor-element elementor-element-5dba8f1 elementor-widget elementor-widget-heading\" data-id=\"5dba8f1\" data-element_type=\"widget\" data-e-type=\"widget\" data-widget_type=\"heading.default\">\n\t\t\t\t<div class=\"elementor-widget-container\">\n\t\t\t\t\t<h3 class=\"elementor-heading-title elementor-size-small\">Ta pravilnik o pi\u0161kotkih pojasnjuje, kaj so pi\u0161kotki in kako jih dru\u017eba Oniar O\u00dc uporablja na spletni strani www.oniar.eu. Ta pravilnik vam bo pomagal razumeti, katere vrste pi\u0161kotkov uporabljamo, katere informacije zbiramo s pi\u0161kotki in kako se te informacije uporabljajo. Poleg tega pojasnjuje, zakaj jih uporabljamo, in va\u0161e pravice do nadzora nad njihovo uporabo.\n\nOsebne podatke obdelujemo v skladu z veljavnimi zakoni o varstvu osebnih podatkov, vklju\u010dno z Uredbo Evropskega parlamenta in Sveta (EU) 2016\/679 (\"GDPR\").\n\nV pi\u0161kotkih, ki jih uporabljamo, ne shranjujemo ob\u010dutljivih osebnih podatkov, kot so po\u0161tni naslovi, gesla za ra\u010dune itd. Ve\u010d informacij o tem, kako uporabljamo, hranimo in varujemo va\u0161e osebne podatke, najdete v na\u0161em pravilniku o zasebnosti. \n<\/h3>\t\t\t\t<\/div>\n\t\t\t\t<\/div>\n\t\t\t\t<div class=\"elementor-element elementor-element-f164035 elementor-widget elementor-widget-heading\" data-id=\"f164035\" data-element_type=\"widget\" data-e-type=\"widget\" data-widget_type=\"heading.default\">\n\t\t\t\t<div class=\"elementor-widget-container\">\n\t\t\t\t\t<h3 class=\"elementor-heading-title elementor-size-default\">Kaj je pi\u0161kotek?<\/h3>\t\t\t\t<\/div>\n\t\t\t\t<\/div>\n\t\t\t\t<div class=\"elementor-element elementor-element-fd95a4d elementor-widget elementor-widget-heading\" data-id=\"fd95a4d\" data-element_type=\"widget\" data-e-type=\"widget\" data-widget_type=\"heading.default\">\n\t\t\t\t<div class=\"elementor-widget-container\">\n\t\t\t\t\t<h3 class=\"elementor-heading-title elementor-size-small\">Pi\u0161kotek je majhna besedilna datoteka, ki je shranjena v va\u0161em ra\u010dunalniku ali drugi napravi, povezani z internetom, da bi prepoznala va\u0161 brskalnik, zagotovila analitiko, si zapomnila informacije o vas, kot so va\u0161e jezikovne nastavitve ali podatki za prijavo. Pi\u0161kotki so popolnoma varni in jih ni mogo\u010de uporabiti za zagon programov ali prenos virusov v va\u0161o napravo.\n\nKo obi\u0161\u010dete spletno mesto ali uporabite mobilno aplikacijo, ra\u010dunalnik va\u0161 ra\u010dunalnik ali mobilno napravo zaprosi za dovoljenje, da to datoteko shrani v va\u0161 ra\u010dunalnik ali mobilno napravo in pridobi dostop do informacij.<\/h3>\t\t\t\t<\/div>\n\t\t\t\t<\/div>\n\t\t\t\t<div class=\"elementor-element elementor-element-7d66723 elementor-widget elementor-widget-heading\" data-id=\"7d66723\" data-element_type=\"widget\" data-e-type=\"widget\" data-widget_type=\"heading.default\">\n\t\t\t\t<div class=\"elementor-widget-container\">\n\t\t\t\t\t<h3 class=\"elementor-heading-title elementor-size-default\">Zakaj uporabljamo pi\u0161kotke?<\/h3>\t\t\t\t<\/div>\n\t\t\t\t<\/div>\n\t\t\t\t<div class=\"elementor-element elementor-element-2885e18 elementor-widget elementor-widget-heading\" data-id=\"2885e18\" data-element_type=\"widget\" data-e-type=\"widget\" data-widget_type=\"heading.default\">\n\t\t\t\t<div class=\"elementor-widget-container\">\n\t\t\t\t\t<h3 class=\"elementor-heading-title elementor-size-small\">Na na\u0161em spletnem mestu uporabljamo pi\u0161kotke prve in\/ali tretje osebe.\nPi\u0161kotke prve osebe namesti spletna stran, ki jo obiskujete. Vsebino teh pi\u0161kotkov lahko pridobi in prebere samo gostiteljska domena. Pi\u0161kotki tretjih oseb omogo\u010dajo funkcije ali funkcionalnosti tretjih oseb na na\u0161em spletnem mestu.\n\nPi\u0161kotke uporabljamo za namene :\n\n1. Za poenostavitev delovanja in funkcionalnosti na\u0161ega spletnega mesta;\n2. Da bi izbolj\u0161ali va\u0161o izku\u0161njo in vam omogo\u010dili hitrej\u0161e in enostavnej\u0161e krmarjenje po na\u0161em spletnem mestu;\n3. Da bi nam omogo\u010dili razumeti, kaj je za vas koristno ali zanimivo.\n4. Da bi analizirali, kako se na\u0161e spleti\u0161\u010de uporablja in kako ga lahko naredimo u\u010dinkovitej\u0161ega za uporabo.\n<\/h3>\t\t\t\t<\/div>\n\t\t\t\t<\/div>\n\t\t\t\t<div class=\"elementor-element elementor-element-de22a88 elementor-widget elementor-widget-heading\" data-id=\"de22a88\" data-element_type=\"widget\" data-e-type=\"widget\" data-widget_type=\"heading.default\">\n\t\t\t\t<div class=\"elementor-widget-container\">\n\t\t\t\t\t<h3 class=\"elementor-heading-title elementor-size-default\">Katere vrste pi\u0161kotkov uporabljamo?<\/h3>\t\t\t\t<\/div>\n\t\t\t\t<\/div>\n\t\t\t\t<div class=\"elementor-element elementor-element-d103921 elementor-widget elementor-widget-heading\" data-id=\"d103921\" data-element_type=\"widget\" data-e-type=\"widget\" data-widget_type=\"heading.default\">\n\t\t\t\t<div class=\"elementor-widget-container\">\n\t\t\t\t\t<h3 class=\"elementor-heading-title elementor-size-small\">Pi\u0161kotki so lahko sejni ali trajni pi\u0161kotki. Sejni pi\u0161kotki se samodejno izbri\u0161ejo, ko zaprete brskalnik. Trajni pi\u0161kotki imajo dolo\u010den datum poteka veljavnosti in bodo ostali, dokler ta datum ne bo dose\u017een ali dokler pi\u0161kotkov ne izbri\u0161ete. Datumi poteka veljavnosti so dolo\u010deni v samih pi\u0161kotkih; nekateri se lahko izte\u010dejo po nekaj minutah, drugi pa po ve\u010d letih.\n\nNa na\u0161em spletnem mestu uporabljamo naslednje vrste pi\u0161kotkov.\n<\/h3>\t\t\t\t<\/div>\n\t\t\t\t<\/div>\n\t\t\t\t<div class=\"elementor-element elementor-element-9f516ca elementor-widget elementor-widget-heading\" data-id=\"9f516ca\" data-element_type=\"widget\" data-e-type=\"widget\" data-widget_type=\"heading.default\">\n\t\t\t\t<div class=\"elementor-widget-container\">\n\t\t\t\t\t<h3 class=\"elementor-heading-title elementor-size-default\">Nujni in bistveni pi\u0161kotki<\/h3>\t\t\t\t<\/div>\n\t\t\t\t<\/div>\n\t\t\t\t<div class=\"elementor-element elementor-element-acf9116 elementor-widget elementor-widget-heading\" data-id=\"acf9116\" data-element_type=\"widget\" data-e-type=\"widget\" data-widget_type=\"heading.default\">\n\t\t\t\t<div class=\"elementor-widget-container\">\n\t\t\t\t\t<h3 class=\"elementor-heading-title elementor-size-small\">Ti pi\u0161kotki so nujni za delovanje na\u0161ega spletnega mesta in zagotavljanje ustrezne funkcionalnosti. Omogo\u010dajo osnovne funkcije, kot so upravljanje omre\u017eja, va\u0161e nastavitve pi\u0161kotkov in dostopnost. Ti pi\u0161kotki vam omogo\u010dajo navigacijo po spletnem mestu in uporabo njegovih funkcij.  Lahko jih onemogo\u010dite tako, da spremenite nastavitve brskalnika, vendar to lahko vpliva na delovanje spletnih mest, zato ne moremo zagotoviti tehni\u010dnega delovanja in uporabe na\u0161ega spletnega mesta.<\/h3>\t\t\t\t<\/div>\n\t\t\t\t<\/div>\n\t\t\t\t<div class=\"elementor-element elementor-element-974ef26 elementor-widget elementor-widget-heading\" data-id=\"974ef26\" data-element_type=\"widget\" data-e-type=\"widget\" data-widget_type=\"heading.default\">\n\t\t\t\t<div class=\"elementor-widget-container\">\n\t\t\t\t\t<h3 class=\"elementor-heading-title elementor-size-default\">Pi\u0161kotki za u\u010dinkovitost in funkcionalnost <\/h3>\t\t\t\t<\/div>\n\t\t\t\t<\/div>\n\t\t\t\t<div class=\"elementor-element elementor-element-4d68d2d elementor-widget elementor-widget-heading\" data-id=\"4d68d2d\" data-element_type=\"widget\" data-e-type=\"widget\" data-widget_type=\"heading.default\">\n\t\t\t\t<div class=\"elementor-widget-container\">\n\t\t\t\t\t<h3 class=\"elementor-heading-title elementor-size-small\">Ti pi\u0161kotki niso bistveni, vendar se uporabljajo za izbolj\u0161anje delovanja in funkcionalnosti na\u0161ega spletnega mesta. Brez teh pi\u0161kotkov nekatere funkcije, kot so videoposnetki, morda ne bodo na voljo ali pa si ob vsakem obisku spletnega mesta ne bomo mogli zapomniti va\u0161ih individualnih izbir (na primer jezika ali regije). <\/h3>\t\t\t\t<\/div>\n\t\t\t\t<\/div>\n\t\t\t\t<div class=\"elementor-element elementor-element-018c9a3 elementor-widget elementor-widget-heading\" data-id=\"018c9a3\" data-element_type=\"widget\" data-e-type=\"widget\" data-widget_type=\"heading.default\">\n\t\t\t\t<div class=\"elementor-widget-container\">\n\t\t\t\t\t<h3 class=\"elementor-heading-title elementor-size-default\">Pi\u0161kotki za analitiko in prilagajanje<\/h3>\t\t\t\t<\/div>\n\t\t\t\t<\/div>\n\t\t\t\t<div class=\"elementor-element elementor-element-bd5d329 elementor-widget elementor-widget-heading\" data-id=\"bd5d329\" data-element_type=\"widget\" data-e-type=\"widget\" data-widget_type=\"heading.default\">\n\t\t\t\t<div class=\"elementor-widget-container\">\n\t\t\t\t\t<h3 class=\"elementor-heading-title elementor-size-small\">Ti pi\u0161kotki zbirajo informacije, ki nam pomagajo razumeti, kako se na\u0161e spletno mesto uporablja, ali nam pomagajo prilagoditi na\u0161e spletno mesto za vas. Statisti\u010dne informacije o uporabi na\u0161ega spletnega mesta uporabljamo za u\u010dinkovitost in optimizacijo spletnega mesta.\n\nUporabljamo pi\u0161kotke, ki jih zagotavlja Google Analytics, za zbiranje omejenih podatkov neposredno iz brskalnikov kon\u010dnih uporabnikov, da lahko bolje razumemo va\u0161o uporabo na\u0161ega spletnega mesta. Ti pi\u0161kotki lahko spremljajo stvari, kot so \u010das, ki ga pre\u017eivite na spletnem mestu, in strani, ki jih obi\u0161\u010dete.  Ve\u010d informacij o tem, kako Google zbira in uporablja te podatke, najdete na: https:\/\/policies.google.com\/technologies\/partner-sites. Od vseh analiti\u010dnih orodij, ki jih podpira Google, se lahko na na\u0161ih spletnih mestih odjavite tako, da obi\u0161\u010dete: https:\/\/tools.google.com\/dlpage\/gaoptout. \n<\/h3>\t\t\t\t<\/div>\n\t\t\t\t<\/div>\n\t\t\t\t<div class=\"elementor-element elementor-element-a8e8e2b elementor-widget elementor-widget-heading\" data-id=\"a8e8e2b\" data-element_type=\"widget\" data-e-type=\"widget\" data-widget_type=\"heading.default\">\n\t\t\t\t<div class=\"elementor-widget-container\">\n\t\t\t\t\t<h3 class=\"elementor-heading-title elementor-size-default\">Pi\u0161kotki tretjih oseb<\/h3>\t\t\t\t<\/div>\n\t\t\t\t<\/div>\n\t\t\t\t<div class=\"elementor-element elementor-element-261a06e elementor-widget elementor-widget-heading\" data-id=\"261a06e\" data-element_type=\"widget\" data-e-type=\"widget\" data-widget_type=\"heading.default\">\n\t\t\t\t<div class=\"elementor-widget-container\">\n\t\t\t\t\t<h3 class=\"elementor-heading-title elementor-size-small\">Nekateri pi\u0161kotki, name\u0161\u010deni na na\u0161em spletnem mestu, niso name\u0161\u010deni kot prva stranka. Spletno mesto lahko vsebuje vsebine tretjih oseb za namene ogla\u0161evanja prek na\u0161ega spletnega mesta. Ti ponudniki storitev tretjih oseb lahko v va\u0161em spletnem brskalniku nastavijo svoje pi\u0161kotke. Ponudniki storitev tretjih oseb nadzirajo \u0161tevilne zgoraj opisane pi\u0161kotke za u\u010dinkovitost in funkcionalnost, ogla\u0161evanje, tr\u017eenje in analitiko. Pi\u0161kotki tretjih oseb lahko uporabijo podatke o va\u0161ih obiskih tega in drugih spletnih mest, da bi vam zagotovili ustrezne oglase o blagu in storitvah, ki bi vas lahko zanimali. Podatkov, zbranih s temi pi\u0161kotki, ne nadzorujemo, saj lahko do uporabe teh pi\u0161kotkov tretjih oseb dostopa le tretja oseba, ki jih je prvotno nastavila. \n<\/h3>\t\t\t\t<\/div>\n\t\t\t\t<\/div>\n\t\t\t\t<div class=\"elementor-element elementor-element-b51feb4 elementor-widget elementor-widget-heading\" data-id=\"b51feb4\" data-element_type=\"widget\" data-e-type=\"widget\" data-widget_type=\"heading.default\">\n\t\t\t\t<div class=\"elementor-widget-container\">\n\t\t\t\t\t<h3 class=\"elementor-heading-title elementor-size-default\">Kako lahko upravljate pi\u0161kotke?<\/h3>\t\t\t\t<\/div>\n\t\t\t\t<\/div>\n\t\t\t\t<div class=\"elementor-element elementor-element-2c7865f elementor-widget elementor-widget-heading\" data-id=\"2c7865f\" data-element_type=\"widget\" data-e-type=\"widget\" data-widget_type=\"heading.default\">\n\t\t\t\t<div class=\"elementor-widget-container\">\n\t\t\t\t\t<h3 class=\"elementor-heading-title elementor-size-small\">Ve\u010dina brskalnikov omogo\u010da nadzor pi\u0161kotkov v nastavitvah \"Nastavitve\". Nastavitve brskalnika lahko spremenite tako, da dolo\u010dite, v kolik\u0161ni meri dovolite uporabo pi\u0161kotkov in ciljno usmerjanje ogla\u0161evanja. \u010ce omejite mo\u017enost spletnih mest, da nastavijo pi\u0161kotke, pa lahko poslab\u0161ate svojo splo\u0161no uporabni\u0161ko izku\u0161njo, saj ta ne bo ve\u010d prilagojena vam.\n\n\u010ce \u017eelite nastavitve konfigurirati v skladu s svojimi \u017eeljami, poi\u0161\u010dite ve\u010d informacij v meniju pomo\u010di proizvajalca brskalnika.\n\n<\/h3>\t\t\t\t<\/div>\n\t\t\t\t<\/div>\n\t\t\t\t<div class=\"elementor-element elementor-element-9710fb8 elementor-widget elementor-widget-heading\" data-id=\"9710fb8\" data-element_type=\"widget\" data-e-type=\"widget\" data-widget_type=\"heading.default\">\n\t\t\t\t<div class=\"elementor-widget-container\">\n\t\t\t\t\t<h3 class=\"elementor-heading-title elementor-size-default\">Blokiranje in onemogo\u010danje pi\u0161kotkov in podobnih tehnologij<\/h3>\t\t\t\t<\/div>\n\t\t\t\t<\/div>\n\t\t\t\t<div class=\"elementor-element elementor-element-817ac0b elementor-widget elementor-widget-heading\" data-id=\"817ac0b\" data-element_type=\"widget\" data-e-type=\"widget\" data-widget_type=\"heading.default\">\n\t\t\t\t<div class=\"elementor-widget-container\">\n\t\t\t\t\t<h3 class=\"elementor-heading-title elementor-size-small\">Svoj brskalnik lahko nastavite tako, da blokira pi\u0161kotke in podobne tehnologije, vendar lahko to blokira tudi na\u0161e bistvene pi\u0161kotke in prepre\u010di pravilno delovanje na\u0161ega spletnega mesta. Pri uporabi funkcij in storitev spletnega mesta se lahko pojavijo nekatere nev\u0161e\u010dnosti. Zavedati se morate, da lahko izgubite tudi nekatere shranjene informacije (npr. nastavitve spletnega mesta), \u010de blokirate pi\u0161kotke v brskalniku. Zato je priporo\u010dljivo, da pi\u0161kotkov ne onemogo\u010dite ali blokirate.\n\nOnemogo\u010danje pi\u0161kotka ali kategorije pi\u0161kotkov ne izbri\u0161e pi\u0161kotka iz brskalnika, to morate storiti sami v brskalniku. \u010ce \u017eelite izbrisati pi\u0161kotke ali svojemu spletnemu brskalniku dolo\u010diti, da izbri\u0161e ali zavrne pi\u0161kotke, obi\u0161\u010dite meni pomo\u010di svojega spletnega brskalnika.\n<\/h3>\t\t\t\t<\/div>\n\t\t\t\t<\/div>\n\t\t\t\t<div class=\"elementor-element elementor-element-23cbeb8 elementor-widget elementor-widget-heading\" data-id=\"23cbeb8\" data-element_type=\"widget\" data-e-type=\"widget\" data-widget_type=\"heading.default\">\n\t\t\t\t<div class=\"elementor-widget-container\">\n\t\t\t\t\t<h3 class=\"elementor-heading-title elementor-size-default\">Spremembe na\u0161ega pravilnika o pi\u0161kotkih<\/h3>\t\t\t\t<\/div>\n\t\t\t\t<\/div>\n\t\t\t\t<div class=\"elementor-element elementor-element-9c2009c elementor-widget elementor-widget-heading\" data-id=\"9c2009c\" data-element_type=\"widget\" data-e-type=\"widget\" data-widget_type=\"heading.default\">\n\t\t\t\t<div class=\"elementor-widget-container\">\n\t\t\t\t\t<h3 class=\"elementor-heading-title elementor-size-small\">Morda bomo morali spremeniti ta pravilnik o pi\u0161kotkih, da bo natan\u010dno odra\u017eal na\u0161e storitve in politike. Priporo\u010damo, da ob\u010dasno ponovno obi\u0161\u010dete na\u0161 pravilnik o pi\u0161kotkih in ostanete obve\u0161\u010deni o na\u0161i uporabi pi\u0161kotkov in povezanih tehnologij. Najnovej\u0161i ustrezni pravilnik o pi\u0161kotkih je na voljo tukaj.\n\n\u010ce bi uvedli spremembe, ki bi bistveno spremenile na\u0161 pravilnik o pi\u0161kotkih, lahko spremembe poudarimo na na\u0161em spletnem mestu.\n<\/h3>\t\t\t\t<\/div>\n\t\t\t\t<\/div>\n\t\t\t\t<div class=\"elementor-element elementor-element-b89bbbe elementor-widget elementor-widget-heading\" data-id=\"b89bbbe\" data-element_type=\"widget\" data-e-type=\"widget\" data-widget_type=\"heading.default\">\n\t\t\t\t<div class=\"elementor-widget-container\">\n\t\t\t\t\t<h3 class=\"elementor-heading-title elementor-size-default\">Va\u0161e pravice do osebnih podatkov<\/h3>\t\t\t\t<\/div>\n\t\t\t\t<\/div>\n\t\t\t\t<div class=\"elementor-element elementor-element-e8cb0be elementor-widget elementor-widget-heading\" data-id=\"e8cb0be\" data-element_type=\"widget\" data-e-type=\"widget\" data-widget_type=\"heading.default\">\n\t\t\t\t<div class=\"elementor-widget-container\">\n\t\t\t\t\t<h3 class=\"elementor-heading-title elementor-size-small\">Pravico imate, da se odlo\u010dite, ali \u017eelite sprejeti ali zavrniti pi\u0161kotke. Z nadaljnjo uporabo na\u0161ega spletnega mesta se strinjate z na\u0161im pravilnikom o pi\u0161kotkih in se strinjate z njegovimi pogoji.\n\nVa\u0161i osebni podatki so zaupni. Va\u0161ih podatkov ne razkrivamo, prodajamo ali oddajamo tretjim osebam. Va\u0161i osebni podatki so omejeni na zaposlene v dru\u017ebi Oniar O\u00dc, ki lahko te podatke uporabljajo pri opravljanju svojih nalog.\n\nImate pravico do preverjanja podatkov o sebi v na\u0161em registru, pravico zahtevati popravek napa\u010dnih podatkov, pravico prepovedati obdelavo osebnih podatkov v zvezi z vami v neposrednem tr\u017eenju.\n\nNa va\u0161o zahtevo bomo popravili, izbrisali ali dopolnili osebne podatke, ki so morda neto\u010dni, nepotrebni, nepopolni ali zastareli. \u010ce \u017eelite uveljavljati pravice do svojih osebnih podatkov ali imate kakr\u0161na koli vpra\u0161anja v zvezi z na\u0161im pravilnikom o pi\u0161kotkih, se obrnite na nas prek e-po\u0161te: dataprotection@oniar.eu <\/h3>\t\t\t\t<\/div>\n\t\t\t\t<\/div>\n\t\t\t\t\t<\/div>\n\t\t<\/div>\n\t\t\t\t\t<\/div>\n\t\t<\/section>\n\t\t\t\t<\/div>","protected":false},"excerpt":{"rendered":"<p>Cookie policy Introduction This cookie policy explains what cookies are and how Oniar O\u00dc use them on website www.oniar.eu. This policy will help you understand what type of cookies we use, the information we collect using cookies and how this information is being used. Furthermore, it explains why we use them, as well as your [&hellip;]<\/p>\n","protected":false},"author":2,"featured_media":0,"parent":0,"menu_order":0,"comment_status":"closed","ping_status":"closed","template":"","meta":{"_eb_attr":"","_monsterinsights_skip_tracking":false,"_monsterinsights_sitenote_active":false,"_monsterinsights_sitenote_note":"","_monsterinsights_sitenote_category":0,"site-sidebar-layout":"no-sidebar","site-content-layout":"page-builder","ast-site-content-layout":"full-width-container","site-content-style":"unboxed","site-sidebar-style":"unboxed","ast-global-header-display":"","ast-banner-title-visibility":"","ast-main-header-display":"","ast-hfb-above-header-display":"","ast-hfb-below-header-display":"","ast-hfb-mobile-header-display":"","site-post-title":"disabled","ast-breadcrumbs-content":"","ast-featured-img":"disabled","footer-sml-layout":"","ast-disable-related-posts":"","theme-transparent-header-meta":"enabled","adv-header-id-meta":"","stick-header-meta":"","header-above-stick-meta":"","header-main-stick-meta":"","header-below-stick-meta":"","astra-migrate-meta-layouts":"set","ast-page-background-enabled":"default","ast-page-background-meta":{"desktop":{"background-color":"","background-image":"","background-repeat":"repeat","background-position":"center center","background-size":"auto","background-attachment":"scroll","background-type":"","background-media":"","overlay-type":"","overlay-color":"","overlay-opacity":"","overlay-gradient":""},"tablet":{"background-color":"","background-image":"","background-repeat":"repeat","background-position":"center center","background-size":"auto","background-attachment":"scroll","background-type":"","background-media":"","overlay-type":"","overlay-color":"","overlay-opacity":"","overlay-gradient":""},"mobile":{"background-color":"","background-image":"","background-repeat":"repeat","background-position":"center center","background-size":"auto","background-attachment":"scroll","background-type":"","background-media":"","overlay-type":"","overlay-color":"","overlay-opacity":"","overlay-gradient":""}},"ast-content-background-meta":{"desktop":{"background-color":"var(--ast-global-color-5)","background-image":"","background-repeat":"repeat","background-position":"center center","background-size":"auto","background-attachment":"scroll","background-type":"","background-media":"","overlay-type":"","overlay-color":"","overlay-opacity":"","overlay-gradient":""},"tablet":{"background-color":"var(--ast-global-color-5)","background-image":"","background-repeat":"repeat","background-position":"center center","background-size":"auto","background-attachment":"scroll","background-type":"","background-media":"","overlay-type":"","overlay-color":"","overlay-opacity":"","overlay-gradient":""},"mobile":{"background-color":"var(--ast-global-color-5)","background-image":"","background-repeat":"repeat","background-position":"center center","background-size":"auto","background-attachment":"scroll","background-type":"","background-media":"","overlay-type":"","overlay-color":"","overlay-opacity":"","overlay-gradient":""}},"footnotes":""},"class_list":["post-5974","page","type-page","status-publish","hentry"],"aioseo_notices":[],"_links":{"self":[{"href":"https:\/\/oniar.eu\/sl\/wp-json\/wp\/v2\/pages\/5974","targetHints":{"allow":["GET"]}}],"collection":[{"href":"https:\/\/oniar.eu\/sl\/wp-json\/wp\/v2\/pages"}],"about":[{"href":"https:\/\/oniar.eu\/sl\/wp-json\/wp\/v2\/types\/page"}],"author":[{"embeddable":true,"href":"https:\/\/oniar.eu\/sl\/wp-json\/wp\/v2\/users\/2"}],"replies":[{"embeddable":true,"href":"https:\/\/oniar.eu\/sl\/wp-json\/wp\/v2\/comments?post=5974"}],"version-history":[{"count":26,"href":"https:\/\/oniar.eu\/sl\/wp-json\/wp\/v2\/pages\/5974\/revisions"}],"predecessor-version":[{"id":7776,"href":"https:\/\/oniar.eu\/sl\/wp-json\/wp\/v2\/pages\/5974\/revisions\/7776"}],"wp:attachment":[{"href":"https:\/\/oniar.eu\/sl\/wp-json\/wp\/v2\/media?parent=5974"}],"curies":[{"name":"wp","href":"https:\/\/api.w.org\/{rel}","templated":true}]}}