{"id":5974,"date":"2022-04-28T06:17:59","date_gmt":"2022-04-28T06:17:59","guid":{"rendered":"https:\/\/oniar.eu\/\/?page_id=5974"},"modified":"2024-10-14T14:19:16","modified_gmt":"2024-10-14T14:19:16","slug":"cookie-policy","status":"publish","type":"page","link":"https:\/\/oniar.eu\/pt\/cookie-policy\/","title":{"rendered":"Pol\u00edtica de bolachas"},"content":{"rendered":"<div data-elementor-type=\"wp-post\" data-elementor-id=\"5974\" class=\"elementor elementor-5974\">\n\t\t\t\t\t\t<section class=\"elementor-section elementor-top-section elementor-element elementor-element-d5cb96b elementor-section-full_width elementor-section-height-min-height elementor-section-stretched elementor-section-height-default elementor-section-items-middle\" data-id=\"d5cb96b\" data-element_type=\"section\" data-e-type=\"section\" data-settings=\"{&quot;stretch_section&quot;:&quot;section-stretched&quot;,&quot;background_background&quot;:&quot;classic&quot;}\">\n\t\t\t\t\t\t<div class=\"elementor-container elementor-column-gap-default\">\n\t\t\t\t\t<div class=\"elementor-column elementor-col-100 elementor-top-column elementor-element elementor-element-b877cb7\" data-id=\"b877cb7\" data-element_type=\"column\" data-e-type=\"column\">\n\t\t\t<div class=\"elementor-widget-wrap elementor-element-populated\">\n\t\t\t\t\t\t<div class=\"elementor-element elementor-element-978fc1f elementor-widget elementor-widget-heading\" data-id=\"978fc1f\" data-element_type=\"widget\" data-e-type=\"widget\" data-widget_type=\"heading.default\">\n\t\t\t\t<div class=\"elementor-widget-container\">\n\t\t\t\t\t<h1 class=\"elementor-heading-title elementor-size-default\">Pol\u00edtica de bolachas<\/h1>\t\t\t\t<\/div>\n\t\t\t\t<\/div>\n\t\t\t\t\t<\/div>\n\t\t<\/div>\n\t\t\t\t\t<\/div>\n\t\t<\/section>\n\t\t\t\t<section class=\"elementor-section elementor-top-section elementor-element elementor-element-54dfedde elementor-section-boxed elementor-section-height-default elementor-section-height-default\" data-id=\"54dfedde\" data-element_type=\"section\" data-e-type=\"section\" data-settings=\"{&quot;background_background&quot;:&quot;classic&quot;}\">\n\t\t\t\t\t\t<div class=\"elementor-container elementor-column-gap-default\">\n\t\t\t\t\t<div class=\"elementor-column elementor-col-100 elementor-top-column elementor-element elementor-element-3b5232b7\" data-id=\"3b5232b7\" data-element_type=\"column\" data-e-type=\"column\">\n\t\t\t<div class=\"elementor-widget-wrap elementor-element-populated\">\n\t\t\t\t\t\t<div class=\"elementor-element elementor-element-e4915ba elementor-widget elementor-widget-heading\" data-id=\"e4915ba\" data-element_type=\"widget\" data-e-type=\"widget\" data-widget_type=\"heading.default\">\n\t\t\t\t<div class=\"elementor-widget-container\">\n\t\t\t\t\t<h3 class=\"elementor-heading-title elementor-size-default\">Introdu\u00e7\u00e3o\n\n<\/h3>\t\t\t\t<\/div>\n\t\t\t\t<\/div>\n\t\t\t\t<div class=\"elementor-element elementor-element-5dba8f1 elementor-widget elementor-widget-heading\" data-id=\"5dba8f1\" data-element_type=\"widget\" data-e-type=\"widget\" data-widget_type=\"heading.default\">\n\t\t\t\t<div class=\"elementor-widget-container\">\n\t\t\t\t\t<h3 class=\"elementor-heading-title elementor-size-small\">Esta pol\u00edtica de cookies explica o que s\u00e3o cookies e como Oniar O\u00dc os utiliza no s\u00edtio web www.oniar.eu. Esta pol\u00edtica ir\u00e1 ajud\u00e1-lo a compreender que tipo de cookies utilizamos, as informa\u00e7\u00f5es que recolhemos utilizando cookies e como estas informa\u00e7\u00f5es est\u00e3o a ser utilizadas. Al\u00e9m disso, explica porque os utilizamos, bem como os seus direitos para controlar a nossa utiliza\u00e7\u00e3o dos mesmos.\n\nProcessamos dados pessoais em conformidade com as leis de protec\u00e7\u00e3o de dados pessoais aplic\u00e1veis, incluindo o Regulamento do Parlamento Europeu e do Conselho (UE) 2016\/679 (\"GDPR\").\n\nN\u00e3o armazenamos informa\u00e7\u00f5es pessoais sens\u00edveis, tais como endere\u00e7os de correio, senhas de conta, etc. nos cookies que utilizamos. Para mais informa\u00e7\u00f5es sobre como utilizamos, armazenamos e mantemos os seus dados pessoais seguros, consulte a nossa Pol\u00edtica de Privacidade. \n<\/h3>\t\t\t\t<\/div>\n\t\t\t\t<\/div>\n\t\t\t\t<div class=\"elementor-element elementor-element-f164035 elementor-widget elementor-widget-heading\" data-id=\"f164035\" data-element_type=\"widget\" data-e-type=\"widget\" data-widget_type=\"heading.default\">\n\t\t\t\t<div class=\"elementor-widget-container\">\n\t\t\t\t\t<h3 class=\"elementor-heading-title elementor-size-default\">O que \u00e9 um cookie?<\/h3>\t\t\t\t<\/div>\n\t\t\t\t<\/div>\n\t\t\t\t<div class=\"elementor-element elementor-element-fd95a4d elementor-widget elementor-widget-heading\" data-id=\"fd95a4d\" data-element_type=\"widget\" data-e-type=\"widget\" data-widget_type=\"heading.default\">\n\t\t\t\t<div class=\"elementor-widget-container\">\n\t\t\t\t\t<h3 class=\"elementor-heading-title elementor-size-small\">Um cookie \u00e9 um pequeno ficheiro de texto que \u00e9 armazenado no seu computador ou noutro dispositivo ligado \u00e0 Internet a fim de identificar o seu navegador, fornecer an\u00e1lises, lembrar informa\u00e7\u00f5es sobre si, tais como as suas prefer\u00eancias lingu\u00edsticas ou informa\u00e7\u00f5es de login. S\u00e3o completamente seguros e n\u00e3o podem ser utilizados para executar programas ou entregar v\u00edrus ao seu dispositivo.\n\nQuando visita um website ou utiliza uma aplica\u00e7\u00e3o m\u00f3vel, um computador pede ao seu computador ou dispositivo m\u00f3vel autoriza\u00e7\u00e3o para guardar este ficheiro no seu computador ou dispositivo m\u00f3vel e obter acesso \u00e0 informa\u00e7\u00e3o.<\/h3>\t\t\t\t<\/div>\n\t\t\t\t<\/div>\n\t\t\t\t<div class=\"elementor-element elementor-element-7d66723 elementor-widget elementor-widget-heading\" data-id=\"7d66723\" data-element_type=\"widget\" data-e-type=\"widget\" data-widget_type=\"heading.default\">\n\t\t\t\t<div class=\"elementor-widget-container\">\n\t\t\t\t\t<h3 class=\"elementor-heading-title elementor-size-default\">Porque \u00e9 que usamos cookies?<\/h3>\t\t\t\t<\/div>\n\t\t\t\t<\/div>\n\t\t\t\t<div class=\"elementor-element elementor-element-2885e18 elementor-widget elementor-widget-heading\" data-id=\"2885e18\" data-element_type=\"widget\" data-e-type=\"widget\" data-widget_type=\"heading.default\">\n\t\t\t\t<div class=\"elementor-widget-container\">\n\t\t\t\t\t<h3 class=\"elementor-heading-title elementor-size-small\">Utilizamos cookies de primeira m\u00e3o e\/ou de terceiros no nosso website.\nOs cookies de primeira parte s\u00e3o colocados pelo s\u00edtio web que est\u00e1 a visitar. Apenas o dom\u00ednio anfitri\u00e3o pode recuperar e ler o conte\u00fado desses cookies. Os cookies de terceiros permitem caracter\u00edsticas ou funcionalidades de terceiros no nosso s\u00edtio web.\n\nUtilizamos cookies para os fins :\n\n1. Para simplificar o funcionamento e a funcionalidade do nosso site;\n2. Para melhorar a sua experi\u00eancia em tornar a navega\u00e7\u00e3o no nosso s\u00edtio web mais r\u00e1pida e f\u00e1cil;\n3. Para nos permitir compreender o que \u00e9 \u00fatil ou de interesse para si.\n4. Analisar como o nosso s\u00edtio web \u00e9 utilizado e como podemos torn\u00e1-lo mais eficiente de utilizar.\n<\/h3>\t\t\t\t<\/div>\n\t\t\t\t<\/div>\n\t\t\t\t<div class=\"elementor-element elementor-element-de22a88 elementor-widget elementor-widget-heading\" data-id=\"de22a88\" data-element_type=\"widget\" data-e-type=\"widget\" data-widget_type=\"heading.default\">\n\t\t\t\t<div class=\"elementor-widget-container\">\n\t\t\t\t\t<h3 class=\"elementor-heading-title elementor-size-default\">Que tipo de cookies utilizamos?<\/h3>\t\t\t\t<\/div>\n\t\t\t\t<\/div>\n\t\t\t\t<div class=\"elementor-element elementor-element-d103921 elementor-widget elementor-widget-heading\" data-id=\"d103921\" data-element_type=\"widget\" data-e-type=\"widget\" data-widget_type=\"heading.default\">\n\t\t\t\t<div class=\"elementor-widget-container\">\n\t\t\t\t\t<h3 class=\"elementor-heading-title elementor-size-small\">Os cookies podem ser cookies de sess\u00e3o ou cookies persistentes. Os cookies de sess\u00e3o ser\u00e3o automaticamente eliminados quando fechar o navegador. Os cookies persistentes t\u00eam uma data de expira\u00e7\u00e3o e permanecer\u00e3o at\u00e9 essa data ser atingida ou o utilizador apaga os seus cookies. As datas de expira\u00e7\u00e3o s\u00e3o fixadas nos pr\u00f3prios cookies; alguns podem expirar ap\u00f3s alguns minutos enquanto outros podem expirar ap\u00f3s v\u00e1rios anos.\n\nUtilizamos os seguintes tipos de cookies no nosso website.\n<\/h3>\t\t\t\t<\/div>\n\t\t\t\t<\/div>\n\t\t\t\t<div class=\"elementor-element elementor-element-9f516ca elementor-widget elementor-widget-heading\" data-id=\"9f516ca\" data-element_type=\"widget\" data-e-type=\"widget\" data-widget_type=\"heading.default\">\n\t\t\t\t<div class=\"elementor-widget-container\">\n\t\t\t\t\t<h3 class=\"elementor-heading-title elementor-size-default\">Biscoitos estritamente necess\u00e1rios e essenciais<\/h3>\t\t\t\t<\/div>\n\t\t\t\t<\/div>\n\t\t\t\t<div class=\"elementor-element elementor-element-acf9116 elementor-widget elementor-widget-heading\" data-id=\"acf9116\" data-element_type=\"widget\" data-e-type=\"widget\" data-widget_type=\"heading.default\">\n\t\t\t\t<div class=\"elementor-widget-container\">\n\t\t\t\t\t<h3 class=\"elementor-heading-title elementor-size-small\">Estes cookies s\u00e3o essenciais para fazer o nosso site funcionar e assegurar uma funcionalidade adequada. Permitem fun\u00e7\u00f5es b\u00e1sicas tais como a gest\u00e3o da rede, as suas prefer\u00eancias de cookies e acessibilidade. Estes cookies permitem-lhe navegar no s\u00edtio web e utilizar as suas caracter\u00edsticas.  Pode desactiv\u00e1-los alterando as defini\u00e7\u00f5es do seu navegador, mas isto pode afectar o funcionamento dos s\u00edtios web e n\u00e3o podemos garantir o funcionamento t\u00e9cnico e a utiliza\u00e7\u00e3o do nosso s\u00edtio web.<\/h3>\t\t\t\t<\/div>\n\t\t\t\t<\/div>\n\t\t\t\t<div class=\"elementor-element elementor-element-974ef26 elementor-widget elementor-widget-heading\" data-id=\"974ef26\" data-element_type=\"widget\" data-e-type=\"widget\" data-widget_type=\"heading.default\">\n\t\t\t\t<div class=\"elementor-widget-container\">\n\t\t\t\t\t<h3 class=\"elementor-heading-title elementor-size-default\">Cookies de Desempenho e Funcionalidade <\/h3>\t\t\t\t<\/div>\n\t\t\t\t<\/div>\n\t\t\t\t<div class=\"elementor-element elementor-element-4d68d2d elementor-widget elementor-widget-heading\" data-id=\"4d68d2d\" data-element_type=\"widget\" data-e-type=\"widget\" data-widget_type=\"heading.default\">\n\t\t\t\t<div class=\"elementor-widget-container\">\n\t\t\t\t\t<h3 class=\"elementor-heading-title elementor-size-small\">Estes cookies n\u00e3o s\u00e3o essenciais mas s\u00e3o utilizados para melhorar o desempenho e funcionalidade do nosso website. Sem estes cookies, certas funcionalidades como os v\u00eddeos podem ficar indispon\u00edveis ou cada vez que visitar o website, n\u00e3o ser\u00edamos capazes de nos lembrar das suas escolhas individuais (tais como idioma ou regi\u00e3o). <\/h3>\t\t\t\t<\/div>\n\t\t\t\t<\/div>\n\t\t\t\t<div class=\"elementor-element elementor-element-018c9a3 elementor-widget elementor-widget-heading\" data-id=\"018c9a3\" data-element_type=\"widget\" data-e-type=\"widget\" data-widget_type=\"heading.default\">\n\t\t\t\t<div class=\"elementor-widget-container\">\n\t\t\t\t\t<h3 class=\"elementor-heading-title elementor-size-default\">Cookies de an\u00e1lise e personaliza\u00e7\u00e3o<\/h3>\t\t\t\t<\/div>\n\t\t\t\t<\/div>\n\t\t\t\t<div class=\"elementor-element elementor-element-bd5d329 elementor-widget elementor-widget-heading\" data-id=\"bd5d329\" data-element_type=\"widget\" data-e-type=\"widget\" data-widget_type=\"heading.default\">\n\t\t\t\t<div class=\"elementor-widget-container\">\n\t\t\t\t\t<h3 class=\"elementor-heading-title elementor-size-small\">Estes cookies recolhem informa\u00e7\u00e3o que \u00e9 utilizada para nos ajudar a compreender como o nosso website est\u00e1 a ser utilizado ou para nos ajudar a personalizar o nosso website para si. Utilizamos informa\u00e7\u00f5es estat\u00edsticas sobre a utiliza\u00e7\u00e3o do nosso s\u00edtio web para o desempenho e optimiza\u00e7\u00e3o do s\u00edtio web.\n\nUtilizamos cookies servidos pelo Google Analytics para recolher dados limitados directamente dos browsers dos utilizadores finais, para que possamos compreender melhor a sua utiliza\u00e7\u00e3o do nosso website. Estes cookies podem rastrear coisas tais como quanto tempo passa no site e as p\u00e1ginas que visita.  Para mais informa\u00e7\u00f5es sobre como o Google recolhe e utiliza estes dados pode ser encontrado em: https:\/\/policies.google.com\/technologies\/partner-sites. Pode optar por n\u00e3o participar em todas as an\u00e1lises suportadas pelo Google nos nossos s\u00edtios Web visitando: https:\/\/tools.google.com\/dlpage\/gaoptout. \n<\/h3>\t\t\t\t<\/div>\n\t\t\t\t<\/div>\n\t\t\t\t<div class=\"elementor-element elementor-element-a8e8e2b elementor-widget elementor-widget-heading\" data-id=\"a8e8e2b\" data-element_type=\"widget\" data-e-type=\"widget\" data-widget_type=\"heading.default\">\n\t\t\t\t<div class=\"elementor-widget-container\">\n\t\t\t\t\t<h3 class=\"elementor-heading-title elementor-size-default\">Biscoitos de terceiros<\/h3>\t\t\t\t<\/div>\n\t\t\t\t<\/div>\n\t\t\t\t<div class=\"elementor-element elementor-element-261a06e elementor-widget elementor-widget-heading\" data-id=\"261a06e\" data-element_type=\"widget\" data-e-type=\"widget\" data-widget_type=\"heading.default\">\n\t\t\t\t<div class=\"elementor-widget-container\">\n\t\t\t\t\t<h3 class=\"elementor-heading-title elementor-size-small\">Alguns cookies que foram colocados no nosso website n\u00e3o s\u00e3o colocados com base na primeira festa. O website pode conter conte\u00fados de terceiros para fins publicit\u00e1rios atrav\u00e9s do nosso website. Estes fornecedores de servi\u00e7os de terceiros podem colocar os seus pr\u00f3prios cookies no seu navegador da web. Os prestadores de servi\u00e7os de terceiros controlam muitos dos cookies de desempenho e funcionalidade, publicidade, marketing e an\u00e1lise descritos acima. Os cookies de terceiros podem utilizar informa\u00e7\u00f5es sobre as suas visitas a este e outros websites, a fim de fornecerem an\u00fancios relevantes sobre bens e servi\u00e7os em que possa estar interessado. Os dados recolhidos por estes cookies n\u00e3o est\u00e3o sob o nosso controlo, uma vez que a utiliza\u00e7\u00e3o destes cookies de terceiros s\u00f3 pode ser acedida pelo terceiro que os definiu originalmente. \n<\/h3>\t\t\t\t<\/div>\n\t\t\t\t<\/div>\n\t\t\t\t<div class=\"elementor-element elementor-element-b51feb4 elementor-widget elementor-widget-heading\" data-id=\"b51feb4\" data-element_type=\"widget\" data-e-type=\"widget\" data-widget_type=\"heading.default\">\n\t\t\t\t<div class=\"elementor-widget-container\">\n\t\t\t\t\t<h3 class=\"elementor-heading-title elementor-size-default\">Como pode gerir os cookies?<\/h3>\t\t\t\t<\/div>\n\t\t\t\t<\/div>\n\t\t\t\t<div class=\"elementor-element elementor-element-2c7865f elementor-widget elementor-widget-heading\" data-id=\"2c7865f\" data-element_type=\"widget\" data-e-type=\"widget\" data-widget_type=\"heading.default\">\n\t\t\t\t<div class=\"elementor-widget-container\">\n\t\t\t\t\t<h3 class=\"elementor-heading-title elementor-size-small\">A maioria dos browsers permitem-lhe controlar os cookies atrav\u00e9s das suas prefer\u00eancias de \"defini\u00e7\u00f5es\". Pode alterar as defini\u00e7\u00f5es do seu navegador para gerir at\u00e9 que ponto permite a utiliza\u00e7\u00e3o de cookies e o direccionamento da publicidade. No entanto, se limitar a capacidade dos websites para definir cookies, poder\u00e1 agravar a sua experi\u00eancia global de utilizador, uma vez que deixar\u00e1 de ser personalizada para si.\n\nSe quiser configurar as defini\u00e7\u00f5es de acordo com as suas prefer\u00eancias, consulte o menu de ajuda do fabricante do seu navegador para mais informa\u00e7\u00f5es.\n\n<\/h3>\t\t\t\t<\/div>\n\t\t\t\t<\/div>\n\t\t\t\t<div class=\"elementor-element elementor-element-9710fb8 elementor-widget elementor-widget-heading\" data-id=\"9710fb8\" data-element_type=\"widget\" data-e-type=\"widget\" data-widget_type=\"heading.default\">\n\t\t\t\t<div class=\"elementor-widget-container\">\n\t\t\t\t\t<h3 class=\"elementor-heading-title elementor-size-default\">Bloqueio e desactiva\u00e7\u00e3o de cookies e tecnologias similares<\/h3>\t\t\t\t<\/div>\n\t\t\t\t<\/div>\n\t\t\t\t<div class=\"elementor-element elementor-element-817ac0b elementor-widget elementor-widget-heading\" data-id=\"817ac0b\" data-element_type=\"widget\" data-e-type=\"widget\" data-widget_type=\"heading.default\">\n\t\t\t\t<div class=\"elementor-widget-container\">\n\t\t\t\t\t<h3 class=\"elementor-heading-title elementor-size-small\">Pode configurar o seu navegador para bloquear cookies e tecnologias semelhantes, mas isto pode tamb\u00e9m bloquear os nossos cookies essenciais e impedir o bom funcionamento do nosso website. Poder\u00e1 sentir alguns inconvenientes na sua utiliza\u00e7\u00e3o das caracter\u00edsticas e servi\u00e7os do website. Dever\u00e1 estar ciente de que poder\u00e1 tamb\u00e9m perder algumas informa\u00e7\u00f5es guardadas (por exemplo, prefer\u00eancias do site) se bloquear os cookies no seu navegador. Por conseguinte, recomenda-se n\u00e3o desactivar ou bloquear os cookies.\n\nDesactivar um cookie ou categoria de cookies n\u00e3o elimina o cookie do seu browser, ter\u00e1 de o fazer voc\u00ea mesmo a partir do seu browser. Se desejar apagar cookies ou atribuir o seu navegador web para apagar ou recusar cookies, por favor visite o menu de ajuda do seu navegador web.\n<\/h3>\t\t\t\t<\/div>\n\t\t\t\t<\/div>\n\t\t\t\t<div class=\"elementor-element elementor-element-23cbeb8 elementor-widget elementor-widget-heading\" data-id=\"23cbeb8\" data-element_type=\"widget\" data-e-type=\"widget\" data-widget_type=\"heading.default\">\n\t\t\t\t<div class=\"elementor-widget-container\">\n\t\t\t\t\t<h3 class=\"elementor-heading-title elementor-size-default\">Altera\u00e7\u00f5es \u00e0 nossa pol\u00edtica de cookies<\/h3>\t\t\t\t<\/div>\n\t\t\t\t<\/div>\n\t\t\t\t<div class=\"elementor-element elementor-element-9c2009c elementor-widget elementor-widget-heading\" data-id=\"9c2009c\" data-element_type=\"widget\" data-e-type=\"widget\" data-widget_type=\"heading.default\">\n\t\t\t\t<div class=\"elementor-widget-container\">\n\t\t\t\t\t<h3 class=\"elementor-heading-title elementor-size-small\">Talvez tenhamos de fazer altera\u00e7\u00f5es a esta pol\u00edtica de cookies para que reflictam com precis\u00e3o o nosso servi\u00e7o e pol\u00edticas. Recomendamos que voltemos a visitar a nossa pol\u00edtica de cookies de vez em quando para nos mantermos informados sobre a nossa utiliza\u00e7\u00e3o de cookies e tecnologias relacionadas. A mais recente pol\u00edtica de \"cookies\" relevante pode ser encontrada aqui.\n\nSe fizermos altera\u00e7\u00f5es que revejam significativamente a nossa pol\u00edtica de cookies, poderemos destacar as altera\u00e7\u00f5es no nosso website.\n<\/h3>\t\t\t\t<\/div>\n\t\t\t\t<\/div>\n\t\t\t\t<div class=\"elementor-element elementor-element-b89bbbe elementor-widget elementor-widget-heading\" data-id=\"b89bbbe\" data-element_type=\"widget\" data-e-type=\"widget\" data-widget_type=\"heading.default\">\n\t\t\t\t<div class=\"elementor-widget-container\">\n\t\t\t\t\t<h3 class=\"elementor-heading-title elementor-size-default\">Os seus direitos sobre os seus dados pessoais<\/h3>\t\t\t\t<\/div>\n\t\t\t\t<\/div>\n\t\t\t\t<div class=\"elementor-element elementor-element-e8cb0be elementor-widget elementor-widget-heading\" data-id=\"e8cb0be\" data-element_type=\"widget\" data-e-type=\"widget\" data-widget_type=\"heading.default\">\n\t\t\t\t<div class=\"elementor-widget-container\">\n\t\t\t\t\t<h3 class=\"elementor-heading-title elementor-size-small\">Tem o direito de decidir se aceita ou rejeita cookies. Ao continuar a utilizar o nosso website, o utilizador consente com a nossa pol\u00edtica de cookies e concorda com os seus termos.\n\nOs seus dados pessoais s\u00e3o mantidos confidenciais. N\u00e3o revelamos, vendemos, ou alugamos as suas informa\u00e7\u00f5es a terceiros. Os seus dados pessoais s\u00e3o restritos aos funcion\u00e1rios da Oniar O\u00dc que podem utilizar estas informa\u00e7\u00f5es nas suas fun\u00e7\u00f5es.\n\nTem o direito de verificar as informa\u00e7\u00f5es sobre si no nosso registo, o direito de pedir a correc\u00e7\u00e3o de informa\u00e7\u00f5es incorrectas, o direito de proibir o processamento de dados pessoais que lhe dizem respeito no marketing directo.\n\nA seu pedido, iremos corrigir, apagar ou complementar informa\u00e7\u00f5es pessoais que possam ser imprecisas, desnecess\u00e1rias, incompletas ou desactualizadas. Para exercer os seus direitos sobre os seus dados pessoais ou se tiver quaisquer quest\u00f5es relativas \u00e0 nossa Pol\u00edtica de Cookie, queira contactar-nos atrav\u00e9s do e-mail: dataprotection@oniar.eu <\/h3>\t\t\t\t<\/div>\n\t\t\t\t<\/div>\n\t\t\t\t\t<\/div>\n\t\t<\/div>\n\t\t\t\t\t<\/div>\n\t\t<\/section>\n\t\t\t\t<\/div>","protected":false},"excerpt":{"rendered":"<p>Cookie policy Introduction This cookie policy explains what cookies are and how Oniar O\u00dc use them on website www.oniar.eu. This policy will help you understand what type of cookies we use, the information we collect using cookies and how this information is being used. Furthermore, it explains why we use them, as well as your [&hellip;]<\/p>\n","protected":false},"author":2,"featured_media":0,"parent":0,"menu_order":0,"comment_status":"closed","ping_status":"closed","template":"","meta":{"_eb_attr":"","_monsterinsights_skip_tracking":false,"_monsterinsights_sitenote_active":false,"_monsterinsights_sitenote_note":"","_monsterinsights_sitenote_category":0,"site-sidebar-layout":"no-sidebar","site-content-layout":"page-builder","ast-site-content-layout":"full-width-container","site-content-style":"unboxed","site-sidebar-style":"unboxed","ast-global-header-display":"","ast-banner-title-visibility":"","ast-main-header-display":"","ast-hfb-above-header-display":"","ast-hfb-below-header-display":"","ast-hfb-mobile-header-display":"","site-post-title":"disabled","ast-breadcrumbs-content":"","ast-featured-img":"disabled","footer-sml-layout":"","ast-disable-related-posts":"","theme-transparent-header-meta":"enabled","adv-header-id-meta":"","stick-header-meta":"","header-above-stick-meta":"","header-main-stick-meta":"","header-below-stick-meta":"","astra-migrate-meta-layouts":"set","ast-page-background-enabled":"default","ast-page-background-meta":{"desktop":{"background-color":"","background-image":"","background-repeat":"repeat","background-position":"center center","background-size":"auto","background-attachment":"scroll","background-type":"","background-media":"","overlay-type":"","overlay-color":"","overlay-opacity":"","overlay-gradient":""},"tablet":{"background-color":"","background-image":"","background-repeat":"repeat","background-position":"center center","background-size":"auto","background-attachment":"scroll","background-type":"","background-media":"","overlay-type":"","overlay-color":"","overlay-opacity":"","overlay-gradient":""},"mobile":{"background-color":"","background-image":"","background-repeat":"repeat","background-position":"center center","background-size":"auto","background-attachment":"scroll","background-type":"","background-media":"","overlay-type":"","overlay-color":"","overlay-opacity":"","overlay-gradient":""}},"ast-content-background-meta":{"desktop":{"background-color":"var(--ast-global-color-5)","background-image":"","background-repeat":"repeat","background-position":"center center","background-size":"auto","background-attachment":"scroll","background-type":"","background-media":"","overlay-type":"","overlay-color":"","overlay-opacity":"","overlay-gradient":""},"tablet":{"background-color":"var(--ast-global-color-5)","background-image":"","background-repeat":"repeat","background-position":"center center","background-size":"auto","background-attachment":"scroll","background-type":"","background-media":"","overlay-type":"","overlay-color":"","overlay-opacity":"","overlay-gradient":""},"mobile":{"background-color":"var(--ast-global-color-5)","background-image":"","background-repeat":"repeat","background-position":"center center","background-size":"auto","background-attachment":"scroll","background-type":"","background-media":"","overlay-type":"","overlay-color":"","overlay-opacity":"","overlay-gradient":""}},"footnotes":""},"class_list":["post-5974","page","type-page","status-publish","hentry"],"aioseo_notices":[],"_links":{"self":[{"href":"https:\/\/oniar.eu\/pt\/wp-json\/wp\/v2\/pages\/5974","targetHints":{"allow":["GET"]}}],"collection":[{"href":"https:\/\/oniar.eu\/pt\/wp-json\/wp\/v2\/pages"}],"about":[{"href":"https:\/\/oniar.eu\/pt\/wp-json\/wp\/v2\/types\/page"}],"author":[{"embeddable":true,"href":"https:\/\/oniar.eu\/pt\/wp-json\/wp\/v2\/users\/2"}],"replies":[{"embeddable":true,"href":"https:\/\/oniar.eu\/pt\/wp-json\/wp\/v2\/comments?post=5974"}],"version-history":[{"count":26,"href":"https:\/\/oniar.eu\/pt\/wp-json\/wp\/v2\/pages\/5974\/revisions"}],"predecessor-version":[{"id":7776,"href":"https:\/\/oniar.eu\/pt\/wp-json\/wp\/v2\/pages\/5974\/revisions\/7776"}],"wp:attachment":[{"href":"https:\/\/oniar.eu\/pt\/wp-json\/wp\/v2\/media?parent=5974"}],"curies":[{"name":"wp","href":"https:\/\/api.w.org\/{rel}","templated":true}]}}