{"id":5974,"date":"2022-04-28T06:17:59","date_gmt":"2022-04-28T06:17:59","guid":{"rendered":"https:\/\/oniar.eu\/\/?page_id=5974"},"modified":"2024-10-14T14:19:16","modified_gmt":"2024-10-14T14:19:16","slug":"cookie-policy","status":"publish","type":"page","link":"https:\/\/oniar.eu\/pl\/cookie-policy\/","title":{"rendered":"Polityka dotycz\u0105ca plik\u00f3w cookie"},"content":{"rendered":"<div data-elementor-type=\"wp-post\" data-elementor-id=\"5974\" class=\"elementor elementor-5974\">\n\t\t\t\t\t\t<section class=\"elementor-section elementor-top-section elementor-element elementor-element-d5cb96b elementor-section-full_width elementor-section-height-min-height elementor-section-stretched elementor-section-height-default elementor-section-items-middle\" data-id=\"d5cb96b\" data-element_type=\"section\" data-e-type=\"section\" data-settings=\"{&quot;stretch_section&quot;:&quot;section-stretched&quot;,&quot;background_background&quot;:&quot;classic&quot;}\">\n\t\t\t\t\t\t<div class=\"elementor-container elementor-column-gap-default\">\n\t\t\t\t\t<div class=\"elementor-column elementor-col-100 elementor-top-column elementor-element elementor-element-b877cb7\" data-id=\"b877cb7\" data-element_type=\"column\" data-e-type=\"column\">\n\t\t\t<div class=\"elementor-widget-wrap elementor-element-populated\">\n\t\t\t\t\t\t<div class=\"elementor-element elementor-element-978fc1f elementor-widget elementor-widget-heading\" data-id=\"978fc1f\" data-element_type=\"widget\" data-e-type=\"widget\" data-widget_type=\"heading.default\">\n\t\t\t\t<div class=\"elementor-widget-container\">\n\t\t\t\t\t<h1 class=\"elementor-heading-title elementor-size-default\">Polityka dotycz\u0105ca plik\u00f3w cookie<\/h1>\t\t\t\t<\/div>\n\t\t\t\t<\/div>\n\t\t\t\t\t<\/div>\n\t\t<\/div>\n\t\t\t\t\t<\/div>\n\t\t<\/section>\n\t\t\t\t<section class=\"elementor-section elementor-top-section elementor-element elementor-element-54dfedde elementor-section-boxed elementor-section-height-default elementor-section-height-default\" data-id=\"54dfedde\" data-element_type=\"section\" data-e-type=\"section\" data-settings=\"{&quot;background_background&quot;:&quot;classic&quot;}\">\n\t\t\t\t\t\t<div class=\"elementor-container elementor-column-gap-default\">\n\t\t\t\t\t<div class=\"elementor-column elementor-col-100 elementor-top-column elementor-element elementor-element-3b5232b7\" data-id=\"3b5232b7\" data-element_type=\"column\" data-e-type=\"column\">\n\t\t\t<div class=\"elementor-widget-wrap elementor-element-populated\">\n\t\t\t\t\t\t<div class=\"elementor-element elementor-element-e4915ba elementor-widget elementor-widget-heading\" data-id=\"e4915ba\" data-element_type=\"widget\" data-e-type=\"widget\" data-widget_type=\"heading.default\">\n\t\t\t\t<div class=\"elementor-widget-container\">\n\t\t\t\t\t<h3 class=\"elementor-heading-title elementor-size-default\">Wst\u0119p\n\n<\/h3>\t\t\t\t<\/div>\n\t\t\t\t<\/div>\n\t\t\t\t<div class=\"elementor-element elementor-element-5dba8f1 elementor-widget elementor-widget-heading\" data-id=\"5dba8f1\" data-element_type=\"widget\" data-e-type=\"widget\" data-widget_type=\"heading.default\">\n\t\t\t\t<div class=\"elementor-widget-container\">\n\t\t\t\t\t<h3 class=\"elementor-heading-title elementor-size-small\">Niniejsza polityka dotycz\u0105ca plik\u00f3w cookie wyja\u015bnia, czym s\u0105 pliki cookie i jak Oniar O\u00dc wykorzystuje je na stronie internetowej www.oniar.eu. Polityka ta pomo\u017ce Ci zrozumie\u0107, jakiego rodzaju plik\u00f3w cookie u\u017cywamy, jakie informacje zbieramy za pomoc\u0105 plik\u00f3w cookie i jak te informacje s\u0105 wykorzystywane. Ponadto wyja\u015bnia, dlaczego je wykorzystujemy, a tak\u017ce Twoje prawa do kontrolowania naszego wykorzystania.\n\nPrzetwarzamy dane osobowe zgodnie z obowi\u0105zuj\u0105cymi przepisami dotycz\u0105cymi ochrony danych osobowych, w tym z rozporz\u0105dzeniem Parlamentu Europejskiego i Rady (UE) 2016\/679 (\"GDPR\").\n\nW u\u017cywanych przez nas plikach cookie nie przechowujemy wra\u017cliwych danych osobowych, takich jak adresy pocztowe, has\u0142a do kont itp. Wi\u0119cej informacji o tym, jak wykorzystujemy, przechowujemy i zabezpieczamy Twoje dane osobowe, znajdziesz w naszej Polityce prywatno\u015bci. \n<\/h3>\t\t\t\t<\/div>\n\t\t\t\t<\/div>\n\t\t\t\t<div class=\"elementor-element elementor-element-f164035 elementor-widget elementor-widget-heading\" data-id=\"f164035\" data-element_type=\"widget\" data-e-type=\"widget\" data-widget_type=\"heading.default\">\n\t\t\t\t<div class=\"elementor-widget-container\">\n\t\t\t\t\t<h3 class=\"elementor-heading-title elementor-size-default\">Co to jest ciasteczko?<\/h3>\t\t\t\t<\/div>\n\t\t\t\t<\/div>\n\t\t\t\t<div class=\"elementor-element elementor-element-fd95a4d elementor-widget elementor-widget-heading\" data-id=\"fd95a4d\" data-element_type=\"widget\" data-e-type=\"widget\" data-widget_type=\"heading.default\">\n\t\t\t\t<div class=\"elementor-widget-container\">\n\t\t\t\t\t<h3 class=\"elementor-heading-title elementor-size-small\">Cookie to ma\u0142y plik tekstowy, kt\u00f3ry jest przechowywany na komputerze lub na innym urz\u0105dzeniu pod\u0142\u0105czonym do Internetu w celu identyfikacji przegl\u0105darki, zapewnienia analizy, zapami\u0119tania informacji o u\u017cytkowniku, takich jak preferencje j\u0119zykowe lub dane logowania. S\u0105 one ca\u0142kowicie bezpieczne i nie mog\u0105 by\u0107 wykorzystywane do uruchamiania program\u00f3w lub dostarczania wirus\u00f3w do urz\u0105dzenia.\n\nKiedy odwiedzasz stron\u0119 internetow\u0105 lub korzystasz z aplikacji mobilnej, komputer pyta Ci\u0119 o zgod\u0119 na zapisanie tego pliku na Twoim komputerze lub urz\u0105dzeniu mobilnym i uzyskanie dost\u0119pu do informacji.<\/h3>\t\t\t\t<\/div>\n\t\t\t\t<\/div>\n\t\t\t\t<div class=\"elementor-element elementor-element-7d66723 elementor-widget elementor-widget-heading\" data-id=\"7d66723\" data-element_type=\"widget\" data-e-type=\"widget\" data-widget_type=\"heading.default\">\n\t\t\t\t<div class=\"elementor-widget-container\">\n\t\t\t\t\t<h3 class=\"elementor-heading-title elementor-size-default\">Dlaczego u\u017cywamy plik\u00f3w cookies?<\/h3>\t\t\t\t<\/div>\n\t\t\t\t<\/div>\n\t\t\t\t<div class=\"elementor-element elementor-element-2885e18 elementor-widget elementor-widget-heading\" data-id=\"2885e18\" data-element_type=\"widget\" data-e-type=\"widget\" data-widget_type=\"heading.default\">\n\t\t\t\t<div class=\"elementor-widget-container\">\n\t\t\t\t\t<h3 class=\"elementor-heading-title elementor-size-small\">Na naszej stronie internetowej stosujemy pliki cookie pierwszej i\/lub trzeciej strony.\nPliki cookie pierwszej kategorii s\u0105 umieszczane przez stron\u0119 internetow\u0105, kt\u00f3r\u0105 odwiedzasz. Tylko domena hosta mo\u017ce pobra\u0107 i odczyta\u0107 zawarto\u015b\u0107 tych plik\u00f3w cookie. Pliki cookie stron trzecich umo\u017cliwiaj\u0105 korzystanie z funkcji lub funkcjonalno\u015bci stron trzecich na naszej stronie internetowej.\n\nU\u017cywamy plik\u00f3w cookie do cel\u00f3w :\n\n1. Aby upro\u015bci\u0107 dzia\u0142anie i funkcjonalno\u015b\u0107 naszej strony internetowej;\n2. Aby poprawi\u0107 Twoje do\u015bwiadczenie w zakresie szybszego i \u0142atwiejszego poruszania si\u0119 po naszej stronie internetowej;\n3. Aby umo\u017cliwi\u0107 nam zrozumienie, co jest dla Ciebie przydatne lub interesuj\u0105ce.\n4. Aby przeanalizowa\u0107, jak nasza strona jest u\u017cywana i jak mo\u017cemy uczyni\u0107 j\u0105 bardziej efektywn\u0105 w u\u017cyciu.\n<\/h3>\t\t\t\t<\/div>\n\t\t\t\t<\/div>\n\t\t\t\t<div class=\"elementor-element elementor-element-de22a88 elementor-widget elementor-widget-heading\" data-id=\"de22a88\" data-element_type=\"widget\" data-e-type=\"widget\" data-widget_type=\"heading.default\">\n\t\t\t\t<div class=\"elementor-widget-container\">\n\t\t\t\t\t<h3 class=\"elementor-heading-title elementor-size-default\">Jakie rodzaje plik\u00f3w cookies stosujemy?<\/h3>\t\t\t\t<\/div>\n\t\t\t\t<\/div>\n\t\t\t\t<div class=\"elementor-element elementor-element-d103921 elementor-widget elementor-widget-heading\" data-id=\"d103921\" data-element_type=\"widget\" data-e-type=\"widget\" data-widget_type=\"heading.default\">\n\t\t\t\t<div class=\"elementor-widget-container\">\n\t\t\t\t\t<h3 class=\"elementor-heading-title elementor-size-small\">Pliki cookie mog\u0105 by\u0107 plikami sesyjnymi lub trwa\u0142ymi. Pliki cookie sesji zostan\u0105 automatycznie usuni\u0119te po zamkni\u0119ciu przegl\u0105darki. Trwa\u0142e pliki cookie maj\u0105 przypisan\u0105 dat\u0119 wa\u017cno\u015bci i pozostan\u0105 do momentu osi\u0105gni\u0119cia tej daty lub usuni\u0119cia plik\u00f3w cookie przez u\u017cytkownika. Daty wyga\u015bni\u0119cia s\u0105 ustawione w samych plikach cookie; niekt\u00f3re mog\u0105 wygasn\u0105\u0107 po kilku minutach, a inne po wielu latach.\n\nW naszej witrynie stosujemy nast\u0119puj\u0105ce rodzaje plik\u00f3w cookie.\n<\/h3>\t\t\t\t<\/div>\n\t\t\t\t<\/div>\n\t\t\t\t<div class=\"elementor-element elementor-element-9f516ca elementor-widget elementor-widget-heading\" data-id=\"9f516ca\" data-element_type=\"widget\" data-e-type=\"widget\" data-widget_type=\"heading.default\">\n\t\t\t\t<div class=\"elementor-widget-container\">\n\t\t\t\t\t<h3 class=\"elementor-heading-title elementor-size-default\">\u015aci\u015ble konieczne i niezb\u0119dne pliki cookie<\/h3>\t\t\t\t<\/div>\n\t\t\t\t<\/div>\n\t\t\t\t<div class=\"elementor-element elementor-element-acf9116 elementor-widget elementor-widget-heading\" data-id=\"acf9116\" data-element_type=\"widget\" data-e-type=\"widget\" data-widget_type=\"heading.default\">\n\t\t\t\t<div class=\"elementor-widget-container\">\n\t\t\t\t\t<h3 class=\"elementor-heading-title elementor-size-small\">Te pliki cookie s\u0105 niezb\u0119dne do dzia\u0142ania naszej strony internetowej i zapewniaj\u0105 jej prawid\u0142ow\u0105 funkcjonalno\u015b\u0107. Umo\u017cliwiaj\u0105 one realizacj\u0119 podstawowych funkcji, takich jak zarz\u0105dzanie sieci\u0105, preferencje dotycz\u0105ce plik\u00f3w cookie i dost\u0119pno\u015b\u0107. Te pliki cookie umo\u017cliwiaj\u0105 poruszanie si\u0119 po stronie internetowej i korzystanie z jej funkcji.  Mo\u017cna je wy\u0142\u0105czy\u0107 poprzez zmian\u0119 ustawie\u0144 przegl\u0105darki, ale mo\u017ce to wp\u0142yn\u0105\u0107 na funkcjonowanie stron internetowych i nie mo\u017cemy zagwarantowa\u0107 technicznego dzia\u0142ania i u\u017cytkowania naszej strony.<\/h3>\t\t\t\t<\/div>\n\t\t\t\t<\/div>\n\t\t\t\t<div class=\"elementor-element elementor-element-974ef26 elementor-widget elementor-widget-heading\" data-id=\"974ef26\" data-element_type=\"widget\" data-e-type=\"widget\" data-widget_type=\"heading.default\">\n\t\t\t\t<div class=\"elementor-widget-container\">\n\t\t\t\t\t<h3 class=\"elementor-heading-title elementor-size-default\">Pliki cookie dotycz\u0105ce wydajno\u015bci i funkcjonalno\u015bci <\/h3>\t\t\t\t<\/div>\n\t\t\t\t<\/div>\n\t\t\t\t<div class=\"elementor-element elementor-element-4d68d2d elementor-widget elementor-widget-heading\" data-id=\"4d68d2d\" data-element_type=\"widget\" data-e-type=\"widget\" data-widget_type=\"heading.default\">\n\t\t\t\t<div class=\"elementor-widget-container\">\n\t\t\t\t\t<h3 class=\"elementor-heading-title elementor-size-small\">Te pliki cookie nie s\u0105 niezb\u0119dne, ale s\u0105 u\u017cywane do poprawy wydajno\u015bci i funkcjonalno\u015bci naszej strony internetowej. Bez tych plik\u00f3w cookie niekt\u00f3re funkcje, takie jak filmy, mog\u0105 sta\u0107 si\u0119 niedost\u0119pne lub za ka\u017cdym razem, gdy odwiedzasz stron\u0119, nie b\u0119dziemy w stanie zapami\u0119ta\u0107 Twoich indywidualnych wybor\u00f3w (takich jak j\u0119zyk lub region). <\/h3>\t\t\t\t<\/div>\n\t\t\t\t<\/div>\n\t\t\t\t<div class=\"elementor-element elementor-element-018c9a3 elementor-widget elementor-widget-heading\" data-id=\"018c9a3\" data-element_type=\"widget\" data-e-type=\"widget\" data-widget_type=\"heading.default\">\n\t\t\t\t<div class=\"elementor-widget-container\">\n\t\t\t\t\t<h3 class=\"elementor-heading-title elementor-size-default\">Pliki cookie dotycz\u0105ce analizy i dostosowania do potrzeb klienta<\/h3>\t\t\t\t<\/div>\n\t\t\t\t<\/div>\n\t\t\t\t<div class=\"elementor-element elementor-element-bd5d329 elementor-widget elementor-widget-heading\" data-id=\"bd5d329\" data-element_type=\"widget\" data-e-type=\"widget\" data-widget_type=\"heading.default\">\n\t\t\t\t<div class=\"elementor-widget-container\">\n\t\t\t\t\t<h3 class=\"elementor-heading-title elementor-size-small\">Te pliki cookie zbieraj\u0105 informacje, kt\u00f3re pomagaj\u0105 nam zrozumie\u0107, jak nasza strona jest u\u017cywana lub pomagaj\u0105 nam dostosowa\u0107 nasz\u0105 stron\u0119 do potrzeb u\u017cytkownika. U\u017cywamy informacji statystycznych na temat korzystania z naszej strony internetowej w celu zwi\u0119kszenia wydajno\u015bci i optymalizacji strony.\n\nKorzystamy z plik\u00f3w cookie obs\u0142ugiwanych przez Google Analytics, aby zbiera\u0107 ograniczone dane bezpo\u015brednio z przegl\u0105darek u\u017cytkownik\u00f3w ko\u0144cowych, co pozwala nam lepiej zrozumie\u0107 spos\u00f3b korzystania z naszej witryny. Te pliki cookie mog\u0105 \u015bledzi\u0107 takie rzeczy, jak czas sp\u0119dzony w witrynie i strony, kt\u00f3re odwiedzasz.  Wi\u0119cej informacji o tym, jak Google zbiera i wykorzystuje te dane, mo\u017cna znale\u017a\u0107 pod adresem: https:\/\/policies.google.com\/technologies\/partner-sites. U\u017cytkownik mo\u017ce zrezygnowa\u0107 z wszelkiej analityki obs\u0142ugiwanej przez Google na naszych stronach internetowych, odwiedzaj\u0105c stron\u0119: https:\/\/tools.google.com\/dlpage\/gaoptout. \n<\/h3>\t\t\t\t<\/div>\n\t\t\t\t<\/div>\n\t\t\t\t<div class=\"elementor-element elementor-element-a8e8e2b elementor-widget elementor-widget-heading\" data-id=\"a8e8e2b\" data-element_type=\"widget\" data-e-type=\"widget\" data-widget_type=\"heading.default\">\n\t\t\t\t<div class=\"elementor-widget-container\">\n\t\t\t\t\t<h3 class=\"elementor-heading-title elementor-size-default\">Pliki cookie stron trzecich<\/h3>\t\t\t\t<\/div>\n\t\t\t\t<\/div>\n\t\t\t\t<div class=\"elementor-element elementor-element-261a06e elementor-widget elementor-widget-heading\" data-id=\"261a06e\" data-element_type=\"widget\" data-e-type=\"widget\" data-widget_type=\"heading.default\">\n\t\t\t\t<div class=\"elementor-widget-container\">\n\t\t\t\t\t<h3 class=\"elementor-heading-title elementor-size-small\">Niekt\u00f3re pliki cookie, kt\u00f3re zosta\u0142y ustawione na naszej stronie internetowej, nie s\u0105 ustawione na zasadzie pierwszej strony. Strona internetowa mo\u017ce zawiera\u0107 tre\u015bci od os\u00f3b trzecich w celach reklamowych za po\u015brednictwem naszej strony internetowej. Ci dostawcy us\u0142ug stron trzecich mog\u0105 ustawi\u0107 w\u0142asne pliki cookie w Twojej przegl\u0105darce internetowej. Dostawcy us\u0142ug stron trzecich kontroluj\u0105 wiele z opisanych powy\u017cej plik\u00f3w cookie dotycz\u0105cych wydajno\u015bci i funkcjonalno\u015bci, reklamy, marketingu i analityki. Pliki cookie stron trzecich mog\u0105 wykorzystywa\u0107 informacje o Twoich wizytach na tej i innych stronach internetowych w celu dostarczenia odpowiednich reklam dotycz\u0105cych towar\u00f3w i us\u0142ug, kt\u00f3rymi mo\u017cesz by\u0107 zainteresowany. Dane zebrane przez te pliki cookie nie s\u0105 pod nasz\u0105 kontrol\u0105, poniewa\u017c dost\u0119p do wykorzystania tych plik\u00f3w cookie stron trzecich ma jedynie strona trzecia, kt\u00f3ra je pierwotnie ustawi\u0142a. \n<\/h3>\t\t\t\t<\/div>\n\t\t\t\t<\/div>\n\t\t\t\t<div class=\"elementor-element elementor-element-b51feb4 elementor-widget elementor-widget-heading\" data-id=\"b51feb4\" data-element_type=\"widget\" data-e-type=\"widget\" data-widget_type=\"heading.default\">\n\t\t\t\t<div class=\"elementor-widget-container\">\n\t\t\t\t\t<h3 class=\"elementor-heading-title elementor-size-default\">Jak mo\u017cna zarz\u0105dza\u0107 plikami cookies?<\/h3>\t\t\t\t<\/div>\n\t\t\t\t<\/div>\n\t\t\t\t<div class=\"elementor-element elementor-element-2c7865f elementor-widget elementor-widget-heading\" data-id=\"2c7865f\" data-element_type=\"widget\" data-e-type=\"widget\" data-widget_type=\"heading.default\">\n\t\t\t\t<div class=\"elementor-widget-container\">\n\t\t\t\t\t<h3 class=\"elementor-heading-title elementor-size-small\">Wi\u0119kszo\u015b\u0107 przegl\u0105darek umo\u017cliwia kontrolowanie plik\u00f3w cookie poprzez preferencje \"ustawie\u0144\". Mo\u017cesz zmieni\u0107 ustawienia swojej przegl\u0105darki, aby zarz\u0105dza\u0107 tym, w jakim zakresie zezwalasz na korzystanie z plik\u00f3w cookie i kierowanie reklam. Jednak\u017ce, je\u015bli ograniczysz mo\u017cliwo\u015b\u0107 ustawiania plik\u00f3w cookie przez strony internetowe, mo\u017cesz pogorszy\u0107 og\u00f3lne do\u015bwiadczenie u\u017cytkownika, poniewa\u017c nie b\u0119dzie ono ju\u017c spersonalizowane dla Ciebie.\n\nJe\u015bli chcesz skonfigurowa\u0107 ustawienia zgodnie z w\u0142asnymi preferencjami, zapoznaj si\u0119 z menu pomocy producenta przegl\u0105darki, aby uzyska\u0107 wi\u0119cej informacji.\n\n<\/h3>\t\t\t\t<\/div>\n\t\t\t\t<\/div>\n\t\t\t\t<div class=\"elementor-element elementor-element-9710fb8 elementor-widget elementor-widget-heading\" data-id=\"9710fb8\" data-element_type=\"widget\" data-e-type=\"widget\" data-widget_type=\"heading.default\">\n\t\t\t\t<div class=\"elementor-widget-container\">\n\t\t\t\t\t<h3 class=\"elementor-heading-title elementor-size-default\">Blokowanie i wy\u0142\u0105czanie plik\u00f3w cookie i podobnych technologii<\/h3>\t\t\t\t<\/div>\n\t\t\t\t<\/div>\n\t\t\t\t<div class=\"elementor-element elementor-element-817ac0b elementor-widget elementor-widget-heading\" data-id=\"817ac0b\" data-element_type=\"widget\" data-e-type=\"widget\" data-widget_type=\"heading.default\">\n\t\t\t\t<div class=\"elementor-widget-container\">\n\t\t\t\t\t<h3 class=\"elementor-heading-title elementor-size-small\">U\u017cytkownik mo\u017ce ustawi\u0107 swoj\u0105 przegl\u0105dark\u0119 tak, aby blokowa\u0142a pliki cookie i podobne technologie, jednak mo\u017ce to r\u00f3wnie\u017c zablokowa\u0107 nasze istotne pliki cookie i uniemo\u017cliwi\u0107 prawid\u0142owe funkcjonowanie naszej strony internetowej. Mog\u0105 wyst\u0105pi\u0107 pewne niedogodno\u015bci w korzystaniu z funkcji i us\u0142ug witryny. Nale\u017cy pami\u0119ta\u0107, \u017ce w przypadku zablokowania plik\u00f3w cookie w przegl\u0105darce mo\u017cna r\u00f3wnie\u017c utraci\u0107 niekt\u00f3re zapisane informacje (np. preferencje dotycz\u0105ce strony). Dlatego zaleca si\u0119, aby nie wy\u0142\u0105cza\u0107 ani nie blokowa\u0107 plik\u00f3w cookie.\n\nWy\u0142\u0105czenie pliku cookie lub kategorii plik\u00f3w cookie nie powoduje usuni\u0119cia pliku cookie z przegl\u0105darki, nale\u017cy to zrobi\u0107 samodzielnie z poziomu przegl\u0105darki. Je\u015bli chcesz usun\u0105\u0107 pliki cookie lub przypisa\u0107 swoj\u0105 przegl\u0105dark\u0119 internetow\u0105 do usuwania lub odrzucania plik\u00f3w cookie, odwied\u017a menu pomocy swojej przegl\u0105darki internetowej.\n<\/h3>\t\t\t\t<\/div>\n\t\t\t\t<\/div>\n\t\t\t\t<div class=\"elementor-element elementor-element-23cbeb8 elementor-widget elementor-widget-heading\" data-id=\"23cbeb8\" data-element_type=\"widget\" data-e-type=\"widget\" data-widget_type=\"heading.default\">\n\t\t\t\t<div class=\"elementor-widget-container\">\n\t\t\t\t\t<h3 class=\"elementor-heading-title elementor-size-default\">Zmiany w naszej polityce cookies<\/h3>\t\t\t\t<\/div>\n\t\t\t\t<\/div>\n\t\t\t\t<div class=\"elementor-element elementor-element-9c2009c elementor-widget elementor-widget-heading\" data-id=\"9c2009c\" data-element_type=\"widget\" data-e-type=\"widget\" data-widget_type=\"heading.default\">\n\t\t\t\t<div class=\"elementor-widget-container\">\n\t\t\t\t\t<h3 class=\"elementor-heading-title elementor-size-small\">Mo\u017ce zaistnie\u0107 potrzeba wprowadzenia zmian w niniejszych zasadach dotycz\u0105cych plik\u00f3w cookie, aby dok\u0142adnie odzwierciedla\u0142y one nasze us\u0142ugi i polityk\u0119. Zalecamy ponowne odwiedzenie naszej polityki dotycz\u0105cej plik\u00f3w cookie od czasu do czasu, aby by\u0107 na bie\u017c\u0105co z informacjami o stosowaniu przez nas plik\u00f3w cookie i powi\u0105zanych technologii. Najnowsz\u0105 odpowiedni\u0105 polityk\u0119 dotycz\u0105c\u0105 plik\u00f3w cookie mo\u017cna znale\u017a\u0107 tutaj.\n\nJe\u015bli wprowadzimy zmiany, kt\u00f3re w znacz\u0105cy spos\u00f3b zmieni\u0105 nasz\u0105 polityk\u0119 dotycz\u0105c\u0105 plik\u00f3w cookie, mo\u017cemy zaznaczy\u0107 te zmiany na naszej stronie internetowej.\n<\/h3>\t\t\t\t<\/div>\n\t\t\t\t<\/div>\n\t\t\t\t<div class=\"elementor-element elementor-element-b89bbbe elementor-widget elementor-widget-heading\" data-id=\"b89bbbe\" data-element_type=\"widget\" data-e-type=\"widget\" data-widget_type=\"heading.default\">\n\t\t\t\t<div class=\"elementor-widget-container\">\n\t\t\t\t\t<h3 class=\"elementor-heading-title elementor-size-default\">Twoje prawa do swoich danych osobowych<\/h3>\t\t\t\t<\/div>\n\t\t\t\t<\/div>\n\t\t\t\t<div class=\"elementor-element elementor-element-e8cb0be elementor-widget elementor-widget-heading\" data-id=\"e8cb0be\" data-element_type=\"widget\" data-e-type=\"widget\" data-widget_type=\"heading.default\">\n\t\t\t\t<div class=\"elementor-widget-container\">\n\t\t\t\t\t<h3 class=\"elementor-heading-title elementor-size-small\">Masz prawo zdecydowa\u0107, czy chcesz zaakceptowa\u0107 lub odrzuci\u0107 pliki cookie. Kontynuuj\u0105c korzystanie z naszej strony internetowej, niniejszym wyra\u017casz zgod\u0119 na nasz\u0105 polityk\u0119 plik\u00f3w cookie i zgadzasz si\u0119 na jej warunki.\n\nTwoje dane osobowe s\u0105 utrzymywane w tajemnicy. Nie ujawniamy, nie sprzedajemy ani nie wypo\u017cyczamy Twoich danych osobom trzecim. Pa\u0144stwa dane osobowe s\u0105 zastrze\u017cone dla pracownik\u00f3w Oniar O\u00dc, kt\u00f3rzy mog\u0105 wykorzystywa\u0107 te informacje w ramach swoich obowi\u0105zk\u00f3w.\n\nMaj\u0105 Pa\u0144stwo prawo do weryfikacji informacji o sobie w naszym rejestrze, prawo do \u017c\u0105dania korekty nieprawid\u0142owych informacji, prawo do zakazu przetwarzania danych osobowych dotycz\u0105cych Pa\u0144stwa w marketingu bezpo\u015brednim.\n\nNa Twoje \u017c\u0105danie poprawimy, usuniemy lub uzupe\u0142nimy dane osobowe, kt\u00f3re mog\u0105 by\u0107 niedok\u0142adne, niepotrzebne, niekompletne lub nieaktualne. Aby skorzysta\u0107 z praw do swoich danych osobowych lub je\u015bli masz jakiekolwiek pytania dotycz\u0105ce naszej polityki cookies, skontaktuj si\u0119 z nami za po\u015brednictwem poczty elektronicznej: dataprotection@oniar.eu <\/h3>\t\t\t\t<\/div>\n\t\t\t\t<\/div>\n\t\t\t\t\t<\/div>\n\t\t<\/div>\n\t\t\t\t\t<\/div>\n\t\t<\/section>\n\t\t\t\t<\/div>","protected":false},"excerpt":{"rendered":"<p>Cookie policy Introduction This cookie policy explains what cookies are and how Oniar O\u00dc use them on website www.oniar.eu. This policy will help you understand what type of cookies we use, the information we collect using cookies and how this information is being used. Furthermore, it explains why we use them, as well as your [&hellip;]<\/p>\n","protected":false},"author":2,"featured_media":0,"parent":0,"menu_order":0,"comment_status":"closed","ping_status":"closed","template":"","meta":{"_eb_attr":"","_monsterinsights_skip_tracking":false,"_monsterinsights_sitenote_active":false,"_monsterinsights_sitenote_note":"","_monsterinsights_sitenote_category":0,"site-sidebar-layout":"no-sidebar","site-content-layout":"page-builder","ast-site-content-layout":"full-width-container","site-content-style":"unboxed","site-sidebar-style":"unboxed","ast-global-header-display":"","ast-banner-title-visibility":"","ast-main-header-display":"","ast-hfb-above-header-display":"","ast-hfb-below-header-display":"","ast-hfb-mobile-header-display":"","site-post-title":"disabled","ast-breadcrumbs-content":"","ast-featured-img":"disabled","footer-sml-layout":"","ast-disable-related-posts":"","theme-transparent-header-meta":"enabled","adv-header-id-meta":"","stick-header-meta":"","header-above-stick-meta":"","header-main-stick-meta":"","header-below-stick-meta":"","astra-migrate-meta-layouts":"set","ast-page-background-enabled":"default","ast-page-background-meta":{"desktop":{"background-color":"","background-image":"","background-repeat":"repeat","background-position":"center center","background-size":"auto","background-attachment":"scroll","background-type":"","background-media":"","overlay-type":"","overlay-color":"","overlay-opacity":"","overlay-gradient":""},"tablet":{"background-color":"","background-image":"","background-repeat":"repeat","background-position":"center center","background-size":"auto","background-attachment":"scroll","background-type":"","background-media":"","overlay-type":"","overlay-color":"","overlay-opacity":"","overlay-gradient":""},"mobile":{"background-color":"","background-image":"","background-repeat":"repeat","background-position":"center center","background-size":"auto","background-attachment":"scroll","background-type":"","background-media":"","overlay-type":"","overlay-color":"","overlay-opacity":"","overlay-gradient":""}},"ast-content-background-meta":{"desktop":{"background-color":"var(--ast-global-color-5)","background-image":"","background-repeat":"repeat","background-position":"center center","background-size":"auto","background-attachment":"scroll","background-type":"","background-media":"","overlay-type":"","overlay-color":"","overlay-opacity":"","overlay-gradient":""},"tablet":{"background-color":"var(--ast-global-color-5)","background-image":"","background-repeat":"repeat","background-position":"center center","background-size":"auto","background-attachment":"scroll","background-type":"","background-media":"","overlay-type":"","overlay-color":"","overlay-opacity":"","overlay-gradient":""},"mobile":{"background-color":"var(--ast-global-color-5)","background-image":"","background-repeat":"repeat","background-position":"center center","background-size":"auto","background-attachment":"scroll","background-type":"","background-media":"","overlay-type":"","overlay-color":"","overlay-opacity":"","overlay-gradient":""}},"footnotes":""},"class_list":["post-5974","page","type-page","status-publish","hentry"],"aioseo_notices":[],"_links":{"self":[{"href":"https:\/\/oniar.eu\/pl\/wp-json\/wp\/v2\/pages\/5974","targetHints":{"allow":["GET"]}}],"collection":[{"href":"https:\/\/oniar.eu\/pl\/wp-json\/wp\/v2\/pages"}],"about":[{"href":"https:\/\/oniar.eu\/pl\/wp-json\/wp\/v2\/types\/page"}],"author":[{"embeddable":true,"href":"https:\/\/oniar.eu\/pl\/wp-json\/wp\/v2\/users\/2"}],"replies":[{"embeddable":true,"href":"https:\/\/oniar.eu\/pl\/wp-json\/wp\/v2\/comments?post=5974"}],"version-history":[{"count":26,"href":"https:\/\/oniar.eu\/pl\/wp-json\/wp\/v2\/pages\/5974\/revisions"}],"predecessor-version":[{"id":7776,"href":"https:\/\/oniar.eu\/pl\/wp-json\/wp\/v2\/pages\/5974\/revisions\/7776"}],"wp:attachment":[{"href":"https:\/\/oniar.eu\/pl\/wp-json\/wp\/v2\/media?parent=5974"}],"curies":[{"name":"wp","href":"https:\/\/api.w.org\/{rel}","templated":true}]}}