{"id":616,"date":"2018-11-26T12:45:57","date_gmt":"2018-11-26T12:45:57","guid":{"rendered":"https:\/\/oniar.eu\/\/about\/"},"modified":"2024-12-13T12:04:17","modified_gmt":"2024-12-13T12:04:17","slug":"about","status":"publish","type":"page","link":"https:\/\/oniar.eu\/lv\/about\/","title":{"rendered":"Par"},"content":{"rendered":"<div data-elementor-type=\"wp-post\" data-elementor-id=\"616\" class=\"elementor elementor-616\">\n\t\t\t\t\t\t<section class=\"elementor-section elementor-top-section elementor-element elementor-element-1b5d768b elementor-section-full_width elementor-section-height-min-height elementor-reverse-mobile elementor-section-height-default elementor-section-items-middle\" data-id=\"1b5d768b\" data-element_type=\"section\" data-e-type=\"section\" data-settings=\"{&quot;background_background&quot;:&quot;classic&quot;}\">\n\t\t\t\t\t\t\t<div class=\"elementor-background-overlay\"><\/div>\n\t\t\t\t\t\t\t<div class=\"elementor-container elementor-column-gap-default\">\n\t\t\t\t\t<div class=\"elementor-column elementor-col-100 elementor-top-column elementor-element elementor-element-1608c15b\" data-id=\"1608c15b\" data-element_type=\"column\" data-e-type=\"column\" data-settings=\"{&quot;background_background&quot;:&quot;classic&quot;}\">\n\t\t\t<div class=\"elementor-widget-wrap elementor-element-populated\">\n\t\t\t\t\t\t<div class=\"elementor-element elementor-element-321a34b8 elementor-widget elementor-widget-heading\" data-id=\"321a34b8\" data-element_type=\"widget\" data-e-type=\"widget\" data-widget_type=\"heading.default\">\n\t\t\t\t<div class=\"elementor-widget-container\">\n\t\t\t\t\t<h1 class=\"elementor-heading-title elementor-size-default\">Par mums<\/h1>\t\t\t\t<\/div>\n\t\t\t\t<\/div>\n\t\t\t\t\t<\/div>\n\t\t<\/div>\n\t\t\t\t\t<\/div>\n\t\t<\/section>\n\t\t\t\t<section class=\"elementor-section elementor-top-section elementor-element elementor-element-54dfedde elementor-section-boxed elementor-section-height-default elementor-section-height-default\" data-id=\"54dfedde\" data-element_type=\"section\" data-e-type=\"section\" data-settings=\"{&quot;background_background&quot;:&quot;classic&quot;}\">\n\t\t\t\t\t\t<div class=\"elementor-container elementor-column-gap-default\">\n\t\t\t\t\t<div class=\"elementor-column elementor-col-100 elementor-top-column elementor-element elementor-element-3cf1fd6\" data-id=\"3cf1fd6\" data-element_type=\"column\" data-e-type=\"column\">\n\t\t\t<div class=\"elementor-widget-wrap elementor-element-populated\">\n\t\t\t\t\t\t<div class=\"elementor-element elementor-element-8f14f19 elementor-widget elementor-widget-heading\" data-id=\"8f14f19\" data-element_type=\"widget\" data-e-type=\"widget\" data-widget_type=\"heading.default\">\n\t\t\t\t<div class=\"elementor-widget-container\">\n\t\t\t\t\t<h3 class=\"elementor-heading-title elementor-size-small\">Uz\u0146\u0113mums Oniar tika dibin\u0101ts 2003. gad\u0101.\nRa\u017eotne atrodas Igaunij\u0101, M\u00e4rjamaa. Kop\u0161 2007. gada m\u0113s specializ\u0113jamies lauksaimniec\u012bbas un me\u017esaimniec\u012bbas iek\u0101rtu ra\u017eo\u0161an\u0101. P\u0113c daudzu gadu att\u012bst\u012bbas 2015. gad\u0101 m\u0113s pied\u0101v\u0101j\u0101m tirg\u016b jaun\u0101s paaudzes me\u017esaimniec\u012bbas celt\u0146us un piekabes.<\/h3>\t\t\t\t<\/div>\n\t\t\t\t<\/div>\n\t\t\t\t<div class=\"elementor-element elementor-element-9285a99 elementor-widget elementor-widget-heading\" data-id=\"9285a99\" data-element_type=\"widget\" data-e-type=\"widget\" data-widget_type=\"heading.default\">\n\t\t\t\t<div class=\"elementor-widget-container\">\n\t\t\t\t\t<h3 class=\"elementor-heading-title elementor-size-small\">Oniar celt\u0146i un piekabes ir paredz\u0113ti izmanto\u0161anai kop\u0101 ar lauksaimniec\u012bbas traktoriem.\nM\u016bsu produktu kl\u0101st\u0101 ir iesp\u0113jams atrast piem\u0113rotu ma\u0161\u012bnu gan hobijam, gan profesion\u0101lam lietot\u0101jam. Visi celt\u0146i un piekabes ir projekt\u0113ti un ra\u017eoti Igaunij\u0101.\n<\/h3>\t\t\t\t<\/div>\n\t\t\t\t<\/div>\n\t\t\t\t<div class=\"elementor-element elementor-element-bbc9718 elementor-widget elementor-widget-heading\" data-id=\"bbc9718\" data-element_type=\"widget\" data-e-type=\"widget\" data-widget_type=\"heading.default\">\n\t\t\t\t<div class=\"elementor-widget-container\">\n\t\t\t\t\t<h3 class=\"elementor-heading-title elementor-size-small\">Pa\u0161reiz\u0113j\u0101 kr\u0101su kombin\u0101cija tiek izmantota kop\u0161 2015. gada, kad s\u0101k\u0101m str\u0101d\u0101t ar jauno paaudzi. Kop\u0161 t\u0101 laika m\u0113s past\u0101v\u012bgi att\u012bst\u0101m un pilnveidojam savu produktu kl\u0101stu. Izstr\u0101d\u0101jot savus produktus, m\u0113s \u0146emam v\u0113r\u0101 klientu atsauksmes un \u0146emam v\u0113r\u0101 da\u017e\u0101dus darba apst\u0101k\u013cus, kuros m\u016bsu produkti tiek izmantoti ikdien\u0101. M\u0113s str\u0101d\u0101jam ar\u012b pie papildu apr\u012bkojuma kl\u0101sta papla\u0161in\u0101\u0161anas, lai m\u016bsu produktus var\u0113tu izmantot daudzpus\u012bg\u0101k.<\/h3>\t\t\t\t<\/div>\n\t\t\t\t<\/div>\n\t\t\t\t<div class=\"elementor-element elementor-element-e8c4d0a elementor-widget elementor-widget-heading\" data-id=\"e8c4d0a\" data-element_type=\"widget\" data-e-type=\"widget\" data-widget_type=\"heading.default\">\n\t\t\t\t<div class=\"elementor-widget-container\">\n\t\t\t\t\t<h3 class=\"elementor-heading-title elementor-size-small\">Lai uzlabotu un uztur\u0113tu m\u016bsu produktu kvalit\u0101ti, m\u0113s past\u0101v\u012bgi ieguld\u0101m l\u012bdzek\u013cus ra\u017eo\u0161anas l\u012bnijas atjauno\u0161an\u0101. \u0100rpus Igaunijas ar Oniar produktiem var iepaz\u012bties pie m\u016bsu ofici\u0101lajiem p\u0101rst\u0101vjiem da\u017e\u0101d\u0101s Eiropas valst\u012bs.<\/h3>\t\t\t\t<\/div>\n\t\t\t\t<\/div>\n\t\t\t\t\t<\/div>\n\t\t<\/div>\n\t\t\t\t\t<\/div>\n\t\t<\/section>\n\t\t\t\t<\/div>","protected":false},"excerpt":{"rendered":"<p>About Us Oniar was established in 2003. Manufacturing is located in Estonia, M\u00e4rjamaa. Since 2007 we are specialized in manufacturing agricultural- and forestry equipment. In 2015, after many years of development, we launched to the markets new generation forestry cranes and trailers. Oniar cranes and trailers are intended to be used with agricultural tractors. From [&hellip;]<\/p>\n","protected":false},"author":2,"featured_media":0,"parent":0,"menu_order":0,"comment_status":"closed","ping_status":"closed","template":"","meta":{"_eb_attr":"","_monsterinsights_skip_tracking":false,"_monsterinsights_sitenote_active":false,"_monsterinsights_sitenote_note":"","_monsterinsights_sitenote_category":0,"site-sidebar-layout":"no-sidebar","site-content-layout":"page-builder","ast-site-content-layout":"full-width-container","site-content-style":"unboxed","site-sidebar-style":"unboxed","ast-global-header-display":"","ast-banner-title-visibility":"","ast-main-header-display":"","ast-hfb-above-header-display":"","ast-hfb-below-header-display":"","ast-hfb-mobile-header-display":"","site-post-title":"disabled","ast-breadcrumbs-content":"","ast-featured-img":"disabled","footer-sml-layout":"","ast-disable-related-posts":"","theme-transparent-header-meta":"enabled","adv-header-id-meta":"","stick-header-meta":"","header-above-stick-meta":"","header-main-stick-meta":"","header-below-stick-meta":"","astra-migrate-meta-layouts":"set","ast-page-background-enabled":"default","ast-page-background-meta":{"desktop":{"background-color":"","background-image":"","background-repeat":"repeat","background-position":"center center","background-size":"auto","background-attachment":"scroll","background-type":"","background-media":"","overlay-type":"","overlay-color":"","overlay-opacity":"","overlay-gradient":""},"tablet":{"background-color":"","background-image":"","background-repeat":"repeat","background-position":"center center","background-size":"auto","background-attachment":"scroll","background-type":"","background-media":"","overlay-type":"","overlay-color":"","overlay-opacity":"","overlay-gradient":""},"mobile":{"background-color":"","background-image":"","background-repeat":"repeat","background-position":"center center","background-size":"auto","background-attachment":"scroll","background-type":"","background-media":"","overlay-type":"","overlay-color":"","overlay-opacity":"","overlay-gradient":""}},"ast-content-background-meta":{"desktop":{"background-color":"var(--ast-global-color-5)","background-image":"","background-repeat":"repeat","background-position":"center center","background-size":"auto","background-attachment":"scroll","background-type":"","background-media":"","overlay-type":"","overlay-color":"","overlay-opacity":"","overlay-gradient":""},"tablet":{"background-color":"var(--ast-global-color-5)","background-image":"","background-repeat":"repeat","background-position":"center center","background-size":"auto","background-attachment":"scroll","background-type":"","background-media":"","overlay-type":"","overlay-color":"","overlay-opacity":"","overlay-gradient":""},"mobile":{"background-color":"var(--ast-global-color-5)","background-image":"","background-repeat":"repeat","background-position":"center center","background-size":"auto","background-attachment":"scroll","background-type":"","background-media":"","overlay-type":"","overlay-color":"","overlay-opacity":"","overlay-gradient":""}},"footnotes":""},"class_list":["post-616","page","type-page","status-publish","hentry"],"aioseo_notices":[],"_links":{"self":[{"href":"https:\/\/oniar.eu\/lv\/wp-json\/wp\/v2\/pages\/616","targetHints":{"allow":["GET"]}}],"collection":[{"href":"https:\/\/oniar.eu\/lv\/wp-json\/wp\/v2\/pages"}],"about":[{"href":"https:\/\/oniar.eu\/lv\/wp-json\/wp\/v2\/types\/page"}],"author":[{"embeddable":true,"href":"https:\/\/oniar.eu\/lv\/wp-json\/wp\/v2\/users\/2"}],"replies":[{"embeddable":true,"href":"https:\/\/oniar.eu\/lv\/wp-json\/wp\/v2\/comments?post=616"}],"version-history":[{"count":332,"href":"https:\/\/oniar.eu\/lv\/wp-json\/wp\/v2\/pages\/616\/revisions"}],"predecessor-version":[{"id":8223,"href":"https:\/\/oniar.eu\/lv\/wp-json\/wp\/v2\/pages\/616\/revisions\/8223"}],"wp:attachment":[{"href":"https:\/\/oniar.eu\/lv\/wp-json\/wp\/v2\/media?parent=616"}],"curies":[{"name":"wp","href":"https:\/\/api.w.org\/{rel}","templated":true}]}}