{"id":5974,"date":"2022-04-28T06:17:59","date_gmt":"2022-04-28T06:17:59","guid":{"rendered":"https:\/\/oniar.eu\/\/?page_id=5974"},"modified":"2024-10-14T14:19:16","modified_gmt":"2024-10-14T14:19:16","slug":"cookie-policy","status":"publish","type":"page","link":"https:\/\/oniar.eu\/lv\/cookie-policy\/","title":{"rendered":"S\u012bkfailu politika"},"content":{"rendered":"<div data-elementor-type=\"wp-post\" data-elementor-id=\"5974\" class=\"elementor elementor-5974\">\n\t\t\t\t\t\t<section class=\"elementor-section elementor-top-section elementor-element elementor-element-d5cb96b elementor-section-full_width elementor-section-height-min-height elementor-section-stretched elementor-section-height-default elementor-section-items-middle\" data-id=\"d5cb96b\" data-element_type=\"section\" data-e-type=\"section\" data-settings=\"{&quot;stretch_section&quot;:&quot;section-stretched&quot;,&quot;background_background&quot;:&quot;classic&quot;}\">\n\t\t\t\t\t\t<div class=\"elementor-container elementor-column-gap-default\">\n\t\t\t\t\t<div class=\"elementor-column elementor-col-100 elementor-top-column elementor-element elementor-element-b877cb7\" data-id=\"b877cb7\" data-element_type=\"column\" data-e-type=\"column\">\n\t\t\t<div class=\"elementor-widget-wrap elementor-element-populated\">\n\t\t\t\t\t\t<div class=\"elementor-element elementor-element-978fc1f elementor-widget elementor-widget-heading\" data-id=\"978fc1f\" data-element_type=\"widget\" data-e-type=\"widget\" data-widget_type=\"heading.default\">\n\t\t\t\t<div class=\"elementor-widget-container\">\n\t\t\t\t\t<h1 class=\"elementor-heading-title elementor-size-default\">S\u012bkfailu politika<\/h1>\t\t\t\t<\/div>\n\t\t\t\t<\/div>\n\t\t\t\t\t<\/div>\n\t\t<\/div>\n\t\t\t\t\t<\/div>\n\t\t<\/section>\n\t\t\t\t<section class=\"elementor-section elementor-top-section elementor-element elementor-element-54dfedde elementor-section-boxed elementor-section-height-default elementor-section-height-default\" data-id=\"54dfedde\" data-element_type=\"section\" data-e-type=\"section\" data-settings=\"{&quot;background_background&quot;:&quot;classic&quot;}\">\n\t\t\t\t\t\t<div class=\"elementor-container elementor-column-gap-default\">\n\t\t\t\t\t<div class=\"elementor-column elementor-col-100 elementor-top-column elementor-element elementor-element-3b5232b7\" data-id=\"3b5232b7\" data-element_type=\"column\" data-e-type=\"column\">\n\t\t\t<div class=\"elementor-widget-wrap elementor-element-populated\">\n\t\t\t\t\t\t<div class=\"elementor-element elementor-element-e4915ba elementor-widget elementor-widget-heading\" data-id=\"e4915ba\" data-element_type=\"widget\" data-e-type=\"widget\" data-widget_type=\"heading.default\">\n\t\t\t\t<div class=\"elementor-widget-container\">\n\t\t\t\t\t<h3 class=\"elementor-heading-title elementor-size-default\">Ievads\n\n<\/h3>\t\t\t\t<\/div>\n\t\t\t\t<\/div>\n\t\t\t\t<div class=\"elementor-element elementor-element-5dba8f1 elementor-widget elementor-widget-heading\" data-id=\"5dba8f1\" data-element_type=\"widget\" data-e-type=\"widget\" data-widget_type=\"heading.default\">\n\t\t\t\t<div class=\"elementor-widget-container\">\n\t\t\t\t\t<h3 class=\"elementor-heading-title elementor-size-small\">\u0160\u012b s\u012bkfailu politika izskaidro, kas ir s\u012bkfaili un k\u0101 Oniar O\u00dc tos izmanto vietn\u0113 www.oniar.eu. \u0160\u012b politika pal\u012bdz\u0113s jums saprast, k\u0101da veida s\u012bkdatnes m\u0113s izmantojam, k\u0101du inform\u0101ciju m\u0113s apkopojam, izmantojot s\u012bkdatnes, un k\u0101 \u0161\u012b inform\u0101cija tiek izmantota. Turkl\u0101t t\u0101 izskaidro, k\u0101p\u0113c m\u0113s t\u0101s izmantojam, k\u0101 ar\u012b j\u016bsu ties\u012bbas kontrol\u0113t to izmanto\u0161anu.\n\nM\u0113s apstr\u0101d\u0101jam personas datus saska\u0146\u0101 ar piem\u0113rojamiem personas datu aizsardz\u012bbas ties\u012bbu aktiem, tostarp Eiropas Parlamenta un Padomes Regulu (ES) 2016\/679 (\"VDAR\").\n\nS\u012bkdatn\u0113s, ko m\u0113s izmantojam, netiek glab\u0101ta sensit\u012bva personas inform\u0101cija, piem\u0113ram, pasta adreses, kontu paroles u. c. Pla\u0161\u0101ku inform\u0101ciju par to, k\u0101 m\u0113s izmantojam, glab\u0101jam un glab\u0101jam j\u016bsu personas datus, skatiet m\u016bsu Priv\u0101tuma politik\u0101. \n<\/h3>\t\t\t\t<\/div>\n\t\t\t\t<\/div>\n\t\t\t\t<div class=\"elementor-element elementor-element-f164035 elementor-widget elementor-widget-heading\" data-id=\"f164035\" data-element_type=\"widget\" data-e-type=\"widget\" data-widget_type=\"heading.default\">\n\t\t\t\t<div class=\"elementor-widget-container\">\n\t\t\t\t\t<h3 class=\"elementor-heading-title elementor-size-default\">Kas ir s\u012bkfails?<\/h3>\t\t\t\t<\/div>\n\t\t\t\t<\/div>\n\t\t\t\t<div class=\"elementor-element elementor-element-fd95a4d elementor-widget elementor-widget-heading\" data-id=\"fd95a4d\" data-element_type=\"widget\" data-e-type=\"widget\" data-widget_type=\"heading.default\">\n\t\t\t\t<div class=\"elementor-widget-container\">\n\t\t\t\t\t<h3 class=\"elementor-heading-title elementor-size-small\">S\u012bkfails ir neliels teksta fails, kas tiek saglab\u0101ts j\u016bsu dator\u0101 vai cit\u0101 ar internetu savienot\u0101 ier\u012bc\u0113, lai identific\u0113tu j\u016bsu p\u0101rl\u016bkprogrammu, nodro\u0161in\u0101tu anal\u012bzi, atcer\u0113tos inform\u0101ciju par jums, piem\u0113ram, j\u016bsu valodas preferences vai pieteik\u0161an\u0101s inform\u0101ciju. T\u0101s ir piln\u012bgi dro\u0161as, un t\u0101s nevar izmantot programmu palai\u0161anai vai v\u012brusu izplat\u012b\u0161anai j\u016bsu ier\u012bc\u0113.\n\nKad apmekl\u0113jat t\u012bmek\u013ca vietni vai izmantojat mobilo lietojumprogrammu, dators l\u016bdz j\u016bsu datoram vai mobilajai ier\u012bcei at\u013cauju saglab\u0101t \u0161o failu j\u016bsu dator\u0101 vai mobilaj\u0101 ier\u012bc\u0113 un ieg\u016bt piek\u013cuvi inform\u0101cijai.<\/h3>\t\t\t\t<\/div>\n\t\t\t\t<\/div>\n\t\t\t\t<div class=\"elementor-element elementor-element-7d66723 elementor-widget elementor-widget-heading\" data-id=\"7d66723\" data-element_type=\"widget\" data-e-type=\"widget\" data-widget_type=\"heading.default\">\n\t\t\t\t<div class=\"elementor-widget-container\">\n\t\t\t\t\t<h3 class=\"elementor-heading-title elementor-size-default\">K\u0101p\u0113c m\u0113s izmantojam s\u012bkfailus?<\/h3>\t\t\t\t<\/div>\n\t\t\t\t<\/div>\n\t\t\t\t<div class=\"elementor-element elementor-element-2885e18 elementor-widget elementor-widget-heading\" data-id=\"2885e18\" data-element_type=\"widget\" data-e-type=\"widget\" data-widget_type=\"heading.default\">\n\t\t\t\t<div class=\"elementor-widget-container\">\n\t\t\t\t\t<h3 class=\"elementor-heading-title elementor-size-small\">M\u0113s sav\u0101 t\u012bmek\u013ca vietn\u0113 izmantojam pirm\u0101s puses un\/vai tre\u0161\u0101s puses s\u012bkfailus.\nPirm\u0101s puses s\u012bkfailus ievieto t\u012bmek\u013ca vietne, kuru j\u016bs apmekl\u0113jat. \u0160o s\u012bkfailu saturu var ieg\u016bt un nolas\u012bt tikai uz\u0146\u0113m\u0113jas vietnes dom\u0113ns. Tre\u0161o personu s\u012bkfaili nodro\u0161ina tre\u0161o personu funkcijas vai funkcionalit\u0101ti m\u016bsu t\u012bmek\u013ca vietn\u0113.\n\nM\u0113s izmantojam s\u012bkdatnes, lai :\n\n1. Lai vienk\u0101r\u0161otu m\u016bsu t\u012bmek\u013ca vietnes darb\u012bbu un funkcionalit\u0101ti;\n2. Lai uzlabotu j\u016bsu pieredzi, padarot navig\u0101ciju m\u016bsu t\u012bmek\u013ca vietn\u0113 \u0101tr\u0101ku un viegl\u0101ku;\n3. Lai m\u0113s var\u0113tu saprast, kas jums ir noder\u012bgs vai interesants.\n4. Lai analiz\u0113tu, k\u0101 tiek izmantota m\u016bsu t\u012bmek\u013ca vietne un k\u0101 m\u0113s varam padar\u012bt t\u0101s lieto\u0161anu efekt\u012bv\u0101ku.\n<\/h3>\t\t\t\t<\/div>\n\t\t\t\t<\/div>\n\t\t\t\t<div class=\"elementor-element elementor-element-de22a88 elementor-widget elementor-widget-heading\" data-id=\"de22a88\" data-element_type=\"widget\" data-e-type=\"widget\" data-widget_type=\"heading.default\">\n\t\t\t\t<div class=\"elementor-widget-container\">\n\t\t\t\t\t<h3 class=\"elementor-heading-title elementor-size-default\">K\u0101da veida s\u012bkfailus m\u0113s izmantojam?<\/h3>\t\t\t\t<\/div>\n\t\t\t\t<\/div>\n\t\t\t\t<div class=\"elementor-element elementor-element-d103921 elementor-widget elementor-widget-heading\" data-id=\"d103921\" data-element_type=\"widget\" data-e-type=\"widget\" data-widget_type=\"heading.default\">\n\t\t\t\t<div class=\"elementor-widget-container\">\n\t\t\t\t\t<h3 class=\"elementor-heading-title elementor-size-small\">S\u012bkfaili var b\u016bt sesijas s\u012bkfaili vai past\u0101v\u012bgie s\u012bkfaili. Sesijas s\u012bkfaili tiek autom\u0101tiski dz\u0113sti, kad aizverat p\u0101rl\u016bkprogrammu. Past\u0101v\u012bgaj\u0101m s\u012bkdatn\u0113m ir noteikts der\u012bguma termi\u0146\u0161, un t\u0101s saglab\u0101sies l\u012bdz \u0161\u0101 termi\u0146a beig\u0101m vai l\u012bdz s\u012bkdat\u0146u dz\u0113\u0161anai. Der\u012bguma termi\u0146\u0161 ir noteikts pa\u0161\u0101s s\u012bkfail\u0113s; da\u017eu s\u012bkfailu der\u012bguma termi\u0146\u0161 var beigties p\u0113c da\u017e\u0101m min\u016bt\u0113m, bet citu - p\u0113c vair\u0101kiem gadiem.\n\nM\u016bsu vietn\u0113 tiek izmantoti \u0161\u0101di s\u012bkfailu veidi.\n<\/h3>\t\t\t\t<\/div>\n\t\t\t\t<\/div>\n\t\t\t\t<div class=\"elementor-element elementor-element-9f516ca elementor-widget elementor-widget-heading\" data-id=\"9f516ca\" data-element_type=\"widget\" data-e-type=\"widget\" data-widget_type=\"heading.default\">\n\t\t\t\t<div class=\"elementor-widget-container\">\n\t\t\t\t\t<h3 class=\"elementor-heading-title elementor-size-default\">Oblig\u0101ti nepiecie\u0161am\u0101s un b\u016btisk\u0101s s\u012bkdatnes<\/h3>\t\t\t\t<\/div>\n\t\t\t\t<\/div>\n\t\t\t\t<div class=\"elementor-element elementor-element-acf9116 elementor-widget elementor-widget-heading\" data-id=\"acf9116\" data-element_type=\"widget\" data-e-type=\"widget\" data-widget_type=\"heading.default\">\n\t\t\t\t<div class=\"elementor-widget-container\">\n\t\t\t\t\t<h3 class=\"elementor-heading-title elementor-size-small\">\u0160\u012bs s\u012bkdatnes ir nepiecie\u0161amas, lai m\u016bsu vietne darbotos un nodro\u0161in\u0101tu pareizu funkcionalit\u0101ti. T\u0101s \u013cauj veikt t\u0101das pamatfunkcijas k\u0101 t\u012bkla p\u0101rvald\u012bba, j\u016bsu s\u012bkfailu preferences un pieejam\u012bba. \u0160\u012bs s\u012bkdatnes \u013cauj jums p\u0101rvietoties t\u012bmek\u013ca vietn\u0113 un izmantot t\u0101s funkcijas.  J\u016bs varat t\u0101s atsp\u0113jot, mainot p\u0101rl\u016bkprogrammas iestat\u012bjumus, ta\u010du tas var ietekm\u0113t viet\u0146u darb\u012bbu, un m\u0113s nevaram garant\u0113t m\u016bsu vietnes tehnisko darb\u012bbu un izmanto\u0161anu.<\/h3>\t\t\t\t<\/div>\n\t\t\t\t<\/div>\n\t\t\t\t<div class=\"elementor-element elementor-element-974ef26 elementor-widget elementor-widget-heading\" data-id=\"974ef26\" data-element_type=\"widget\" data-e-type=\"widget\" data-widget_type=\"heading.default\">\n\t\t\t\t<div class=\"elementor-widget-container\">\n\t\t\t\t\t<h3 class=\"elementor-heading-title elementor-size-default\">Veiktsp\u0113jas un funkcionalit\u0101tes s\u012bkfaili <\/h3>\t\t\t\t<\/div>\n\t\t\t\t<\/div>\n\t\t\t\t<div class=\"elementor-element elementor-element-4d68d2d elementor-widget elementor-widget-heading\" data-id=\"4d68d2d\" data-element_type=\"widget\" data-e-type=\"widget\" data-widget_type=\"heading.default\">\n\t\t\t\t<div class=\"elementor-widget-container\">\n\t\t\t\t\t<h3 class=\"elementor-heading-title elementor-size-small\">\u0160\u012bs s\u012bkdatnes nav b\u016btiskas, bet tiek izmantotas, lai uzlabotu m\u016bsu vietnes veiktsp\u0113ju un funkcionalit\u0101ti. Bez \u0161\u012bm s\u012bkdatn\u0113m da\u017eas funkcijas, piem\u0113ram, videoklipi, var k\u013c\u016bt nepieejamas vai ar\u012b katru reizi, kad apmekl\u0113jat t\u012bmek\u013ca vietni, m\u0113s nevar\u0113tu atcer\u0113ties j\u016bsu individu\u0101l\u0101s izv\u0113les (piem\u0113ram, valodu vai re\u0123ionu). <\/h3>\t\t\t\t<\/div>\n\t\t\t\t<\/div>\n\t\t\t\t<div class=\"elementor-element elementor-element-018c9a3 elementor-widget elementor-widget-heading\" data-id=\"018c9a3\" data-element_type=\"widget\" data-e-type=\"widget\" data-widget_type=\"heading.default\">\n\t\t\t\t<div class=\"elementor-widget-container\">\n\t\t\t\t\t<h3 class=\"elementor-heading-title elementor-size-default\">Anal\u012btiskie un piel\u0101go\u0161anas s\u012bkfaili<\/h3>\t\t\t\t<\/div>\n\t\t\t\t<\/div>\n\t\t\t\t<div class=\"elementor-element elementor-element-bd5d329 elementor-widget elementor-widget-heading\" data-id=\"bd5d329\" data-element_type=\"widget\" data-e-type=\"widget\" data-widget_type=\"heading.default\">\n\t\t\t\t<div class=\"elementor-widget-container\">\n\t\t\t\t\t<h3 class=\"elementor-heading-title elementor-size-small\">\u0160\u012bs s\u012bkdatnes v\u0101c inform\u0101ciju, kas tiek izmantota, lai pal\u012bdz\u0113tu mums saprast, k\u0101 tiek izmantota m\u016bsu vietne, vai lai pal\u012bdz\u0113tu mums piel\u0101got m\u016bsu vietni jums. M\u0113s izmantojam statistisko inform\u0101ciju par m\u016bsu vietnes izmanto\u0161anu, lai uzlabotu veiktsp\u0113ju un optimiz\u0113tu vietni.\n\nM\u0113s izmantojam s\u012bkfailus, ko apkalpo Google Analytics, lai v\u0101ktu ierobe\u017eotus datus tie\u0161i no galalietot\u0101ju p\u0101rl\u016bkprogramm\u0101m, kas mums \u013cauj lab\u0101k saprast, k\u0101 j\u016bs izmantojat m\u016bsu vietni. \u0160\u012bs s\u012bkdatnes var izsekot, piem\u0113ram, cik ilgi j\u016bs pavad\u0101t vietn\u0113 un k\u0101das lapas apmekl\u0113jat.  Pla\u0161\u0101ka inform\u0101cija par to, k\u0101 Google v\u0101c un izmanto \u0161os datus, atrodama vietn\u0113: https:\/\/policies.google.com\/technologies\/partner-sites. J\u016bs varat atteikties no visiem m\u016bsu t\u012bmek\u013ca vietn\u0113s izmantotajiem Google atbalst\u012btajiem anal\u012btiskajiem datiem, apmekl\u0113jot: https:\/\/tools.google.com\/dlpage\/gaoptout. \n<\/h3>\t\t\t\t<\/div>\n\t\t\t\t<\/div>\n\t\t\t\t<div class=\"elementor-element elementor-element-a8e8e2b elementor-widget elementor-widget-heading\" data-id=\"a8e8e2b\" data-element_type=\"widget\" data-e-type=\"widget\" data-widget_type=\"heading.default\">\n\t\t\t\t<div class=\"elementor-widget-container\">\n\t\t\t\t\t<h3 class=\"elementor-heading-title elementor-size-default\">Tre\u0161o pu\u0161u s\u012bkfaili<\/h3>\t\t\t\t<\/div>\n\t\t\t\t<\/div>\n\t\t\t\t<div class=\"elementor-element elementor-element-261a06e elementor-widget elementor-widget-heading\" data-id=\"261a06e\" data-element_type=\"widget\" data-e-type=\"widget\" data-widget_type=\"heading.default\">\n\t\t\t\t<div class=\"elementor-widget-container\">\n\t\t\t\t\t<h3 class=\"elementor-heading-title elementor-size-small\">Da\u017eas s\u012bkdatnes, kas ir iestat\u012btas m\u016bsu t\u012bmek\u013ca vietn\u0113, nav iestat\u012btas k\u0101 pirm\u0101s puses s\u012bkdatnes. M\u016bsu t\u012bmek\u013ca vietn\u0113 var b\u016bt ievietots tre\u0161o personu saturs, kas paredz\u0113ts rekl\u0101mai, izmantojot m\u016bsu t\u012bmek\u013ca vietni. \u0160ie tre\u0161o personu pakalpojumu sniedz\u0113ji j\u016bsu t\u012bmek\u013ca p\u0101rl\u016bkprogramm\u0101 var iestat\u012bt savas s\u012bkdatnes. Tre\u0161o personu pakalpojumu sniedz\u0113ji kontrol\u0113 daudzas no iepriek\u0161 aprakst\u012btaj\u0101m veiktsp\u0113jas un funkcionalit\u0101tes, rekl\u0101mas, m\u0101rketinga un anal\u012bzes s\u012bkdatn\u0113m. Tre\u0161o personu s\u012bkfaili var izmantot inform\u0101ciju par j\u016bsu \u0161\u012bs un citu t\u012bmek\u013ca viet\u0146u apmekl\u0113jumiem, lai sniegtu atbilsto\u0161as rekl\u0101mas par prec\u0113m un pakalpojumiem, kas j\u016bs var\u0113tu interes\u0113t. \u0160o s\u012bkfailu sav\u0101ktie dati nav m\u016bsu kontrol\u0113, jo \u0161o tre\u0161o pu\u0161u s\u012bkfailu izmanto\u0161anai var piek\u013c\u016bt tikai t\u0101s tre\u0161\u0101s puses, kas tos s\u0101kotn\u0113ji iestat\u012bjusi. \n<\/h3>\t\t\t\t<\/div>\n\t\t\t\t<\/div>\n\t\t\t\t<div class=\"elementor-element elementor-element-b51feb4 elementor-widget elementor-widget-heading\" data-id=\"b51feb4\" data-element_type=\"widget\" data-e-type=\"widget\" data-widget_type=\"heading.default\">\n\t\t\t\t<div class=\"elementor-widget-container\">\n\t\t\t\t\t<h3 class=\"elementor-heading-title elementor-size-default\">K\u0101 varat p\u0101rvald\u012bt s\u012bkfailus?<\/h3>\t\t\t\t<\/div>\n\t\t\t\t<\/div>\n\t\t\t\t<div class=\"elementor-element elementor-element-2c7865f elementor-widget elementor-widget-heading\" data-id=\"2c7865f\" data-element_type=\"widget\" data-e-type=\"widget\" data-widget_type=\"heading.default\">\n\t\t\t\t<div class=\"elementor-widget-container\">\n\t\t\t\t\t<h3 class=\"elementor-heading-title elementor-size-small\">Liel\u0101k\u0101 da\u013ca p\u0101rl\u016bkprogrammu \u013cauj kontrol\u0113t s\u012bkfailus, izmantojot iestat\u012bjumu preferences. J\u016bs varat main\u012bt p\u0101rl\u016bkprogrammas iestat\u012bjumus, lai noteiktu, cik liel\u0101 m\u0113r\u0101 at\u013caujat izmantot s\u012bkfailus un m\u0113r\u0137tiec\u012bgi atlas\u012bt rekl\u0101mu. Tom\u0113r, ja j\u016bs ierobe\u017eosiet t\u012bmek\u013ca viet\u0146u iesp\u0113jas iestat\u012bt s\u012bkfailus, j\u016bs varat pasliktin\u0101t savu visp\u0101r\u0113jo lieto\u0161anas pieredzi, jo t\u0101 vairs neb\u016bs jums personaliz\u0113ta.\n\nJa v\u0113laties konfigur\u0113t iestat\u012bjumus atbilsto\u0161i sav\u0101m v\u0113lm\u0113m, l\u016bdzu, skatiet p\u0101rl\u016bkprogrammas ra\u017eot\u0101ja pal\u012bdz\u012bbas izv\u0113lni, lai ieg\u016btu vair\u0101k inform\u0101cijas.\n\n<\/h3>\t\t\t\t<\/div>\n\t\t\t\t<\/div>\n\t\t\t\t<div class=\"elementor-element elementor-element-9710fb8 elementor-widget elementor-widget-heading\" data-id=\"9710fb8\" data-element_type=\"widget\" data-e-type=\"widget\" data-widget_type=\"heading.default\">\n\t\t\t\t<div class=\"elementor-widget-container\">\n\t\t\t\t\t<h3 class=\"elementor-heading-title elementor-size-default\">S\u012bkfailu un l\u012bdz\u012bgu tehnolo\u0123iju blo\u0137\u0113\u0161ana un atsp\u0113jo\u0161ana<\/h3>\t\t\t\t<\/div>\n\t\t\t\t<\/div>\n\t\t\t\t<div class=\"elementor-element elementor-element-817ac0b elementor-widget elementor-widget-heading\" data-id=\"817ac0b\" data-element_type=\"widget\" data-e-type=\"widget\" data-widget_type=\"heading.default\">\n\t\t\t\t<div class=\"elementor-widget-container\">\n\t\t\t\t\t<h3 class=\"elementor-heading-title elementor-size-small\">J\u016bs varat iestat\u012bt p\u0101rl\u016bkprogramm\u0101 blo\u0137\u0113t s\u012bkfailus un l\u012bdz\u012bgas tehnolo\u0123ijas, ta\u010du tas var blo\u0137\u0113t ar\u012b m\u016bsu b\u016btiskos s\u012bkfailus un trauc\u0113t m\u016bsu vietnes pareizu darb\u012bbu. Jums var rasties zin\u0101mas ne\u0113rt\u012bbas, lietojot t\u012bmek\u013ca vietnes funkcijas un pakalpojumus. Jums j\u0101apzin\u0101s, ka, blo\u0137\u0113jot s\u012bkfailus sav\u0101 p\u0101rl\u016bkprogramm\u0101, j\u016bs varat ar\u012b zaud\u0113t da\u013cu saglab\u0101t\u0101s inform\u0101cijas (piem\u0113ram, vietnes preferences). T\u0101p\u0113c ir ieteicams nedeaktiviz\u0113t vai neblo\u0137\u0113t s\u012bkfailus.\n\nS\u012bkdatnes vai s\u012bkdat\u0146u kategorijas atsp\u0113jo\u0161ana neizdz\u0113\u0161 s\u012bkdatni no j\u016bsu p\u0101rl\u016bkprogrammas, jums tas b\u016bs j\u0101dara pa\u0161am no p\u0101rl\u016bkprogrammas. Ja v\u0113laties dz\u0113st s\u012bkfailus vai iestat\u012bt t\u012bmek\u013ca p\u0101rl\u016bkprogrammai s\u012bkfailu dz\u0113\u0161anu vai atteik\u0161anu, l\u016bdzu, apmekl\u0113jiet savas t\u012bmek\u013ca p\u0101rl\u016bkprogrammas pal\u012bdz\u012bbas izv\u0113lni.\n<\/h3>\t\t\t\t<\/div>\n\t\t\t\t<\/div>\n\t\t\t\t<div class=\"elementor-element elementor-element-23cbeb8 elementor-widget elementor-widget-heading\" data-id=\"23cbeb8\" data-element_type=\"widget\" data-e-type=\"widget\" data-widget_type=\"heading.default\">\n\t\t\t\t<div class=\"elementor-widget-container\">\n\t\t\t\t\t<h3 class=\"elementor-heading-title elementor-size-default\">Izmai\u0146as m\u016bsu s\u012bkfailu politik\u0101<\/h3>\t\t\t\t<\/div>\n\t\t\t\t<\/div>\n\t\t\t\t<div class=\"elementor-element elementor-element-9c2009c elementor-widget elementor-widget-heading\" data-id=\"9c2009c\" data-element_type=\"widget\" data-e-type=\"widget\" data-widget_type=\"heading.default\">\n\t\t\t\t<div class=\"elementor-widget-container\">\n\t\t\t\t\t<h3 class=\"elementor-heading-title elementor-size-small\">Iesp\u0113jams, mums b\u016bs nepiecie\u0161ams veikt izmai\u0146as \u0161aj\u0101 s\u012bkfailu politik\u0101, lai t\u0101 prec\u012bzi atspogu\u013cotu m\u016bsu pakalpojumus un politiku. M\u0113s iesak\u0101m laiku pa laikam p\u0101rskat\u012bt m\u016bsu s\u012bkfailu politiku, lai b\u016btu inform\u0113ti par m\u016bsu s\u012bkfailu un saist\u012bto tehnolo\u0123iju izmanto\u0161anu. Jaun\u0101ko attiec\u012bgo s\u012bkfailu politiku var atrast \u0161eit.\n\nJa m\u0113s veiksim izmai\u0146as, kas b\u016btiski main\u012bs m\u016bsu s\u012bkfailu politiku, m\u0113s varam izcelt \u0161\u012bs izmai\u0146as sav\u0101 t\u012bmek\u013ca vietn\u0113.\n<\/h3>\t\t\t\t<\/div>\n\t\t\t\t<\/div>\n\t\t\t\t<div class=\"elementor-element elementor-element-b89bbbe elementor-widget elementor-widget-heading\" data-id=\"b89bbbe\" data-element_type=\"widget\" data-e-type=\"widget\" data-widget_type=\"heading.default\">\n\t\t\t\t<div class=\"elementor-widget-container\">\n\t\t\t\t\t<h3 class=\"elementor-heading-title elementor-size-default\">J\u016bsu ties\u012bbas uz personas datiem<\/h3>\t\t\t\t<\/div>\n\t\t\t\t<\/div>\n\t\t\t\t<div class=\"elementor-element elementor-element-e8cb0be elementor-widget elementor-widget-heading\" data-id=\"e8cb0be\" data-element_type=\"widget\" data-e-type=\"widget\" data-widget_type=\"heading.default\">\n\t\t\t\t<div class=\"elementor-widget-container\">\n\t\t\t\t\t<h3 class=\"elementor-heading-title elementor-size-small\">Jums ir ties\u012bbas izlemt, vai pie\u0146emt vai noraid\u012bt s\u012bkfailus. Turpinot izmantot m\u016bsu vietni, j\u016bs piekr\u012btat m\u016bsu s\u012bkfailu politikai un piekr\u012btat t\u0101s noteikumiem.\n\nJ\u016bsu personas dati tiek uzskat\u012bti par konfidenci\u0101liem. M\u0113s neizpau\u017eam, nep\u0101rdodam un neiz\u012br\u0113jam j\u016bsu inform\u0101ciju tre\u0161\u0101m person\u0101m. J\u016bsu personas dati ir pieejami tikai Oniar O\u00dc darbiniekiem, kuri \u0161o inform\u0101ciju var izmantot, pildot savus pien\u0101kumus.\n\nJums ir ties\u012bbas p\u0101rbaud\u012bt inform\u0101ciju par sevi m\u016bsu re\u0123istr\u0101, ties\u012bbas l\u016bgt labot nepareizu inform\u0101ciju, ties\u012bbas aizliegt apstr\u0101d\u0101t ar jums saist\u012btos personas datus tie\u0161aj\u0101 m\u0101rketing\u0101.\n\nP\u0113c j\u016bsu piepras\u012bjuma m\u0113s labosim, dz\u0113s\u012bsim vai papildin\u0101sim personas inform\u0101ciju, kas var b\u016bt neprec\u012bza, nevajadz\u012bga, nepiln\u012bga vai novecojusi. Lai izmantotu savas ties\u012bbas attiec\u012bb\u0101 uz personas datiem vai ja jums ir k\u0101di jaut\u0101jumi par m\u016bsu S\u012bkfailu politiku, l\u016bdzu, sazinieties ar mums, izmantojot e-pastu: dataprotection@oniar.eu. <\/h3>\t\t\t\t<\/div>\n\t\t\t\t<\/div>\n\t\t\t\t\t<\/div>\n\t\t<\/div>\n\t\t\t\t\t<\/div>\n\t\t<\/section>\n\t\t\t\t<\/div>","protected":false},"excerpt":{"rendered":"<p>Cookie policy Introduction This cookie policy explains what cookies are and how Oniar O\u00dc use them on website www.oniar.eu. This policy will help you understand what type of cookies we use, the information we collect using cookies and how this information is being used. Furthermore, it explains why we use them, as well as your [&hellip;]<\/p>\n","protected":false},"author":2,"featured_media":0,"parent":0,"menu_order":0,"comment_status":"closed","ping_status":"closed","template":"","meta":{"_eb_attr":"","_monsterinsights_skip_tracking":false,"_monsterinsights_sitenote_active":false,"_monsterinsights_sitenote_note":"","_monsterinsights_sitenote_category":0,"site-sidebar-layout":"no-sidebar","site-content-layout":"page-builder","ast-site-content-layout":"full-width-container","site-content-style":"unboxed","site-sidebar-style":"unboxed","ast-global-header-display":"","ast-banner-title-visibility":"","ast-main-header-display":"","ast-hfb-above-header-display":"","ast-hfb-below-header-display":"","ast-hfb-mobile-header-display":"","site-post-title":"disabled","ast-breadcrumbs-content":"","ast-featured-img":"disabled","footer-sml-layout":"","ast-disable-related-posts":"","theme-transparent-header-meta":"enabled","adv-header-id-meta":"","stick-header-meta":"","header-above-stick-meta":"","header-main-stick-meta":"","header-below-stick-meta":"","astra-migrate-meta-layouts":"set","ast-page-background-enabled":"default","ast-page-background-meta":{"desktop":{"background-color":"","background-image":"","background-repeat":"repeat","background-position":"center center","background-size":"auto","background-attachment":"scroll","background-type":"","background-media":"","overlay-type":"","overlay-color":"","overlay-opacity":"","overlay-gradient":""},"tablet":{"background-color":"","background-image":"","background-repeat":"repeat","background-position":"center center","background-size":"auto","background-attachment":"scroll","background-type":"","background-media":"","overlay-type":"","overlay-color":"","overlay-opacity":"","overlay-gradient":""},"mobile":{"background-color":"","background-image":"","background-repeat":"repeat","background-position":"center center","background-size":"auto","background-attachment":"scroll","background-type":"","background-media":"","overlay-type":"","overlay-color":"","overlay-opacity":"","overlay-gradient":""}},"ast-content-background-meta":{"desktop":{"background-color":"var(--ast-global-color-5)","background-image":"","background-repeat":"repeat","background-position":"center center","background-size":"auto","background-attachment":"scroll","background-type":"","background-media":"","overlay-type":"","overlay-color":"","overlay-opacity":"","overlay-gradient":""},"tablet":{"background-color":"var(--ast-global-color-5)","background-image":"","background-repeat":"repeat","background-position":"center center","background-size":"auto","background-attachment":"scroll","background-type":"","background-media":"","overlay-type":"","overlay-color":"","overlay-opacity":"","overlay-gradient":""},"mobile":{"background-color":"var(--ast-global-color-5)","background-image":"","background-repeat":"repeat","background-position":"center center","background-size":"auto","background-attachment":"scroll","background-type":"","background-media":"","overlay-type":"","overlay-color":"","overlay-opacity":"","overlay-gradient":""}},"footnotes":""},"class_list":["post-5974","page","type-page","status-publish","hentry"],"aioseo_notices":[],"_links":{"self":[{"href":"https:\/\/oniar.eu\/lv\/wp-json\/wp\/v2\/pages\/5974","targetHints":{"allow":["GET"]}}],"collection":[{"href":"https:\/\/oniar.eu\/lv\/wp-json\/wp\/v2\/pages"}],"about":[{"href":"https:\/\/oniar.eu\/lv\/wp-json\/wp\/v2\/types\/page"}],"author":[{"embeddable":true,"href":"https:\/\/oniar.eu\/lv\/wp-json\/wp\/v2\/users\/2"}],"replies":[{"embeddable":true,"href":"https:\/\/oniar.eu\/lv\/wp-json\/wp\/v2\/comments?post=5974"}],"version-history":[{"count":26,"href":"https:\/\/oniar.eu\/lv\/wp-json\/wp\/v2\/pages\/5974\/revisions"}],"predecessor-version":[{"id":7776,"href":"https:\/\/oniar.eu\/lv\/wp-json\/wp\/v2\/pages\/5974\/revisions\/7776"}],"wp:attachment":[{"href":"https:\/\/oniar.eu\/lv\/wp-json\/wp\/v2\/media?parent=5974"}],"curies":[{"name":"wp","href":"https:\/\/api.w.org\/{rel}","templated":true}]}}