{"id":4347,"date":"2021-11-10T06:18:27","date_gmt":"2021-11-10T06:18:27","guid":{"rendered":"https:\/\/oniar.eu\/\/?page_id=4347"},"modified":"2026-02-18T09:15:17","modified_gmt":"2026-02-18T09:15:17","slug":"e","status":"publish","type":"page","link":"https:\/\/oniar.eu\/lv\/e\/","title":{"rendered":"EAS"},"content":{"rendered":"<div data-elementor-type=\"wp-post\" data-elementor-id=\"4347\" class=\"elementor elementor-4347\">\n\t\t\t\t\t\t<section class=\"elementor-section elementor-top-section elementor-element elementor-element-10a16ca elementor-section-boxed elementor-section-height-default elementor-section-height-default\" data-id=\"10a16ca\" data-element_type=\"section\" data-e-type=\"section\">\n\t\t\t\t\t\t<div class=\"elementor-container elementor-column-gap-default\">\n\t\t\t\t\t<div class=\"elementor-column elementor-col-100 elementor-top-column elementor-element elementor-element-4e0285b\" data-id=\"4e0285b\" data-element_type=\"column\" data-e-type=\"column\">\n\t\t\t<div class=\"elementor-widget-wrap elementor-element-populated\">\n\t\t\t\t\t\t<div class=\"elementor-element elementor-element-6e27464 elementor-widget elementor-widget-image\" data-id=\"6e27464\" data-element_type=\"widget\" data-e-type=\"widget\" data-widget_type=\"image.default\">\n\t\t\t\t<div class=\"elementor-widget-container\">\n\t\t\t\t\t\t\t\t\t\t\t\t\t\t\t<img decoding=\"async\" width=\"300\" height=\"145\" src=\"https:\/\/oniar.eu\/wp-content\/uploads\/2024\/02\/NextGen_Rahastanud_EL_NextGeneration_ENG_hor_color_RGB-e1771406110698-300x145.jpg\" class=\"attachment-medium size-medium wp-image-7322\" alt=\"\" srcset=\"https:\/\/oniar.eu\/wp-content\/uploads\/2024\/02\/NextGen_Rahastanud_EL_NextGeneration_ENG_hor_color_RGB-e1771406110698-300x145.jpg 300w, https:\/\/oniar.eu\/wp-content\/uploads\/2024\/02\/NextGen_Rahastanud_EL_NextGeneration_ENG_hor_color_RGB-e1771406110698-768x370.jpg 768w, https:\/\/oniar.eu\/wp-content\/uploads\/2024\/02\/NextGen_Rahastanud_EL_NextGeneration_ENG_hor_color_RGB-e1771406110698-18x9.jpg 18w, https:\/\/oniar.eu\/wp-content\/uploads\/2024\/02\/NextGen_Rahastanud_EL_NextGeneration_ENG_hor_color_RGB-e1771406110698.jpg 983w\" sizes=\"(max-width: 300px) 100vw, 300px\" \/>\t\t\t\t\t\t\t\t\t\t\t\t\t\t\t<\/div>\n\t\t\t\t<\/div>\n\t\t\t\t\t<\/div>\n\t\t<\/div>\n\t\t\t\t\t<\/div>\n\t\t<\/section>\n\t\t\t\t<section class=\"elementor-section elementor-top-section elementor-element elementor-element-229f6da elementor-section-boxed elementor-section-height-default elementor-section-height-default\" data-id=\"229f6da\" data-element_type=\"section\" data-e-type=\"section\">\n\t\t\t\t\t\t<div class=\"elementor-container elementor-column-gap-default\">\n\t\t\t\t\t<div class=\"elementor-column elementor-col-100 elementor-top-column elementor-element elementor-element-ee07f91\" data-id=\"ee07f91\" data-element_type=\"column\" data-e-type=\"column\">\n\t\t\t<div class=\"elementor-widget-wrap elementor-element-populated\">\n\t\t\t\t\t\t<div class=\"elementor-element elementor-element-36f1875 elementor-widget elementor-widget-heading\" data-id=\"36f1875\" data-element_type=\"widget\" data-e-type=\"widget\" data-widget_type=\"heading.default\">\n\t\t\t\t<div class=\"elementor-widget-container\">\n\t\t\t\t\t<h4 class=\"elementor-heading-title elementor-size-default\">EIS support<\/h4>\t\t\t\t<\/div>\n\t\t\t\t<\/div>\n\t\t\t\t<div class=\"elementor-element elementor-element-601ac3e elementor-widget elementor-widget-heading\" data-id=\"601ac3e\" data-element_type=\"widget\" data-e-type=\"widget\" data-widget_type=\"heading.default\">\n\t\t\t\t<div class=\"elementor-widget-container\">\n\t\t\t\t\t<h4 class=\"elementor-heading-title elementor-size-default\">Projekta nosaukums: P\u0101reja uz atjaunojamo ener\u0123ijas avotu<\/h4>\t\t\t\t<\/div>\n\t\t\t\t<\/div>\n\t\t\t\t<div class=\"elementor-element elementor-element-64c811f elementor-widget elementor-widget-heading\" data-id=\"64c811f\" data-element_type=\"widget\" data-e-type=\"widget\" data-widget_type=\"heading.default\">\n\t\t\t\t<div class=\"elementor-widget-container\">\n\t\t\t\t\t<h4 class=\"elementor-heading-title elementor-size-default\">Periods: 30.12.2023 - 29.12.2025\n<\/h4>\t\t\t\t<\/div>\n\t\t\t\t<\/div>\n\t\t\t\t<div class=\"elementor-element elementor-element-e0ad87b elementor-widget elementor-widget-heading\" data-id=\"e0ad87b\" data-element_type=\"widget\" data-e-type=\"widget\" data-widget_type=\"heading.default\">\n\t\t\t\t<div class=\"elementor-widget-container\">\n\t\t\t\t\t<h4 class=\"elementor-heading-title elementor-size-default\">Finans\u0113jums: 336 039,20 EUR<\/h4>\t\t\t\t<\/div>\n\t\t\t\t<\/div>\n\t\t\t\t<div class=\"elementor-element elementor-element-845f521 elementor-widget elementor-widget-heading\" data-id=\"845f521\" data-element_type=\"widget\" data-e-type=\"widget\" data-widget_type=\"heading.default\">\n\t\t\t\t<div class=\"elementor-widget-container\">\n\t\t\t\t\t<h4 class=\"elementor-heading-title elementor-size-default\">M\u0113r\u0137is un apraksts: Saules ener\u0123ijas parka izb\u016bve pie r\u016bpn\u012bcas \u0113kas un uzglab\u0101\u0161anas iek\u0101rtu ieg\u0101de.<\/h4>\t\t\t\t<\/div>\n\t\t\t\t<\/div>\n\t\t\t\t<div class=\"elementor-element elementor-element-10ffa1d elementor-widget elementor-widget-heading\" data-id=\"10ffa1d\" data-element_type=\"widget\" data-e-type=\"widget\" data-widget_type=\"heading.default\">\n\t\t\t\t<div class=\"elementor-widget-container\">\n\t\t\t\t\t<h4 class=\"elementor-heading-title elementor-size-default\">Fonda nosaukums: Igaunijas Uz\u0146\u0113m\u0113jdarb\u012bbas un inov\u0101ciju a\u0123ent\u016bra <\/h4>\t\t\t\t<\/div>\n\t\t\t\t<\/div>\n\t\t\t\t<div class=\"elementor-element elementor-element-c24821e elementor-widget elementor-widget-heading\" data-id=\"c24821e\" data-element_type=\"widget\" data-e-type=\"widget\" data-widget_type=\"heading.default\">\n\t\t\t\t<div class=\"elementor-widget-container\">\n\t\t\t\t\t<h4 class=\"elementor-heading-title elementor-size-default\">Funded by the European Union through the NextGenerationEU Restoration Fund.<\/h4>\t\t\t\t<\/div>\n\t\t\t\t<\/div>\n\t\t\t\t\t<\/div>\n\t\t<\/div>\n\t\t\t\t\t<\/div>\n\t\t<\/section>\n\t\t\t\t<section class=\"elementor-section elementor-top-section elementor-element elementor-element-c8322f4 elementor-section-boxed elementor-section-height-default elementor-section-height-default\" data-id=\"c8322f4\" data-element_type=\"section\" data-e-type=\"section\">\n\t\t\t\t\t\t<div class=\"elementor-container elementor-column-gap-default\">\n\t\t\t\t\t<div class=\"elementor-column elementor-col-100 elementor-top-column elementor-element elementor-element-cd6545c\" data-id=\"cd6545c\" data-element_type=\"column\" data-e-type=\"column\">\n\t\t\t<div class=\"elementor-widget-wrap elementor-element-populated\">\n\t\t\t\t\t\t<div class=\"elementor-element elementor-element-a0ced11 elementor-widget elementor-widget-image\" data-id=\"a0ced11\" data-element_type=\"widget\" data-e-type=\"widget\" data-widget_type=\"image.default\">\n\t\t\t\t<div class=\"elementor-widget-container\">\n\t\t\t\t\t\t\t\t\t\t\t\t\t\t\t<img decoding=\"async\" width=\"300\" height=\"139\" src=\"https:\/\/oniar.eu\/wp-content\/uploads\/2024\/10\/horisontaal-e1729664245730-300x139.png\" class=\"attachment-medium size-medium wp-image-7951\" alt=\"\" srcset=\"https:\/\/oniar.eu\/wp-content\/uploads\/2024\/10\/horisontaal-e1729664245730-300x139.png 300w, https:\/\/oniar.eu\/wp-content\/uploads\/2024\/10\/horisontaal-e1729664245730-768x356.png 768w, https:\/\/oniar.eu\/wp-content\/uploads\/2024\/10\/horisontaal-e1729664245730-18x8.png 18w, https:\/\/oniar.eu\/wp-content\/uploads\/2024\/10\/horisontaal-e1729664245730.png 1021w\" sizes=\"(max-width: 300px) 100vw, 300px\" \/>\t\t\t\t\t\t\t\t\t\t\t\t\t\t\t<\/div>\n\t\t\t\t<\/div>\n\t\t\t\t\t<\/div>\n\t\t<\/div>\n\t\t\t\t\t<\/div>\n\t\t<\/section>\n\t\t\t\t<section class=\"elementor-section elementor-top-section elementor-element elementor-element-c15982c elementor-section-boxed elementor-section-height-default elementor-section-height-default\" data-id=\"c15982c\" data-element_type=\"section\" data-e-type=\"section\">\n\t\t\t\t\t\t<div class=\"elementor-container elementor-column-gap-default\">\n\t\t\t\t\t<div class=\"elementor-column elementor-col-100 elementor-top-column elementor-element elementor-element-1722fca\" data-id=\"1722fca\" data-element_type=\"column\" data-e-type=\"column\">\n\t\t\t<div class=\"elementor-widget-wrap elementor-element-populated\">\n\t\t\t\t\t\t<div class=\"elementor-element elementor-element-b73ff8c elementor-widget elementor-widget-heading\" data-id=\"b73ff8c\" data-element_type=\"widget\" data-e-type=\"widget\" data-widget_type=\"heading.default\">\n\t\t\t\t<div class=\"elementor-widget-container\">\n\t\t\t\t\t<h4 class=\"elementor-heading-title elementor-size-default\">EIS support<\/h4>\t\t\t\t<\/div>\n\t\t\t\t<\/div>\n\t\t\t\t<div class=\"elementor-element elementor-element-83c8364 elementor-widget elementor-widget-heading\" data-id=\"83c8364\" data-element_type=\"widget\" data-e-type=\"widget\" data-widget_type=\"heading.default\">\n\t\t\t\t<div class=\"elementor-widget-container\">\n\t\t\t\t\t<h4 class=\"elementor-heading-title elementor-size-default\">Projekta nosaukums: ONIAR O\u00dc att\u012bst\u012bbas pl\u0101ns<\/h4>\t\t\t\t<\/div>\n\t\t\t\t<\/div>\n\t\t\t\t<div class=\"elementor-element elementor-element-37246a0 elementor-widget elementor-widget-heading\" data-id=\"37246a0\" data-element_type=\"widget\" data-e-type=\"widget\" data-widget_type=\"heading.default\">\n\t\t\t\t<div class=\"elementor-widget-container\">\n\t\t\t\t\t<h4 class=\"elementor-heading-title elementor-size-default\">Period: 17.09.2024 - 15.03.2026\n<\/h4>\t\t\t\t<\/div>\n\t\t\t\t<\/div>\n\t\t\t\t<div class=\"elementor-element elementor-element-1b6cd95 elementor-widget elementor-widget-heading\" data-id=\"1b6cd95\" data-element_type=\"widget\" data-e-type=\"widget\" data-widget_type=\"heading.default\">\n\t\t\t\t<div class=\"elementor-widget-container\">\n\t\t\t\t\t<h4 class=\"elementor-heading-title elementor-size-default\">Funding: EUR 372 134,96<\/h4>\t\t\t\t<\/div>\n\t\t\t\t<\/div>\n\t\t\t\t<div class=\"elementor-element elementor-element-9feb016 elementor-widget elementor-widget-heading\" data-id=\"9feb016\" data-element_type=\"widget\" data-e-type=\"widget\" data-widget_type=\"heading.default\">\n\t\t\t\t<div class=\"elementor-widget-container\">\n\t\t\t\t\t<h4 class=\"elementor-heading-title elementor-size-default\">Short description: Developing new models with European type approval to improve the product series . Enhancing in-house capabilities for better results.<\/h4>\t\t\t\t<\/div>\n\t\t\t\t<\/div>\n\t\t\t\t<div class=\"elementor-element elementor-element-37028a2 elementor-widget elementor-widget-heading\" data-id=\"37028a2\" data-element_type=\"widget\" data-e-type=\"widget\" data-widget_type=\"heading.default\">\n\t\t\t\t<div class=\"elementor-widget-container\">\n\t\t\t\t\t<h4 class=\"elementor-heading-title elementor-size-default\">Objective and results: Development of a new series timber trailers with cranes. Product certification. Making work processes more efficient through digitalization and investment into machinery. As result of the project the portfolio will be complemented with new generation products with type approval and are environmentally sustainable.<\/h4>\t\t\t\t<\/div>\n\t\t\t\t<\/div>\n\t\t\t\t<div class=\"elementor-element elementor-element-8e3f561 elementor-widget elementor-widget-heading\" data-id=\"8e3f561\" data-element_type=\"widget\" data-e-type=\"widget\" data-widget_type=\"heading.default\">\n\t\t\t\t<div class=\"elementor-widget-container\">\n\t\t\t\t\t<h4 class=\"elementor-heading-title elementor-size-default\">Fonda nosaukums: Eiropas Re\u0123ion\u0101l\u0101s att\u012bst\u012bbas fonds<\/h4>\t\t\t\t<\/div>\n\t\t\t\t<\/div>\n\t\t\t\t\t<\/div>\n\t\t<\/div>\n\t\t\t\t\t<\/div>\n\t\t<\/section>\n\t\t\t\t<\/div>","protected":false},"excerpt":{"rendered":"<p>EIS support Project name: Switching to a renewable energy source Period: 30.12.2023 &#8211; 29.12.2025 Funding: 336 039,20 EUR Objective and description : Construction of a solar park on the factory building and purchase of storage equipment Foundation name: Estonian Business and Innovation Agency Funded by the European Union through the NextGenerationEU Restoration Fund. EIS support [&hellip;]<\/p>\n","protected":false},"author":2,"featured_media":0,"parent":0,"menu_order":0,"comment_status":"closed","ping_status":"closed","template":"","meta":{"_eb_attr":"","_monsterinsights_skip_tracking":false,"_monsterinsights_sitenote_active":false,"_monsterinsights_sitenote_note":"","_monsterinsights_sitenote_category":0,"site-sidebar-layout":"no-sidebar","site-content-layout":"page-builder","ast-site-content-layout":"full-width-container","site-content-style":"unboxed","site-sidebar-style":"unboxed","ast-global-header-display":"","ast-banner-title-visibility":"","ast-main-header-display":"","ast-hfb-above-header-display":"","ast-hfb-below-header-display":"","ast-hfb-mobile-header-display":"","site-post-title":"disabled","ast-breadcrumbs-content":"","ast-featured-img":"disabled","footer-sml-layout":"","ast-disable-related-posts":"","theme-transparent-header-meta":"enabled","adv-header-id-meta":"","stick-header-meta":"","header-above-stick-meta":"","header-main-stick-meta":"","header-below-stick-meta":"","astra-migrate-meta-layouts":"set","ast-page-background-enabled":"default","ast-page-background-meta":{"desktop":{"background-color":"","background-image":"","background-repeat":"repeat","background-position":"center center","background-size":"auto","background-attachment":"scroll","background-type":"","background-media":"","overlay-type":"","overlay-color":"","overlay-opacity":"","overlay-gradient":""},"tablet":{"background-color":"","background-image":"","background-repeat":"repeat","background-position":"center center","background-size":"auto","background-attachment":"scroll","background-type":"","background-media":"","overlay-type":"","overlay-color":"","overlay-opacity":"","overlay-gradient":""},"mobile":{"background-color":"","background-image":"","background-repeat":"repeat","background-position":"center center","background-size":"auto","background-attachment":"scroll","background-type":"","background-media":"","overlay-type":"","overlay-color":"","overlay-opacity":"","overlay-gradient":""}},"ast-content-background-meta":{"desktop":{"background-color":"var(--ast-global-color-5)","background-image":"","background-repeat":"repeat","background-position":"center center","background-size":"auto","background-attachment":"scroll","background-type":"","background-media":"","overlay-type":"","overlay-color":"","overlay-opacity":"","overlay-gradient":""},"tablet":{"background-color":"var(--ast-global-color-5)","background-image":"","background-repeat":"repeat","background-position":"center center","background-size":"auto","background-attachment":"scroll","background-type":"","background-media":"","overlay-type":"","overlay-color":"","overlay-opacity":"","overlay-gradient":""},"mobile":{"background-color":"var(--ast-global-color-5)","background-image":"","background-repeat":"repeat","background-position":"center center","background-size":"auto","background-attachment":"scroll","background-type":"","background-media":"","overlay-type":"","overlay-color":"","overlay-opacity":"","overlay-gradient":""}},"footnotes":""},"class_list":["post-4347","page","type-page","status-publish","hentry"],"aioseo_notices":[],"_links":{"self":[{"href":"https:\/\/oniar.eu\/lv\/wp-json\/wp\/v2\/pages\/4347","targetHints":{"allow":["GET"]}}],"collection":[{"href":"https:\/\/oniar.eu\/lv\/wp-json\/wp\/v2\/pages"}],"about":[{"href":"https:\/\/oniar.eu\/lv\/wp-json\/wp\/v2\/types\/page"}],"author":[{"embeddable":true,"href":"https:\/\/oniar.eu\/lv\/wp-json\/wp\/v2\/users\/2"}],"replies":[{"embeddable":true,"href":"https:\/\/oniar.eu\/lv\/wp-json\/wp\/v2\/comments?post=4347"}],"version-history":[{"count":83,"href":"https:\/\/oniar.eu\/lv\/wp-json\/wp\/v2\/pages\/4347\/revisions"}],"predecessor-version":[{"id":8519,"href":"https:\/\/oniar.eu\/lv\/wp-json\/wp\/v2\/pages\/4347\/revisions\/8519"}],"wp:attachment":[{"href":"https:\/\/oniar.eu\/lv\/wp-json\/wp\/v2\/media?parent=4347"}],"curies":[{"name":"wp","href":"https:\/\/api.w.org\/{rel}","templated":true}]}}