{"id":5974,"date":"2022-04-28T06:17:59","date_gmt":"2022-04-28T06:17:59","guid":{"rendered":"https:\/\/oniar.eu\/\/?page_id=5974"},"modified":"2024-10-14T14:19:16","modified_gmt":"2024-10-14T14:19:16","slug":"cookie-policy","status":"publish","type":"page","link":"https:\/\/oniar.eu\/lt\/cookie-policy\/","title":{"rendered":"Slapuk\u0173 politika"},"content":{"rendered":"<div data-elementor-type=\"wp-post\" data-elementor-id=\"5974\" class=\"elementor elementor-5974\">\n\t\t\t\t\t\t<section class=\"elementor-section elementor-top-section elementor-element elementor-element-d5cb96b elementor-section-full_width elementor-section-height-min-height elementor-section-stretched elementor-section-height-default elementor-section-items-middle\" data-id=\"d5cb96b\" data-element_type=\"section\" data-e-type=\"section\" data-settings=\"{&quot;stretch_section&quot;:&quot;section-stretched&quot;,&quot;background_background&quot;:&quot;classic&quot;}\">\n\t\t\t\t\t\t<div class=\"elementor-container elementor-column-gap-default\">\n\t\t\t\t\t<div class=\"elementor-column elementor-col-100 elementor-top-column elementor-element elementor-element-b877cb7\" data-id=\"b877cb7\" data-element_type=\"column\" data-e-type=\"column\">\n\t\t\t<div class=\"elementor-widget-wrap elementor-element-populated\">\n\t\t\t\t\t\t<div class=\"elementor-element elementor-element-978fc1f elementor-widget elementor-widget-heading\" data-id=\"978fc1f\" data-element_type=\"widget\" data-e-type=\"widget\" data-widget_type=\"heading.default\">\n\t\t\t\t<div class=\"elementor-widget-container\">\n\t\t\t\t\t<h1 class=\"elementor-heading-title elementor-size-default\">Slapuk\u0173 politika<\/h1>\t\t\t\t<\/div>\n\t\t\t\t<\/div>\n\t\t\t\t\t<\/div>\n\t\t<\/div>\n\t\t\t\t\t<\/div>\n\t\t<\/section>\n\t\t\t\t<section class=\"elementor-section elementor-top-section elementor-element elementor-element-54dfedde elementor-section-boxed elementor-section-height-default elementor-section-height-default\" data-id=\"54dfedde\" data-element_type=\"section\" data-e-type=\"section\" data-settings=\"{&quot;background_background&quot;:&quot;classic&quot;}\">\n\t\t\t\t\t\t<div class=\"elementor-container elementor-column-gap-default\">\n\t\t\t\t\t<div class=\"elementor-column elementor-col-100 elementor-top-column elementor-element elementor-element-3b5232b7\" data-id=\"3b5232b7\" data-element_type=\"column\" data-e-type=\"column\">\n\t\t\t<div class=\"elementor-widget-wrap elementor-element-populated\">\n\t\t\t\t\t\t<div class=\"elementor-element elementor-element-e4915ba elementor-widget elementor-widget-heading\" data-id=\"e4915ba\" data-element_type=\"widget\" data-e-type=\"widget\" data-widget_type=\"heading.default\">\n\t\t\t\t<div class=\"elementor-widget-container\">\n\t\t\t\t\t<h3 class=\"elementor-heading-title elementor-size-default\">\u012evadas\n\n<\/h3>\t\t\t\t<\/div>\n\t\t\t\t<\/div>\n\t\t\t\t<div class=\"elementor-element elementor-element-5dba8f1 elementor-widget elementor-widget-heading\" data-id=\"5dba8f1\" data-element_type=\"widget\" data-e-type=\"widget\" data-widget_type=\"heading.default\">\n\t\t\t\t<div class=\"elementor-widget-container\">\n\t\t\t\t\t<h3 class=\"elementor-heading-title elementor-size-small\">\u0160ioje slapuk\u0173 politikoje paai\u0161kinama, kas yra slapukai ir kaip \"Oniar O\u00dc\" juos naudoja svetain\u0117je www.oniar.eu. \u0160i politika pad\u0117s jums suprasti, kokio tipo slapukus naudojame, koki\u0105 informacij\u0105 renkame naudodami slapukus ir kaip \u0161i informacija naudojama. Be to, joje paai\u0161kinama, kod\u0117l juos naudojame, taip pat j\u016bs\u0173 teis\u0117s kontroliuoti, kaip juos naudojame.\n\nAsmens duomenis tvarkome laikydamiesi galiojan\u010di\u0173 asmens duomen\u0173 apsaugos \u012fstatym\u0173, \u012fskaitant Europos Parlamento ir Tarybos reglament\u0105 (ES) 2016\/679 (toliau - BDAR).\n\nM\u016bs\u0173 naudojamuose slapukuose nesaugome neskelbtinos asmenin\u0117s informacijos, pavyzd\u017eiui, pa\u0161to adres\u0173, paskyros slapta\u017eod\u017ei\u0173 ir pan. Daugiau informacijos apie tai, kaip naudojame, saugome ir saugome j\u016bs\u0173 asmens duomenis, rasite m\u016bs\u0173 privatumo politikoje. \n<\/h3>\t\t\t\t<\/div>\n\t\t\t\t<\/div>\n\t\t\t\t<div class=\"elementor-element elementor-element-f164035 elementor-widget elementor-widget-heading\" data-id=\"f164035\" data-element_type=\"widget\" data-e-type=\"widget\" data-widget_type=\"heading.default\">\n\t\t\t\t<div class=\"elementor-widget-container\">\n\t\t\t\t\t<h3 class=\"elementor-heading-title elementor-size-default\">Kas yra slapukas?<\/h3>\t\t\t\t<\/div>\n\t\t\t\t<\/div>\n\t\t\t\t<div class=\"elementor-element elementor-element-fd95a4d elementor-widget elementor-widget-heading\" data-id=\"fd95a4d\" data-element_type=\"widget\" data-e-type=\"widget\" data-widget_type=\"heading.default\">\n\t\t\t\t<div class=\"elementor-widget-container\">\n\t\t\t\t\t<h3 class=\"elementor-heading-title elementor-size-small\">Slapukas - tai nedidelis tekstinis failas, saugomas j\u016bs\u0173 kompiuteryje arba kitame prie interneto prijungtame \u012frenginyje, kad b\u016bt\u0173 galima atpa\u017einti j\u016bs\u0173 nar\u0161ykl\u0119, atlikti analiz\u0119, \u012fsiminti informacij\u0105 apie jus, pvz., j\u016bs\u0173 kalbos parinktis arba prisijungimo informacij\u0105. Jie yra visi\u0161kai saug\u016bs ir negali b\u016bti naudojami programoms paleisti ar virusams \u012f j\u016bs\u0173 \u012frengin\u012f perduoti.\n\nKai lankot\u0117s svetain\u0117je arba naudojat\u0117s mobili\u0105ja programa, kompiuteris pra\u0161o j\u016bs\u0173 kompiuterio arba mobiliojo \u012frenginio leidimo i\u0161saugoti \u0161\u012f fail\u0105 j\u016bs\u0173 kompiuteryje arba mobiliajame \u012frenginyje ir gauti prieig\u0105 prie informacijos.<\/h3>\t\t\t\t<\/div>\n\t\t\t\t<\/div>\n\t\t\t\t<div class=\"elementor-element elementor-element-7d66723 elementor-widget elementor-widget-heading\" data-id=\"7d66723\" data-element_type=\"widget\" data-e-type=\"widget\" data-widget_type=\"heading.default\">\n\t\t\t\t<div class=\"elementor-widget-container\">\n\t\t\t\t\t<h3 class=\"elementor-heading-title elementor-size-default\">Kod\u0117l naudojame slapukus?<\/h3>\t\t\t\t<\/div>\n\t\t\t\t<\/div>\n\t\t\t\t<div class=\"elementor-element elementor-element-2885e18 elementor-widget elementor-widget-heading\" data-id=\"2885e18\" data-element_type=\"widget\" data-e-type=\"widget\" data-widget_type=\"heading.default\">\n\t\t\t\t<div class=\"elementor-widget-container\">\n\t\t\t\t\t<h3 class=\"elementor-heading-title elementor-size-small\">Savo svetain\u0117je naudojame pirmosios ir (arba) tre\u010diosios \u0161alies slapukus.\nPirmosios \u0161alies slapukus \u012fra\u0161o svetain\u0117, kurioje lankot\u0117s. \u0160i\u0173 slapuk\u0173 turin\u012f gali gauti ir perskaityti tik priimantysis domenas. Tre\u010di\u0173j\u0173 \u0161ali\u0173 slapukai \u012fgalina tre\u010di\u0173j\u0173 \u0161ali\u0173 funkcijas arba funkcionalum\u0105 m\u016bs\u0173 svetain\u0117je.\n\nSlapukus naudojame \u0161iais tikslais :\n\n1. Supaprastinti m\u016bs\u0173 svetain\u0117s veikim\u0105 ir funkcionalum\u0105;\n2. Pagerinti j\u016bs\u0173 patirt\u012f, kad nar\u0161ymas m\u016bs\u0173 svetain\u0117je b\u016bt\u0173 greitesnis ir lengvesnis;\n3. Kad gal\u0117tume suprasti, kas jums naudinga ar \u012fdomu.\n4. Kad gal\u0117tume analizuoti, kaip naudojamasi m\u016bs\u0173 svetaine ir kaip gal\u0117tume j\u0105 padaryti efektyvesn\u0119 naudoti.\n<\/h3>\t\t\t\t<\/div>\n\t\t\t\t<\/div>\n\t\t\t\t<div class=\"elementor-element elementor-element-de22a88 elementor-widget elementor-widget-heading\" data-id=\"de22a88\" data-element_type=\"widget\" data-e-type=\"widget\" data-widget_type=\"heading.default\">\n\t\t\t\t<div class=\"elementor-widget-container\">\n\t\t\t\t\t<h3 class=\"elementor-heading-title elementor-size-default\">Kokius slapukus naudojame?<\/h3>\t\t\t\t<\/div>\n\t\t\t\t<\/div>\n\t\t\t\t<div class=\"elementor-element elementor-element-d103921 elementor-widget elementor-widget-heading\" data-id=\"d103921\" data-element_type=\"widget\" data-e-type=\"widget\" data-widget_type=\"heading.default\">\n\t\t\t\t<div class=\"elementor-widget-container\">\n\t\t\t\t\t<h3 class=\"elementor-heading-title elementor-size-small\">Slapukai gali b\u016bti sesijos slapukai arba nuolatiniai slapukai. Sesijos slapukai automati\u0161kai i\u0161trinami, kai u\u017edarote nar\u0161ykl\u0119. Nuolatiniams slapukams yra nustatyta galiojimo data, ir jie i\u0161liks tol, kol \u0161i data pasibaigs arba kol i\u0161trinsite slapukus. Galiojimo datos yra nustatytos pa\u010diuose slapukuose; kai kuri\u0173 galiojimas gali baigtis po keli\u0173 minu\u010di\u0173, o kit\u0173 - po keleri\u0173 met\u0173.\n\nSavo svetain\u0117je naudojame toliau nurodyt\u0173 tip\u0173 slapukus.\n<\/h3>\t\t\t\t<\/div>\n\t\t\t\t<\/div>\n\t\t\t\t<div class=\"elementor-element elementor-element-9f516ca elementor-widget elementor-widget-heading\" data-id=\"9f516ca\" data-element_type=\"widget\" data-e-type=\"widget\" data-widget_type=\"heading.default\">\n\t\t\t\t<div class=\"elementor-widget-container\">\n\t\t\t\t\t<h3 class=\"elementor-heading-title elementor-size-default\">Grie\u017etai b\u016btini ir esminiai slapukai<\/h3>\t\t\t\t<\/div>\n\t\t\t\t<\/div>\n\t\t\t\t<div class=\"elementor-element elementor-element-acf9116 elementor-widget elementor-widget-heading\" data-id=\"acf9116\" data-element_type=\"widget\" data-e-type=\"widget\" data-widget_type=\"heading.default\">\n\t\t\t\t<div class=\"elementor-widget-container\">\n\t\t\t\t\t<h3 class=\"elementor-heading-title elementor-size-small\">\u0160ie slapukai yra b\u016btini, kad m\u016bs\u0173 svetain\u0117 veikt\u0173 ir u\u017etikrint\u0173 tinkam\u0105 veikim\u0105. Jie leid\u017eia atlikti tokias pagrindines funkcijas kaip tinklo valdymas, j\u016bs\u0173 slapuk\u0173 parinktys ir prieinamumas. \u0160ie slapukai leid\u017eia jums nar\u0161yti svetain\u0117je ir naudotis jos funkcijomis.  Galite juos i\u0161jungti pakeisdami nar\u0161ykl\u0117s nustatymus, ta\u010diau tai gali tur\u0117ti \u012ftakos svetaini\u0173 veikimui ir mes negalime garantuoti m\u016bs\u0173 svetain\u0117s techninio veikimo ir naudojimo.<\/h3>\t\t\t\t<\/div>\n\t\t\t\t<\/div>\n\t\t\t\t<div class=\"elementor-element elementor-element-974ef26 elementor-widget elementor-widget-heading\" data-id=\"974ef26\" data-element_type=\"widget\" data-e-type=\"widget\" data-widget_type=\"heading.default\">\n\t\t\t\t<div class=\"elementor-widget-container\">\n\t\t\t\t\t<h3 class=\"elementor-heading-title elementor-size-default\">Veikimo ir funkcionalumo slapukai <\/h3>\t\t\t\t<\/div>\n\t\t\t\t<\/div>\n\t\t\t\t<div class=\"elementor-element elementor-element-4d68d2d elementor-widget elementor-widget-heading\" data-id=\"4d68d2d\" data-element_type=\"widget\" data-e-type=\"widget\" data-widget_type=\"heading.default\">\n\t\t\t\t<div class=\"elementor-widget-container\">\n\t\t\t\t\t<h3 class=\"elementor-heading-title elementor-size-small\">\u0160ie slapukai n\u0117ra b\u016btini, ta\u010diau naudojami siekiant pagerinti m\u016bs\u0173 svetain\u0117s veikim\u0105 ir funkcionalum\u0105. Be \u0161i\u0173 slapuk\u0173 tam tikros funkcijos, pavyzd\u017eiui, vaizdo \u012fra\u0161ai, gali b\u016bti neprieinamos arba kiekvien\u0105 kart\u0105 apsilankius svetain\u0117je negal\u0117tume \u012fsiminti j\u016bs\u0173 individuali\u0173 pasirinkim\u0173 (pvz., kalbos ar regiono). <\/h3>\t\t\t\t<\/div>\n\t\t\t\t<\/div>\n\t\t\t\t<div class=\"elementor-element elementor-element-018c9a3 elementor-widget elementor-widget-heading\" data-id=\"018c9a3\" data-element_type=\"widget\" data-e-type=\"widget\" data-widget_type=\"heading.default\">\n\t\t\t\t<div class=\"elementor-widget-container\">\n\t\t\t\t\t<h3 class=\"elementor-heading-title elementor-size-default\">Analiz\u0117s ir pritaikymo slapukai<\/h3>\t\t\t\t<\/div>\n\t\t\t\t<\/div>\n\t\t\t\t<div class=\"elementor-element elementor-element-bd5d329 elementor-widget elementor-widget-heading\" data-id=\"bd5d329\" data-element_type=\"widget\" data-e-type=\"widget\" data-widget_type=\"heading.default\">\n\t\t\t\t<div class=\"elementor-widget-container\">\n\t\t\t\t\t<h3 class=\"elementor-heading-title elementor-size-small\">\u0160iais slapukais renkama informacija, kuri padeda mums suprasti, kaip naudojama m\u016bs\u0173 svetain\u0117, arba padeda mums pritaikyti svetain\u0119 jums. Statistin\u0119 informacij\u0105 apie naudojim\u0105si m\u016bs\u0173 svetaine naudojame na\u0161umui ir svetain\u0117s optimizavimui.\n\nNaudojame \"Google Analytics\" teikiamus slapukus, kad tiesiogiai i\u0161 galutini\u0173 naudotoj\u0173 nar\u0161ykli\u0173 surinktume ribotus duomenis ir gal\u0117tume geriau suprasti, kaip naudojat\u0117s m\u016bs\u0173 svetaine. \u0160ie slapukai gali sekti, pavyzd\u017eiui, kiek laiko praleid\u017eiate svetain\u0117je ir kokiuose puslapiuose lankot\u0117s.  Daugiau informacijos apie tai, kaip \"Google\" renka ir naudoja \u0161iuos duomenis, rasite adresu: https:\/\/policies.google.com\/technologies\/partner-sites. Galite atsisakyti vis\u0173 \"Google\" palaikom\u0173 m\u016bs\u0173 svetaini\u0173 analitikos priemoni\u0173 apsilank\u0119 adresu: https:\/\/tools.google.com\/dlpage\/gaoptout. \n<\/h3>\t\t\t\t<\/div>\n\t\t\t\t<\/div>\n\t\t\t\t<div class=\"elementor-element elementor-element-a8e8e2b elementor-widget elementor-widget-heading\" data-id=\"a8e8e2b\" data-element_type=\"widget\" data-e-type=\"widget\" data-widget_type=\"heading.default\">\n\t\t\t\t<div class=\"elementor-widget-container\">\n\t\t\t\t\t<h3 class=\"elementor-heading-title elementor-size-default\">Tre\u010di\u0173j\u0173 \u0161ali\u0173 slapukai<\/h3>\t\t\t\t<\/div>\n\t\t\t\t<\/div>\n\t\t\t\t<div class=\"elementor-element elementor-element-261a06e elementor-widget elementor-widget-heading\" data-id=\"261a06e\" data-element_type=\"widget\" data-e-type=\"widget\" data-widget_type=\"heading.default\">\n\t\t\t\t<div class=\"elementor-widget-container\">\n\t\t\t\t\t<h3 class=\"elementor-heading-title elementor-size-small\">Kai kurie m\u016bs\u0173 svetain\u0117je nustatyti slapukai n\u0117ra nustatyti pirmosios \u0161alies pagrindu. Svetain\u0117je gali b\u016bti tre\u010di\u0173j\u0173 \u0161ali\u0173 turinio, kuris reklamos tikslais pateikiamas per m\u016bs\u0173 svetain\u0119. \u0160ie tre\u010di\u0173j\u0173 \u0161ali\u0173 paslaug\u0173 teik\u0117jai j\u016bs\u0173 interneto nar\u0161ykl\u0117je gali nustatyti savo slapukus. Tre\u010di\u0173j\u0173 \u0161ali\u0173 paslaug\u0173 teik\u0117jai kontroliuoja daugel\u012f pirmiau apra\u0161yt\u0173 na\u0161umo ir funkcionalumo, reklamos, rinkodaros ir analiz\u0117s slapuk\u0173. Tre\u010di\u0173j\u0173 \u0161ali\u0173 slapukai gali naudoti informacij\u0105 apie j\u016bs\u0173 apsilankymus \u0161ioje ir kitose interneto svetain\u0117se, kad pateikt\u0173 atitinkam\u0105 reklam\u0105 apie jus dominan\u010dias prekes ir paslaugas. \u0160i\u0173 slapuk\u0173 surinkt\u0173 duomen\u0173 mes nekontroliuojame, nes su \u0161i\u0173 tre\u010di\u0173j\u0173 \u0161ali\u0173 slapuk\u0173 naudojimu gali susipa\u017einti tik tre\u010dioji \u0161alis, kuri i\u0161 prad\u017ei\u0173 juos nustat\u0117. \n<\/h3>\t\t\t\t<\/div>\n\t\t\t\t<\/div>\n\t\t\t\t<div class=\"elementor-element elementor-element-b51feb4 elementor-widget elementor-widget-heading\" data-id=\"b51feb4\" data-element_type=\"widget\" data-e-type=\"widget\" data-widget_type=\"heading.default\">\n\t\t\t\t<div class=\"elementor-widget-container\">\n\t\t\t\t\t<h3 class=\"elementor-heading-title elementor-size-default\">Kaip galite valdyti slapukus?<\/h3>\t\t\t\t<\/div>\n\t\t\t\t<\/div>\n\t\t\t\t<div class=\"elementor-element elementor-element-2c7865f elementor-widget elementor-widget-heading\" data-id=\"2c7865f\" data-element_type=\"widget\" data-e-type=\"widget\" data-widget_type=\"heading.default\">\n\t\t\t\t<div class=\"elementor-widget-container\">\n\t\t\t\t\t<h3 class=\"elementor-heading-title elementor-size-small\">Daugumoje nar\u0161ykli\u0173 slapukus galite valdyti naudodamiesi nustatym\u0173 parinktimis. Galite pakeisti savo nar\u0161ykl\u0117s nustatymus ir nustatyti, kiek leid\u017eiate naudoti slapukus ir nukreipti reklam\u0105. Ta\u010diau jei apribosite svetaini\u0173 galimyb\u0119 nustatyti slapukus, gali pablog\u0117ti bendra naudotojo patirtis, nes ji nebebus jums pritaikyta.\n\nJei norite sukonfig\u016bruoti nustatymus pagal savo pageidavimus, daugiau informacijos rasite savo nar\u0161ykl\u0117s gamintojo pagalbos meniu.\n\n<\/h3>\t\t\t\t<\/div>\n\t\t\t\t<\/div>\n\t\t\t\t<div class=\"elementor-element elementor-element-9710fb8 elementor-widget elementor-widget-heading\" data-id=\"9710fb8\" data-element_type=\"widget\" data-e-type=\"widget\" data-widget_type=\"heading.default\">\n\t\t\t\t<div class=\"elementor-widget-container\">\n\t\t\t\t\t<h3 class=\"elementor-heading-title elementor-size-default\">Slapuk\u0173 ir pana\u0161i\u0173 technologij\u0173 blokavimas ir i\u0161jungimas<\/h3>\t\t\t\t<\/div>\n\t\t\t\t<\/div>\n\t\t\t\t<div class=\"elementor-element elementor-element-817ac0b elementor-widget elementor-widget-heading\" data-id=\"817ac0b\" data-element_type=\"widget\" data-e-type=\"widget\" data-widget_type=\"heading.default\">\n\t\t\t\t<div class=\"elementor-widget-container\">\n\t\t\t\t\t<h3 class=\"elementor-heading-title elementor-size-small\">Galite nustatyti savo nar\u0161ykl\u0119 taip, kad ji blokuot\u0173 slapukus ir pana\u0161ias technologijas, ta\u010diau tai taip pat gali u\u017eblokuoti m\u016bs\u0173 esminius slapukus ir neleisti m\u016bs\u0173 svetainei tinkamai veikti. Galite patirti tam tikr\u0173 nepatogum\u0173 naudodamiesi svetain\u0117s funkcijomis ir paslaugomis. Tur\u0117tum\u0117te \u017einoti, kad blokuodami slapukus savo nar\u0161ykl\u0117je taip pat galite prarasti tam tikr\u0105 i\u0161saugot\u0105 informacij\u0105 (pvz., svetain\u0117s nuostatas). Tod\u0117l rekomenduojama slapuk\u0173 nei\u0161jungti ir neblokuoti.\n\nI\u0161jungus slapuk\u0105 ar slapuk\u0173 kategorij\u0105, slapukas i\u0161 nar\u0161ykl\u0117s nebus i\u0161trintas, tai tur\u0117site padaryti patys i\u0161 savo nar\u0161ykl\u0117s. Jei norite i\u0161trinti slapukus arba priskirti savo interneto nar\u0161yklei i\u0161trinti arba atmesti slapukus, apsilankykite savo interneto nar\u0161ykl\u0117s pagalbos meniu.\n<\/h3>\t\t\t\t<\/div>\n\t\t\t\t<\/div>\n\t\t\t\t<div class=\"elementor-element elementor-element-23cbeb8 elementor-widget elementor-widget-heading\" data-id=\"23cbeb8\" data-element_type=\"widget\" data-e-type=\"widget\" data-widget_type=\"heading.default\">\n\t\t\t\t<div class=\"elementor-widget-container\">\n\t\t\t\t\t<h3 class=\"elementor-heading-title elementor-size-default\">M\u016bs\u0173 slapuk\u0173 politikos pakeitimai<\/h3>\t\t\t\t<\/div>\n\t\t\t\t<\/div>\n\t\t\t\t<div class=\"elementor-element elementor-element-9c2009c elementor-widget elementor-widget-heading\" data-id=\"9c2009c\" data-element_type=\"widget\" data-e-type=\"widget\" data-widget_type=\"heading.default\">\n\t\t\t\t<div class=\"elementor-widget-container\">\n\t\t\t\t\t<h3 class=\"elementor-heading-title elementor-size-small\">Gali prireikti keisti \u0161i\u0105 slapuk\u0173 politik\u0105, kad ji tiksliai atspind\u0117t\u0173 m\u016bs\u0173 paslaugas ir politik\u0105. Rekomenduojame kartkart\u0117mis perskaityti m\u016bs\u0173 slapuk\u0173 politik\u0105, kad b\u016btum\u0117te informuoti apie slapuk\u0173 ir susijusi\u0173 technologij\u0173 naudojim\u0105. Naujausi\u0105 aktuali\u0105 slapuk\u0173 politik\u0105 rasite \u010dia.\n\nJei padarytume pakeitim\u0173, kurie reik\u0161mingai pakeist\u0173 m\u016bs\u0173 slapuk\u0173 politik\u0105, galime pabr\u0117\u017eti pakeitimus savo svetain\u0117je.\n<\/h3>\t\t\t\t<\/div>\n\t\t\t\t<\/div>\n\t\t\t\t<div class=\"elementor-element elementor-element-b89bbbe elementor-widget elementor-widget-heading\" data-id=\"b89bbbe\" data-element_type=\"widget\" data-e-type=\"widget\" data-widget_type=\"heading.default\">\n\t\t\t\t<div class=\"elementor-widget-container\">\n\t\t\t\t\t<h3 class=\"elementor-heading-title elementor-size-default\">J\u016bs\u0173 teis\u0117s \u012f asmens duomenis<\/h3>\t\t\t\t<\/div>\n\t\t\t\t<\/div>\n\t\t\t\t<div class=\"elementor-element elementor-element-e8cb0be elementor-widget elementor-widget-heading\" data-id=\"e8cb0be\" data-element_type=\"widget\" data-e-type=\"widget\" data-widget_type=\"heading.default\">\n\t\t\t\t<div class=\"elementor-widget-container\">\n\t\t\t\t\t<h3 class=\"elementor-heading-title elementor-size-small\">Turite teis\u0119 nuspr\u0119sti, ar priimti slapukus, ar j\u0173 atsisakyti. Toliau naudodamiesi m\u016bs\u0173 svetaine, j\u016bs sutinkate su m\u016bs\u0173 slapuk\u0173 politika ir sutinkate su jos s\u0105lygomis.\n\nJ\u016bs\u0173 asmeniniai duomenys laikomi konfidencialiais. Mes neatskleid\u017eiame, neparduodame ir nenuomojame j\u016bs\u0173 informacijos tre\u010diosioms \u0161alims. J\u016bs\u0173 asmens duomenis gali naudoti tik Oniar O\u00dc darbuotojai, kurie gali naudoti \u0161i\u0105 informacij\u0105 atlikdami savo pareigas.\n\nTurite teis\u0119 patikrinti informacij\u0105 apie save m\u016bs\u0173 registre, teis\u0119 pra\u0161yti i\u0161taisyti neteising\u0105 informacij\u0105, teis\u0119 u\u017edrausti tvarkyti su jumis susijusius asmens duomenis tiesiogin\u0117s rinkodaros tikslais.\n\nJ\u016bs\u0173 pra\u0161ymu i\u0161taisysime, i\u0161trinsime arba papildysime asmens duomenis, kurie gali b\u016bti netiksl\u016bs, nereikalingi, nei\u0161sam\u016bs arba pasen\u0119. Nor\u0117dami pasinaudoti savo teis\u0117mis \u012f savo asmens duomenis arba jei turite klausim\u0173 d\u0117l m\u016bs\u0173 slapuk\u0173 politikos, susisiekite su mumis el. pa\u0161tu: dataprotection@oniar.eu. <\/h3>\t\t\t\t<\/div>\n\t\t\t\t<\/div>\n\t\t\t\t\t<\/div>\n\t\t<\/div>\n\t\t\t\t\t<\/div>\n\t\t<\/section>\n\t\t\t\t<\/div>","protected":false},"excerpt":{"rendered":"<p>Cookie policy Introduction This cookie policy explains what cookies are and how Oniar O\u00dc use them on website www.oniar.eu. This policy will help you understand what type of cookies we use, the information we collect using cookies and how this information is being used. Furthermore, it explains why we use them, as well as your [&hellip;]<\/p>\n","protected":false},"author":2,"featured_media":0,"parent":0,"menu_order":0,"comment_status":"closed","ping_status":"closed","template":"","meta":{"_eb_attr":"","_monsterinsights_skip_tracking":false,"_monsterinsights_sitenote_active":false,"_monsterinsights_sitenote_note":"","_monsterinsights_sitenote_category":0,"site-sidebar-layout":"no-sidebar","site-content-layout":"page-builder","ast-site-content-layout":"full-width-container","site-content-style":"unboxed","site-sidebar-style":"unboxed","ast-global-header-display":"","ast-banner-title-visibility":"","ast-main-header-display":"","ast-hfb-above-header-display":"","ast-hfb-below-header-display":"","ast-hfb-mobile-header-display":"","site-post-title":"disabled","ast-breadcrumbs-content":"","ast-featured-img":"disabled","footer-sml-layout":"","ast-disable-related-posts":"","theme-transparent-header-meta":"enabled","adv-header-id-meta":"","stick-header-meta":"","header-above-stick-meta":"","header-main-stick-meta":"","header-below-stick-meta":"","astra-migrate-meta-layouts":"set","ast-page-background-enabled":"default","ast-page-background-meta":{"desktop":{"background-color":"","background-image":"","background-repeat":"repeat","background-position":"center center","background-size":"auto","background-attachment":"scroll","background-type":"","background-media":"","overlay-type":"","overlay-color":"","overlay-opacity":"","overlay-gradient":""},"tablet":{"background-color":"","background-image":"","background-repeat":"repeat","background-position":"center center","background-size":"auto","background-attachment":"scroll","background-type":"","background-media":"","overlay-type":"","overlay-color":"","overlay-opacity":"","overlay-gradient":""},"mobile":{"background-color":"","background-image":"","background-repeat":"repeat","background-position":"center center","background-size":"auto","background-attachment":"scroll","background-type":"","background-media":"","overlay-type":"","overlay-color":"","overlay-opacity":"","overlay-gradient":""}},"ast-content-background-meta":{"desktop":{"background-color":"var(--ast-global-color-5)","background-image":"","background-repeat":"repeat","background-position":"center center","background-size":"auto","background-attachment":"scroll","background-type":"","background-media":"","overlay-type":"","overlay-color":"","overlay-opacity":"","overlay-gradient":""},"tablet":{"background-color":"var(--ast-global-color-5)","background-image":"","background-repeat":"repeat","background-position":"center center","background-size":"auto","background-attachment":"scroll","background-type":"","background-media":"","overlay-type":"","overlay-color":"","overlay-opacity":"","overlay-gradient":""},"mobile":{"background-color":"var(--ast-global-color-5)","background-image":"","background-repeat":"repeat","background-position":"center center","background-size":"auto","background-attachment":"scroll","background-type":"","background-media":"","overlay-type":"","overlay-color":"","overlay-opacity":"","overlay-gradient":""}},"footnotes":""},"class_list":["post-5974","page","type-page","status-publish","hentry"],"aioseo_notices":[],"_links":{"self":[{"href":"https:\/\/oniar.eu\/lt\/wp-json\/wp\/v2\/pages\/5974","targetHints":{"allow":["GET"]}}],"collection":[{"href":"https:\/\/oniar.eu\/lt\/wp-json\/wp\/v2\/pages"}],"about":[{"href":"https:\/\/oniar.eu\/lt\/wp-json\/wp\/v2\/types\/page"}],"author":[{"embeddable":true,"href":"https:\/\/oniar.eu\/lt\/wp-json\/wp\/v2\/users\/2"}],"replies":[{"embeddable":true,"href":"https:\/\/oniar.eu\/lt\/wp-json\/wp\/v2\/comments?post=5974"}],"version-history":[{"count":26,"href":"https:\/\/oniar.eu\/lt\/wp-json\/wp\/v2\/pages\/5974\/revisions"}],"predecessor-version":[{"id":7776,"href":"https:\/\/oniar.eu\/lt\/wp-json\/wp\/v2\/pages\/5974\/revisions\/7776"}],"wp:attachment":[{"href":"https:\/\/oniar.eu\/lt\/wp-json\/wp\/v2\/media?parent=5974"}],"curies":[{"name":"wp","href":"https:\/\/api.w.org\/{rel}","templated":true}]}}