{"id":5974,"date":"2022-04-28T06:17:59","date_gmt":"2022-04-28T06:17:59","guid":{"rendered":"https:\/\/oniar.eu\/\/?page_id=5974"},"modified":"2024-10-14T14:19:16","modified_gmt":"2024-10-14T14:19:16","slug":"cookie-policy","status":"publish","type":"page","link":"https:\/\/oniar.eu\/it\/cookie-policy\/","title":{"rendered":"Informativa sui cookie"},"content":{"rendered":"<div data-elementor-type=\"wp-post\" data-elementor-id=\"5974\" class=\"elementor elementor-5974\">\n\t\t\t\t\t\t<section class=\"elementor-section elementor-top-section elementor-element elementor-element-d5cb96b elementor-section-full_width elementor-section-height-min-height elementor-section-stretched elementor-section-height-default elementor-section-items-middle\" data-id=\"d5cb96b\" data-element_type=\"section\" data-e-type=\"section\" data-settings=\"{&quot;stretch_section&quot;:&quot;section-stretched&quot;,&quot;background_background&quot;:&quot;classic&quot;}\">\n\t\t\t\t\t\t<div class=\"elementor-container elementor-column-gap-default\">\n\t\t\t\t\t<div class=\"elementor-column elementor-col-100 elementor-top-column elementor-element elementor-element-b877cb7\" data-id=\"b877cb7\" data-element_type=\"column\" data-e-type=\"column\">\n\t\t\t<div class=\"elementor-widget-wrap elementor-element-populated\">\n\t\t\t\t\t\t<div class=\"elementor-element elementor-element-978fc1f elementor-widget elementor-widget-heading\" data-id=\"978fc1f\" data-element_type=\"widget\" data-e-type=\"widget\" data-widget_type=\"heading.default\">\n\t\t\t\t<div class=\"elementor-widget-container\">\n\t\t\t\t\t<h1 class=\"elementor-heading-title elementor-size-default\">Informativa sui cookie<\/h1>\t\t\t\t<\/div>\n\t\t\t\t<\/div>\n\t\t\t\t\t<\/div>\n\t\t<\/div>\n\t\t\t\t\t<\/div>\n\t\t<\/section>\n\t\t\t\t<section class=\"elementor-section elementor-top-section elementor-element elementor-element-54dfedde elementor-section-boxed elementor-section-height-default elementor-section-height-default\" data-id=\"54dfedde\" data-element_type=\"section\" data-e-type=\"section\" data-settings=\"{&quot;background_background&quot;:&quot;classic&quot;}\">\n\t\t\t\t\t\t<div class=\"elementor-container elementor-column-gap-default\">\n\t\t\t\t\t<div class=\"elementor-column elementor-col-100 elementor-top-column elementor-element elementor-element-3b5232b7\" data-id=\"3b5232b7\" data-element_type=\"column\" data-e-type=\"column\">\n\t\t\t<div class=\"elementor-widget-wrap elementor-element-populated\">\n\t\t\t\t\t\t<div class=\"elementor-element elementor-element-e4915ba elementor-widget elementor-widget-heading\" data-id=\"e4915ba\" data-element_type=\"widget\" data-e-type=\"widget\" data-widget_type=\"heading.default\">\n\t\t\t\t<div class=\"elementor-widget-container\">\n\t\t\t\t\t<h3 class=\"elementor-heading-title elementor-size-default\">Introduzione\n\n<\/h3>\t\t\t\t<\/div>\n\t\t\t\t<\/div>\n\t\t\t\t<div class=\"elementor-element elementor-element-5dba8f1 elementor-widget elementor-widget-heading\" data-id=\"5dba8f1\" data-element_type=\"widget\" data-e-type=\"widget\" data-widget_type=\"heading.default\">\n\t\t\t\t<div class=\"elementor-widget-container\">\n\t\t\t\t\t<h3 class=\"elementor-heading-title elementor-size-small\">Questa politica sui cookie spiega cosa sono i cookie e come Oniar O\u00dc li utilizza sul sito web www.oniar.eu. Questa politica vi aiuter\u00e0 a capire che tipo di cookie utilizziamo, le informazioni che raccogliamo utilizzando i cookie e come queste informazioni vengono utilizzate. Inoltre, spiega perch\u00e9 li utilizziamo, nonch\u00e9 i vostri diritti di controllare l'uso che ne facciamo.\n\nTrattiamo i dati personali in conformit\u00e0 alle leggi vigenti in materia di protezione dei dati personali, compreso il Regolamento del Parlamento europeo e del Consiglio (UE) 2016\/679 (\"GDPR\").\n\nNon memorizziamo informazioni personali sensibili, come indirizzi postali, password di account, ecc. nei cookie che utilizziamo. Per ulteriori informazioni su come utilizziamo, memorizziamo e manteniamo sicuri i vostri dati personali, consultate la nostra Informativa sulla privacy. \n<\/h3>\t\t\t\t<\/div>\n\t\t\t\t<\/div>\n\t\t\t\t<div class=\"elementor-element elementor-element-f164035 elementor-widget elementor-widget-heading\" data-id=\"f164035\" data-element_type=\"widget\" data-e-type=\"widget\" data-widget_type=\"heading.default\">\n\t\t\t\t<div class=\"elementor-widget-container\">\n\t\t\t\t\t<h3 class=\"elementor-heading-title elementor-size-default\">Che cos'\u00e8 un biscotto?<\/h3>\t\t\t\t<\/div>\n\t\t\t\t<\/div>\n\t\t\t\t<div class=\"elementor-element elementor-element-fd95a4d elementor-widget elementor-widget-heading\" data-id=\"fd95a4d\" data-element_type=\"widget\" data-e-type=\"widget\" data-widget_type=\"heading.default\">\n\t\t\t\t<div class=\"elementor-widget-container\">\n\t\t\t\t\t<h3 class=\"elementor-heading-title elementor-size-small\">Un cookie \u00e8 un piccolo file di testo che viene memorizzato sul vostro computer o su un altro dispositivo collegato a Internet per identificare il vostro browser, fornire analisi, ricordare informazioni su di voi come le vostre preferenze linguistiche o le informazioni di login. Sono completamente sicuri e non possono essere utilizzati per eseguire programmi o trasmettere virus al vostro dispositivo.\n\nQuando si visita un sito web o si utilizza un'applicazione mobile, un computer chiede al computer o al dispositivo mobile l'autorizzazione a salvare questo file sul computer o sul dispositivo mobile e ad accedere alle informazioni.<\/h3>\t\t\t\t<\/div>\n\t\t\t\t<\/div>\n\t\t\t\t<div class=\"elementor-element elementor-element-7d66723 elementor-widget elementor-widget-heading\" data-id=\"7d66723\" data-element_type=\"widget\" data-e-type=\"widget\" data-widget_type=\"heading.default\">\n\t\t\t\t<div class=\"elementor-widget-container\">\n\t\t\t\t\t<h3 class=\"elementor-heading-title elementor-size-default\">Perch\u00e9 utilizziamo i cookie?<\/h3>\t\t\t\t<\/div>\n\t\t\t\t<\/div>\n\t\t\t\t<div class=\"elementor-element elementor-element-2885e18 elementor-widget elementor-widget-heading\" data-id=\"2885e18\" data-element_type=\"widget\" data-e-type=\"widget\" data-widget_type=\"heading.default\">\n\t\t\t\t<div class=\"elementor-widget-container\">\n\t\t\t\t\t<h3 class=\"elementor-heading-title elementor-size-small\">Sul nostro sito web utilizziamo cookie di prima parte e\/o di terze parti.\nI cookie di prima parte sono inseriti dal sito web che state visitando. Solo il dominio ospitante pu\u00f2 recuperare e leggere il contenuto di questi cookie. I cookie di terze parti abilitano caratteristiche o funzionalit\u00e0 di terze parti sul nostro sito web.\n\nUtilizziamo i cookie per gli scopi :\n\n1. Semplificare il funzionamento e la funzionalit\u00e0 del nostro sito web;\n2. Migliorare la vostra esperienza rendendo la navigazione sul nostro sito web pi\u00f9 semplice e veloce;\n3. Permetterci di capire cosa \u00e8 utile o di interesse per voi.\n4. Per analizzare come viene utilizzato il nostro sito web e come possiamo renderlo pi\u00f9 efficiente.\n<\/h3>\t\t\t\t<\/div>\n\t\t\t\t<\/div>\n\t\t\t\t<div class=\"elementor-element elementor-element-de22a88 elementor-widget elementor-widget-heading\" data-id=\"de22a88\" data-element_type=\"widget\" data-e-type=\"widget\" data-widget_type=\"heading.default\">\n\t\t\t\t<div class=\"elementor-widget-container\">\n\t\t\t\t\t<h3 class=\"elementor-heading-title elementor-size-default\">Che tipo di cookie utilizziamo?<\/h3>\t\t\t\t<\/div>\n\t\t\t\t<\/div>\n\t\t\t\t<div class=\"elementor-element elementor-element-d103921 elementor-widget elementor-widget-heading\" data-id=\"d103921\" data-element_type=\"widget\" data-e-type=\"widget\" data-widget_type=\"heading.default\">\n\t\t\t\t<div class=\"elementor-widget-container\">\n\t\t\t\t\t<h3 class=\"elementor-heading-title elementor-size-small\">I cookie possono essere di sessione o persistenti. I cookie di sessione vengono eliminati automaticamente alla chiusura del browser. I cookie persistenti hanno una data di scadenza e rimarranno tali fino al raggiungimento di tale data o alla cancellazione dei cookie da parte dell'utente. Le date di scadenza sono impostate nei cookie stessi; alcuni possono scadere dopo pochi minuti, mentre altri possono scadere dopo diversi anni.\n\nNel nostro sito web utilizziamo i seguenti tipi di cookie.\n<\/h3>\t\t\t\t<\/div>\n\t\t\t\t<\/div>\n\t\t\t\t<div class=\"elementor-element elementor-element-9f516ca elementor-widget elementor-widget-heading\" data-id=\"9f516ca\" data-element_type=\"widget\" data-e-type=\"widget\" data-widget_type=\"heading.default\">\n\t\t\t\t<div class=\"elementor-widget-container\">\n\t\t\t\t\t<h3 class=\"elementor-heading-title elementor-size-default\">Cookie strettamente necessari ed essenziali<\/h3>\t\t\t\t<\/div>\n\t\t\t\t<\/div>\n\t\t\t\t<div class=\"elementor-element elementor-element-acf9116 elementor-widget elementor-widget-heading\" data-id=\"acf9116\" data-element_type=\"widget\" data-e-type=\"widget\" data-widget_type=\"heading.default\">\n\t\t\t\t<div class=\"elementor-widget-container\">\n\t\t\t\t\t<h3 class=\"elementor-heading-title elementor-size-small\">Questi cookie sono essenziali per far funzionare il nostro sito web e garantirne la corretta funzionalit\u00e0. Consentono funzioni di base come la gestione della rete, le preferenze dei cookie e l'accessibilit\u00e0. Questi cookie consentono di navigare all'interno del sito web e di utilizzarne le funzionalit\u00e0.  \u00c8 possibile disabilitarli modificando le impostazioni del browser, ma ci\u00f2 potrebbe influire sul funzionamento del sito e non possiamo garantire il funzionamento tecnico e l'utilizzo del sito.<\/h3>\t\t\t\t<\/div>\n\t\t\t\t<\/div>\n\t\t\t\t<div class=\"elementor-element elementor-element-974ef26 elementor-widget elementor-widget-heading\" data-id=\"974ef26\" data-element_type=\"widget\" data-e-type=\"widget\" data-widget_type=\"heading.default\">\n\t\t\t\t<div class=\"elementor-widget-container\">\n\t\t\t\t\t<h3 class=\"elementor-heading-title elementor-size-default\">Cookie di prestazione e funzionalit\u00e0 <\/h3>\t\t\t\t<\/div>\n\t\t\t\t<\/div>\n\t\t\t\t<div class=\"elementor-element elementor-element-4d68d2d elementor-widget elementor-widget-heading\" data-id=\"4d68d2d\" data-element_type=\"widget\" data-e-type=\"widget\" data-widget_type=\"heading.default\">\n\t\t\t\t<div class=\"elementor-widget-container\">\n\t\t\t\t\t<h3 class=\"elementor-heading-title elementor-size-small\">Questi cookie non sono essenziali, ma vengono utilizzati per migliorare le prestazioni e le funzionalit\u00e0 del nostro sito web. Senza questi cookie, alcune funzionalit\u00e0 come i video potrebbero non essere disponibili o ogni volta che visitate il sito, non saremmo in grado di ricordare le vostre scelte individuali (come la lingua o la regione). <\/h3>\t\t\t\t<\/div>\n\t\t\t\t<\/div>\n\t\t\t\t<div class=\"elementor-element elementor-element-018c9a3 elementor-widget elementor-widget-heading\" data-id=\"018c9a3\" data-element_type=\"widget\" data-e-type=\"widget\" data-widget_type=\"heading.default\">\n\t\t\t\t<div class=\"elementor-widget-container\">\n\t\t\t\t\t<h3 class=\"elementor-heading-title elementor-size-default\">Cookie di analisi e personalizzazione<\/h3>\t\t\t\t<\/div>\n\t\t\t\t<\/div>\n\t\t\t\t<div class=\"elementor-element elementor-element-bd5d329 elementor-widget elementor-widget-heading\" data-id=\"bd5d329\" data-element_type=\"widget\" data-e-type=\"widget\" data-widget_type=\"heading.default\">\n\t\t\t\t<div class=\"elementor-widget-container\">\n\t\t\t\t\t<h3 class=\"elementor-heading-title elementor-size-small\">Questi cookie raccolgono informazioni che vengono utilizzate per aiutarci a capire come viene utilizzato il nostro sito web o per aiutarci a personalizzare il nostro sito web per voi. Utilizziamo le informazioni statistiche sull'uso del nostro sito web per le prestazioni e l'ottimizzazione del sito stesso.\n\nUtilizziamo i cookie di Google Analytics per raccogliere dati limitati direttamente dai browser degli utenti finali, al fine di comprendere meglio l'utilizzo del nostro sito web. Questi cookie possono tracciare elementi quali il tempo trascorso sul sito e le pagine visitate.  Per ulteriori informazioni su come Google raccoglie e utilizza questi dati, consultare il sito: https:\/\/policies.google.com\/technologies\/partner-sites. \u00c8 possibile rinunciare a tutte le analisi supportate da Google sui nostri siti web visitando: https:\/\/tools.google.com\/dlpage\/gaoptout. \n<\/h3>\t\t\t\t<\/div>\n\t\t\t\t<\/div>\n\t\t\t\t<div class=\"elementor-element elementor-element-a8e8e2b elementor-widget elementor-widget-heading\" data-id=\"a8e8e2b\" data-element_type=\"widget\" data-e-type=\"widget\" data-widget_type=\"heading.default\">\n\t\t\t\t<div class=\"elementor-widget-container\">\n\t\t\t\t\t<h3 class=\"elementor-heading-title elementor-size-default\">Cookie di terze parti<\/h3>\t\t\t\t<\/div>\n\t\t\t\t<\/div>\n\t\t\t\t<div class=\"elementor-element elementor-element-261a06e elementor-widget elementor-widget-heading\" data-id=\"261a06e\" data-element_type=\"widget\" data-e-type=\"widget\" data-widget_type=\"heading.default\">\n\t\t\t\t<div class=\"elementor-widget-container\">\n\t\t\t\t\t<h3 class=\"elementor-heading-title elementor-size-small\">Alcuni cookie impostati sul nostro sito web non sono di prima parte. Il sito web pu\u00f2 contenere contenuti di terzi a scopo pubblicitario attraverso il nostro sito web. Questi fornitori di servizi terzi possono impostare i propri cookie sul vostro browser web. I fornitori di servizi di terze parti controllano molti dei cookie di prestazione e funzionalit\u00e0, pubblicit\u00e0, marketing e analisi descritti sopra. I cookie di terze parti possono utilizzare le informazioni relative alle vostre visite a questo e ad altri siti web al fine di fornire pubblicit\u00e0 pertinenti su beni e servizi che potrebbero interessarvi. I dati raccolti da questi cookie non sono sotto il nostro controllo, poich\u00e9 l'uso di questi cookie di terze parti \u00e8 accessibile solo alla terza parte che li ha originariamente impostati. \n<\/h3>\t\t\t\t<\/div>\n\t\t\t\t<\/div>\n\t\t\t\t<div class=\"elementor-element elementor-element-b51feb4 elementor-widget elementor-widget-heading\" data-id=\"b51feb4\" data-element_type=\"widget\" data-e-type=\"widget\" data-widget_type=\"heading.default\">\n\t\t\t\t<div class=\"elementor-widget-container\">\n\t\t\t\t\t<h3 class=\"elementor-heading-title elementor-size-default\">Come si possono gestire i cookie?<\/h3>\t\t\t\t<\/div>\n\t\t\t\t<\/div>\n\t\t\t\t<div class=\"elementor-element elementor-element-2c7865f elementor-widget elementor-widget-heading\" data-id=\"2c7865f\" data-element_type=\"widget\" data-e-type=\"widget\" data-widget_type=\"heading.default\">\n\t\t\t\t<div class=\"elementor-widget-container\">\n\t\t\t\t\t<h3 class=\"elementor-heading-title elementor-size-small\">La maggior parte dei browser consente di controllare i cookie attraverso le preferenze \"impostazioni\". \u00c8 possibile modificare le impostazioni del browser per gestire in che misura consentire l'uso dei cookie e il targeting della pubblicit\u00e0. Tuttavia, se si limita la capacit\u00e0 dei siti web di impostare i cookie, si rischia di peggiorare l'esperienza complessiva dell'utente, poich\u00e9 non sar\u00e0 pi\u00f9 personalizzata.\n\nSe si desidera configurare le impostazioni in base alle proprie preferenze, consultare il menu di aiuto del produttore del browser per ulteriori informazioni.\n\n<\/h3>\t\t\t\t<\/div>\n\t\t\t\t<\/div>\n\t\t\t\t<div class=\"elementor-element elementor-element-9710fb8 elementor-widget elementor-widget-heading\" data-id=\"9710fb8\" data-element_type=\"widget\" data-e-type=\"widget\" data-widget_type=\"heading.default\">\n\t\t\t\t<div class=\"elementor-widget-container\">\n\t\t\t\t\t<h3 class=\"elementor-heading-title elementor-size-default\">Bloccare e disabilitare i cookie e tecnologie simili<\/h3>\t\t\t\t<\/div>\n\t\t\t\t<\/div>\n\t\t\t\t<div class=\"elementor-element elementor-element-817ac0b elementor-widget elementor-widget-heading\" data-id=\"817ac0b\" data-element_type=\"widget\" data-e-type=\"widget\" data-widget_type=\"heading.default\">\n\t\t\t\t<div class=\"elementor-widget-container\">\n\t\t\t\t\t<h3 class=\"elementor-heading-title elementor-size-small\">L'utente pu\u00f2 impostare il proprio browser in modo da bloccare i cookie e tecnologie simili, ma ci\u00f2 potrebbe bloccare anche i nostri cookie essenziali e impedire il corretto funzionamento del nostro sito web. Potreste subire alcuni inconvenienti nell'utilizzo delle funzionalit\u00e0 e dei servizi del sito web. L'utente deve essere consapevole che potrebbe anche perdere alcune informazioni salvate (ad esempio le preferenze del sito) se blocca i cookie sul proprio browser. Si raccomanda pertanto di non disabilitare o bloccare i cookie.\n\nLa disabilitazione di un cookie o di una categoria di cookie non elimina il cookie dal browser, ma \u00e8 necessario che l'utente lo faccia da solo all'interno del browser. Se si desidera eliminare i cookie o assegnare al proprio browser web la possibilit\u00e0 di eliminare o rifiutare i cookie, visitare il menu di aiuto del proprio browser web.\n<\/h3>\t\t\t\t<\/div>\n\t\t\t\t<\/div>\n\t\t\t\t<div class=\"elementor-element elementor-element-23cbeb8 elementor-widget elementor-widget-heading\" data-id=\"23cbeb8\" data-element_type=\"widget\" data-e-type=\"widget\" data-widget_type=\"heading.default\">\n\t\t\t\t<div class=\"elementor-widget-container\">\n\t\t\t\t\t<h3 class=\"elementor-heading-title elementor-size-default\">Modifiche alla nostra politica sui cookie<\/h3>\t\t\t\t<\/div>\n\t\t\t\t<\/div>\n\t\t\t\t<div class=\"elementor-element elementor-element-9c2009c elementor-widget elementor-widget-heading\" data-id=\"9c2009c\" data-element_type=\"widget\" data-e-type=\"widget\" data-widget_type=\"heading.default\">\n\t\t\t\t<div class=\"elementor-widget-container\">\n\t\t\t\t\t<h3 class=\"elementor-heading-title elementor-size-small\">Potrebbe essere necessario apportare modifiche alla presente informativa sui cookie in modo che rifletta accuratamente il nostro servizio e le nostre politiche. Si consiglia di rivedere la nostra politica sui cookie di tanto in tanto per rimanere informati sul nostro utilizzo dei cookie e delle tecnologie correlate. L'ultima informativa sui cookie \u00e8 disponibile qui.\n\nNel caso in cui dovessimo apportare delle modifiche che rivedano in modo significativo la nostra politica sui cookie, potremmo evidenziare le modifiche sul nostro sito web.\n<\/h3>\t\t\t\t<\/div>\n\t\t\t\t<\/div>\n\t\t\t\t<div class=\"elementor-element elementor-element-b89bbbe elementor-widget elementor-widget-heading\" data-id=\"b89bbbe\" data-element_type=\"widget\" data-e-type=\"widget\" data-widget_type=\"heading.default\">\n\t\t\t\t<div class=\"elementor-widget-container\">\n\t\t\t\t\t<h3 class=\"elementor-heading-title elementor-size-default\">I vostri diritti sui vostri dati personali<\/h3>\t\t\t\t<\/div>\n\t\t\t\t<\/div>\n\t\t\t\t<div class=\"elementor-element elementor-element-e8cb0be elementor-widget elementor-widget-heading\" data-id=\"e8cb0be\" data-element_type=\"widget\" data-e-type=\"widget\" data-widget_type=\"heading.default\">\n\t\t\t\t<div class=\"elementor-widget-container\">\n\t\t\t\t\t<h3 class=\"elementor-heading-title elementor-size-small\">L'utente ha il diritto di decidere se accettare o rifiutare i cookie. Continuando a utilizzare il nostro sito web, acconsentite alla nostra politica sui cookie e ne accettate i termini.\n\nI vostri dati personali sono mantenuti riservati. Non riveliamo, vendiamo o affittiamo le vostre informazioni a terzi. I vostri dati personali sono riservati ai dipendenti di Oniar O\u00dc che possono utilizzarli nell'ambito delle loro mansioni.\n\nAvete il diritto di verificare le informazioni che vi riguardano nel nostro registro, il diritto di chiedere la correzione di informazioni errate, il diritto di vietare il trattamento dei dati personali che vi riguardano per il marketing diretto.\n\nSu vostra richiesta, correggeremo, cancelleremo o integreremo le informazioni personali che potrebbero essere inaccurate, inutili, incomplete o non aggiornate. Per esercitare i diritti sui vostri dati personali o per qualsiasi domanda relativa alla nostra Politica sui cookie, contattateci via e-mail: dataprotection@oniar.eu. <\/h3>\t\t\t\t<\/div>\n\t\t\t\t<\/div>\n\t\t\t\t\t<\/div>\n\t\t<\/div>\n\t\t\t\t\t<\/div>\n\t\t<\/section>\n\t\t\t\t<\/div>","protected":false},"excerpt":{"rendered":"<p>Cookie policy Introduction This cookie policy explains what cookies are and how Oniar O\u00dc use them on website www.oniar.eu. This policy will help you understand what type of cookies we use, the information we collect using cookies and how this information is being used. Furthermore, it explains why we use them, as well as your [&hellip;]<\/p>\n","protected":false},"author":2,"featured_media":0,"parent":0,"menu_order":0,"comment_status":"closed","ping_status":"closed","template":"","meta":{"_eb_attr":"","_monsterinsights_skip_tracking":false,"_monsterinsights_sitenote_active":false,"_monsterinsights_sitenote_note":"","_monsterinsights_sitenote_category":0,"site-sidebar-layout":"no-sidebar","site-content-layout":"page-builder","ast-site-content-layout":"full-width-container","site-content-style":"unboxed","site-sidebar-style":"unboxed","ast-global-header-display":"","ast-banner-title-visibility":"","ast-main-header-display":"","ast-hfb-above-header-display":"","ast-hfb-below-header-display":"","ast-hfb-mobile-header-display":"","site-post-title":"disabled","ast-breadcrumbs-content":"","ast-featured-img":"disabled","footer-sml-layout":"","ast-disable-related-posts":"","theme-transparent-header-meta":"enabled","adv-header-id-meta":"","stick-header-meta":"","header-above-stick-meta":"","header-main-stick-meta":"","header-below-stick-meta":"","astra-migrate-meta-layouts":"set","ast-page-background-enabled":"default","ast-page-background-meta":{"desktop":{"background-color":"","background-image":"","background-repeat":"repeat","background-position":"center center","background-size":"auto","background-attachment":"scroll","background-type":"","background-media":"","overlay-type":"","overlay-color":"","overlay-opacity":"","overlay-gradient":""},"tablet":{"background-color":"","background-image":"","background-repeat":"repeat","background-position":"center center","background-size":"auto","background-attachment":"scroll","background-type":"","background-media":"","overlay-type":"","overlay-color":"","overlay-opacity":"","overlay-gradient":""},"mobile":{"background-color":"","background-image":"","background-repeat":"repeat","background-position":"center center","background-size":"auto","background-attachment":"scroll","background-type":"","background-media":"","overlay-type":"","overlay-color":"","overlay-opacity":"","overlay-gradient":""}},"ast-content-background-meta":{"desktop":{"background-color":"var(--ast-global-color-5)","background-image":"","background-repeat":"repeat","background-position":"center center","background-size":"auto","background-attachment":"scroll","background-type":"","background-media":"","overlay-type":"","overlay-color":"","overlay-opacity":"","overlay-gradient":""},"tablet":{"background-color":"var(--ast-global-color-5)","background-image":"","background-repeat":"repeat","background-position":"center center","background-size":"auto","background-attachment":"scroll","background-type":"","background-media":"","overlay-type":"","overlay-color":"","overlay-opacity":"","overlay-gradient":""},"mobile":{"background-color":"var(--ast-global-color-5)","background-image":"","background-repeat":"repeat","background-position":"center center","background-size":"auto","background-attachment":"scroll","background-type":"","background-media":"","overlay-type":"","overlay-color":"","overlay-opacity":"","overlay-gradient":""}},"footnotes":""},"class_list":["post-5974","page","type-page","status-publish","hentry"],"aioseo_notices":[],"_links":{"self":[{"href":"https:\/\/oniar.eu\/it\/wp-json\/wp\/v2\/pages\/5974","targetHints":{"allow":["GET"]}}],"collection":[{"href":"https:\/\/oniar.eu\/it\/wp-json\/wp\/v2\/pages"}],"about":[{"href":"https:\/\/oniar.eu\/it\/wp-json\/wp\/v2\/types\/page"}],"author":[{"embeddable":true,"href":"https:\/\/oniar.eu\/it\/wp-json\/wp\/v2\/users\/2"}],"replies":[{"embeddable":true,"href":"https:\/\/oniar.eu\/it\/wp-json\/wp\/v2\/comments?post=5974"}],"version-history":[{"count":26,"href":"https:\/\/oniar.eu\/it\/wp-json\/wp\/v2\/pages\/5974\/revisions"}],"predecessor-version":[{"id":7776,"href":"https:\/\/oniar.eu\/it\/wp-json\/wp\/v2\/pages\/5974\/revisions\/7776"}],"wp:attachment":[{"href":"https:\/\/oniar.eu\/it\/wp-json\/wp\/v2\/media?parent=5974"}],"curies":[{"name":"wp","href":"https:\/\/api.w.org\/{rel}","templated":true}]}}