{"id":5974,"date":"2022-04-28T06:17:59","date_gmt":"2022-04-28T06:17:59","guid":{"rendered":"https:\/\/oniar.eu\/\/?page_id=5974"},"modified":"2024-10-14T14:19:16","modified_gmt":"2024-10-14T14:19:16","slug":"cookie-policy","status":"publish","type":"page","link":"https:\/\/oniar.eu\/fr\/cookie-policy\/","title":{"rendered":"Politique en mati\u00e8re de cookies"},"content":{"rendered":"<div data-elementor-type=\"wp-post\" data-elementor-id=\"5974\" class=\"elementor elementor-5974\">\n\t\t\t\t\t\t<section class=\"elementor-section elementor-top-section elementor-element elementor-element-d5cb96b elementor-section-full_width elementor-section-height-min-height elementor-section-stretched elementor-section-height-default elementor-section-items-middle\" data-id=\"d5cb96b\" data-element_type=\"section\" data-e-type=\"section\" data-settings=\"{&quot;stretch_section&quot;:&quot;section-stretched&quot;,&quot;background_background&quot;:&quot;classic&quot;}\">\n\t\t\t\t\t\t<div class=\"elementor-container elementor-column-gap-default\">\n\t\t\t\t\t<div class=\"elementor-column elementor-col-100 elementor-top-column elementor-element elementor-element-b877cb7\" data-id=\"b877cb7\" data-element_type=\"column\" data-e-type=\"column\">\n\t\t\t<div class=\"elementor-widget-wrap elementor-element-populated\">\n\t\t\t\t\t\t<div class=\"elementor-element elementor-element-978fc1f elementor-widget elementor-widget-heading\" data-id=\"978fc1f\" data-element_type=\"widget\" data-e-type=\"widget\" data-widget_type=\"heading.default\">\n\t\t\t\t<div class=\"elementor-widget-container\">\n\t\t\t\t\t<h1 class=\"elementor-heading-title elementor-size-default\">Politique en mati\u00e8re de cookies<\/h1>\t\t\t\t<\/div>\n\t\t\t\t<\/div>\n\t\t\t\t\t<\/div>\n\t\t<\/div>\n\t\t\t\t\t<\/div>\n\t\t<\/section>\n\t\t\t\t<section class=\"elementor-section elementor-top-section elementor-element elementor-element-54dfedde elementor-section-boxed elementor-section-height-default elementor-section-height-default\" data-id=\"54dfedde\" data-element_type=\"section\" data-e-type=\"section\" data-settings=\"{&quot;background_background&quot;:&quot;classic&quot;}\">\n\t\t\t\t\t\t<div class=\"elementor-container elementor-column-gap-default\">\n\t\t\t\t\t<div class=\"elementor-column elementor-col-100 elementor-top-column elementor-element elementor-element-3b5232b7\" data-id=\"3b5232b7\" data-element_type=\"column\" data-e-type=\"column\">\n\t\t\t<div class=\"elementor-widget-wrap elementor-element-populated\">\n\t\t\t\t\t\t<div class=\"elementor-element elementor-element-e4915ba elementor-widget elementor-widget-heading\" data-id=\"e4915ba\" data-element_type=\"widget\" data-e-type=\"widget\" data-widget_type=\"heading.default\">\n\t\t\t\t<div class=\"elementor-widget-container\">\n\t\t\t\t\t<h3 class=\"elementor-heading-title elementor-size-default\">Introduction\n\n<\/h3>\t\t\t\t<\/div>\n\t\t\t\t<\/div>\n\t\t\t\t<div class=\"elementor-element elementor-element-5dba8f1 elementor-widget elementor-widget-heading\" data-id=\"5dba8f1\" data-element_type=\"widget\" data-e-type=\"widget\" data-widget_type=\"heading.default\">\n\t\t\t\t<div class=\"elementor-widget-container\">\n\t\t\t\t\t<h3 class=\"elementor-heading-title elementor-size-small\">Cette politique en mati\u00e8re de cookies explique ce que sont les cookies et comment Oniar O\u00dc les utilise sur le site web www.oniar.eu. Cette politique vous aidera \u00e0 comprendre quel type de cookies nous utilisons, les informations que nous recueillons \u00e0 l'aide de ces cookies et comment ces informations sont utilis\u00e9es. En outre, elle explique pourquoi nous les utilisons, ainsi que vos droits de contr\u00f4ler notre utilisation de ces cookies.\n\nNous traitons les donn\u00e9es personnelles conform\u00e9ment aux lois applicables en mati\u00e8re de protection des donn\u00e9es personnelles, y compris le r\u00e8glement du Parlement europ\u00e9en et du Conseil (UE) 2016\/679 (\"GDPR\").\n\nNous ne stockons pas d'informations personnelles sensibles, telles que des adresses postales, des mots de passe de compte, etc. dans les cookies que nous utilisons. Pour plus d'informations sur la mani\u00e8re dont nous utilisons, stockons et s\u00e9curisons vos donn\u00e9es personnelles, consultez notre Politique de confidentialit\u00e9. \n<\/h3>\t\t\t\t<\/div>\n\t\t\t\t<\/div>\n\t\t\t\t<div class=\"elementor-element elementor-element-f164035 elementor-widget elementor-widget-heading\" data-id=\"f164035\" data-element_type=\"widget\" data-e-type=\"widget\" data-widget_type=\"heading.default\">\n\t\t\t\t<div class=\"elementor-widget-container\">\n\t\t\t\t\t<h3 class=\"elementor-heading-title elementor-size-default\">Qu'est-ce qu'un cookie ?<\/h3>\t\t\t\t<\/div>\n\t\t\t\t<\/div>\n\t\t\t\t<div class=\"elementor-element elementor-element-fd95a4d elementor-widget elementor-widget-heading\" data-id=\"fd95a4d\" data-element_type=\"widget\" data-e-type=\"widget\" data-widget_type=\"heading.default\">\n\t\t\t\t<div class=\"elementor-widget-container\">\n\t\t\t\t\t<h3 class=\"elementor-heading-title elementor-size-small\">Un cookie est un petit fichier texte qui est stock\u00e9 sur votre ordinateur ou sur un autre appareil connect\u00e9 \u00e0 Internet afin d'identifier votre navigateur, de fournir des analyses, de m\u00e9moriser des informations vous concernant telles que vos pr\u00e9f\u00e9rences linguistiques ou vos informations de connexion. Ils sont totalement s\u00fbrs et ne peuvent pas \u00eatre utilis\u00e9s pour ex\u00e9cuter des programmes ou transmettre des virus \u00e0 votre appareil.\n\nLorsque vous visitez un site web ou utilisez une application mobile, un ordinateur demande \u00e0 votre ordinateur ou \u00e0 votre appareil mobile l'autorisation d'enregistrer ce fichier sur votre ordinateur ou votre appareil mobile et d'acc\u00e9der aux informations.<\/h3>\t\t\t\t<\/div>\n\t\t\t\t<\/div>\n\t\t\t\t<div class=\"elementor-element elementor-element-7d66723 elementor-widget elementor-widget-heading\" data-id=\"7d66723\" data-element_type=\"widget\" data-e-type=\"widget\" data-widget_type=\"heading.default\">\n\t\t\t\t<div class=\"elementor-widget-container\">\n\t\t\t\t\t<h3 class=\"elementor-heading-title elementor-size-default\">Pourquoi utilisons-nous des cookies ?<\/h3>\t\t\t\t<\/div>\n\t\t\t\t<\/div>\n\t\t\t\t<div class=\"elementor-element elementor-element-2885e18 elementor-widget elementor-widget-heading\" data-id=\"2885e18\" data-element_type=\"widget\" data-e-type=\"widget\" data-widget_type=\"heading.default\">\n\t\t\t\t<div class=\"elementor-widget-container\">\n\t\t\t\t\t<h3 class=\"elementor-heading-title elementor-size-small\">Nous utilisons des cookies de premi\u00e8re partie et\/ou de tierce partie sur notre site web.\nLes cookies de premi\u00e8re partie sont plac\u00e9s par le site web que vous visitez. Seul le domaine h\u00f4te peut r\u00e9cup\u00e9rer et lire le contenu de ces cookies. Les cookies de tierce partie permettent d'activer des caract\u00e9ristiques ou des fonctionnalit\u00e9s de tierce partie sur notre site web.\n\nNous utilisons les cookies aux fins suivantes :\n\n1. Simplifier le fonctionnement et la fonctionnalit\u00e9 de notre site web ;\n2. Am\u00e9liorer votre exp\u00e9rience en rendant la navigation sur notre site web plus rapide et plus facile ;\n3. Pour nous permettre de comprendre ce qui est utile ou int\u00e9ressant pour vous.\n4. Analyser comment notre site web est utilis\u00e9 et comment nous pouvons le rendre plus efficace.\n<\/h3>\t\t\t\t<\/div>\n\t\t\t\t<\/div>\n\t\t\t\t<div class=\"elementor-element elementor-element-de22a88 elementor-widget elementor-widget-heading\" data-id=\"de22a88\" data-element_type=\"widget\" data-e-type=\"widget\" data-widget_type=\"heading.default\">\n\t\t\t\t<div class=\"elementor-widget-container\">\n\t\t\t\t\t<h3 class=\"elementor-heading-title elementor-size-default\">Quel type de cookies utilisons-nous ?<\/h3>\t\t\t\t<\/div>\n\t\t\t\t<\/div>\n\t\t\t\t<div class=\"elementor-element elementor-element-d103921 elementor-widget elementor-widget-heading\" data-id=\"d103921\" data-element_type=\"widget\" data-e-type=\"widget\" data-widget_type=\"heading.default\">\n\t\t\t\t<div class=\"elementor-widget-container\">\n\t\t\t\t\t<h3 class=\"elementor-heading-title elementor-size-small\">Les cookies peuvent \u00eatre des cookies de session ou des cookies persistants. Les cookies de session sont automatiquement supprim\u00e9s lorsque vous fermez le navigateur. Les cookies persistants ont une date d'expiration et restent en place jusqu'\u00e0 ce que cette date soit atteinte ou que vous supprimiez vos cookies. Les dates d'expiration sont d\u00e9finies dans les cookies eux-m\u00eames ; certains peuvent expirer apr\u00e8s quelques minutes tandis que d'autres peuvent expirer apr\u00e8s plusieurs ann\u00e9es.\n\nNous utilisons les types de cookies suivants sur notre site web.\n<\/h3>\t\t\t\t<\/div>\n\t\t\t\t<\/div>\n\t\t\t\t<div class=\"elementor-element elementor-element-9f516ca elementor-widget elementor-widget-heading\" data-id=\"9f516ca\" data-element_type=\"widget\" data-e-type=\"widget\" data-widget_type=\"heading.default\">\n\t\t\t\t<div class=\"elementor-widget-container\">\n\t\t\t\t\t<h3 class=\"elementor-heading-title elementor-size-default\">Cookies strictement n\u00e9cessaires et essentiels<\/h3>\t\t\t\t<\/div>\n\t\t\t\t<\/div>\n\t\t\t\t<div class=\"elementor-element elementor-element-acf9116 elementor-widget elementor-widget-heading\" data-id=\"acf9116\" data-element_type=\"widget\" data-e-type=\"widget\" data-widget_type=\"heading.default\">\n\t\t\t\t<div class=\"elementor-widget-container\">\n\t\t\t\t\t<h3 class=\"elementor-heading-title elementor-size-small\">Ces cookies sont essentiels pour faire fonctionner notre site web et assurer son bon fonctionnement. Ils permettent des fonctions de base telles que la gestion du r\u00e9seau, vos pr\u00e9f\u00e9rences en mati\u00e8re de cookies et l'accessibilit\u00e9. Ces cookies vous permettent de naviguer sur le site web et d'utiliser ses fonctionnalit\u00e9s.  Vous pouvez les d\u00e9sactiver en modifiant les param\u00e8tres de votre navigateur, mais cela peut affecter le fonctionnement des sites web et nous ne pouvons pas garantir le fonctionnement technique et l'utilisation de notre site.<\/h3>\t\t\t\t<\/div>\n\t\t\t\t<\/div>\n\t\t\t\t<div class=\"elementor-element elementor-element-974ef26 elementor-widget elementor-widget-heading\" data-id=\"974ef26\" data-element_type=\"widget\" data-e-type=\"widget\" data-widget_type=\"heading.default\">\n\t\t\t\t<div class=\"elementor-widget-container\">\n\t\t\t\t\t<h3 class=\"elementor-heading-title elementor-size-default\">Cookies de performance et de fonctionnalit\u00e9 <\/h3>\t\t\t\t<\/div>\n\t\t\t\t<\/div>\n\t\t\t\t<div class=\"elementor-element elementor-element-4d68d2d elementor-widget elementor-widget-heading\" data-id=\"4d68d2d\" data-element_type=\"widget\" data-e-type=\"widget\" data-widget_type=\"heading.default\">\n\t\t\t\t<div class=\"elementor-widget-container\">\n\t\t\t\t\t<h3 class=\"elementor-heading-title elementor-size-small\">Ces cookies sont non essentiels mais sont utilis\u00e9s pour am\u00e9liorer les performances et les fonctionnalit\u00e9s de notre site web. Sans ces cookies, certaines fonctionnalit\u00e9s comme les vid\u00e9os peuvent devenir indisponibles ou, \u00e0 chaque fois que vous visitez le site web, nous ne serions pas en mesure de nous souvenir de vos choix individuels (comme la langue ou la r\u00e9gion). <\/h3>\t\t\t\t<\/div>\n\t\t\t\t<\/div>\n\t\t\t\t<div class=\"elementor-element elementor-element-018c9a3 elementor-widget elementor-widget-heading\" data-id=\"018c9a3\" data-element_type=\"widget\" data-e-type=\"widget\" data-widget_type=\"heading.default\">\n\t\t\t\t<div class=\"elementor-widget-container\">\n\t\t\t\t\t<h3 class=\"elementor-heading-title elementor-size-default\">Cookies d'analyse et de personnalisation<\/h3>\t\t\t\t<\/div>\n\t\t\t\t<\/div>\n\t\t\t\t<div class=\"elementor-element elementor-element-bd5d329 elementor-widget elementor-widget-heading\" data-id=\"bd5d329\" data-element_type=\"widget\" data-e-type=\"widget\" data-widget_type=\"heading.default\">\n\t\t\t\t<div class=\"elementor-widget-container\">\n\t\t\t\t\t<h3 class=\"elementor-heading-title elementor-size-small\">Ces cookies collectent des informations qui sont utilis\u00e9es pour nous aider \u00e0 comprendre comment notre site web est utilis\u00e9 ou pour nous aider \u00e0 personnaliser notre site web pour vous. Nous utilisons des informations statistiques sur l'utilisation de notre site web \u00e0 des fins de performance et d'optimisation du site.\n\nNous utilisons des cookies servis par Google Analytics pour collecter des donn\u00e9es limit\u00e9es directement \u00e0 partir des navigateurs des utilisateurs finaux afin de mieux comprendre votre utilisation de notre site web. Ces cookies peuvent suivre des \u00e9l\u00e9ments tels que le temps que vous passez sur le site et les pages que vous visitez.  Vous trouverez de plus amples informations sur la mani\u00e8re dont Google collecte et utilise ces donn\u00e9es \u00e0 l'adresse suivante : https:\/\/policies.google.com\/technologies\/partner-sites. Vous pouvez d\u00e9sactiver toutes les fonctions d'analyse de nos sites Web prises en charge par Google \u00e0 l'adresse suivante : https:\/\/tools.google.com\/dlpage\/gaoptout. \n<\/h3>\t\t\t\t<\/div>\n\t\t\t\t<\/div>\n\t\t\t\t<div class=\"elementor-element elementor-element-a8e8e2b elementor-widget elementor-widget-heading\" data-id=\"a8e8e2b\" data-element_type=\"widget\" data-e-type=\"widget\" data-widget_type=\"heading.default\">\n\t\t\t\t<div class=\"elementor-widget-container\">\n\t\t\t\t\t<h3 class=\"elementor-heading-title elementor-size-default\">Cookies de tiers<\/h3>\t\t\t\t<\/div>\n\t\t\t\t<\/div>\n\t\t\t\t<div class=\"elementor-element elementor-element-261a06e elementor-widget elementor-widget-heading\" data-id=\"261a06e\" data-element_type=\"widget\" data-e-type=\"widget\" data-widget_type=\"heading.default\">\n\t\t\t\t<div class=\"elementor-widget-container\">\n\t\t\t\t\t<h3 class=\"elementor-heading-title elementor-size-small\">Certains cookies qui ont \u00e9t\u00e9 install\u00e9s sur notre site web ne sont pas install\u00e9s sur une base de premi\u00e8re partie. Le site web peut contenir du contenu provenant de tiers \u00e0 des fins publicitaires par le biais de notre site web. Ces fournisseurs de services tiers peuvent d\u00e9finir leurs propres cookies sur votre navigateur web. Les fournisseurs de services tiers contr\u00f4lent bon nombre des cookies de performance et de fonctionnalit\u00e9, de publicit\u00e9, de marketing et d'analyse d\u00e9crits ci-dessus. Les cookies tiers peuvent utiliser des informations sur vos visites sur ce site web et d'autres sites web afin de fournir des publicit\u00e9s pertinentes sur des biens et services susceptibles de vous int\u00e9resser. Les donn\u00e9es collect\u00e9es par ces cookies ne sont pas sous notre contr\u00f4le puisque l'utilisation de ces cookies tiers n'est accessible que par le tiers qui les a initialement mis en place. \n<\/h3>\t\t\t\t<\/div>\n\t\t\t\t<\/div>\n\t\t\t\t<div class=\"elementor-element elementor-element-b51feb4 elementor-widget elementor-widget-heading\" data-id=\"b51feb4\" data-element_type=\"widget\" data-e-type=\"widget\" data-widget_type=\"heading.default\">\n\t\t\t\t<div class=\"elementor-widget-container\">\n\t\t\t\t\t<h3 class=\"elementor-heading-title elementor-size-default\">Comment pouvez-vous g\u00e9rer les cookies ?<\/h3>\t\t\t\t<\/div>\n\t\t\t\t<\/div>\n\t\t\t\t<div class=\"elementor-element elementor-element-2c7865f elementor-widget elementor-widget-heading\" data-id=\"2c7865f\" data-element_type=\"widget\" data-e-type=\"widget\" data-widget_type=\"heading.default\">\n\t\t\t\t<div class=\"elementor-widget-container\">\n\t\t\t\t\t<h3 class=\"elementor-heading-title elementor-size-small\">La plupart des navigateurs vous permettent de contr\u00f4ler les cookies par le biais de leurs pr\u00e9f\u00e9rences \"param\u00e8tres\". Vous pouvez modifier les param\u00e8tres de votre navigateur pour g\u00e9rer dans quelle mesure vous autorisez l'utilisation de cookies et le ciblage de la publicit\u00e9. Toutefois, si vous limitez la capacit\u00e9 des sites web \u00e0 d\u00e9finir des cookies, vous risquez de d\u00e9t\u00e9riorer votre exp\u00e9rience utilisateur globale, car elle ne sera plus personnalis\u00e9e pour vous.\n\nSi vous souhaitez configurer les param\u00e8tres en fonction de vos pr\u00e9f\u00e9rences, veuillez vous reporter au menu d'aide du fabricant de votre navigateur pour plus d'informations.\n\n<\/h3>\t\t\t\t<\/div>\n\t\t\t\t<\/div>\n\t\t\t\t<div class=\"elementor-element elementor-element-9710fb8 elementor-widget elementor-widget-heading\" data-id=\"9710fb8\" data-element_type=\"widget\" data-e-type=\"widget\" data-widget_type=\"heading.default\">\n\t\t\t\t<div class=\"elementor-widget-container\">\n\t\t\t\t\t<h3 class=\"elementor-heading-title elementor-size-default\">Blocage et d\u00e9sactivation des cookies et des technologies similaires<\/h3>\t\t\t\t<\/div>\n\t\t\t\t<\/div>\n\t\t\t\t<div class=\"elementor-element elementor-element-817ac0b elementor-widget elementor-widget-heading\" data-id=\"817ac0b\" data-element_type=\"widget\" data-e-type=\"widget\" data-widget_type=\"heading.default\">\n\t\t\t\t<div class=\"elementor-widget-container\">\n\t\t\t\t\t<h3 class=\"elementor-heading-title elementor-size-small\">Vous pouvez configurer votre navigateur pour qu'il bloque les cookies et les technologies similaires, mais cela peut \u00e9galement bloquer nos cookies essentiels et emp\u00eacher notre site web de fonctionner correctement. Il se peut que vous subissiez certains inconv\u00e9nients dans votre utilisation des fonctions et services du site web. Vous devez savoir que vous pouvez \u00e9galement perdre certaines informations enregistr\u00e9es (par exemple, les pr\u00e9f\u00e9rences du site) si vous bloquez les cookies sur votre navigateur. Il est donc recommand\u00e9 de ne pas d\u00e9sactiver ou bloquer les cookies.\n\nLa d\u00e9sactivation d'un cookie ou d'une cat\u00e9gorie de cookies ne supprime pas le cookie de votre navigateur, vous devrez le faire vous-m\u00eame \u00e0 partir de votre navigateur. Si vous souhaitez supprimer les cookies ou assigner votre navigateur web \u00e0 la suppression ou au refus des cookies, veuillez consulter le menu d'aide de votre navigateur web.\n<\/h3>\t\t\t\t<\/div>\n\t\t\t\t<\/div>\n\t\t\t\t<div class=\"elementor-element elementor-element-23cbeb8 elementor-widget elementor-widget-heading\" data-id=\"23cbeb8\" data-element_type=\"widget\" data-e-type=\"widget\" data-widget_type=\"heading.default\">\n\t\t\t\t<div class=\"elementor-widget-container\">\n\t\t\t\t\t<h3 class=\"elementor-heading-title elementor-size-default\">Modifications de notre politique en mati\u00e8re de cookies<\/h3>\t\t\t\t<\/div>\n\t\t\t\t<\/div>\n\t\t\t\t<div class=\"elementor-element elementor-element-9c2009c elementor-widget elementor-widget-heading\" data-id=\"9c2009c\" data-element_type=\"widget\" data-e-type=\"widget\" data-widget_type=\"heading.default\">\n\t\t\t\t<div class=\"elementor-widget-container\">\n\t\t\t\t\t<h3 class=\"elementor-heading-title elementor-size-small\">Il se peut que nous devions apporter des modifications \u00e0 cette politique en mati\u00e8re de cookies afin qu'elle refl\u00e8te fid\u00e8lement notre service et nos politiques. Nous vous recommandons de consulter \u00e0 nouveau notre politique en mati\u00e8re de cookies de temps \u00e0 autre pour rester inform\u00e9 de notre utilisation des cookies et des technologies connexes. La derni\u00e8re politique de cookies pertinente peut \u00eatre consult\u00e9e ici.\n\nSi nous devions apporter des changements qui modifient de mani\u00e8re significative notre politique en mati\u00e8re de cookies, nous pourrions mettre en \u00e9vidence les changements sur notre site Web.\n<\/h3>\t\t\t\t<\/div>\n\t\t\t\t<\/div>\n\t\t\t\t<div class=\"elementor-element elementor-element-b89bbbe elementor-widget elementor-widget-heading\" data-id=\"b89bbbe\" data-element_type=\"widget\" data-e-type=\"widget\" data-widget_type=\"heading.default\">\n\t\t\t\t<div class=\"elementor-widget-container\">\n\t\t\t\t\t<h3 class=\"elementor-heading-title elementor-size-default\">Vos droits sur vos donn\u00e9es personnelles<\/h3>\t\t\t\t<\/div>\n\t\t\t\t<\/div>\n\t\t\t\t<div class=\"elementor-element elementor-element-e8cb0be elementor-widget elementor-widget-heading\" data-id=\"e8cb0be\" data-element_type=\"widget\" data-e-type=\"widget\" data-widget_type=\"heading.default\">\n\t\t\t\t<div class=\"elementor-widget-container\">\n\t\t\t\t\t<h3 class=\"elementor-heading-title elementor-size-small\">Vous avez le droit de d\u00e9cider d'accepter ou de refuser les cookies. En continuant \u00e0 utiliser notre site web, vous consentez \u00e0 notre politique en mati\u00e8re de cookies et en acceptez les conditions.\n\nVos donn\u00e9es personnelles restent confidentielles. Nous ne r\u00e9v\u00e9lons pas, ne vendons pas et ne louons pas vos informations \u00e0 des tiers. Vos donn\u00e9es personnelles sont limit\u00e9es aux employ\u00e9s de Oniar O\u00dc qui peuvent utiliser ces informations dans le cadre de leurs fonctions.\n\nVous avez le droit de v\u00e9rifier les informations vous concernant dans notre registre, le droit de demander la correction des informations incorrectes, le droit d'interdire le traitement des donn\u00e9es personnelles vous concernant dans le cadre du marketing direct.\n\n\u00c0 votre demande, nous corrigerons, supprimerons ou compl\u00e9terons les informations personnelles qui pourraient \u00eatre inexactes, inutiles, incompl\u00e8tes ou obsol\u00e8tes. Pour exercer vos droits sur vos donn\u00e9es personnelles ou si vous avez des questions concernant notre politique en mati\u00e8re de cookies, veuillez nous contacter par e-mail : dataprotection@oniar.eu. <\/h3>\t\t\t\t<\/div>\n\t\t\t\t<\/div>\n\t\t\t\t\t<\/div>\n\t\t<\/div>\n\t\t\t\t\t<\/div>\n\t\t<\/section>\n\t\t\t\t<\/div>","protected":false},"excerpt":{"rendered":"<p>Cookie policy Introduction This cookie policy explains what cookies are and how Oniar O\u00dc use them on website www.oniar.eu. This policy will help you understand what type of cookies we use, the information we collect using cookies and how this information is being used. Furthermore, it explains why we use them, as well as your [&hellip;]<\/p>\n","protected":false},"author":2,"featured_media":0,"parent":0,"menu_order":0,"comment_status":"closed","ping_status":"closed","template":"","meta":{"_eb_attr":"","_monsterinsights_skip_tracking":false,"_monsterinsights_sitenote_active":false,"_monsterinsights_sitenote_note":"","_monsterinsights_sitenote_category":0,"site-sidebar-layout":"no-sidebar","site-content-layout":"page-builder","ast-site-content-layout":"full-width-container","site-content-style":"unboxed","site-sidebar-style":"unboxed","ast-global-header-display":"","ast-banner-title-visibility":"","ast-main-header-display":"","ast-hfb-above-header-display":"","ast-hfb-below-header-display":"","ast-hfb-mobile-header-display":"","site-post-title":"disabled","ast-breadcrumbs-content":"","ast-featured-img":"disabled","footer-sml-layout":"","ast-disable-related-posts":"","theme-transparent-header-meta":"enabled","adv-header-id-meta":"","stick-header-meta":"","header-above-stick-meta":"","header-main-stick-meta":"","header-below-stick-meta":"","astra-migrate-meta-layouts":"set","ast-page-background-enabled":"default","ast-page-background-meta":{"desktop":{"background-color":"","background-image":"","background-repeat":"repeat","background-position":"center center","background-size":"auto","background-attachment":"scroll","background-type":"","background-media":"","overlay-type":"","overlay-color":"","overlay-opacity":"","overlay-gradient":""},"tablet":{"background-color":"","background-image":"","background-repeat":"repeat","background-position":"center center","background-size":"auto","background-attachment":"scroll","background-type":"","background-media":"","overlay-type":"","overlay-color":"","overlay-opacity":"","overlay-gradient":""},"mobile":{"background-color":"","background-image":"","background-repeat":"repeat","background-position":"center center","background-size":"auto","background-attachment":"scroll","background-type":"","background-media":"","overlay-type":"","overlay-color":"","overlay-opacity":"","overlay-gradient":""}},"ast-content-background-meta":{"desktop":{"background-color":"var(--ast-global-color-5)","background-image":"","background-repeat":"repeat","background-position":"center center","background-size":"auto","background-attachment":"scroll","background-type":"","background-media":"","overlay-type":"","overlay-color":"","overlay-opacity":"","overlay-gradient":""},"tablet":{"background-color":"var(--ast-global-color-5)","background-image":"","background-repeat":"repeat","background-position":"center center","background-size":"auto","background-attachment":"scroll","background-type":"","background-media":"","overlay-type":"","overlay-color":"","overlay-opacity":"","overlay-gradient":""},"mobile":{"background-color":"var(--ast-global-color-5)","background-image":"","background-repeat":"repeat","background-position":"center center","background-size":"auto","background-attachment":"scroll","background-type":"","background-media":"","overlay-type":"","overlay-color":"","overlay-opacity":"","overlay-gradient":""}},"footnotes":""},"class_list":["post-5974","page","type-page","status-publish","hentry"],"aioseo_notices":[],"_links":{"self":[{"href":"https:\/\/oniar.eu\/fr\/wp-json\/wp\/v2\/pages\/5974","targetHints":{"allow":["GET"]}}],"collection":[{"href":"https:\/\/oniar.eu\/fr\/wp-json\/wp\/v2\/pages"}],"about":[{"href":"https:\/\/oniar.eu\/fr\/wp-json\/wp\/v2\/types\/page"}],"author":[{"embeddable":true,"href":"https:\/\/oniar.eu\/fr\/wp-json\/wp\/v2\/users\/2"}],"replies":[{"embeddable":true,"href":"https:\/\/oniar.eu\/fr\/wp-json\/wp\/v2\/comments?post=5974"}],"version-history":[{"count":26,"href":"https:\/\/oniar.eu\/fr\/wp-json\/wp\/v2\/pages\/5974\/revisions"}],"predecessor-version":[{"id":7776,"href":"https:\/\/oniar.eu\/fr\/wp-json\/wp\/v2\/pages\/5974\/revisions\/7776"}],"wp:attachment":[{"href":"https:\/\/oniar.eu\/fr\/wp-json\/wp\/v2\/media?parent=5974"}],"curies":[{"name":"wp","href":"https:\/\/api.w.org\/{rel}","templated":true}]}}