{"id":5974,"date":"2022-04-28T06:17:59","date_gmt":"2022-04-28T06:17:59","guid":{"rendered":"https:\/\/oniar.eu\/\/?page_id=5974"},"modified":"2024-10-14T14:19:16","modified_gmt":"2024-10-14T14:19:16","slug":"cookie-policy","status":"publish","type":"page","link":"https:\/\/oniar.eu\/fi\/cookie-policy\/","title":{"rendered":"Ev\u00e4stek\u00e4yt\u00e4nt\u00f6"},"content":{"rendered":"<div data-elementor-type=\"wp-post\" data-elementor-id=\"5974\" class=\"elementor elementor-5974\">\n\t\t\t\t\t\t<section class=\"elementor-section elementor-top-section elementor-element elementor-element-d5cb96b elementor-section-full_width elementor-section-height-min-height elementor-section-stretched elementor-section-height-default elementor-section-items-middle\" data-id=\"d5cb96b\" data-element_type=\"section\" data-e-type=\"section\" data-settings=\"{&quot;stretch_section&quot;:&quot;section-stretched&quot;,&quot;background_background&quot;:&quot;classic&quot;}\">\n\t\t\t\t\t\t<div class=\"elementor-container elementor-column-gap-default\">\n\t\t\t\t\t<div class=\"elementor-column elementor-col-100 elementor-top-column elementor-element elementor-element-b877cb7\" data-id=\"b877cb7\" data-element_type=\"column\" data-e-type=\"column\">\n\t\t\t<div class=\"elementor-widget-wrap elementor-element-populated\">\n\t\t\t\t\t\t<div class=\"elementor-element elementor-element-978fc1f elementor-widget elementor-widget-heading\" data-id=\"978fc1f\" data-element_type=\"widget\" data-e-type=\"widget\" data-widget_type=\"heading.default\">\n\t\t\t\t<div class=\"elementor-widget-container\">\n\t\t\t\t\t<h1 class=\"elementor-heading-title elementor-size-default\">Ev\u00e4stek\u00e4yt\u00e4nt\u00f6<\/h1>\t\t\t\t<\/div>\n\t\t\t\t<\/div>\n\t\t\t\t\t<\/div>\n\t\t<\/div>\n\t\t\t\t\t<\/div>\n\t\t<\/section>\n\t\t\t\t<section class=\"elementor-section elementor-top-section elementor-element elementor-element-54dfedde elementor-section-boxed elementor-section-height-default elementor-section-height-default\" data-id=\"54dfedde\" data-element_type=\"section\" data-e-type=\"section\" data-settings=\"{&quot;background_background&quot;:&quot;classic&quot;}\">\n\t\t\t\t\t\t<div class=\"elementor-container elementor-column-gap-default\">\n\t\t\t\t\t<div class=\"elementor-column elementor-col-100 elementor-top-column elementor-element elementor-element-3b5232b7\" data-id=\"3b5232b7\" data-element_type=\"column\" data-e-type=\"column\">\n\t\t\t<div class=\"elementor-widget-wrap elementor-element-populated\">\n\t\t\t\t\t\t<div class=\"elementor-element elementor-element-e4915ba elementor-widget elementor-widget-heading\" data-id=\"e4915ba\" data-element_type=\"widget\" data-e-type=\"widget\" data-widget_type=\"heading.default\">\n\t\t\t\t<div class=\"elementor-widget-container\">\n\t\t\t\t\t<h3 class=\"elementor-heading-title elementor-size-default\">Johdanto\n\n<\/h3>\t\t\t\t<\/div>\n\t\t\t\t<\/div>\n\t\t\t\t<div class=\"elementor-element elementor-element-5dba8f1 elementor-widget elementor-widget-heading\" data-id=\"5dba8f1\" data-element_type=\"widget\" data-e-type=\"widget\" data-widget_type=\"heading.default\">\n\t\t\t\t<div class=\"elementor-widget-container\">\n\t\t\t\t\t<h3 class=\"elementor-heading-title elementor-size-small\">T\u00e4ss\u00e4 ev\u00e4stek\u00e4yt\u00e4nn\u00f6ss\u00e4 selitet\u00e4\u00e4n, mit\u00e4 ev\u00e4steet ovat ja miten Oniar O\u00dc k\u00e4ytt\u00e4\u00e4 niit\u00e4 verkkosivustolla www.oniar.eu. T\u00e4m\u00e4 k\u00e4yt\u00e4nt\u00f6 auttaa sinua ymm\u00e4rt\u00e4m\u00e4\u00e4n, millaisia ev\u00e4steit\u00e4 k\u00e4yt\u00e4mme, mit\u00e4 tietoja ker\u00e4\u00e4mme ev\u00e4steiden avulla ja miten n\u00e4it\u00e4 tietoja k\u00e4ytet\u00e4\u00e4n. Lis\u00e4ksi siin\u00e4 selitet\u00e4\u00e4n, miksi k\u00e4yt\u00e4mme niit\u00e4, sek\u00e4 oikeutesi valvoa niiden k\u00e4ytt\u00f6\u00e4.\n\nK\u00e4sittelemme henkil\u00f6tietoja sovellettavien henkil\u00f6tietolakien mukaisesti, mukaan lukien Euroopan parlamentin ja neuvoston asetus (EU) 2016\/679 (\"GDPR\").\n\nEmme tallenna k\u00e4ytt\u00e4miimme ev\u00e4steisiin arkaluonteisia henkil\u00f6tietoja, kuten postiosoitteita, tilisalasanoja jne. Lis\u00e4tietoja siit\u00e4, miten k\u00e4yt\u00e4mme, tallennamme ja s\u00e4ilyt\u00e4mme henkil\u00f6tietojasi turvallisesti, on tietosuojaselosteessamme. \n<\/h3>\t\t\t\t<\/div>\n\t\t\t\t<\/div>\n\t\t\t\t<div class=\"elementor-element elementor-element-f164035 elementor-widget elementor-widget-heading\" data-id=\"f164035\" data-element_type=\"widget\" data-e-type=\"widget\" data-widget_type=\"heading.default\">\n\t\t\t\t<div class=\"elementor-widget-container\">\n\t\t\t\t\t<h3 class=\"elementor-heading-title elementor-size-default\">Mik\u00e4 on keksi?<\/h3>\t\t\t\t<\/div>\n\t\t\t\t<\/div>\n\t\t\t\t<div class=\"elementor-element elementor-element-fd95a4d elementor-widget elementor-widget-heading\" data-id=\"fd95a4d\" data-element_type=\"widget\" data-e-type=\"widget\" data-widget_type=\"heading.default\">\n\t\t\t\t<div class=\"elementor-widget-container\">\n\t\t\t\t\t<h3 class=\"elementor-heading-title elementor-size-small\">Ev\u00e4ste on pieni tekstitiedosto, joka tallennetaan tietokoneellesi tai muuhun internetiin kytkettyyn laitteeseen selaimesi tunnistamiseksi, analytiikan tarjoamiseksi, sinua koskevien tietojen, kuten kieliasetusten tai kirjautumistietojen muistamiseksi. Ev\u00e4steet ovat t\u00e4ysin turvallisia, eik\u00e4 niit\u00e4 voida k\u00e4ytt\u00e4\u00e4 ohjelmien suorittamiseen tai virusten levitt\u00e4miseen laitteeseesi.\n\nKun vierailet verkkosivustolla tai k\u00e4yt\u00e4t mobiilisovellusta, tietokone kysyy tietokoneeltasi tai mobiililaitteeltasi lupaa tallentaa t\u00e4m\u00e4n tiedoston tietokoneellesi tai mobiililaitteellesi ja p\u00e4\u00e4st\u00e4 k\u00e4siksi tietoihin.<\/h3>\t\t\t\t<\/div>\n\t\t\t\t<\/div>\n\t\t\t\t<div class=\"elementor-element elementor-element-7d66723 elementor-widget elementor-widget-heading\" data-id=\"7d66723\" data-element_type=\"widget\" data-e-type=\"widget\" data-widget_type=\"heading.default\">\n\t\t\t\t<div class=\"elementor-widget-container\">\n\t\t\t\t\t<h3 class=\"elementor-heading-title elementor-size-default\">Miksi k\u00e4yt\u00e4mme ev\u00e4steit\u00e4?<\/h3>\t\t\t\t<\/div>\n\t\t\t\t<\/div>\n\t\t\t\t<div class=\"elementor-element elementor-element-2885e18 elementor-widget elementor-widget-heading\" data-id=\"2885e18\" data-element_type=\"widget\" data-e-type=\"widget\" data-widget_type=\"heading.default\">\n\t\t\t\t<div class=\"elementor-widget-container\">\n\t\t\t\t\t<h3 class=\"elementor-heading-title elementor-size-small\">K\u00e4yt\u00e4mme verkkosivustollamme ensimm\u00e4isen osapuolen ja\/tai kolmannen osapuolen ev\u00e4steit\u00e4.\nEnsimm\u00e4isen osapuolen ev\u00e4steet asettaa verkkosivusto, jolla vierailet. Vain is\u00e4nt\u00e4verkkotunnus voi hakea ja lukea n\u00e4iden ev\u00e4steiden sis\u00e4ll\u00f6n. Kolmannen osapuolen ev\u00e4steet mahdollistavat kolmannen osapuolen ominaisuudet tai toiminnot verkkosivustollamme.\n\nK\u00e4yt\u00e4mme ev\u00e4steit\u00e4 seuraaviin tarkoituksiin:\n\n1. Verkkosivustomme toiminnan ja toiminnallisuuden yksinkertaistamiseksi;\n2. Parantaaksemme k\u00e4ytt\u00f6kokemustasi ja nopeuttaaksemme ja helpottaaksemme navigointia verkkosivustollamme;\n3. Jotta voimme ymm\u00e4rt\u00e4\u00e4, mik\u00e4 on sinulle hy\u00f6dyllist\u00e4 tai kiinnostavaa.\n4. Analysoidaksemme, miten verkkosivustoamme k\u00e4ytet\u00e4\u00e4n ja miten voimme tehostaa sen k\u00e4ytt\u00f6\u00e4.\n<\/h3>\t\t\t\t<\/div>\n\t\t\t\t<\/div>\n\t\t\t\t<div class=\"elementor-element elementor-element-de22a88 elementor-widget elementor-widget-heading\" data-id=\"de22a88\" data-element_type=\"widget\" data-e-type=\"widget\" data-widget_type=\"heading.default\">\n\t\t\t\t<div class=\"elementor-widget-container\">\n\t\t\t\t\t<h3 class=\"elementor-heading-title elementor-size-default\">Millaisia ev\u00e4steit\u00e4 k\u00e4yt\u00e4mme?<\/h3>\t\t\t\t<\/div>\n\t\t\t\t<\/div>\n\t\t\t\t<div class=\"elementor-element elementor-element-d103921 elementor-widget elementor-widget-heading\" data-id=\"d103921\" data-element_type=\"widget\" data-e-type=\"widget\" data-widget_type=\"heading.default\">\n\t\t\t\t<div class=\"elementor-widget-container\">\n\t\t\t\t\t<h3 class=\"elementor-heading-title elementor-size-small\">Ev\u00e4steet voivat olla joko istuntoev\u00e4steit\u00e4 tai pysyvi\u00e4 ev\u00e4steit\u00e4. Istuntoev\u00e4steet poistetaan automaattisesti, kun suljet selaimen. Pysyville ev\u00e4steille on annettu viimeinen voimassaolop\u00e4iv\u00e4, ja ne s\u00e4ilyv\u00e4t, kunnes t\u00e4m\u00e4 p\u00e4iv\u00e4 t\u00e4yttyy tai poistat ev\u00e4steet. Vanhentumisp\u00e4iv\u00e4m\u00e4\u00e4r\u00e4t on asetettu ev\u00e4steiss\u00e4 itsess\u00e4\u00e4n; jotkin ev\u00e4steet voivat vanhentua muutaman minuutin kuluttua, kun taas toiset voivat vanhentua useiden vuosien kuluttua.\n\nK\u00e4yt\u00e4mme verkkosivustollamme seuraavanlaisia ev\u00e4steit\u00e4.\n<\/h3>\t\t\t\t<\/div>\n\t\t\t\t<\/div>\n\t\t\t\t<div class=\"elementor-element elementor-element-9f516ca elementor-widget elementor-widget-heading\" data-id=\"9f516ca\" data-element_type=\"widget\" data-e-type=\"widget\" data-widget_type=\"heading.default\">\n\t\t\t\t<div class=\"elementor-widget-container\">\n\t\t\t\t\t<h3 class=\"elementor-heading-title elementor-size-default\">Ehdottoman v\u00e4ltt\u00e4m\u00e4tt\u00f6m\u00e4t ja olennaiset ev\u00e4steet<\/h3>\t\t\t\t<\/div>\n\t\t\t\t<\/div>\n\t\t\t\t<div class=\"elementor-element elementor-element-acf9116 elementor-widget elementor-widget-heading\" data-id=\"acf9116\" data-element_type=\"widget\" data-e-type=\"widget\" data-widget_type=\"heading.default\">\n\t\t\t\t<div class=\"elementor-widget-container\">\n\t\t\t\t\t<h3 class=\"elementor-heading-title elementor-size-small\">N\u00e4m\u00e4 ev\u00e4steet ovat v\u00e4ltt\u00e4m\u00e4tt\u00f6mi\u00e4, jotta verkkosivustomme toimisi ja varmistaisi asianmukaisen toiminnallisuuden. Ne mahdollistavat perustoiminnot, kuten verkonhallinnan, ev\u00e4steasetukset ja saavutettavuuden. N\u00e4iden ev\u00e4steiden avulla voit liikkua verkkosivustolla ja k\u00e4ytt\u00e4\u00e4 sen ominaisuuksia.  Voit poistaa ev\u00e4steet k\u00e4yt\u00f6st\u00e4 muuttamalla selaimesi asetuksia, mutta t\u00e4m\u00e4 voi vaikuttaa verkkosivuston toimintaan, emmek\u00e4 voi taata sivustomme teknist\u00e4 toimintaa ja k\u00e4ytt\u00f6\u00e4.<\/h3>\t\t\t\t<\/div>\n\t\t\t\t<\/div>\n\t\t\t\t<div class=\"elementor-element elementor-element-974ef26 elementor-widget elementor-widget-heading\" data-id=\"974ef26\" data-element_type=\"widget\" data-e-type=\"widget\" data-widget_type=\"heading.default\">\n\t\t\t\t<div class=\"elementor-widget-container\">\n\t\t\t\t\t<h3 class=\"elementor-heading-title elementor-size-default\">Suorituskyky ja toiminnallisuus Ev\u00e4steet <\/h3>\t\t\t\t<\/div>\n\t\t\t\t<\/div>\n\t\t\t\t<div class=\"elementor-element elementor-element-4d68d2d elementor-widget elementor-widget-heading\" data-id=\"4d68d2d\" data-element_type=\"widget\" data-e-type=\"widget\" data-widget_type=\"heading.default\">\n\t\t\t\t<div class=\"elementor-widget-container\">\n\t\t\t\t\t<h3 class=\"elementor-heading-title elementor-size-small\">N\u00e4m\u00e4 ev\u00e4steet eiv\u00e4t ole v\u00e4ltt\u00e4m\u00e4tt\u00f6mi\u00e4, mutta niit\u00e4 k\u00e4ytet\u00e4\u00e4n parantamaan verkkosivustomme suorituskyky\u00e4 ja toiminnallisuutta. Ilman n\u00e4it\u00e4 ev\u00e4steit\u00e4 tietyt toiminnot, kuten videot, eiv\u00e4t ehk\u00e4 ole k\u00e4ytett\u00e4viss\u00e4, tai emme pystyisi muistamaan yksil\u00f6llisi\u00e4 valintojasi (kuten kielt\u00e4 tai aluetta) joka kerta, kun vierailet verkkosivustolla. <\/h3>\t\t\t\t<\/div>\n\t\t\t\t<\/div>\n\t\t\t\t<div class=\"elementor-element elementor-element-018c9a3 elementor-widget elementor-widget-heading\" data-id=\"018c9a3\" data-element_type=\"widget\" data-e-type=\"widget\" data-widget_type=\"heading.default\">\n\t\t\t\t<div class=\"elementor-widget-container\">\n\t\t\t\t\t<h3 class=\"elementor-heading-title elementor-size-default\">Analytiikka- ja mukautusev\u00e4steet<\/h3>\t\t\t\t<\/div>\n\t\t\t\t<\/div>\n\t\t\t\t<div class=\"elementor-element elementor-element-bd5d329 elementor-widget elementor-widget-heading\" data-id=\"bd5d329\" data-element_type=\"widget\" data-e-type=\"widget\" data-widget_type=\"heading.default\">\n\t\t\t\t<div class=\"elementor-widget-container\">\n\t\t\t\t\t<h3 class=\"elementor-heading-title elementor-size-small\">N\u00e4m\u00e4 ev\u00e4steet ker\u00e4\u00e4v\u00e4t tietoja, joiden avulla voimme ymm\u00e4rt\u00e4\u00e4, miten verkkosivustoamme k\u00e4ytet\u00e4\u00e4n, tai muokata verkkosivustoamme sinulle sopivaksi. K\u00e4yt\u00e4mme verkkosivustomme k\u00e4ytt\u00f6\u00e4 koskevia tilastotietoja suorituskyvyn ja verkkosivuston optimointiin.\n\nK\u00e4yt\u00e4mme Google Analyticsin tarjoamia ev\u00e4steit\u00e4 ker\u00e4t\u00e4ksemme rajoitettua tietoa suoraan loppuk\u00e4ytt\u00e4jien selaimista, jotta voimme paremmin ymm\u00e4rt\u00e4\u00e4 verkkosivustomme k\u00e4ytt\u00f6\u00e4. N\u00e4m\u00e4 ev\u00e4steet voivat seurata esimerkiksi sit\u00e4, kuinka kauan viet\u00e4t aikaa sivustolla ja mill\u00e4 sivuilla vierailet.  Lis\u00e4tietoja siit\u00e4, miten Google ker\u00e4\u00e4 ja k\u00e4ytt\u00e4\u00e4 n\u00e4it\u00e4 tietoja, on osoitteessa: https:\/\/policies.google.com\/technologies\/partner-sites. Voit kielt\u00e4yty\u00e4 kaikesta Googlen tukemasta analytiikasta verkkosivustoillamme osoitteessa: https:\/\/tools.google.com\/dlpage\/gaoptout. \n<\/h3>\t\t\t\t<\/div>\n\t\t\t\t<\/div>\n\t\t\t\t<div class=\"elementor-element elementor-element-a8e8e2b elementor-widget elementor-widget-heading\" data-id=\"a8e8e2b\" data-element_type=\"widget\" data-e-type=\"widget\" data-widget_type=\"heading.default\">\n\t\t\t\t<div class=\"elementor-widget-container\">\n\t\t\t\t\t<h3 class=\"elementor-heading-title elementor-size-default\">Kolmannen osapuolen ev\u00e4steet<\/h3>\t\t\t\t<\/div>\n\t\t\t\t<\/div>\n\t\t\t\t<div class=\"elementor-element elementor-element-261a06e elementor-widget elementor-widget-heading\" data-id=\"261a06e\" data-element_type=\"widget\" data-e-type=\"widget\" data-widget_type=\"heading.default\">\n\t\t\t\t<div class=\"elementor-widget-container\">\n\t\t\t\t\t<h3 class=\"elementor-heading-title elementor-size-small\">Joitakin verkkosivustollamme asetettuja ev\u00e4steit\u00e4 ei aseteta ensimm\u00e4isen osapuolen perusteella. Verkkosivusto voi sis\u00e4lt\u00e4\u00e4 sis\u00e4lt\u00f6\u00e4 kolmansilta osapuolilta verkkosivustomme kautta tapahtuvaa mainontaa varten. N\u00e4m\u00e4 kolmannen osapuolen palveluntarjoajat voivat asettaa omia ev\u00e4steit\u00e4\u00e4n verkkoselaimeesi. Kolmannen osapuolen palveluntarjoajat hallitsevat monia edell\u00e4 kuvattuja suorituskyky- ja toiminnallisuus-, mainonta-, markkinointi- ja analytiikkaev\u00e4stej\u00e4. Kolmannen osapuolen ev\u00e4steet voivat k\u00e4ytt\u00e4\u00e4 tietoja vierailuistasi t\u00e4ll\u00e4 ja muilla verkkosivustoilla tarjotakseen asiaankuuluvaa mainontaa tavaroista ja palveluista, joista saatat olla kiinnostunut. N\u00e4iden ev\u00e4steiden ker\u00e4\u00e4m\u00e4t tiedot eiv\u00e4t ole meid\u00e4n valvonnassamme, koska n\u00e4iden kolmansien osapuolten ev\u00e4steiden k\u00e4ytt\u00f6 on vain kolmannen osapuolen alun perin asettamien ev\u00e4steiden k\u00e4ytett\u00e4viss\u00e4. \n<\/h3>\t\t\t\t<\/div>\n\t\t\t\t<\/div>\n\t\t\t\t<div class=\"elementor-element elementor-element-b51feb4 elementor-widget elementor-widget-heading\" data-id=\"b51feb4\" data-element_type=\"widget\" data-e-type=\"widget\" data-widget_type=\"heading.default\">\n\t\t\t\t<div class=\"elementor-widget-container\">\n\t\t\t\t\t<h3 class=\"elementor-heading-title elementor-size-default\">Miten voit hallita ev\u00e4steit\u00e4?<\/h3>\t\t\t\t<\/div>\n\t\t\t\t<\/div>\n\t\t\t\t<div class=\"elementor-element elementor-element-2c7865f elementor-widget elementor-widget-heading\" data-id=\"2c7865f\" data-element_type=\"widget\" data-e-type=\"widget\" data-widget_type=\"heading.default\">\n\t\t\t\t<div class=\"elementor-widget-container\">\n\t\t\t\t\t<h3 class=\"elementor-heading-title elementor-size-small\">Useimmissa selaimissa voit hallita ev\u00e4steit\u00e4 asetusten kautta. Voit muuttaa selaimesi asetuksia hallitaksesi, miss\u00e4 m\u00e4\u00e4rin sallit ev\u00e4steiden k\u00e4yt\u00f6n ja mainonnan kohdentamisen. Jos kuitenkin rajoitat verkkosivustojen mahdollisuutta asettaa ev\u00e4steit\u00e4, saatat huonontaa yleist\u00e4 k\u00e4ytt\u00f6kokemustasi, koska se ei ole en\u00e4\u00e4 yksil\u00f6llinen.\n\nJos haluat m\u00e4\u00e4ritt\u00e4\u00e4 asetukset omien mieltymystesi mukaan, katso lis\u00e4tietoja selaimesi valmistajan ohjevalikosta.\n\n<\/h3>\t\t\t\t<\/div>\n\t\t\t\t<\/div>\n\t\t\t\t<div class=\"elementor-element elementor-element-9710fb8 elementor-widget elementor-widget-heading\" data-id=\"9710fb8\" data-element_type=\"widget\" data-e-type=\"widget\" data-widget_type=\"heading.default\">\n\t\t\t\t<div class=\"elementor-widget-container\">\n\t\t\t\t\t<h3 class=\"elementor-heading-title elementor-size-default\">Ev\u00e4steiden ja vastaavien tekniikoiden est\u00e4minen ja poistaminen k\u00e4yt\u00f6st\u00e4<\/h3>\t\t\t\t<\/div>\n\t\t\t\t<\/div>\n\t\t\t\t<div class=\"elementor-element elementor-element-817ac0b elementor-widget elementor-widget-heading\" data-id=\"817ac0b\" data-element_type=\"widget\" data-e-type=\"widget\" data-widget_type=\"heading.default\">\n\t\t\t\t<div class=\"elementor-widget-container\">\n\t\t\t\t\t<h3 class=\"elementor-heading-title elementor-size-small\">Voit asettaa selaimesi est\u00e4m\u00e4\u00e4n ev\u00e4steet ja muut vastaavat tekniikat, mutta t\u00e4m\u00e4 saattaa est\u00e4\u00e4 my\u00f6s keskeiset ev\u00e4steet ja est\u00e4\u00e4 verkkosivustomme asianmukaisen toiminnan. Verkkosivuston ominaisuuksien ja palveluiden k\u00e4yt\u00f6ss\u00e4 saattaa esiinty\u00e4 haittoja. Sinun on syyt\u00e4 olla tietoinen siit\u00e4, ett\u00e4 saatat my\u00f6s menett\u00e4\u00e4 joitakin tallennettuja tietoja (esim. sivuston asetuksia), jos est\u00e4t ev\u00e4steet selaimessasi. Siksi on suositeltavaa, ettei ev\u00e4steit\u00e4 poisteta k\u00e4yt\u00f6st\u00e4 tai estet\u00e4.\n\nEv\u00e4steen tai ev\u00e4steluokan poistaminen k\u00e4yt\u00f6st\u00e4 ei poista ev\u00e4stett\u00e4 selaimestasi, vaan sinun on teht\u00e4v\u00e4 t\u00e4m\u00e4 itse selaimessasi. Jos haluat poistaa ev\u00e4steet tai m\u00e4\u00e4r\u00e4t\u00e4 selaimesi poistamaan tai hylk\u00e4\u00e4m\u00e4\u00e4n ev\u00e4steet, k\u00e4y selaimesi ohjevalikossa.\n<\/h3>\t\t\t\t<\/div>\n\t\t\t\t<\/div>\n\t\t\t\t<div class=\"elementor-element elementor-element-23cbeb8 elementor-widget elementor-widget-heading\" data-id=\"23cbeb8\" data-element_type=\"widget\" data-e-type=\"widget\" data-widget_type=\"heading.default\">\n\t\t\t\t<div class=\"elementor-widget-container\">\n\t\t\t\t\t<h3 class=\"elementor-heading-title elementor-size-default\">Muutokset ev\u00e4stek\u00e4yt\u00e4nt\u00f6ihimme<\/h3>\t\t\t\t<\/div>\n\t\t\t\t<\/div>\n\t\t\t\t<div class=\"elementor-element elementor-element-9c2009c elementor-widget elementor-widget-heading\" data-id=\"9c2009c\" data-element_type=\"widget\" data-e-type=\"widget\" data-widget_type=\"heading.default\">\n\t\t\t\t<div class=\"elementor-widget-container\">\n\t\t\t\t\t<h3 class=\"elementor-heading-title elementor-size-small\">Saatamme joutua muuttamaan t\u00e4t\u00e4 ev\u00e4stek\u00e4yt\u00e4nt\u00f6\u00e4, jotta se vastaa tarkasti palveluitamme ja k\u00e4yt\u00e4nt\u00f6j\u00e4mme. Suosittelemme, ett\u00e4 vierailet ev\u00e4stek\u00e4yt\u00e4nt\u00f6mme aika ajoin uudelleen, jotta pysyt ajan tasalla ev\u00e4steiden ja niihin liittyvien tekniikoiden k\u00e4yt\u00f6st\u00e4. Viimeisin asiaankuuluva ev\u00e4stek\u00e4yt\u00e4nt\u00f6 l\u00f6ytyy t\u00e4\u00e4lt\u00e4.\n\nJos teemme muutoksia, jotka muuttavat ev\u00e4stek\u00e4yt\u00e4nt\u00f6\u00e4mme merkitt\u00e4v\u00e4sti, saatamme tuoda muutokset esiin verkkosivustollamme.\n<\/h3>\t\t\t\t<\/div>\n\t\t\t\t<\/div>\n\t\t\t\t<div class=\"elementor-element elementor-element-b89bbbe elementor-widget elementor-widget-heading\" data-id=\"b89bbbe\" data-element_type=\"widget\" data-e-type=\"widget\" data-widget_type=\"heading.default\">\n\t\t\t\t<div class=\"elementor-widget-container\">\n\t\t\t\t\t<h3 class=\"elementor-heading-title elementor-size-default\">Oikeutesi henkil\u00f6tietoihisi<\/h3>\t\t\t\t<\/div>\n\t\t\t\t<\/div>\n\t\t\t\t<div class=\"elementor-element elementor-element-e8cb0be elementor-widget elementor-widget-heading\" data-id=\"e8cb0be\" data-element_type=\"widget\" data-e-type=\"widget\" data-widget_type=\"heading.default\">\n\t\t\t\t<div class=\"elementor-widget-container\">\n\t\t\t\t\t<h3 class=\"elementor-heading-title elementor-size-small\">Sinulla on oikeus p\u00e4\u00e4tt\u00e4\u00e4, hyv\u00e4ksytk\u00f6 vai hylk\u00e4\u00e4tk\u00f6 ev\u00e4steet. Jatkamalla verkkosivustomme k\u00e4ytt\u00f6\u00e4 hyv\u00e4ksyt t\u00e4ten ev\u00e4stek\u00e4yt\u00e4nt\u00f6mme ja hyv\u00e4ksyt sen ehdot.\n\nHenkil\u00f6tietosi pidet\u00e4\u00e4n luottamuksellisina. Emme paljasta, myy tai vuokraa tietojasi kolmansille osapuolille. Henkil\u00f6tietojasi saavat k\u00e4ytt\u00e4\u00e4 vain Oniar O\u00dc:n ty\u00f6ntekij\u00e4t, jotka voivat k\u00e4ytt\u00e4\u00e4 n\u00e4it\u00e4 tietoja ty\u00f6teht\u00e4viss\u00e4\u00e4n.\n\nSinulla on oikeus tarkistaa rekisteriss\u00e4mme olevat sinua koskevat tiedot, oikeus pyyt\u00e4\u00e4 virheellisten tietojen korjaamista, oikeus kielt\u00e4\u00e4 sinua koskevien henkil\u00f6tietojen k\u00e4sittely suoramarkkinoinnissa.\n\nPyynn\u00f6st\u00e4si korjaamme, poistamme tai t\u00e4ydenn\u00e4mme henkil\u00f6tiedot, jotka voivat olla virheellisi\u00e4, tarpeettomia, ep\u00e4t\u00e4ydellisi\u00e4 tai vanhentuneita. Jos haluat k\u00e4ytt\u00e4\u00e4 henkil\u00f6tietojasi koskevia oikeuksiasi tai jos sinulla on kysytt\u00e4v\u00e4\u00e4 ev\u00e4stek\u00e4yt\u00e4nn\u00f6st\u00e4mme, ota meihin yhteytt\u00e4 s\u00e4hk\u00f6postitse: dataprotection@oniar.eu. <\/h3>\t\t\t\t<\/div>\n\t\t\t\t<\/div>\n\t\t\t\t\t<\/div>\n\t\t<\/div>\n\t\t\t\t\t<\/div>\n\t\t<\/section>\n\t\t\t\t<\/div>","protected":false},"excerpt":{"rendered":"<p>Cookie policy Introduction This cookie policy explains what cookies are and how Oniar O\u00dc use them on website www.oniar.eu. This policy will help you understand what type of cookies we use, the information we collect using cookies and how this information is being used. Furthermore, it explains why we use them, as well as your [&hellip;]<\/p>\n","protected":false},"author":2,"featured_media":0,"parent":0,"menu_order":0,"comment_status":"closed","ping_status":"closed","template":"","meta":{"_eb_attr":"","_monsterinsights_skip_tracking":false,"_monsterinsights_sitenote_active":false,"_monsterinsights_sitenote_note":"","_monsterinsights_sitenote_category":0,"site-sidebar-layout":"no-sidebar","site-content-layout":"page-builder","ast-site-content-layout":"full-width-container","site-content-style":"unboxed","site-sidebar-style":"unboxed","ast-global-header-display":"","ast-banner-title-visibility":"","ast-main-header-display":"","ast-hfb-above-header-display":"","ast-hfb-below-header-display":"","ast-hfb-mobile-header-display":"","site-post-title":"disabled","ast-breadcrumbs-content":"","ast-featured-img":"disabled","footer-sml-layout":"","ast-disable-related-posts":"","theme-transparent-header-meta":"enabled","adv-header-id-meta":"","stick-header-meta":"","header-above-stick-meta":"","header-main-stick-meta":"","header-below-stick-meta":"","astra-migrate-meta-layouts":"set","ast-page-background-enabled":"default","ast-page-background-meta":{"desktop":{"background-color":"","background-image":"","background-repeat":"repeat","background-position":"center center","background-size":"auto","background-attachment":"scroll","background-type":"","background-media":"","overlay-type":"","overlay-color":"","overlay-opacity":"","overlay-gradient":""},"tablet":{"background-color":"","background-image":"","background-repeat":"repeat","background-position":"center center","background-size":"auto","background-attachment":"scroll","background-type":"","background-media":"","overlay-type":"","overlay-color":"","overlay-opacity":"","overlay-gradient":""},"mobile":{"background-color":"","background-image":"","background-repeat":"repeat","background-position":"center center","background-size":"auto","background-attachment":"scroll","background-type":"","background-media":"","overlay-type":"","overlay-color":"","overlay-opacity":"","overlay-gradient":""}},"ast-content-background-meta":{"desktop":{"background-color":"var(--ast-global-color-5)","background-image":"","background-repeat":"repeat","background-position":"center center","background-size":"auto","background-attachment":"scroll","background-type":"","background-media":"","overlay-type":"","overlay-color":"","overlay-opacity":"","overlay-gradient":""},"tablet":{"background-color":"var(--ast-global-color-5)","background-image":"","background-repeat":"repeat","background-position":"center center","background-size":"auto","background-attachment":"scroll","background-type":"","background-media":"","overlay-type":"","overlay-color":"","overlay-opacity":"","overlay-gradient":""},"mobile":{"background-color":"var(--ast-global-color-5)","background-image":"","background-repeat":"repeat","background-position":"center center","background-size":"auto","background-attachment":"scroll","background-type":"","background-media":"","overlay-type":"","overlay-color":"","overlay-opacity":"","overlay-gradient":""}},"footnotes":""},"class_list":["post-5974","page","type-page","status-publish","hentry"],"aioseo_notices":[],"_links":{"self":[{"href":"https:\/\/oniar.eu\/fi\/wp-json\/wp\/v2\/pages\/5974","targetHints":{"allow":["GET"]}}],"collection":[{"href":"https:\/\/oniar.eu\/fi\/wp-json\/wp\/v2\/pages"}],"about":[{"href":"https:\/\/oniar.eu\/fi\/wp-json\/wp\/v2\/types\/page"}],"author":[{"embeddable":true,"href":"https:\/\/oniar.eu\/fi\/wp-json\/wp\/v2\/users\/2"}],"replies":[{"embeddable":true,"href":"https:\/\/oniar.eu\/fi\/wp-json\/wp\/v2\/comments?post=5974"}],"version-history":[{"count":26,"href":"https:\/\/oniar.eu\/fi\/wp-json\/wp\/v2\/pages\/5974\/revisions"}],"predecessor-version":[{"id":7776,"href":"https:\/\/oniar.eu\/fi\/wp-json\/wp\/v2\/pages\/5974\/revisions\/7776"}],"wp:attachment":[{"href":"https:\/\/oniar.eu\/fi\/wp-json\/wp\/v2\/media?parent=5974"}],"curies":[{"name":"wp","href":"https:\/\/api.w.org\/{rel}","templated":true}]}}