{"id":616,"date":"2018-11-26T12:45:57","date_gmt":"2018-11-26T12:45:57","guid":{"rendered":"https:\/\/oniar.eu\/\/about\/"},"modified":"2024-12-13T12:04:17","modified_gmt":"2024-12-13T12:04:17","slug":"about","status":"publish","type":"page","link":"https:\/\/oniar.eu\/et\/about\/","title":{"rendered":"kohta"},"content":{"rendered":"<div data-elementor-type=\"wp-post\" data-elementor-id=\"616\" class=\"elementor elementor-616\">\n\t\t\t\t\t\t<section class=\"elementor-section elementor-top-section elementor-element elementor-element-1b5d768b elementor-section-full_width elementor-section-height-min-height elementor-reverse-mobile elementor-section-height-default elementor-section-items-middle\" data-id=\"1b5d768b\" data-element_type=\"section\" data-e-type=\"section\" data-settings=\"{&quot;background_background&quot;:&quot;classic&quot;}\">\n\t\t\t\t\t\t\t<div class=\"elementor-background-overlay\"><\/div>\n\t\t\t\t\t\t\t<div class=\"elementor-container elementor-column-gap-default\">\n\t\t\t\t\t<div class=\"elementor-column elementor-col-100 elementor-top-column elementor-element elementor-element-1608c15b\" data-id=\"1608c15b\" data-element_type=\"column\" data-e-type=\"column\" data-settings=\"{&quot;background_background&quot;:&quot;classic&quot;}\">\n\t\t\t<div class=\"elementor-widget-wrap elementor-element-populated\">\n\t\t\t\t\t\t<div class=\"elementor-element elementor-element-321a34b8 elementor-widget elementor-widget-heading\" data-id=\"321a34b8\" data-element_type=\"widget\" data-e-type=\"widget\" data-widget_type=\"heading.default\">\n\t\t\t\t<div class=\"elementor-widget-container\">\n\t\t\t\t\t<h1 class=\"elementor-heading-title elementor-size-default\">Ettev\u00f5ttest<\/h1>\t\t\t\t<\/div>\n\t\t\t\t<\/div>\n\t\t\t\t\t<\/div>\n\t\t<\/div>\n\t\t\t\t\t<\/div>\n\t\t<\/section>\n\t\t\t\t<section class=\"elementor-section elementor-top-section elementor-element elementor-element-54dfedde elementor-section-boxed elementor-section-height-default elementor-section-height-default\" data-id=\"54dfedde\" data-element_type=\"section\" data-e-type=\"section\" data-settings=\"{&quot;background_background&quot;:&quot;classic&quot;}\">\n\t\t\t\t\t\t<div class=\"elementor-container elementor-column-gap-default\">\n\t\t\t\t\t<div class=\"elementor-column elementor-col-100 elementor-top-column elementor-element elementor-element-3cf1fd6\" data-id=\"3cf1fd6\" data-element_type=\"column\" data-e-type=\"column\">\n\t\t\t<div class=\"elementor-widget-wrap elementor-element-populated\">\n\t\t\t\t\t\t<div class=\"elementor-element elementor-element-8f14f19 elementor-widget elementor-widget-heading\" data-id=\"8f14f19\" data-element_type=\"widget\" data-e-type=\"widget\" data-widget_type=\"heading.default\">\n\t\t\t\t<div class=\"elementor-widget-container\">\n\t\t\t\t\t<h3 class=\"elementor-heading-title elementor-size-small\">Oniar asutati 2003. aastal.\nTootmine asub Eestis, M\u00e4rjamaal. Alates 2007. aastast oleme spetsialiseerunud p\u00f5llumajandus- ja metsatehnika tootmisele. 2015. aastal, p\u00e4rast aastatepikkust arendustegevust, t\u00f5ime turule uue p\u00f5lvkonna metsakraanad ja -haagised.<\/h3>\t\t\t\t<\/div>\n\t\t\t\t<\/div>\n\t\t\t\t<div class=\"elementor-element elementor-element-9285a99 elementor-widget elementor-widget-heading\" data-id=\"9285a99\" data-element_type=\"widget\" data-e-type=\"widget\" data-widget_type=\"heading.default\">\n\t\t\t\t<div class=\"elementor-widget-container\">\n\t\t\t\t\t<h3 class=\"elementor-heading-title elementor-size-small\">Oniari kraanad ja haagised on m\u00f5eldud kasutamiseks koos p\u00f5llumajandustraktoritega.\nMeie tootevalikust on v\u00f5imalik leida sobivaid masinaid nii hobi kui ka professionaalsele kasutajale. K\u00f5ik kraanad ja haagised on projekteeritud ja valmistatud Eestis.\n<\/h3>\t\t\t\t<\/div>\n\t\t\t\t<\/div>\n\t\t\t\t<div class=\"elementor-element elementor-element-bbc9718 elementor-widget elementor-widget-heading\" data-id=\"bbc9718\" data-element_type=\"widget\" data-e-type=\"widget\" data-widget_type=\"heading.default\">\n\t\t\t\t<div class=\"elementor-widget-container\">\n\t\t\t\t\t<h3 class=\"elementor-heading-title elementor-size-small\">Praegune v\u00e4rvikombinatsioon on kasutusel alates 2015. aastast, kui me alustasime uue p\u00f5lvkonnaga. Sellest ajast alates oleme pidevalt arendanud ja t\u00e4iustanud oma tootevalikut. Oma toodete arendamisel v\u00f5tame arvesse klientide tagasisidet ja arvestame erinevaid t\u00f6\u00f6tingimusi, kus meie tooteid igap\u00e4evaselt kasutatakse. T\u00f6\u00f6tame ka lisaseadmete valiku laiendamisega, et meie tooteid saaks mitmek\u00fclgsemalt kasutada.<\/h3>\t\t\t\t<\/div>\n\t\t\t\t<\/div>\n\t\t\t\t<div class=\"elementor-element elementor-element-e8c4d0a elementor-widget elementor-widget-heading\" data-id=\"e8c4d0a\" data-element_type=\"widget\" data-e-type=\"widget\" data-widget_type=\"heading.default\">\n\t\t\t\t<div class=\"elementor-widget-container\">\n\t\t\t\t\t<h3 class=\"elementor-heading-title elementor-size-small\">Oma toodete kvaliteedi parandamiseks ja s\u00e4ilitamiseks investeerime pidevalt oma tootmisliini uuendamisse. V\u00e4ljaspool Eestit on v\u00f5imalik tutvuda Oniari toodetega meie ametlikes esindustes erinevates Euroopa riikides.<\/h3>\t\t\t\t<\/div>\n\t\t\t\t<\/div>\n\t\t\t\t\t<\/div>\n\t\t<\/div>\n\t\t\t\t\t<\/div>\n\t\t<\/section>\n\t\t\t\t<\/div>","protected":false},"excerpt":{"rendered":"<p>About Us Oniar was established in 2003. Manufacturing is located in Estonia, M\u00e4rjamaa. Since 2007 we are specialized in manufacturing agricultural- and forestry equipment. In 2015, after many years of development, we launched to the markets new generation forestry cranes and trailers. Oniar cranes and trailers are intended to be used with agricultural tractors. From [&hellip;]<\/p>\n","protected":false},"author":2,"featured_media":0,"parent":0,"menu_order":0,"comment_status":"closed","ping_status":"closed","template":"","meta":{"_eb_attr":"","_monsterinsights_skip_tracking":false,"_monsterinsights_sitenote_active":false,"_monsterinsights_sitenote_note":"","_monsterinsights_sitenote_category":0,"site-sidebar-layout":"no-sidebar","site-content-layout":"page-builder","ast-site-content-layout":"full-width-container","site-content-style":"unboxed","site-sidebar-style":"unboxed","ast-global-header-display":"","ast-banner-title-visibility":"","ast-main-header-display":"","ast-hfb-above-header-display":"","ast-hfb-below-header-display":"","ast-hfb-mobile-header-display":"","site-post-title":"disabled","ast-breadcrumbs-content":"","ast-featured-img":"disabled","footer-sml-layout":"","ast-disable-related-posts":"","theme-transparent-header-meta":"enabled","adv-header-id-meta":"","stick-header-meta":"","header-above-stick-meta":"","header-main-stick-meta":"","header-below-stick-meta":"","astra-migrate-meta-layouts":"set","ast-page-background-enabled":"default","ast-page-background-meta":{"desktop":{"background-color":"","background-image":"","background-repeat":"repeat","background-position":"center center","background-size":"auto","background-attachment":"scroll","background-type":"","background-media":"","overlay-type":"","overlay-color":"","overlay-opacity":"","overlay-gradient":""},"tablet":{"background-color":"","background-image":"","background-repeat":"repeat","background-position":"center center","background-size":"auto","background-attachment":"scroll","background-type":"","background-media":"","overlay-type":"","overlay-color":"","overlay-opacity":"","overlay-gradient":""},"mobile":{"background-color":"","background-image":"","background-repeat":"repeat","background-position":"center center","background-size":"auto","background-attachment":"scroll","background-type":"","background-media":"","overlay-type":"","overlay-color":"","overlay-opacity":"","overlay-gradient":""}},"ast-content-background-meta":{"desktop":{"background-color":"var(--ast-global-color-5)","background-image":"","background-repeat":"repeat","background-position":"center center","background-size":"auto","background-attachment":"scroll","background-type":"","background-media":"","overlay-type":"","overlay-color":"","overlay-opacity":"","overlay-gradient":""},"tablet":{"background-color":"var(--ast-global-color-5)","background-image":"","background-repeat":"repeat","background-position":"center center","background-size":"auto","background-attachment":"scroll","background-type":"","background-media":"","overlay-type":"","overlay-color":"","overlay-opacity":"","overlay-gradient":""},"mobile":{"background-color":"var(--ast-global-color-5)","background-image":"","background-repeat":"repeat","background-position":"center center","background-size":"auto","background-attachment":"scroll","background-type":"","background-media":"","overlay-type":"","overlay-color":"","overlay-opacity":"","overlay-gradient":""}},"footnotes":""},"class_list":["post-616","page","type-page","status-publish","hentry"],"aioseo_notices":[],"_links":{"self":[{"href":"https:\/\/oniar.eu\/et\/wp-json\/wp\/v2\/pages\/616","targetHints":{"allow":["GET"]}}],"collection":[{"href":"https:\/\/oniar.eu\/et\/wp-json\/wp\/v2\/pages"}],"about":[{"href":"https:\/\/oniar.eu\/et\/wp-json\/wp\/v2\/types\/page"}],"author":[{"embeddable":true,"href":"https:\/\/oniar.eu\/et\/wp-json\/wp\/v2\/users\/2"}],"replies":[{"embeddable":true,"href":"https:\/\/oniar.eu\/et\/wp-json\/wp\/v2\/comments?post=616"}],"version-history":[{"count":332,"href":"https:\/\/oniar.eu\/et\/wp-json\/wp\/v2\/pages\/616\/revisions"}],"predecessor-version":[{"id":8223,"href":"https:\/\/oniar.eu\/et\/wp-json\/wp\/v2\/pages\/616\/revisions\/8223"}],"wp:attachment":[{"href":"https:\/\/oniar.eu\/et\/wp-json\/wp\/v2\/media?parent=616"}],"curies":[{"name":"wp","href":"https:\/\/api.w.org\/{rel}","templated":true}]}}