{"id":5974,"date":"2022-04-28T06:17:59","date_gmt":"2022-04-28T06:17:59","guid":{"rendered":"https:\/\/oniar.eu\/\/?page_id=5974"},"modified":"2024-10-14T14:19:16","modified_gmt":"2024-10-14T14:19:16","slug":"cookie-policy","status":"publish","type":"page","link":"https:\/\/oniar.eu\/et\/cookie-policy\/","title":{"rendered":"K\u00fcpsiste poliitika"},"content":{"rendered":"<div data-elementor-type=\"wp-post\" data-elementor-id=\"5974\" class=\"elementor elementor-5974\">\n\t\t\t\t\t\t<section class=\"elementor-section elementor-top-section elementor-element elementor-element-d5cb96b elementor-section-full_width elementor-section-height-min-height elementor-section-stretched elementor-section-height-default elementor-section-items-middle\" data-id=\"d5cb96b\" data-element_type=\"section\" data-e-type=\"section\" data-settings=\"{&quot;stretch_section&quot;:&quot;section-stretched&quot;,&quot;background_background&quot;:&quot;classic&quot;}\">\n\t\t\t\t\t\t<div class=\"elementor-container elementor-column-gap-default\">\n\t\t\t\t\t<div class=\"elementor-column elementor-col-100 elementor-top-column elementor-element elementor-element-b877cb7\" data-id=\"b877cb7\" data-element_type=\"column\" data-e-type=\"column\">\n\t\t\t<div class=\"elementor-widget-wrap elementor-element-populated\">\n\t\t\t\t\t\t<div class=\"elementor-element elementor-element-978fc1f elementor-widget elementor-widget-heading\" data-id=\"978fc1f\" data-element_type=\"widget\" data-e-type=\"widget\" data-widget_type=\"heading.default\">\n\t\t\t\t<div class=\"elementor-widget-container\">\n\t\t\t\t\t<h1 class=\"elementor-heading-title elementor-size-default\">K\u00fcpsiste poliitika<\/h1>\t\t\t\t<\/div>\n\t\t\t\t<\/div>\n\t\t\t\t\t<\/div>\n\t\t<\/div>\n\t\t\t\t\t<\/div>\n\t\t<\/section>\n\t\t\t\t<section class=\"elementor-section elementor-top-section elementor-element elementor-element-54dfedde elementor-section-boxed elementor-section-height-default elementor-section-height-default\" data-id=\"54dfedde\" data-element_type=\"section\" data-e-type=\"section\" data-settings=\"{&quot;background_background&quot;:&quot;classic&quot;}\">\n\t\t\t\t\t\t<div class=\"elementor-container elementor-column-gap-default\">\n\t\t\t\t\t<div class=\"elementor-column elementor-col-100 elementor-top-column elementor-element elementor-element-3b5232b7\" data-id=\"3b5232b7\" data-element_type=\"column\" data-e-type=\"column\">\n\t\t\t<div class=\"elementor-widget-wrap elementor-element-populated\">\n\t\t\t\t\t\t<div class=\"elementor-element elementor-element-e4915ba elementor-widget elementor-widget-heading\" data-id=\"e4915ba\" data-element_type=\"widget\" data-e-type=\"widget\" data-widget_type=\"heading.default\">\n\t\t\t\t<div class=\"elementor-widget-container\">\n\t\t\t\t\t<h3 class=\"elementor-heading-title elementor-size-default\">Sissejuhatus\n\n<\/h3>\t\t\t\t<\/div>\n\t\t\t\t<\/div>\n\t\t\t\t<div class=\"elementor-element elementor-element-5dba8f1 elementor-widget elementor-widget-heading\" data-id=\"5dba8f1\" data-element_type=\"widget\" data-e-type=\"widget\" data-widget_type=\"heading.default\">\n\t\t\t\t<div class=\"elementor-widget-container\">\n\t\t\t\t\t<h3 class=\"elementor-heading-title elementor-size-small\">K\u00e4esolev k\u00fcpsiste poliitika selgitab, mis on k\u00fcpsised ja kuidas Oniar O\u00dc neid veebilehel www.oniar.eu kasutab. See poliitika aitab teil m\u00f5ista, millist t\u00fc\u00fcpi k\u00fcpsiseid me kasutame, millist teavet kogume k\u00fcpsiste abil ja kuidas seda teavet kasutatakse. Lisaks selgitab see, miks me neid kasutame, samuti teie \u00f5igusi kontrollida nende kasutamist.\n\nMe t\u00f6\u00f6tleme isikuandmeid koosk\u00f5las kehtivate isikuandmete kaitse seadustega, sealhulgas Euroopa Parlamendi ja n\u00f5ukogu m\u00e4\u00e4rusega (EL) 2016\/679 (\"GDPR\").\n\nMe ei salvesta kasutatavatesse k\u00fcpsistesse tundlikke isikuandmeid, nagu postiaadressid, kontode paroolid jne. Lisateavet selle kohta, kuidas me teie isikuandmeid kasutame, salvestame ja hoiame turvaliselt, leiate meie privaatsuspoliitikast. \n<\/h3>\t\t\t\t<\/div>\n\t\t\t\t<\/div>\n\t\t\t\t<div class=\"elementor-element elementor-element-f164035 elementor-widget elementor-widget-heading\" data-id=\"f164035\" data-element_type=\"widget\" data-e-type=\"widget\" data-widget_type=\"heading.default\">\n\t\t\t\t<div class=\"elementor-widget-container\">\n\t\t\t\t\t<h3 class=\"elementor-heading-title elementor-size-default\">Mis on k\u00fcpsis?<\/h3>\t\t\t\t<\/div>\n\t\t\t\t<\/div>\n\t\t\t\t<div class=\"elementor-element elementor-element-fd95a4d elementor-widget elementor-widget-heading\" data-id=\"fd95a4d\" data-element_type=\"widget\" data-e-type=\"widget\" data-widget_type=\"heading.default\">\n\t\t\t\t<div class=\"elementor-widget-container\">\n\t\t\t\t\t<h3 class=\"elementor-heading-title elementor-size-small\">K\u00fcpsis on v\u00e4ike tekstifail, mis salvestatakse teie arvutisse v\u00f5i muusse internetti \u00fchendatud seadmesse, et tuvastada teie veebilehitseja, pakkuda anal\u00fc\u00fctilist teavet, j\u00e4tta meelde teie kohta k\u00e4ivat teavet, n\u00e4iteks teie keele-eelistused v\u00f5i sisselogimise andmed. Need on t\u00e4iesti ohutud ja neid ei saa kasutada programmide k\u00e4ivitamiseks ega viiruste levitamiseks teie seadmesse.\n\nKui k\u00fclastate veebisaiti v\u00f5i kasutate mobiilirakendust, k\u00fcsib arvuti teie arvutilt v\u00f5i mobiilseadmelt luba selle faili salvestamiseks teie arvutisse v\u00f5i mobiilseadmesse ja teabele juurdep\u00e4\u00e4su saamiseks.<\/h3>\t\t\t\t<\/div>\n\t\t\t\t<\/div>\n\t\t\t\t<div class=\"elementor-element elementor-element-7d66723 elementor-widget elementor-widget-heading\" data-id=\"7d66723\" data-element_type=\"widget\" data-e-type=\"widget\" data-widget_type=\"heading.default\">\n\t\t\t\t<div class=\"elementor-widget-container\">\n\t\t\t\t\t<h3 class=\"elementor-heading-title elementor-size-default\">Miks me kasutame k\u00fcpsiseid?<\/h3>\t\t\t\t<\/div>\n\t\t\t\t<\/div>\n\t\t\t\t<div class=\"elementor-element elementor-element-2885e18 elementor-widget elementor-widget-heading\" data-id=\"2885e18\" data-element_type=\"widget\" data-e-type=\"widget\" data-widget_type=\"heading.default\">\n\t\t\t\t<div class=\"elementor-widget-container\">\n\t\t\t\t\t<h3 class=\"elementor-heading-title elementor-size-small\">Me kasutame oma veebisaidil esimese ja\/v\u00f5i kolmanda osapoole k\u00fcpsiseid.\nEsimese osapoole k\u00fcpsised paigaldab veebileht, mida k\u00fclastate. Ainult vastuv\u00f5ttev domeen saab nende k\u00fcpsiste sisu v\u00e4lja otsida ja lugeda. Kolmanda osapoole k\u00fcpsised v\u00f5imaldavad meie veebisaidil kolmanda osapoole funktsioone v\u00f5i funktsionaalsust.\n\nMe kasutame k\u00fcpsiseid j\u00e4rgmistel eesm\u00e4rkidel :\n\n1. Meie veebisaidi toimimise ja funktsionaalsuse lihtsustamiseks;\n2. Parandada teie kasutuskogemust, et muuta meie veebisaidil navigeerimine kiiremaks ja lihtsamaks;\n3. Et me saaksime aru, mis on teile kasulik v\u00f5i huvipakkuv.\n4. Anal\u00fc\u00fcsida, kuidas meie veebisaiti kasutatakse ja kuidas saame seda t\u00f5husamalt kasutada.\n<\/h3>\t\t\t\t<\/div>\n\t\t\t\t<\/div>\n\t\t\t\t<div class=\"elementor-element elementor-element-de22a88 elementor-widget elementor-widget-heading\" data-id=\"de22a88\" data-element_type=\"widget\" data-e-type=\"widget\" data-widget_type=\"heading.default\">\n\t\t\t\t<div class=\"elementor-widget-container\">\n\t\t\t\t\t<h3 class=\"elementor-heading-title elementor-size-default\">Millist t\u00fc\u00fcpi k\u00fcpsiseid me kasutame?<\/h3>\t\t\t\t<\/div>\n\t\t\t\t<\/div>\n\t\t\t\t<div class=\"elementor-element elementor-element-d103921 elementor-widget elementor-widget-heading\" data-id=\"d103921\" data-element_type=\"widget\" data-e-type=\"widget\" data-widget_type=\"heading.default\">\n\t\t\t\t<div class=\"elementor-widget-container\">\n\t\t\t\t\t<h3 class=\"elementor-heading-title elementor-size-small\">K\u00fcpsised v\u00f5ivad olla kas seansik\u00fcpsised v\u00f5i p\u00fcsik\u00fcpsised. Seansik\u00fcpsised kustutatakse automaatselt, kui sulgete brauseri. P\u00fcsivatele k\u00fcpsistele on m\u00e4\u00e4ratud kehtivusaeg ja need j\u00e4\u00e4vad kuni selle kuup\u00e4evani v\u00f5i kuni te kustutate k\u00fcpsised. Aegumiskuup\u00e4evad on m\u00e4\u00e4ratud k\u00fcpsistes endis; m\u00f5ned k\u00fcpsised v\u00f5ivad aeguda m\u00f5ne minuti p\u00e4rast, teised aga mitme aasta p\u00e4rast.\n\nKasutame oma veebisaidil j\u00e4rgmisi k\u00fcpsiseid.\n<\/h3>\t\t\t\t<\/div>\n\t\t\t\t<\/div>\n\t\t\t\t<div class=\"elementor-element elementor-element-9f516ca elementor-widget elementor-widget-heading\" data-id=\"9f516ca\" data-element_type=\"widget\" data-e-type=\"widget\" data-widget_type=\"heading.default\">\n\t\t\t\t<div class=\"elementor-widget-container\">\n\t\t\t\t\t<h3 class=\"elementor-heading-title elementor-size-default\">Rangelt vajalikud ja olulised k\u00fcpsised<\/h3>\t\t\t\t<\/div>\n\t\t\t\t<\/div>\n\t\t\t\t<div class=\"elementor-element elementor-element-acf9116 elementor-widget elementor-widget-heading\" data-id=\"acf9116\" data-element_type=\"widget\" data-e-type=\"widget\" data-widget_type=\"heading.default\">\n\t\t\t\t<div class=\"elementor-widget-container\">\n\t\t\t\t\t<h3 class=\"elementor-heading-title elementor-size-small\">Need k\u00fcpsised on olulised meie veebisaidi toimimiseks ja n\u00f5uetekohase funktsionaalsuse tagamiseks. Need v\u00f5imaldavad selliseid p\u00f5hifunktsioone nagu v\u00f5rguhaldus, teie k\u00fcpsiste eelistused ja ligip\u00e4\u00e4setavus. Need k\u00fcpsised v\u00f5imaldavad teil veebilehel navigeerida ja selle funktsioone kasutada.  Te v\u00f5ite need keelata, muutes oma brauseri seadeid, kuid see v\u00f5ib m\u00f5jutada veebisaidi toimimist ja me ei saa tagada meie veebisaidi tehnilist toimimist ja kasutamist.<\/h3>\t\t\t\t<\/div>\n\t\t\t\t<\/div>\n\t\t\t\t<div class=\"elementor-element elementor-element-974ef26 elementor-widget elementor-widget-heading\" data-id=\"974ef26\" data-element_type=\"widget\" data-e-type=\"widget\" data-widget_type=\"heading.default\">\n\t\t\t\t<div class=\"elementor-widget-container\">\n\t\t\t\t\t<h3 class=\"elementor-heading-title elementor-size-default\">J\u00f5udlus ja funktsionaalsus K\u00fcpsised <\/h3>\t\t\t\t<\/div>\n\t\t\t\t<\/div>\n\t\t\t\t<div class=\"elementor-element elementor-element-4d68d2d elementor-widget elementor-widget-heading\" data-id=\"4d68d2d\" data-element_type=\"widget\" data-e-type=\"widget\" data-widget_type=\"heading.default\">\n\t\t\t\t<div class=\"elementor-widget-container\">\n\t\t\t\t\t<h3 class=\"elementor-heading-title elementor-size-small\">Need k\u00fcpsised ei ole olulised, kuid neid kasutatakse meie veebisaidi j\u00f5udluse ja funktsionaalsuse parandamiseks. Ilma nende k\u00fcpsisteta ei pruugi teatud funktsioonid, n\u00e4iteks videod, olla k\u00e4ttesaadavad v\u00f5i ei suudaks me iga kord, kui k\u00fclastate veebilehte, meeles pidada teie individuaalseid valikuid (n\u00e4iteks keel v\u00f5i piirkond). <\/h3>\t\t\t\t<\/div>\n\t\t\t\t<\/div>\n\t\t\t\t<div class=\"elementor-element elementor-element-018c9a3 elementor-widget elementor-widget-heading\" data-id=\"018c9a3\" data-element_type=\"widget\" data-e-type=\"widget\" data-widget_type=\"heading.default\">\n\t\t\t\t<div class=\"elementor-widget-container\">\n\t\t\t\t\t<h3 class=\"elementor-heading-title elementor-size-default\">Anal\u00fc\u00fctika ja kohandamise k\u00fcpsised<\/h3>\t\t\t\t<\/div>\n\t\t\t\t<\/div>\n\t\t\t\t<div class=\"elementor-element elementor-element-bd5d329 elementor-widget elementor-widget-heading\" data-id=\"bd5d329\" data-element_type=\"widget\" data-e-type=\"widget\" data-widget_type=\"heading.default\">\n\t\t\t\t<div class=\"elementor-widget-container\">\n\t\t\t\t\t<h3 class=\"elementor-heading-title elementor-size-small\">Need k\u00fcpsised koguvad teavet, mis aitab meil m\u00f5ista, kuidas meie veebisaiti kasutatakse, v\u00f5i aitab meil kohandada meie veebisaiti teie jaoks. Me kasutame statistilist teavet meie veebisaidi kasutamise kohta, et saavutada tulemuslikkust ja optimeerida veebisaiti.\n\nKasutame Google Analyticsi poolt pakutavaid k\u00fcpsiseid, et koguda piiratud andmeid otse l\u00f5ppkasutaja brauserist, et paremini m\u00f5ista meie veebisaidi kasutamist. Need k\u00fcpsised v\u00f5ivad j\u00e4lgida n\u00e4iteks seda, kui kaua te veebilehel viibite ja milliseid lehek\u00fclgi k\u00fclastate.  Lisateavet selle kohta, kuidas Google neid andmeid kogub ja kasutab, leiate aadressil: https:\/\/policies.google.com\/technologies\/partner-sites. V\u00f5ite loobuda k\u00f5igist Google'i toetatud anal\u00fc\u00fcsimeetoditest meie veebisaitidel, k\u00fclastades veebilehte: https:\/\/tools.google.com\/dlpage\/gaoptout. \n<\/h3>\t\t\t\t<\/div>\n\t\t\t\t<\/div>\n\t\t\t\t<div class=\"elementor-element elementor-element-a8e8e2b elementor-widget elementor-widget-heading\" data-id=\"a8e8e2b\" data-element_type=\"widget\" data-e-type=\"widget\" data-widget_type=\"heading.default\">\n\t\t\t\t<div class=\"elementor-widget-container\">\n\t\t\t\t\t<h3 class=\"elementor-heading-title elementor-size-default\">Kolmanda osapoole k\u00fcpsised<\/h3>\t\t\t\t<\/div>\n\t\t\t\t<\/div>\n\t\t\t\t<div class=\"elementor-element elementor-element-261a06e elementor-widget elementor-widget-heading\" data-id=\"261a06e\" data-element_type=\"widget\" data-e-type=\"widget\" data-widget_type=\"heading.default\">\n\t\t\t\t<div class=\"elementor-widget-container\">\n\t\t\t\t\t<h3 class=\"elementor-heading-title elementor-size-small\">M\u00f5ned k\u00fcpsised, mis on meie veebisaidil seatud, ei ole seatud esimese osapoole alusel. Veebileht v\u00f5ib sisaldada kolmandate isikute sisu reklaami eesm\u00e4rgil meie veebilehe kaudu. Need kolmanda osapoole teenusepakkujad v\u00f5ivad seada teie veebilehitsejale oma k\u00fcpsised. Kolmanda osapoole teenusepakkujad kontrollivad paljusid eespool kirjeldatud tulemuslikkuse ja funktsionaalsuse, reklaami, turunduse ja anal\u00fc\u00fcsi k\u00fcpsiseid. Kolmandate osapoolte k\u00fcpsised v\u00f5ivad kasutada teavet teie k\u00fclastuste kohta sellel ja teistel veebilehtedel, et pakkuda asjakohaseid reklaame kaupade ja teenuste kohta, mis v\u00f5ivad teid huvitada. Nende k\u00fcpsiste abil kogutud andmed ei ole meie kontrolli all, kuna nende kolmandate osapoolte k\u00fcpsiste kasutamist saab kontrollida ainult see kolmas osapool, kes need algselt seadis. \n<\/h3>\t\t\t\t<\/div>\n\t\t\t\t<\/div>\n\t\t\t\t<div class=\"elementor-element elementor-element-b51feb4 elementor-widget elementor-widget-heading\" data-id=\"b51feb4\" data-element_type=\"widget\" data-e-type=\"widget\" data-widget_type=\"heading.default\">\n\t\t\t\t<div class=\"elementor-widget-container\">\n\t\t\t\t\t<h3 class=\"elementor-heading-title elementor-size-default\">Kuidas saate k\u00fcpsiseid hallata?<\/h3>\t\t\t\t<\/div>\n\t\t\t\t<\/div>\n\t\t\t\t<div class=\"elementor-element elementor-element-2c7865f elementor-widget elementor-widget-heading\" data-id=\"2c7865f\" data-element_type=\"widget\" data-e-type=\"widget\" data-widget_type=\"heading.default\">\n\t\t\t\t<div class=\"elementor-widget-container\">\n\t\t\t\t\t<h3 class=\"elementor-heading-title elementor-size-small\">Enamik brausereid v\u00f5imaldab teil kontrollida k\u00fcpsiseid oma \"seadete\" eelistuste kaudu. Saate muuta oma brauseri seadeid, et juhtida, millises ulatuses lubate k\u00fcpsiste kasutamist ja reklaami suunamist. Kui te aga piirate veebisaitide k\u00fcpsiste seadistamise v\u00f5imalust, v\u00f5ib see halvendada teie \u00fcldist kasutajakogemust, kuna see ei ole enam teie jaoks isikup\u00e4rastatud.\n\nKui soovite seadistusi vastavalt oma eelistustele konfigureerida, vaadake lisateavet oma brauseri tootja abimen\u00fc\u00fcst.\n\n<\/h3>\t\t\t\t<\/div>\n\t\t\t\t<\/div>\n\t\t\t\t<div class=\"elementor-element elementor-element-9710fb8 elementor-widget elementor-widget-heading\" data-id=\"9710fb8\" data-element_type=\"widget\" data-e-type=\"widget\" data-widget_type=\"heading.default\">\n\t\t\t\t<div class=\"elementor-widget-container\">\n\t\t\t\t\t<h3 class=\"elementor-heading-title elementor-size-default\">K\u00fcpsiste ja sarnaste tehnoloogiate blokeerimine ja keelamine<\/h3>\t\t\t\t<\/div>\n\t\t\t\t<\/div>\n\t\t\t\t<div class=\"elementor-element elementor-element-817ac0b elementor-widget elementor-widget-heading\" data-id=\"817ac0b\" data-element_type=\"widget\" data-e-type=\"widget\" data-widget_type=\"heading.default\">\n\t\t\t\t<div class=\"elementor-widget-container\">\n\t\t\t\t\t<h3 class=\"elementor-heading-title elementor-size-small\">Te v\u00f5ite oma brauseri seadistada k\u00fcpsiste ja sarnaste tehnoloogiate blokeerimiseks, kuid see v\u00f5ib blokeerida ka meie olulised k\u00fcpsised ja takistada meie veebisaidi n\u00f5uetekohast toimimist. Veebisaidi funktsioonide ja teenuste kasutamisel v\u00f5ib tekkida m\u00f5ningaid ebamugavusi. Peate arvestama, et kui te blokeerite oma brauseris k\u00fcpsised, v\u00f5ite kaotada ka m\u00f5ned salvestatud andmed (nt saidi eelistused). Seet\u00f5ttu on soovitatav k\u00fcpsiseid mitte keelata ega blokeerida.\n\nK\u00fcpsise v\u00f5i k\u00fcpsiste kategooria keelamine ei kustuta k\u00fcpsist teie brauserist, seda peate tegema ise oma brauseris. Kui soovite k\u00fcpsiseid kustutada v\u00f5i m\u00e4\u00e4rata oma veebilehitseja k\u00fcpsiste kustutamiseks v\u00f5i keelamiseks, k\u00fclastage palun oma veebilehitseja abimen\u00fc\u00fcd.\n<\/h3>\t\t\t\t<\/div>\n\t\t\t\t<\/div>\n\t\t\t\t<div class=\"elementor-element elementor-element-23cbeb8 elementor-widget elementor-widget-heading\" data-id=\"23cbeb8\" data-element_type=\"widget\" data-e-type=\"widget\" data-widget_type=\"heading.default\">\n\t\t\t\t<div class=\"elementor-widget-container\">\n\t\t\t\t\t<h3 class=\"elementor-heading-title elementor-size-default\">Muudatused meie k\u00fcpsiste poliitikas<\/h3>\t\t\t\t<\/div>\n\t\t\t\t<\/div>\n\t\t\t\t<div class=\"elementor-element elementor-element-9c2009c elementor-widget elementor-widget-heading\" data-id=\"9c2009c\" data-element_type=\"widget\" data-e-type=\"widget\" data-widget_type=\"heading.default\">\n\t\t\t\t<div class=\"elementor-widget-container\">\n\t\t\t\t\t<h3 class=\"elementor-heading-title elementor-size-small\">Meil v\u00f5ib tekkida vajadus teha muudatusi k\u00e4esolevasse k\u00fcpsiste poliitikasse, et need kajastaksid t\u00e4pselt meie teenust ja poliitikat. Soovitame aeg-ajalt uuesti k\u00fclastada meie k\u00fcpsiste poliitikat, et olla kursis meie k\u00fcpsiste ja sellega seotud tehnoloogiate kasutamisega. Viimane asjakohane k\u00fcpsiste poliitika on leitav siit.\n\nKui me teeme muudatusi, mis muudavad meie k\u00fcpsiste poliitikat oluliselt, v\u00f5ime need muudatused meie veebisaidil esile tuua.\n<\/h3>\t\t\t\t<\/div>\n\t\t\t\t<\/div>\n\t\t\t\t<div class=\"elementor-element elementor-element-b89bbbe elementor-widget elementor-widget-heading\" data-id=\"b89bbbe\" data-element_type=\"widget\" data-e-type=\"widget\" data-widget_type=\"heading.default\">\n\t\t\t\t<div class=\"elementor-widget-container\">\n\t\t\t\t\t<h3 class=\"elementor-heading-title elementor-size-default\">Teie \u00f5igused teie isikuandmetele<\/h3>\t\t\t\t<\/div>\n\t\t\t\t<\/div>\n\t\t\t\t<div class=\"elementor-element elementor-element-e8cb0be elementor-widget elementor-widget-heading\" data-id=\"e8cb0be\" data-element_type=\"widget\" data-e-type=\"widget\" data-widget_type=\"heading.default\">\n\t\t\t\t<div class=\"elementor-widget-container\">\n\t\t\t\t\t<h3 class=\"elementor-heading-title elementor-size-small\">Teil on \u00f5igus otsustada, kas aktsepteerida v\u00f5i tagasi l\u00fckata k\u00fcpsiseid. J\u00e4tkates meie veebisaidi kasutamist, n\u00f5ustute meie k\u00fcpsiste poliitikaga ja n\u00f5ustute selle tingimustega.\n\nTeie isikuandmeid hoitakse konfidentsiaalsena. Me ei avalda, m\u00fc\u00fc ega rendi teie andmeid kolmandatele isikutele. Teie isikuandmed on piiratud Oniar O\u00dc t\u00f6\u00f6tajatega, kes v\u00f5ivad neid andmeid kasutada oma t\u00f6\u00f6\u00fclesannete t\u00e4itmisel.\n\nTeil on \u00f5igus kontrollida teid puudutavaid andmeid meie registris, \u00f5igus n\u00f5uda eba\u00f5igete andmete parandamist, \u00f5igus keelata teid puudutavate isikuandmete t\u00f6\u00f6tlemine otseturunduses.\n\nTeie taotlusel parandame, kustutame v\u00f5i t\u00e4iendame isikuandmeid, mis v\u00f5ivad olla ebat\u00e4psed, ebavajalikud, ebat\u00e4ielikud v\u00f5i aegunud. Kui soovite kasutada oma \u00f5igusi oma isikuandmete suhtes v\u00f5i kui teil on k\u00fcsimusi meie k\u00fcpsiste poliitika kohta, v\u00f5tke meiega \u00fchendust e-posti teel: dataprotection@oniar.eu. <\/h3>\t\t\t\t<\/div>\n\t\t\t\t<\/div>\n\t\t\t\t\t<\/div>\n\t\t<\/div>\n\t\t\t\t\t<\/div>\n\t\t<\/section>\n\t\t\t\t<\/div>","protected":false},"excerpt":{"rendered":"<p>Cookie policy Introduction This cookie policy explains what cookies are and how Oniar O\u00dc use them on website www.oniar.eu. This policy will help you understand what type of cookies we use, the information we collect using cookies and how this information is being used. Furthermore, it explains why we use them, as well as your [&hellip;]<\/p>\n","protected":false},"author":2,"featured_media":0,"parent":0,"menu_order":0,"comment_status":"closed","ping_status":"closed","template":"","meta":{"_eb_attr":"","_monsterinsights_skip_tracking":false,"_monsterinsights_sitenote_active":false,"_monsterinsights_sitenote_note":"","_monsterinsights_sitenote_category":0,"site-sidebar-layout":"no-sidebar","site-content-layout":"page-builder","ast-site-content-layout":"full-width-container","site-content-style":"unboxed","site-sidebar-style":"unboxed","ast-global-header-display":"","ast-banner-title-visibility":"","ast-main-header-display":"","ast-hfb-above-header-display":"","ast-hfb-below-header-display":"","ast-hfb-mobile-header-display":"","site-post-title":"disabled","ast-breadcrumbs-content":"","ast-featured-img":"disabled","footer-sml-layout":"","ast-disable-related-posts":"","theme-transparent-header-meta":"enabled","adv-header-id-meta":"","stick-header-meta":"","header-above-stick-meta":"","header-main-stick-meta":"","header-below-stick-meta":"","astra-migrate-meta-layouts":"set","ast-page-background-enabled":"default","ast-page-background-meta":{"desktop":{"background-color":"","background-image":"","background-repeat":"repeat","background-position":"center center","background-size":"auto","background-attachment":"scroll","background-type":"","background-media":"","overlay-type":"","overlay-color":"","overlay-opacity":"","overlay-gradient":""},"tablet":{"background-color":"","background-image":"","background-repeat":"repeat","background-position":"center center","background-size":"auto","background-attachment":"scroll","background-type":"","background-media":"","overlay-type":"","overlay-color":"","overlay-opacity":"","overlay-gradient":""},"mobile":{"background-color":"","background-image":"","background-repeat":"repeat","background-position":"center center","background-size":"auto","background-attachment":"scroll","background-type":"","background-media":"","overlay-type":"","overlay-color":"","overlay-opacity":"","overlay-gradient":""}},"ast-content-background-meta":{"desktop":{"background-color":"var(--ast-global-color-5)","background-image":"","background-repeat":"repeat","background-position":"center center","background-size":"auto","background-attachment":"scroll","background-type":"","background-media":"","overlay-type":"","overlay-color":"","overlay-opacity":"","overlay-gradient":""},"tablet":{"background-color":"var(--ast-global-color-5)","background-image":"","background-repeat":"repeat","background-position":"center center","background-size":"auto","background-attachment":"scroll","background-type":"","background-media":"","overlay-type":"","overlay-color":"","overlay-opacity":"","overlay-gradient":""},"mobile":{"background-color":"var(--ast-global-color-5)","background-image":"","background-repeat":"repeat","background-position":"center center","background-size":"auto","background-attachment":"scroll","background-type":"","background-media":"","overlay-type":"","overlay-color":"","overlay-opacity":"","overlay-gradient":""}},"footnotes":""},"class_list":["post-5974","page","type-page","status-publish","hentry"],"aioseo_notices":[],"_links":{"self":[{"href":"https:\/\/oniar.eu\/et\/wp-json\/wp\/v2\/pages\/5974","targetHints":{"allow":["GET"]}}],"collection":[{"href":"https:\/\/oniar.eu\/et\/wp-json\/wp\/v2\/pages"}],"about":[{"href":"https:\/\/oniar.eu\/et\/wp-json\/wp\/v2\/types\/page"}],"author":[{"embeddable":true,"href":"https:\/\/oniar.eu\/et\/wp-json\/wp\/v2\/users\/2"}],"replies":[{"embeddable":true,"href":"https:\/\/oniar.eu\/et\/wp-json\/wp\/v2\/comments?post=5974"}],"version-history":[{"count":26,"href":"https:\/\/oniar.eu\/et\/wp-json\/wp\/v2\/pages\/5974\/revisions"}],"predecessor-version":[{"id":7776,"href":"https:\/\/oniar.eu\/et\/wp-json\/wp\/v2\/pages\/5974\/revisions\/7776"}],"wp:attachment":[{"href":"https:\/\/oniar.eu\/et\/wp-json\/wp\/v2\/media?parent=5974"}],"curies":[{"name":"wp","href":"https:\/\/api.w.org\/{rel}","templated":true}]}}