{"id":5974,"date":"2022-04-28T06:17:59","date_gmt":"2022-04-28T06:17:59","guid":{"rendered":"https:\/\/oniar.eu\/\/?page_id=5974"},"modified":"2024-10-14T14:19:16","modified_gmt":"2024-10-14T14:19:16","slug":"cookie-policy","status":"publish","type":"page","link":"https:\/\/oniar.eu\/es\/cookie-policy\/","title":{"rendered":"Pol\u00edtica de cookies"},"content":{"rendered":"<div data-elementor-type=\"wp-post\" data-elementor-id=\"5974\" class=\"elementor elementor-5974\">\n\t\t\t\t\t\t<section class=\"elementor-section elementor-top-section elementor-element elementor-element-d5cb96b elementor-section-full_width elementor-section-height-min-height elementor-section-stretched elementor-section-height-default elementor-section-items-middle\" data-id=\"d5cb96b\" data-element_type=\"section\" data-e-type=\"section\" data-settings=\"{&quot;stretch_section&quot;:&quot;section-stretched&quot;,&quot;background_background&quot;:&quot;classic&quot;}\">\n\t\t\t\t\t\t<div class=\"elementor-container elementor-column-gap-default\">\n\t\t\t\t\t<div class=\"elementor-column elementor-col-100 elementor-top-column elementor-element elementor-element-b877cb7\" data-id=\"b877cb7\" data-element_type=\"column\" data-e-type=\"column\">\n\t\t\t<div class=\"elementor-widget-wrap elementor-element-populated\">\n\t\t\t\t\t\t<div class=\"elementor-element elementor-element-978fc1f elementor-widget elementor-widget-heading\" data-id=\"978fc1f\" data-element_type=\"widget\" data-e-type=\"widget\" data-widget_type=\"heading.default\">\n\t\t\t\t<div class=\"elementor-widget-container\">\n\t\t\t\t\t<h1 class=\"elementor-heading-title elementor-size-default\">Pol\u00edtica de cookies<\/h1>\t\t\t\t<\/div>\n\t\t\t\t<\/div>\n\t\t\t\t\t<\/div>\n\t\t<\/div>\n\t\t\t\t\t<\/div>\n\t\t<\/section>\n\t\t\t\t<section class=\"elementor-section elementor-top-section elementor-element elementor-element-54dfedde elementor-section-boxed elementor-section-height-default elementor-section-height-default\" data-id=\"54dfedde\" data-element_type=\"section\" data-e-type=\"section\" data-settings=\"{&quot;background_background&quot;:&quot;classic&quot;}\">\n\t\t\t\t\t\t<div class=\"elementor-container elementor-column-gap-default\">\n\t\t\t\t\t<div class=\"elementor-column elementor-col-100 elementor-top-column elementor-element elementor-element-3b5232b7\" data-id=\"3b5232b7\" data-element_type=\"column\" data-e-type=\"column\">\n\t\t\t<div class=\"elementor-widget-wrap elementor-element-populated\">\n\t\t\t\t\t\t<div class=\"elementor-element elementor-element-e4915ba elementor-widget elementor-widget-heading\" data-id=\"e4915ba\" data-element_type=\"widget\" data-e-type=\"widget\" data-widget_type=\"heading.default\">\n\t\t\t\t<div class=\"elementor-widget-container\">\n\t\t\t\t\t<h3 class=\"elementor-heading-title elementor-size-default\">Introducci\u00f3n\n\n<\/h3>\t\t\t\t<\/div>\n\t\t\t\t<\/div>\n\t\t\t\t<div class=\"elementor-element elementor-element-5dba8f1 elementor-widget elementor-widget-heading\" data-id=\"5dba8f1\" data-element_type=\"widget\" data-e-type=\"widget\" data-widget_type=\"heading.default\">\n\t\t\t\t<div class=\"elementor-widget-container\">\n\t\t\t\t\t<h3 class=\"elementor-heading-title elementor-size-small\">Esta pol\u00edtica de cookies explica qu\u00e9 son las cookies y c\u00f3mo las utiliza Oniar O\u00dc en el sitio web www.oniar.eu. Esta pol\u00edtica le ayudar\u00e1 a entender qu\u00e9 tipo de cookies utilizamos, la informaci\u00f3n que recopilamos utilizando cookies y c\u00f3mo se utiliza esta informaci\u00f3n. Adem\u00e1s, explica por qu\u00e9 las utilizamos, as\u00ed como sus derechos para controlar el uso que hacemos de ellas.\n\nTratamos los datos personales en cumplimiento de las leyes de protecci\u00f3n de datos personales aplicables, incluido el Reglamento del Parlamento Europeo y del Consejo (UE) 2016\/679 (\"GDPR\").\n\nNo almacenamos informaci\u00f3n personal sensible, como direcciones de correo, contrase\u00f1as de cuentas, etc. en las cookies que utilizamos. Para m\u00e1s informaci\u00f3n sobre c\u00f3mo utilizamos, almacenamos y mantenemos seguros sus datos personales, consulte nuestra Pol\u00edtica de Privacidad. \n<\/h3>\t\t\t\t<\/div>\n\t\t\t\t<\/div>\n\t\t\t\t<div class=\"elementor-element elementor-element-f164035 elementor-widget elementor-widget-heading\" data-id=\"f164035\" data-element_type=\"widget\" data-e-type=\"widget\" data-widget_type=\"heading.default\">\n\t\t\t\t<div class=\"elementor-widget-container\">\n\t\t\t\t\t<h3 class=\"elementor-heading-title elementor-size-default\">\u00bfQu\u00e9 es una galleta?<\/h3>\t\t\t\t<\/div>\n\t\t\t\t<\/div>\n\t\t\t\t<div class=\"elementor-element elementor-element-fd95a4d elementor-widget elementor-widget-heading\" data-id=\"fd95a4d\" data-element_type=\"widget\" data-e-type=\"widget\" data-widget_type=\"heading.default\">\n\t\t\t\t<div class=\"elementor-widget-container\">\n\t\t\t\t\t<h3 class=\"elementor-heading-title elementor-size-small\">Una cookie es un peque\u00f1o archivo de texto que se almacena en su ordenador o en otro dispositivo conectado a Internet con el fin de identificar su navegador, proporcionar an\u00e1lisis, recordar informaci\u00f3n sobre usted, como sus preferencias de idioma o informaci\u00f3n de inicio de sesi\u00f3n. Son completamente seguras y no pueden utilizarse para ejecutar programas o enviar virus a su dispositivo.\n\nCuando usted visita un sitio web o utiliza una aplicaci\u00f3n m\u00f3vil, un ordenador le pide permiso para guardar este archivo en su ordenador o dispositivo m\u00f3vil y acceder a la informaci\u00f3n.<\/h3>\t\t\t\t<\/div>\n\t\t\t\t<\/div>\n\t\t\t\t<div class=\"elementor-element elementor-element-7d66723 elementor-widget elementor-widget-heading\" data-id=\"7d66723\" data-element_type=\"widget\" data-e-type=\"widget\" data-widget_type=\"heading.default\">\n\t\t\t\t<div class=\"elementor-widget-container\">\n\t\t\t\t\t<h3 class=\"elementor-heading-title elementor-size-default\">\u00bfPor qu\u00e9 utilizamos cookies?<\/h3>\t\t\t\t<\/div>\n\t\t\t\t<\/div>\n\t\t\t\t<div class=\"elementor-element elementor-element-2885e18 elementor-widget elementor-widget-heading\" data-id=\"2885e18\" data-element_type=\"widget\" data-e-type=\"widget\" data-widget_type=\"heading.default\">\n\t\t\t\t<div class=\"elementor-widget-container\">\n\t\t\t\t\t<h3 class=\"elementor-heading-title elementor-size-small\">En nuestro sitio web utilizamos cookies de origen y\/o de terceros.\nLas cookies de origen son colocadas por el sitio web que est\u00e1 visitando. S\u00f3lo el dominio anfitri\u00f3n puede recuperar y leer el contenido de esas cookies. Las cookies de terceros habilitan caracter\u00edsticas o funcionalidades de terceros en nuestro sitio web.\n\nUtilizamos cookies para los fines :\n\n1. Para simplificar el funcionamiento y la funcionalidad de nuestro sitio web;\n2. Para mejorar su experiencia al hacer que la navegaci\u00f3n en nuestro sitio web sea m\u00e1s r\u00e1pida y f\u00e1cil;\n3. Para permitirnos entender lo que es \u00fatil o de inter\u00e9s para usted.\n4. 4. Para analizar c\u00f3mo se utiliza nuestro sitio web y c\u00f3mo podemos hacer que su uso sea m\u00e1s eficiente.\n<\/h3>\t\t\t\t<\/div>\n\t\t\t\t<\/div>\n\t\t\t\t<div class=\"elementor-element elementor-element-de22a88 elementor-widget elementor-widget-heading\" data-id=\"de22a88\" data-element_type=\"widget\" data-e-type=\"widget\" data-widget_type=\"heading.default\">\n\t\t\t\t<div class=\"elementor-widget-container\">\n\t\t\t\t\t<h3 class=\"elementor-heading-title elementor-size-default\">\u00bfQu\u00e9 tipo de cookies utilizamos?<\/h3>\t\t\t\t<\/div>\n\t\t\t\t<\/div>\n\t\t\t\t<div class=\"elementor-element elementor-element-d103921 elementor-widget elementor-widget-heading\" data-id=\"d103921\" data-element_type=\"widget\" data-e-type=\"widget\" data-widget_type=\"heading.default\">\n\t\t\t\t<div class=\"elementor-widget-container\">\n\t\t\t\t\t<h3 class=\"elementor-heading-title elementor-size-small\">Las cookies pueden ser de sesi\u00f3n o persistentes. Las cookies de sesi\u00f3n se eliminan autom\u00e1ticamente cuando se cierra el navegador. Las cookies persistentes tienen una fecha de caducidad y permanecer\u00e1n hasta que se alcance esta fecha o hasta que usted elimine las cookies. Las fechas de caducidad se establecen en las propias cookies; algunas pueden caducar a los pocos minutos mientras que otras pueden caducar al cabo de varios a\u00f1os.\n\nEn nuestro sitio web utilizamos los siguientes tipos de cookies.\n<\/h3>\t\t\t\t<\/div>\n\t\t\t\t<\/div>\n\t\t\t\t<div class=\"elementor-element elementor-element-9f516ca elementor-widget elementor-widget-heading\" data-id=\"9f516ca\" data-element_type=\"widget\" data-e-type=\"widget\" data-widget_type=\"heading.default\">\n\t\t\t\t<div class=\"elementor-widget-container\">\n\t\t\t\t\t<h3 class=\"elementor-heading-title elementor-size-default\">Cookies estrictamente necesarias y esenciales<\/h3>\t\t\t\t<\/div>\n\t\t\t\t<\/div>\n\t\t\t\t<div class=\"elementor-element elementor-element-acf9116 elementor-widget elementor-widget-heading\" data-id=\"acf9116\" data-element_type=\"widget\" data-e-type=\"widget\" data-widget_type=\"heading.default\">\n\t\t\t\t<div class=\"elementor-widget-container\">\n\t\t\t\t\t<h3 class=\"elementor-heading-title elementor-size-small\">Estas cookies son esenciales para que nuestro sitio web funcione y asegure su correcto funcionamiento. Permiten funciones b\u00e1sicas como la gesti\u00f3n de la red, sus preferencias de cookies y la accesibilidad. Estas cookies le permiten navegar por el sitio web y utilizar sus funciones.  Puede desactivarlas cambiando la configuraci\u00f3n de su navegador, pero esto puede afectar al funcionamiento de los sitios web y no podemos garantizar el funcionamiento t\u00e9cnico y el uso de nuestro sitio.<\/h3>\t\t\t\t<\/div>\n\t\t\t\t<\/div>\n\t\t\t\t<div class=\"elementor-element elementor-element-974ef26 elementor-widget elementor-widget-heading\" data-id=\"974ef26\" data-element_type=\"widget\" data-e-type=\"widget\" data-widget_type=\"heading.default\">\n\t\t\t\t<div class=\"elementor-widget-container\">\n\t\t\t\t\t<h3 class=\"elementor-heading-title elementor-size-default\">Cookies de rendimiento y funcionalidad <\/h3>\t\t\t\t<\/div>\n\t\t\t\t<\/div>\n\t\t\t\t<div class=\"elementor-element elementor-element-4d68d2d elementor-widget elementor-widget-heading\" data-id=\"4d68d2d\" data-element_type=\"widget\" data-e-type=\"widget\" data-widget_type=\"heading.default\">\n\t\t\t\t<div class=\"elementor-widget-container\">\n\t\t\t\t\t<h3 class=\"elementor-heading-title elementor-size-small\">Estas cookies no son esenciales, pero se utilizan para mejorar el rendimiento y la funcionalidad de nuestro sitio web. Sin estas cookies, algunas funciones, como los v\u00eddeos, podr\u00edan no estar disponibles o, cada vez que visite el sitio web, no podr\u00edamos recordar sus elecciones individuales (como el idioma o la regi\u00f3n). <\/h3>\t\t\t\t<\/div>\n\t\t\t\t<\/div>\n\t\t\t\t<div class=\"elementor-element elementor-element-018c9a3 elementor-widget elementor-widget-heading\" data-id=\"018c9a3\" data-element_type=\"widget\" data-e-type=\"widget\" data-widget_type=\"heading.default\">\n\t\t\t\t<div class=\"elementor-widget-container\">\n\t\t\t\t\t<h3 class=\"elementor-heading-title elementor-size-default\">Cookies de an\u00e1lisis y personalizaci\u00f3n<\/h3>\t\t\t\t<\/div>\n\t\t\t\t<\/div>\n\t\t\t\t<div class=\"elementor-element elementor-element-bd5d329 elementor-widget elementor-widget-heading\" data-id=\"bd5d329\" data-element_type=\"widget\" data-e-type=\"widget\" data-widget_type=\"heading.default\">\n\t\t\t\t<div class=\"elementor-widget-container\">\n\t\t\t\t\t<h3 class=\"elementor-heading-title elementor-size-small\">Estas cookies recogen informaci\u00f3n que se utiliza para ayudarnos a entender c\u00f3mo se utiliza nuestro sitio web o para ayudarnos a personalizar nuestro sitio web para usted. Utilizamos informaci\u00f3n estad\u00edstica sobre el uso de nuestro sitio web para el rendimiento y la optimizaci\u00f3n del mismo.\n\nUtilizamos cookies servidas por Google Analytics para recopilar datos limitados directamente de los navegadores de los usuarios finales para que podamos entender mejor su uso de nuestro sitio web. Estas cookies pueden rastrear cosas como el tiempo que pasa en el sitio y las p\u00e1ginas que visita.  Para m\u00e1s informaci\u00f3n sobre c\u00f3mo Google recopila y utiliza estos datos, puede consultar: https:\/\/policies.google.com\/technologies\/partner-sites. Puede excluirse de todos los an\u00e1lisis soportados por Google en nuestros sitios web visitando: https:\/\/tools.google.com\/dlpage\/gaoptout. \n<\/h3>\t\t\t\t<\/div>\n\t\t\t\t<\/div>\n\t\t\t\t<div class=\"elementor-element elementor-element-a8e8e2b elementor-widget elementor-widget-heading\" data-id=\"a8e8e2b\" data-element_type=\"widget\" data-e-type=\"widget\" data-widget_type=\"heading.default\">\n\t\t\t\t<div class=\"elementor-widget-container\">\n\t\t\t\t\t<h3 class=\"elementor-heading-title elementor-size-default\">Cookies de terceros<\/h3>\t\t\t\t<\/div>\n\t\t\t\t<\/div>\n\t\t\t\t<div class=\"elementor-element elementor-element-261a06e elementor-widget elementor-widget-heading\" data-id=\"261a06e\" data-element_type=\"widget\" data-e-type=\"widget\" data-widget_type=\"heading.default\">\n\t\t\t\t<div class=\"elementor-widget-container\">\n\t\t\t\t\t<h3 class=\"elementor-heading-title elementor-size-small\">Algunas de las cookies que se han instalado en nuestro sitio web no son de origen. El sitio web puede contener contenidos de terceros con fines publicitarios a trav\u00e9s de nuestro sitio web. Estos proveedores de servicios de terceros pueden establecer sus propias cookies en su navegador web. Los proveedores de servicios de terceros controlan muchas de las cookies de rendimiento y funcionalidad, publicidad, marketing y an\u00e1lisis descritas anteriormente. Las cookies de terceros pueden utilizar informaci\u00f3n sobre sus visitas a este y otros sitios web para ofrecerle anuncios relevantes sobre bienes y servicios que puedan interesarle. Los datos recogidos por estas cookies no est\u00e1n bajo nuestro control, ya que el uso de estas cookies de terceros s\u00f3lo puede ser consultado por el tercero que las estableci\u00f3 originalmente. \n<\/h3>\t\t\t\t<\/div>\n\t\t\t\t<\/div>\n\t\t\t\t<div class=\"elementor-element elementor-element-b51feb4 elementor-widget elementor-widget-heading\" data-id=\"b51feb4\" data-element_type=\"widget\" data-e-type=\"widget\" data-widget_type=\"heading.default\">\n\t\t\t\t<div class=\"elementor-widget-container\">\n\t\t\t\t\t<h3 class=\"elementor-heading-title elementor-size-default\">\u00bfC\u00f3mo puede gestionar las cookies?<\/h3>\t\t\t\t<\/div>\n\t\t\t\t<\/div>\n\t\t\t\t<div class=\"elementor-element elementor-element-2c7865f elementor-widget elementor-widget-heading\" data-id=\"2c7865f\" data-element_type=\"widget\" data-e-type=\"widget\" data-widget_type=\"heading.default\">\n\t\t\t\t<div class=\"elementor-widget-container\">\n\t\t\t\t\t<h3 class=\"elementor-heading-title elementor-size-small\">La mayor\u00eda de los navegadores le permiten controlar las cookies a trav\u00e9s de sus preferencias de \"configuraci\u00f3n\". Puede cambiar la configuraci\u00f3n de su navegador para gestionar hasta qu\u00e9 punto permite el uso de cookies y la orientaci\u00f3n de la publicidad. Sin embargo, si limita la capacidad de los sitios web para establecer cookies, puede empeorar su experiencia general de usuario, ya que dejar\u00e1 de ser personalizada para usted.\n\nSi desea configurar los ajustes seg\u00fan sus preferencias, consulte el men\u00fa de ayuda del fabricante de su navegador para obtener m\u00e1s informaci\u00f3n.\n\n<\/h3>\t\t\t\t<\/div>\n\t\t\t\t<\/div>\n\t\t\t\t<div class=\"elementor-element elementor-element-9710fb8 elementor-widget elementor-widget-heading\" data-id=\"9710fb8\" data-element_type=\"widget\" data-e-type=\"widget\" data-widget_type=\"heading.default\">\n\t\t\t\t<div class=\"elementor-widget-container\">\n\t\t\t\t\t<h3 class=\"elementor-heading-title elementor-size-default\">Bloqueo y desactivaci\u00f3n de cookies y tecnolog\u00edas similares<\/h3>\t\t\t\t<\/div>\n\t\t\t\t<\/div>\n\t\t\t\t<div class=\"elementor-element elementor-element-817ac0b elementor-widget elementor-widget-heading\" data-id=\"817ac0b\" data-element_type=\"widget\" data-e-type=\"widget\" data-widget_type=\"heading.default\">\n\t\t\t\t<div class=\"elementor-widget-container\">\n\t\t\t\t\t<h3 class=\"elementor-heading-title elementor-size-small\">Puede configurar su navegador para bloquear las cookies y tecnolog\u00edas similares, pero esto tambi\u00e9n puede bloquear nuestras cookies esenciales e impedir que nuestro sitio web funcione correctamente. Puede experimentar algunos inconvenientes en el uso de las funciones y servicios del sitio web. Debe tener en cuenta que tambi\u00e9n puede perder alguna informaci\u00f3n guardada (por ejemplo, las preferencias del sitio) si bloquea las cookies en su navegador. Por lo tanto, se recomienda no desactivar ni bloquear las cookies.\n\nDesactivar una cookie o una categor\u00eda de cookies no elimina la cookie de su navegador, tendr\u00e1 que hacerlo usted mismo desde su navegador. Si desea eliminar las cookies o asignar a su navegador web la eliminaci\u00f3n o el rechazo de las mismas, visite el men\u00fa de ayuda de su navegador web.\n<\/h3>\t\t\t\t<\/div>\n\t\t\t\t<\/div>\n\t\t\t\t<div class=\"elementor-element elementor-element-23cbeb8 elementor-widget elementor-widget-heading\" data-id=\"23cbeb8\" data-element_type=\"widget\" data-e-type=\"widget\" data-widget_type=\"heading.default\">\n\t\t\t\t<div class=\"elementor-widget-container\">\n\t\t\t\t\t<h3 class=\"elementor-heading-title elementor-size-default\">Cambios en nuestra pol\u00edtica de cookies<\/h3>\t\t\t\t<\/div>\n\t\t\t\t<\/div>\n\t\t\t\t<div class=\"elementor-element elementor-element-9c2009c elementor-widget elementor-widget-heading\" data-id=\"9c2009c\" data-element_type=\"widget\" data-e-type=\"widget\" data-widget_type=\"heading.default\">\n\t\t\t\t<div class=\"elementor-widget-container\">\n\t\t\t\t\t<h3 class=\"elementor-heading-title elementor-size-small\">Es posible que tengamos que hacer cambios en esta pol\u00edtica de cookies para que reflejen con exactitud nuestro servicio y nuestras pol\u00edticas. Le recomendamos que vuelva a visitar nuestra pol\u00edtica de cookies de vez en cuando para mantenerse informado sobre nuestro uso de las cookies y las tecnolog\u00edas relacionadas. La \u00faltima pol\u00edtica de cookies relevante se puede encontrar aqu\u00ed.\n\nSi hici\u00e9ramos cambios que modificaran significativamente nuestra pol\u00edtica de cookies, podr\u00edamos destacar los cambios en nuestro sitio web.\n<\/h3>\t\t\t\t<\/div>\n\t\t\t\t<\/div>\n\t\t\t\t<div class=\"elementor-element elementor-element-b89bbbe elementor-widget elementor-widget-heading\" data-id=\"b89bbbe\" data-element_type=\"widget\" data-e-type=\"widget\" data-widget_type=\"heading.default\">\n\t\t\t\t<div class=\"elementor-widget-container\">\n\t\t\t\t\t<h3 class=\"elementor-heading-title elementor-size-default\">Sus derechos sobre sus datos personales<\/h3>\t\t\t\t<\/div>\n\t\t\t\t<\/div>\n\t\t\t\t<div class=\"elementor-element elementor-element-e8cb0be elementor-widget elementor-widget-heading\" data-id=\"e8cb0be\" data-element_type=\"widget\" data-e-type=\"widget\" data-widget_type=\"heading.default\">\n\t\t\t\t<div class=\"elementor-widget-container\">\n\t\t\t\t\t<h3 class=\"elementor-heading-title elementor-size-small\">Usted tiene derecho a decidir si acepta o rechaza las cookies. Al continuar utilizando nuestro sitio web, usted acepta nuestra pol\u00edtica de cookies y est\u00e1 de acuerdo con sus t\u00e9rminos.\n\nSus datos personales son confidenciales. No revelamos, vendemos ni alquilamos su informaci\u00f3n a terceros. Sus datos personales est\u00e1n restringidos a los empleados de Oniar O\u00dc que pueden utilizar esta informaci\u00f3n en sus funciones.\n\nTiene derecho a verificar la informaci\u00f3n sobre usted en nuestro registro, a solicitar la correcci\u00f3n de la informaci\u00f3n incorrecta y a prohibir el tratamiento de los datos personales que le conciernen en la comercializaci\u00f3n directa.\n\nSi lo solicita, corregiremos, eliminaremos o complementaremos la informaci\u00f3n personal que pueda ser inexacta, innecesaria, incompleta o anticuada. Para ejercer sus derechos sobre sus datos personales o si tiene alguna pregunta sobre nuestra Pol\u00edtica de Cookies, p\u00f3ngase en contacto con nosotros a trav\u00e9s del correo electr\u00f3nico: dataprotection@oniar.eu <\/h3>\t\t\t\t<\/div>\n\t\t\t\t<\/div>\n\t\t\t\t\t<\/div>\n\t\t<\/div>\n\t\t\t\t\t<\/div>\n\t\t<\/section>\n\t\t\t\t<\/div>","protected":false},"excerpt":{"rendered":"<p>Cookie policy Introduction This cookie policy explains what cookies are and how Oniar O\u00dc use them on website www.oniar.eu. This policy will help you understand what type of cookies we use, the information we collect using cookies and how this information is being used. Furthermore, it explains why we use them, as well as your [&hellip;]<\/p>\n","protected":false},"author":2,"featured_media":0,"parent":0,"menu_order":0,"comment_status":"closed","ping_status":"closed","template":"","meta":{"_eb_attr":"","_monsterinsights_skip_tracking":false,"_monsterinsights_sitenote_active":false,"_monsterinsights_sitenote_note":"","_monsterinsights_sitenote_category":0,"site-sidebar-layout":"no-sidebar","site-content-layout":"page-builder","ast-site-content-layout":"full-width-container","site-content-style":"unboxed","site-sidebar-style":"unboxed","ast-global-header-display":"","ast-banner-title-visibility":"","ast-main-header-display":"","ast-hfb-above-header-display":"","ast-hfb-below-header-display":"","ast-hfb-mobile-header-display":"","site-post-title":"disabled","ast-breadcrumbs-content":"","ast-featured-img":"disabled","footer-sml-layout":"","ast-disable-related-posts":"","theme-transparent-header-meta":"enabled","adv-header-id-meta":"","stick-header-meta":"","header-above-stick-meta":"","header-main-stick-meta":"","header-below-stick-meta":"","astra-migrate-meta-layouts":"set","ast-page-background-enabled":"default","ast-page-background-meta":{"desktop":{"background-color":"","background-image":"","background-repeat":"repeat","background-position":"center center","background-size":"auto","background-attachment":"scroll","background-type":"","background-media":"","overlay-type":"","overlay-color":"","overlay-opacity":"","overlay-gradient":""},"tablet":{"background-color":"","background-image":"","background-repeat":"repeat","background-position":"center center","background-size":"auto","background-attachment":"scroll","background-type":"","background-media":"","overlay-type":"","overlay-color":"","overlay-opacity":"","overlay-gradient":""},"mobile":{"background-color":"","background-image":"","background-repeat":"repeat","background-position":"center center","background-size":"auto","background-attachment":"scroll","background-type":"","background-media":"","overlay-type":"","overlay-color":"","overlay-opacity":"","overlay-gradient":""}},"ast-content-background-meta":{"desktop":{"background-color":"var(--ast-global-color-5)","background-image":"","background-repeat":"repeat","background-position":"center center","background-size":"auto","background-attachment":"scroll","background-type":"","background-media":"","overlay-type":"","overlay-color":"","overlay-opacity":"","overlay-gradient":""},"tablet":{"background-color":"var(--ast-global-color-5)","background-image":"","background-repeat":"repeat","background-position":"center center","background-size":"auto","background-attachment":"scroll","background-type":"","background-media":"","overlay-type":"","overlay-color":"","overlay-opacity":"","overlay-gradient":""},"mobile":{"background-color":"var(--ast-global-color-5)","background-image":"","background-repeat":"repeat","background-position":"center center","background-size":"auto","background-attachment":"scroll","background-type":"","background-media":"","overlay-type":"","overlay-color":"","overlay-opacity":"","overlay-gradient":""}},"footnotes":""},"class_list":["post-5974","page","type-page","status-publish","hentry"],"aioseo_notices":[],"_links":{"self":[{"href":"https:\/\/oniar.eu\/es\/wp-json\/wp\/v2\/pages\/5974","targetHints":{"allow":["GET"]}}],"collection":[{"href":"https:\/\/oniar.eu\/es\/wp-json\/wp\/v2\/pages"}],"about":[{"href":"https:\/\/oniar.eu\/es\/wp-json\/wp\/v2\/types\/page"}],"author":[{"embeddable":true,"href":"https:\/\/oniar.eu\/es\/wp-json\/wp\/v2\/users\/2"}],"replies":[{"embeddable":true,"href":"https:\/\/oniar.eu\/es\/wp-json\/wp\/v2\/comments?post=5974"}],"version-history":[{"count":26,"href":"https:\/\/oniar.eu\/es\/wp-json\/wp\/v2\/pages\/5974\/revisions"}],"predecessor-version":[{"id":7776,"href":"https:\/\/oniar.eu\/es\/wp-json\/wp\/v2\/pages\/5974\/revisions\/7776"}],"wp:attachment":[{"href":"https:\/\/oniar.eu\/es\/wp-json\/wp\/v2\/media?parent=5974"}],"curies":[{"name":"wp","href":"https:\/\/api.w.org\/{rel}","templated":true}]}}