{"id":5974,"date":"2022-04-28T06:17:59","date_gmt":"2022-04-28T06:17:59","guid":{"rendered":"https:\/\/oniar.eu\/\/?page_id=5974"},"modified":"2024-10-14T14:19:16","modified_gmt":"2024-10-14T14:19:16","slug":"cookie-policy","status":"publish","type":"page","link":"https:\/\/oniar.eu\/de\/cookie-policy\/","title":{"rendered":"Cookie-Politik"},"content":{"rendered":"<div data-elementor-type=\"wp-post\" data-elementor-id=\"5974\" class=\"elementor elementor-5974\">\n\t\t\t\t\t\t<section class=\"elementor-section elementor-top-section elementor-element elementor-element-d5cb96b elementor-section-full_width elementor-section-height-min-height elementor-section-stretched elementor-section-height-default elementor-section-items-middle\" data-id=\"d5cb96b\" data-element_type=\"section\" data-e-type=\"section\" data-settings=\"{&quot;stretch_section&quot;:&quot;section-stretched&quot;,&quot;background_background&quot;:&quot;classic&quot;}\">\n\t\t\t\t\t\t<div class=\"elementor-container elementor-column-gap-default\">\n\t\t\t\t\t<div class=\"elementor-column elementor-col-100 elementor-top-column elementor-element elementor-element-b877cb7\" data-id=\"b877cb7\" data-element_type=\"column\" data-e-type=\"column\">\n\t\t\t<div class=\"elementor-widget-wrap elementor-element-populated\">\n\t\t\t\t\t\t<div class=\"elementor-element elementor-element-978fc1f elementor-widget elementor-widget-heading\" data-id=\"978fc1f\" data-element_type=\"widget\" data-e-type=\"widget\" data-widget_type=\"heading.default\">\n\t\t\t\t<div class=\"elementor-widget-container\">\n\t\t\t\t\t<h1 class=\"elementor-heading-title elementor-size-default\">Cookie-Politik<\/h1>\t\t\t\t<\/div>\n\t\t\t\t<\/div>\n\t\t\t\t\t<\/div>\n\t\t<\/div>\n\t\t\t\t\t<\/div>\n\t\t<\/section>\n\t\t\t\t<section class=\"elementor-section elementor-top-section elementor-element elementor-element-54dfedde elementor-section-boxed elementor-section-height-default elementor-section-height-default\" data-id=\"54dfedde\" data-element_type=\"section\" data-e-type=\"section\" data-settings=\"{&quot;background_background&quot;:&quot;classic&quot;}\">\n\t\t\t\t\t\t<div class=\"elementor-container elementor-column-gap-default\">\n\t\t\t\t\t<div class=\"elementor-column elementor-col-100 elementor-top-column elementor-element elementor-element-3b5232b7\" data-id=\"3b5232b7\" data-element_type=\"column\" data-e-type=\"column\">\n\t\t\t<div class=\"elementor-widget-wrap elementor-element-populated\">\n\t\t\t\t\t\t<div class=\"elementor-element elementor-element-e4915ba elementor-widget elementor-widget-heading\" data-id=\"e4915ba\" data-element_type=\"widget\" data-e-type=\"widget\" data-widget_type=\"heading.default\">\n\t\t\t\t<div class=\"elementor-widget-container\">\n\t\t\t\t\t<h3 class=\"elementor-heading-title elementor-size-default\">Einf\u00fchrung\n\n<\/h3>\t\t\t\t<\/div>\n\t\t\t\t<\/div>\n\t\t\t\t<div class=\"elementor-element elementor-element-5dba8f1 elementor-widget elementor-widget-heading\" data-id=\"5dba8f1\" data-element_type=\"widget\" data-e-type=\"widget\" data-widget_type=\"heading.default\">\n\t\t\t\t<div class=\"elementor-widget-container\">\n\t\t\t\t\t<h3 class=\"elementor-heading-title elementor-size-small\">Diese Cookie-Richtlinie erkl\u00e4rt, was Cookies sind und wie Oniar O\u00dc sie auf der Website www.oniar.eu verwendet. Diese Richtlinie soll Ihnen helfen zu verstehen, welche Art von Cookies wir verwenden, welche Informationen wir mit Hilfe von Cookies sammeln und wie diese Informationen verwendet werden. Au\u00dferdem wird erkl\u00e4rt, warum wir sie verwenden und welche Rechte Sie haben, um unsere Verwendung zu kontrollieren.\n\nWir verarbeiten personenbezogene Daten in \u00dcbereinstimmung mit den geltenden Gesetzen zum Schutz personenbezogener Daten, einschlie\u00dflich der Verordnung des Europ\u00e4ischen Parlaments und des Rates (EU) 2016\/679 (\"GDPR\").\n\nIn den von uns verwendeten Cookies werden keine sensiblen personenbezogenen Daten wie Postadressen, Kontopassw\u00f6rter usw. gespeichert. Weitere Informationen dar\u00fcber, wie wir Ihre personenbezogenen Daten verwenden, speichern und sicher aufbewahren, finden Sie in unserer Datenschutzrichtlinie. \n<\/h3>\t\t\t\t<\/div>\n\t\t\t\t<\/div>\n\t\t\t\t<div class=\"elementor-element elementor-element-f164035 elementor-widget elementor-widget-heading\" data-id=\"f164035\" data-element_type=\"widget\" data-e-type=\"widget\" data-widget_type=\"heading.default\">\n\t\t\t\t<div class=\"elementor-widget-container\">\n\t\t\t\t\t<h3 class=\"elementor-heading-title elementor-size-default\">Was ist ein Keks?<\/h3>\t\t\t\t<\/div>\n\t\t\t\t<\/div>\n\t\t\t\t<div class=\"elementor-element elementor-element-fd95a4d elementor-widget elementor-widget-heading\" data-id=\"fd95a4d\" data-element_type=\"widget\" data-e-type=\"widget\" data-widget_type=\"heading.default\">\n\t\t\t\t<div class=\"elementor-widget-container\">\n\t\t\t\t\t<h3 class=\"elementor-heading-title elementor-size-small\">Ein Cookie ist eine kleine Textdatei, die auf Ihrem Computer oder einem anderen mit dem Internet verbundenen Ger\u00e4t gespeichert wird, um Ihren Browser zu identifizieren, Analysen zu erstellen und Informationen \u00fcber Sie zu speichern, wie z. B. Ihre Spracheinstellungen oder Anmeldeinformationen. Sie sind v\u00f6llig sicher und k\u00f6nnen nicht verwendet werden, um Programme auszuf\u00fchren oder Viren auf Ihr Ger\u00e4t zu \u00fcbertragen.\n\nWenn Sie eine Website besuchen oder eine mobile Anwendung nutzen, bittet ein Computer Ihren Computer oder Ihr mobiles Ger\u00e4t um die Erlaubnis, diese Datei auf Ihrem Computer oder mobilen Ger\u00e4t zu speichern und Zugang zu Informationen zu erhalten.<\/h3>\t\t\t\t<\/div>\n\t\t\t\t<\/div>\n\t\t\t\t<div class=\"elementor-element elementor-element-7d66723 elementor-widget elementor-widget-heading\" data-id=\"7d66723\" data-element_type=\"widget\" data-e-type=\"widget\" data-widget_type=\"heading.default\">\n\t\t\t\t<div class=\"elementor-widget-container\">\n\t\t\t\t\t<h3 class=\"elementor-heading-title elementor-size-default\">Warum verwenden wir Cookies?<\/h3>\t\t\t\t<\/div>\n\t\t\t\t<\/div>\n\t\t\t\t<div class=\"elementor-element elementor-element-2885e18 elementor-widget elementor-widget-heading\" data-id=\"2885e18\" data-element_type=\"widget\" data-e-type=\"widget\" data-widget_type=\"heading.default\">\n\t\t\t\t<div class=\"elementor-widget-container\">\n\t\t\t\t\t<h3 class=\"elementor-heading-title elementor-size-small\">Wir verwenden auf unserer Website Cookies von Erstanbietern und\/oder Drittanbietern.\nFirst-Party-Cookies werden von der Website, die Sie besuchen, gesetzt. Nur die Host-Dom\u00e4ne kann den Inhalt dieser Cookies abrufen und lesen. Cookies von Drittanbietern erm\u00f6glichen Merkmale oder Funktionen von Drittanbietern auf unserer Website.\n\nWir verwenden Cookies f\u00fcr die Zwecke :\n\n1. Um den Betrieb und die Funktionalit\u00e4t unserer Website zu vereinfachen;\n2. Um Ihre Erfahrung zu verbessern und die Navigation auf unserer Website schneller und einfacher zu machen;\n3. Um zu verstehen, was f\u00fcr Sie n\u00fctzlich oder von Interesse ist.\n4. Um zu analysieren, wie unsere Website genutzt wird und wie wir ihre Nutzung effizienter gestalten k\u00f6nnen.\n<\/h3>\t\t\t\t<\/div>\n\t\t\t\t<\/div>\n\t\t\t\t<div class=\"elementor-element elementor-element-de22a88 elementor-widget elementor-widget-heading\" data-id=\"de22a88\" data-element_type=\"widget\" data-e-type=\"widget\" data-widget_type=\"heading.default\">\n\t\t\t\t<div class=\"elementor-widget-container\">\n\t\t\t\t\t<h3 class=\"elementor-heading-title elementor-size-default\">Welche Art von Cookies verwenden wir?<\/h3>\t\t\t\t<\/div>\n\t\t\t\t<\/div>\n\t\t\t\t<div class=\"elementor-element elementor-element-d103921 elementor-widget elementor-widget-heading\" data-id=\"d103921\" data-element_type=\"widget\" data-e-type=\"widget\" data-widget_type=\"heading.default\">\n\t\t\t\t<div class=\"elementor-widget-container\">\n\t\t\t\t\t<h3 class=\"elementor-heading-title elementor-size-small\">Cookies k\u00f6nnen entweder Sitzungscookies oder dauerhafte Cookies sein. Sitzungscookies werden automatisch gel\u00f6scht, wenn Sie Ihren Browser schlie\u00dfen. Dauerhafte Cookies haben ein Verfallsdatum und bleiben so lange erhalten, bis dieses Datum erreicht ist oder Sie Ihre Cookies l\u00f6schen. Das Verfallsdatum wird in den Cookies selbst festgelegt; einige k\u00f6nnen nach wenigen Minuten ablaufen, andere nach mehreren Jahren.\n\nWir verwenden die folgenden Arten von Cookies auf unserer Website.\n<\/h3>\t\t\t\t<\/div>\n\t\t\t\t<\/div>\n\t\t\t\t<div class=\"elementor-element elementor-element-9f516ca elementor-widget elementor-widget-heading\" data-id=\"9f516ca\" data-element_type=\"widget\" data-e-type=\"widget\" data-widget_type=\"heading.default\">\n\t\t\t\t<div class=\"elementor-widget-container\">\n\t\t\t\t\t<h3 class=\"elementor-heading-title elementor-size-default\">Streng notwendige und wesentliche Cookies<\/h3>\t\t\t\t<\/div>\n\t\t\t\t<\/div>\n\t\t\t\t<div class=\"elementor-element elementor-element-acf9116 elementor-widget elementor-widget-heading\" data-id=\"acf9116\" data-element_type=\"widget\" data-e-type=\"widget\" data-widget_type=\"heading.default\">\n\t\t\t\t<div class=\"elementor-widget-container\">\n\t\t\t\t\t<h3 class=\"elementor-heading-title elementor-size-small\">Diese Cookies sind f\u00fcr das Funktionieren unserer Website und die Gew\u00e4hrleistung der ordnungsgem\u00e4\u00dfen Funktion unerl\u00e4sslich. Sie erm\u00f6glichen grundlegende Funktionen wie die Netzwerkverwaltung, Ihre Cookie-Einstellungen und die Erreichbarkeit. Diese Cookies erm\u00f6glichen es Ihnen, auf der Website zu navigieren und ihre Funktionen zu nutzen.  Sie k\u00f6nnen sie deaktivieren, indem Sie die Einstellungen Ihres Browsers \u00e4ndern. Dies kann jedoch die Funktion der Website beeintr\u00e4chtigen, und wir k\u00f6nnen den technischen Betrieb und die Nutzung unserer Website nicht garantieren.<\/h3>\t\t\t\t<\/div>\n\t\t\t\t<\/div>\n\t\t\t\t<div class=\"elementor-element elementor-element-974ef26 elementor-widget elementor-widget-heading\" data-id=\"974ef26\" data-element_type=\"widget\" data-e-type=\"widget\" data-widget_type=\"heading.default\">\n\t\t\t\t<div class=\"elementor-widget-container\">\n\t\t\t\t\t<h3 class=\"elementor-heading-title elementor-size-default\">Leistungs- und Funktionalit\u00e4ts-Cookies <\/h3>\t\t\t\t<\/div>\n\t\t\t\t<\/div>\n\t\t\t\t<div class=\"elementor-element elementor-element-4d68d2d elementor-widget elementor-widget-heading\" data-id=\"4d68d2d\" data-element_type=\"widget\" data-e-type=\"widget\" data-widget_type=\"heading.default\">\n\t\t\t\t<div class=\"elementor-widget-container\">\n\t\t\t\t\t<h3 class=\"elementor-heading-title elementor-size-small\">Diese Cookies sind nicht unbedingt erforderlich, werden aber verwendet, um die Leistung und Funktionalit\u00e4t unserer Website zu verbessern. Ohne diese Cookies k\u00f6nnten bestimmte Funktionen wie z. B. Videos nicht verf\u00fcgbar sein, oder wir w\u00e4ren nicht in der Lage, uns bei jedem Besuch der Website an Ihre individuellen Einstellungen (wie Sprache oder Region) zu erinnern. <\/h3>\t\t\t\t<\/div>\n\t\t\t\t<\/div>\n\t\t\t\t<div class=\"elementor-element elementor-element-018c9a3 elementor-widget elementor-widget-heading\" data-id=\"018c9a3\" data-element_type=\"widget\" data-e-type=\"widget\" data-widget_type=\"heading.default\">\n\t\t\t\t<div class=\"elementor-widget-container\">\n\t\t\t\t\t<h3 class=\"elementor-heading-title elementor-size-default\">Analyse- und Anpassungs-Cookies<\/h3>\t\t\t\t<\/div>\n\t\t\t\t<\/div>\n\t\t\t\t<div class=\"elementor-element elementor-element-bd5d329 elementor-widget elementor-widget-heading\" data-id=\"bd5d329\" data-element_type=\"widget\" data-e-type=\"widget\" data-widget_type=\"heading.default\">\n\t\t\t\t<div class=\"elementor-widget-container\">\n\t\t\t\t\t<h3 class=\"elementor-heading-title elementor-size-small\">Diese Cookies sammeln Informationen, die uns helfen zu verstehen, wie unsere Website genutzt wird, oder die uns helfen, unsere Website f\u00fcr Sie anzupassen. Wir verwenden statistische Informationen \u00fcber die Nutzung unserer Website f\u00fcr die Leistung und Optimierung der Website.\n\nWir verwenden Cookies, die von Google Analytics bereitgestellt werden, um begrenzte Daten direkt von den Browsern der Endbenutzer zu sammeln, damit wir Ihre Nutzung unserer Website besser verstehen k\u00f6nnen. Diese Cookies k\u00f6nnen unter anderem aufzeichnen, wie lange Sie auf der Website verweilen und welche Seiten Sie besuchen.  Weitere Informationen dar\u00fcber, wie Google diese Daten sammelt und verwendet, finden Sie unter: https:\/\/policies.google.com\/technologies\/partner-sites. Sie k\u00f6nnen alle von Google unterst\u00fctzten Analysefunktionen auf unseren Websites deaktivieren, indem Sie folgende Website besuchen: https:\/\/tools.google.com\/dlpage\/gaoptout. \n<\/h3>\t\t\t\t<\/div>\n\t\t\t\t<\/div>\n\t\t\t\t<div class=\"elementor-element elementor-element-a8e8e2b elementor-widget elementor-widget-heading\" data-id=\"a8e8e2b\" data-element_type=\"widget\" data-e-type=\"widget\" data-widget_type=\"heading.default\">\n\t\t\t\t<div class=\"elementor-widget-container\">\n\t\t\t\t\t<h3 class=\"elementor-heading-title elementor-size-default\">Cookies von Dritten<\/h3>\t\t\t\t<\/div>\n\t\t\t\t<\/div>\n\t\t\t\t<div class=\"elementor-element elementor-element-261a06e elementor-widget elementor-widget-heading\" data-id=\"261a06e\" data-element_type=\"widget\" data-e-type=\"widget\" data-widget_type=\"heading.default\">\n\t\t\t\t<div class=\"elementor-widget-container\">\n\t\t\t\t\t<h3 class=\"elementor-heading-title elementor-size-small\">Einige Cookies, die auf unserer Website gesetzt wurden, werden nicht von der ersten Partei gesetzt. Die Website kann Inhalte von Drittanbietern zu Werbezwecken \u00fcber unsere Website enthalten. Diese Drittanbieter k\u00f6nnen ihre eigenen Cookies in Ihrem Webbrowser setzen. Drittanbieter kontrollieren viele der oben beschriebenen Leistungs- und Funktions-, Werbe-, Marketing- und Analyse-Cookies. Cookies von Drittanbietern k\u00f6nnen Informationen \u00fcber Ihre Besuche auf dieser und anderen Websites verwenden, um Ihnen relevante Werbung f\u00fcr Waren und Dienstleistungen anzubieten, die Sie interessieren k\u00f6nnten. Die von diesen Cookies gesammelten Daten stehen nicht unter unserer Kontrolle, da die Verwendung dieser Drittanbieter-Cookies nur von der dritten Partei eingesehen werden kann, die sie urspr\u00fcnglich gesetzt hat. \n<\/h3>\t\t\t\t<\/div>\n\t\t\t\t<\/div>\n\t\t\t\t<div class=\"elementor-element elementor-element-b51feb4 elementor-widget elementor-widget-heading\" data-id=\"b51feb4\" data-element_type=\"widget\" data-e-type=\"widget\" data-widget_type=\"heading.default\">\n\t\t\t\t<div class=\"elementor-widget-container\">\n\t\t\t\t\t<h3 class=\"elementor-heading-title elementor-size-default\">Wie k\u00f6nnen Sie Cookies verwalten?<\/h3>\t\t\t\t<\/div>\n\t\t\t\t<\/div>\n\t\t\t\t<div class=\"elementor-element elementor-element-2c7865f elementor-widget elementor-widget-heading\" data-id=\"2c7865f\" data-element_type=\"widget\" data-e-type=\"widget\" data-widget_type=\"heading.default\">\n\t\t\t\t<div class=\"elementor-widget-container\">\n\t\t\t\t\t<h3 class=\"elementor-heading-title elementor-size-small\">Bei den meisten Browsern k\u00f6nnen Sie \u00fcber die \"Einstellungen\" die Verwendung von Cookies kontrollieren. Sie k\u00f6nnen Ihre Browsereinstellungen \u00e4ndern, um zu bestimmen, in welchem Umfang Sie die Verwendung von Cookies und die gezielte Werbung zulassen. Wenn Sie jedoch die F\u00e4higkeit von Websites, Cookies zu setzen, einschr\u00e4nken, k\u00f6nnen Sie Ihr Nutzererlebnis insgesamt verschlechtern, da es nicht mehr auf Sie zugeschnitten ist.\n\nWenn Sie die Einstellungen nach Ihren W\u00fcnschen konfigurieren m\u00f6chten, finden Sie weitere Informationen im Hilfemen\u00fc Ihres Browserherstellers.\n\n<\/h3>\t\t\t\t<\/div>\n\t\t\t\t<\/div>\n\t\t\t\t<div class=\"elementor-element elementor-element-9710fb8 elementor-widget elementor-widget-heading\" data-id=\"9710fb8\" data-element_type=\"widget\" data-e-type=\"widget\" data-widget_type=\"heading.default\">\n\t\t\t\t<div class=\"elementor-widget-container\">\n\t\t\t\t\t<h3 class=\"elementor-heading-title elementor-size-default\">Blockieren und Deaktivieren von Cookies und \u00e4hnlichen Technologien<\/h3>\t\t\t\t<\/div>\n\t\t\t\t<\/div>\n\t\t\t\t<div class=\"elementor-element elementor-element-817ac0b elementor-widget elementor-widget-heading\" data-id=\"817ac0b\" data-element_type=\"widget\" data-e-type=\"widget\" data-widget_type=\"heading.default\">\n\t\t\t\t<div class=\"elementor-widget-container\">\n\t\t\t\t\t<h3 class=\"elementor-heading-title elementor-size-small\">Sie k\u00f6nnen Ihren Browser so einstellen, dass er Cookies und \u00e4hnliche Technologien blockiert; dies kann jedoch auch unsere wichtigen Cookies blockieren und verhindern, dass unsere Website ordnungsgem\u00e4\u00df funktioniert. Es kann sein, dass Sie einige Unannehmlichkeiten bei der Nutzung von Funktionen und Diensten der Website haben. Sie sollten sich dar\u00fcber im Klaren sein, dass Sie auch einige gespeicherte Informationen (z. B. Website-Einstellungen) verlieren k\u00f6nnen, wenn Sie Cookies in Ihrem Browser blockieren. Es wird daher empfohlen, Cookies nicht zu deaktivieren oder zu blockieren.\n\nWenn Sie ein Cookie oder eine Cookie-Kategorie deaktivieren, wird das Cookie nicht aus Ihrem Browser gel\u00f6scht; Sie m\u00fcssen dies selbst in Ihrem Browser tun. Wenn Sie Cookies l\u00f6schen oder Ihren Webbrowser so einstellen m\u00f6chten, dass er Cookies l\u00f6scht oder ablehnt, besuchen Sie bitte das Hilfemen\u00fc Ihres Webbrowsers.\n<\/h3>\t\t\t\t<\/div>\n\t\t\t\t<\/div>\n\t\t\t\t<div class=\"elementor-element elementor-element-23cbeb8 elementor-widget elementor-widget-heading\" data-id=\"23cbeb8\" data-element_type=\"widget\" data-e-type=\"widget\" data-widget_type=\"heading.default\">\n\t\t\t\t<div class=\"elementor-widget-container\">\n\t\t\t\t\t<h3 class=\"elementor-heading-title elementor-size-default\">\u00c4nderungen an unserer Cookie-Richtlinie<\/h3>\t\t\t\t<\/div>\n\t\t\t\t<\/div>\n\t\t\t\t<div class=\"elementor-element elementor-element-9c2009c elementor-widget elementor-widget-heading\" data-id=\"9c2009c\" data-element_type=\"widget\" data-e-type=\"widget\" data-widget_type=\"heading.default\">\n\t\t\t\t<div class=\"elementor-widget-container\">\n\t\t\t\t\t<h3 class=\"elementor-heading-title elementor-size-small\">Es kann sein, dass wir \u00c4nderungen an dieser Cookie-Richtlinie vornehmen m\u00fcssen, damit sie unseren Service und unsere Richtlinien korrekt wiedergibt. Wir empfehlen Ihnen, unsere Cookie-Richtlinie von Zeit zu Zeit erneut zu lesen, um \u00fcber unsere Verwendung von Cookies und verwandten Technologien informiert zu bleiben. Die jeweils aktuelle Cookie-Richtlinie finden Sie hier.\n\nSollten wir \u00c4nderungen vornehmen, die unsere Cookie-Richtlinie wesentlich \u00fcberarbeiten, werden wir diese \u00c4nderungen auf unserer Website hervorheben.\n<\/h3>\t\t\t\t<\/div>\n\t\t\t\t<\/div>\n\t\t\t\t<div class=\"elementor-element elementor-element-b89bbbe elementor-widget elementor-widget-heading\" data-id=\"b89bbbe\" data-element_type=\"widget\" data-e-type=\"widget\" data-widget_type=\"heading.default\">\n\t\t\t\t<div class=\"elementor-widget-container\">\n\t\t\t\t\t<h3 class=\"elementor-heading-title elementor-size-default\">Ihre Rechte in Bezug auf Ihre pers\u00f6nlichen Daten<\/h3>\t\t\t\t<\/div>\n\t\t\t\t<\/div>\n\t\t\t\t<div class=\"elementor-element elementor-element-e8cb0be elementor-widget elementor-widget-heading\" data-id=\"e8cb0be\" data-element_type=\"widget\" data-e-type=\"widget\" data-widget_type=\"heading.default\">\n\t\t\t\t<div class=\"elementor-widget-container\">\n\t\t\t\t\t<h3 class=\"elementor-heading-title elementor-size-small\">Sie haben das Recht zu entscheiden, ob Sie Cookies akzeptieren oder ablehnen. Durch die weitere Nutzung unserer Website erkl\u00e4ren Sie sich mit unserer Cookie-Richtlinie einverstanden und stimmen deren Bedingungen zu.\n\nIhre pers\u00f6nlichen Daten werden vertraulich behandelt. Wir werden Ihre Daten nicht an Dritte weitergeben, verkaufen oder vermieten. Ihre pers\u00f6nlichen Daten sind auf die Mitarbeiter von Oniar O\u00dc beschr\u00e4nkt, die diese Informationen im Rahmen ihrer Aufgaben verwenden d\u00fcrfen.\n\nSie haben das Recht, die Angaben zu Ihrer Person in unserem Register zu \u00fcberpr\u00fcfen, die Berichtigung falscher Angaben zu verlangen und die Verarbeitung der Sie betreffenden personenbezogenen Daten im Rahmen des Direktmarketings zu untersagen.\n\nAuf Ihr Verlangen werden wir personenbezogene Daten, die m\u00f6glicherweise ungenau, unn\u00f6tig, unvollst\u00e4ndig oder veraltet sind, berichtigen, l\u00f6schen oder erg\u00e4nzen. Wenn Sie Ihre Rechte in Bezug auf Ihre personenbezogenen Daten wahrnehmen m\u00f6chten oder Fragen zu unserer Cookie-Richtlinie haben, wenden Sie sich bitte per E-Mail an uns: dataprotection@oniar.eu <\/h3>\t\t\t\t<\/div>\n\t\t\t\t<\/div>\n\t\t\t\t\t<\/div>\n\t\t<\/div>\n\t\t\t\t\t<\/div>\n\t\t<\/section>\n\t\t\t\t<\/div>","protected":false},"excerpt":{"rendered":"<p>Cookie policy Introduction This cookie policy explains what cookies are and how Oniar O\u00dc use them on website www.oniar.eu. This policy will help you understand what type of cookies we use, the information we collect using cookies and how this information is being used. Furthermore, it explains why we use them, as well as your [&hellip;]<\/p>\n","protected":false},"author":2,"featured_media":0,"parent":0,"menu_order":0,"comment_status":"closed","ping_status":"closed","template":"","meta":{"_eb_attr":"","_monsterinsights_skip_tracking":false,"_monsterinsights_sitenote_active":false,"_monsterinsights_sitenote_note":"","_monsterinsights_sitenote_category":0,"site-sidebar-layout":"no-sidebar","site-content-layout":"page-builder","ast-site-content-layout":"full-width-container","site-content-style":"unboxed","site-sidebar-style":"unboxed","ast-global-header-display":"","ast-banner-title-visibility":"","ast-main-header-display":"","ast-hfb-above-header-display":"","ast-hfb-below-header-display":"","ast-hfb-mobile-header-display":"","site-post-title":"disabled","ast-breadcrumbs-content":"","ast-featured-img":"disabled","footer-sml-layout":"","ast-disable-related-posts":"","theme-transparent-header-meta":"enabled","adv-header-id-meta":"","stick-header-meta":"","header-above-stick-meta":"","header-main-stick-meta":"","header-below-stick-meta":"","astra-migrate-meta-layouts":"set","ast-page-background-enabled":"default","ast-page-background-meta":{"desktop":{"background-color":"","background-image":"","background-repeat":"repeat","background-position":"center center","background-size":"auto","background-attachment":"scroll","background-type":"","background-media":"","overlay-type":"","overlay-color":"","overlay-opacity":"","overlay-gradient":""},"tablet":{"background-color":"","background-image":"","background-repeat":"repeat","background-position":"center center","background-size":"auto","background-attachment":"scroll","background-type":"","background-media":"","overlay-type":"","overlay-color":"","overlay-opacity":"","overlay-gradient":""},"mobile":{"background-color":"","background-image":"","background-repeat":"repeat","background-position":"center center","background-size":"auto","background-attachment":"scroll","background-type":"","background-media":"","overlay-type":"","overlay-color":"","overlay-opacity":"","overlay-gradient":""}},"ast-content-background-meta":{"desktop":{"background-color":"var(--ast-global-color-5)","background-image":"","background-repeat":"repeat","background-position":"center center","background-size":"auto","background-attachment":"scroll","background-type":"","background-media":"","overlay-type":"","overlay-color":"","overlay-opacity":"","overlay-gradient":""},"tablet":{"background-color":"var(--ast-global-color-5)","background-image":"","background-repeat":"repeat","background-position":"center center","background-size":"auto","background-attachment":"scroll","background-type":"","background-media":"","overlay-type":"","overlay-color":"","overlay-opacity":"","overlay-gradient":""},"mobile":{"background-color":"var(--ast-global-color-5)","background-image":"","background-repeat":"repeat","background-position":"center center","background-size":"auto","background-attachment":"scroll","background-type":"","background-media":"","overlay-type":"","overlay-color":"","overlay-opacity":"","overlay-gradient":""}},"footnotes":""},"class_list":["post-5974","page","type-page","status-publish","hentry"],"aioseo_notices":[],"_links":{"self":[{"href":"https:\/\/oniar.eu\/de\/wp-json\/wp\/v2\/pages\/5974","targetHints":{"allow":["GET"]}}],"collection":[{"href":"https:\/\/oniar.eu\/de\/wp-json\/wp\/v2\/pages"}],"about":[{"href":"https:\/\/oniar.eu\/de\/wp-json\/wp\/v2\/types\/page"}],"author":[{"embeddable":true,"href":"https:\/\/oniar.eu\/de\/wp-json\/wp\/v2\/users\/2"}],"replies":[{"embeddable":true,"href":"https:\/\/oniar.eu\/de\/wp-json\/wp\/v2\/comments?post=5974"}],"version-history":[{"count":26,"href":"https:\/\/oniar.eu\/de\/wp-json\/wp\/v2\/pages\/5974\/revisions"}],"predecessor-version":[{"id":7776,"href":"https:\/\/oniar.eu\/de\/wp-json\/wp\/v2\/pages\/5974\/revisions\/7776"}],"wp:attachment":[{"href":"https:\/\/oniar.eu\/de\/wp-json\/wp\/v2\/media?parent=5974"}],"curies":[{"name":"wp","href":"https:\/\/api.w.org\/{rel}","templated":true}]}}