{"id":5974,"date":"2022-04-28T06:17:59","date_gmt":"2022-04-28T06:17:59","guid":{"rendered":"https:\/\/oniar.eu\/\/?page_id=5974"},"modified":"2024-10-14T14:19:16","modified_gmt":"2024-10-14T14:19:16","slug":"cookie-policy","status":"publish","type":"page","link":"https:\/\/oniar.eu\/da\/cookie-policy\/","title":{"rendered":"Cookie-politik"},"content":{"rendered":"<div data-elementor-type=\"wp-post\" data-elementor-id=\"5974\" class=\"elementor elementor-5974\">\n\t\t\t\t\t\t<section class=\"elementor-section elementor-top-section elementor-element elementor-element-d5cb96b elementor-section-full_width elementor-section-height-min-height elementor-section-stretched elementor-section-height-default elementor-section-items-middle\" data-id=\"d5cb96b\" data-element_type=\"section\" data-e-type=\"section\" data-settings=\"{&quot;stretch_section&quot;:&quot;section-stretched&quot;,&quot;background_background&quot;:&quot;classic&quot;}\">\n\t\t\t\t\t\t<div class=\"elementor-container elementor-column-gap-default\">\n\t\t\t\t\t<div class=\"elementor-column elementor-col-100 elementor-top-column elementor-element elementor-element-b877cb7\" data-id=\"b877cb7\" data-element_type=\"column\" data-e-type=\"column\">\n\t\t\t<div class=\"elementor-widget-wrap elementor-element-populated\">\n\t\t\t\t\t\t<div class=\"elementor-element elementor-element-978fc1f elementor-widget elementor-widget-heading\" data-id=\"978fc1f\" data-element_type=\"widget\" data-e-type=\"widget\" data-widget_type=\"heading.default\">\n\t\t\t\t<div class=\"elementor-widget-container\">\n\t\t\t\t\t<h1 class=\"elementor-heading-title elementor-size-default\">Cookie-politik<\/h1>\t\t\t\t<\/div>\n\t\t\t\t<\/div>\n\t\t\t\t\t<\/div>\n\t\t<\/div>\n\t\t\t\t\t<\/div>\n\t\t<\/section>\n\t\t\t\t<section class=\"elementor-section elementor-top-section elementor-element elementor-element-54dfedde elementor-section-boxed elementor-section-height-default elementor-section-height-default\" data-id=\"54dfedde\" data-element_type=\"section\" data-e-type=\"section\" data-settings=\"{&quot;background_background&quot;:&quot;classic&quot;}\">\n\t\t\t\t\t\t<div class=\"elementor-container elementor-column-gap-default\">\n\t\t\t\t\t<div class=\"elementor-column elementor-col-100 elementor-top-column elementor-element elementor-element-3b5232b7\" data-id=\"3b5232b7\" data-element_type=\"column\" data-e-type=\"column\">\n\t\t\t<div class=\"elementor-widget-wrap elementor-element-populated\">\n\t\t\t\t\t\t<div class=\"elementor-element elementor-element-e4915ba elementor-widget elementor-widget-heading\" data-id=\"e4915ba\" data-element_type=\"widget\" data-e-type=\"widget\" data-widget_type=\"heading.default\">\n\t\t\t\t<div class=\"elementor-widget-container\">\n\t\t\t\t\t<h3 class=\"elementor-heading-title elementor-size-default\">Introduktion\n\n<\/h3>\t\t\t\t<\/div>\n\t\t\t\t<\/div>\n\t\t\t\t<div class=\"elementor-element elementor-element-5dba8f1 elementor-widget elementor-widget-heading\" data-id=\"5dba8f1\" data-element_type=\"widget\" data-e-type=\"widget\" data-widget_type=\"heading.default\">\n\t\t\t\t<div class=\"elementor-widget-container\">\n\t\t\t\t\t<h3 class=\"elementor-heading-title elementor-size-small\">Denne cookiepolitik forklarer, hvad cookies er, og hvordan Oniar O\u00dc bruger dem p\u00e5 hjemmesiden www.oniar.eu. Denne politik vil hj\u00e6lpe dig med at forst\u00e5, hvilken type cookies vi bruger, hvilke oplysninger vi indsamler ved hj\u00e6lp af cookies, og hvordan disse oplysninger bruges. Desuden forklarer den, hvorfor vi bruger dem, samt dine rettigheder til at kontrollere vores brug af dem.\n\nVi behandler personoplysninger i overensstemmelse med g\u00e6ldende lovgivning om beskyttelse af personoplysninger, herunder Europa-Parlamentets og R\u00e5dets forordning (EU) 2016\/679 (\"GDPR\").\n\nVi gemmer ikke f\u00f8lsomme personlige oplysninger, s\u00e5som mailadresser, adgangskoder til konti osv. i de cookies, vi bruger. For yderligere oplysninger om, hvordan vi bruger, gemmer og opbevarer dine personlige oplysninger sikkert, se vores privatlivspolitik. \n<\/h3>\t\t\t\t<\/div>\n\t\t\t\t<\/div>\n\t\t\t\t<div class=\"elementor-element elementor-element-f164035 elementor-widget elementor-widget-heading\" data-id=\"f164035\" data-element_type=\"widget\" data-e-type=\"widget\" data-widget_type=\"heading.default\">\n\t\t\t\t<div class=\"elementor-widget-container\">\n\t\t\t\t\t<h3 class=\"elementor-heading-title elementor-size-default\">Hvad er en cookie?<\/h3>\t\t\t\t<\/div>\n\t\t\t\t<\/div>\n\t\t\t\t<div class=\"elementor-element elementor-element-fd95a4d elementor-widget elementor-widget-heading\" data-id=\"fd95a4d\" data-element_type=\"widget\" data-e-type=\"widget\" data-widget_type=\"heading.default\">\n\t\t\t\t<div class=\"elementor-widget-container\">\n\t\t\t\t\t<h3 class=\"elementor-heading-title elementor-size-small\">En cookie er en lille tekstfil, der gemmes p\u00e5 din computer eller p\u00e5 en anden internetforbundet enhed for at identificere din browser, give analyser, huske oplysninger om dig, f.eks. dine sprogpr\u00e6ferencer eller loginoplysninger. De er helt sikre og kan ikke bruges til at k\u00f8re programmer eller levere virus til din enhed.\n\nN\u00e5r du bes\u00f8ger et websted eller bruger en mobilapplikation, beder en computer din computer eller mobilenhed om tilladelse til at gemme denne fil p\u00e5 din computer eller mobilenhed og f\u00e5 adgang til oplysninger.<\/h3>\t\t\t\t<\/div>\n\t\t\t\t<\/div>\n\t\t\t\t<div class=\"elementor-element elementor-element-7d66723 elementor-widget elementor-widget-heading\" data-id=\"7d66723\" data-element_type=\"widget\" data-e-type=\"widget\" data-widget_type=\"heading.default\">\n\t\t\t\t<div class=\"elementor-widget-container\">\n\t\t\t\t\t<h3 class=\"elementor-heading-title elementor-size-default\">Hvorfor bruger vi cookies?<\/h3>\t\t\t\t<\/div>\n\t\t\t\t<\/div>\n\t\t\t\t<div class=\"elementor-element elementor-element-2885e18 elementor-widget elementor-widget-heading\" data-id=\"2885e18\" data-element_type=\"widget\" data-e-type=\"widget\" data-widget_type=\"heading.default\">\n\t\t\t\t<div class=\"elementor-widget-container\">\n\t\t\t\t\t<h3 class=\"elementor-heading-title elementor-size-small\">Vi bruger f\u00f8rsteparts- og\/eller tredjepartscookies p\u00e5 vores websted.\nF\u00f8rstepartscookies placeres af det websted, du bes\u00f8ger. Kun v\u00e6rtsdom\u00e6net kan hente og l\u00e6se indholdet af disse cookies. Tredjepartscookies muligg\u00f8r tredjepartsfunktioner eller -funktioner p\u00e5 vores websted.\n\nVi bruger cookies til f\u00f8lgende form\u00e5l :\n\n1. For at forenkle driften og funktionaliteten af vores websted;\n2. For at forbedre din oplevelse ved at g\u00f8re det hurtigere og nemmere at navigere p\u00e5 vores websted;\n3. For at give os mulighed for at forst\u00e5, hvad der er nyttigt eller af interesse for dig.\n4. At analysere, hvordan vores websted bruges, og hvordan vi kan g\u00f8re det mere effektivt at bruge det.\n<\/h3>\t\t\t\t<\/div>\n\t\t\t\t<\/div>\n\t\t\t\t<div class=\"elementor-element elementor-element-de22a88 elementor-widget elementor-widget-heading\" data-id=\"de22a88\" data-element_type=\"widget\" data-e-type=\"widget\" data-widget_type=\"heading.default\">\n\t\t\t\t<div class=\"elementor-widget-container\">\n\t\t\t\t\t<h3 class=\"elementor-heading-title elementor-size-default\">Hvilken type cookies bruger vi?<\/h3>\t\t\t\t<\/div>\n\t\t\t\t<\/div>\n\t\t\t\t<div class=\"elementor-element elementor-element-d103921 elementor-widget elementor-widget-heading\" data-id=\"d103921\" data-element_type=\"widget\" data-e-type=\"widget\" data-widget_type=\"heading.default\">\n\t\t\t\t<div class=\"elementor-widget-container\">\n\t\t\t\t\t<h3 class=\"elementor-heading-title elementor-size-small\">Cookies kan enten v\u00e6re sessionscookies eller permanente cookies. Sessionscookies slettes automatisk, n\u00e5r du lukker din browser. Permanente cookies har f\u00e5et en udl\u00f8bsdato, og de vil forblive, indtil denne dato er n\u00e5et, eller du sletter dine cookies. Udl\u00f8bsdatoerne er angivet i selve cookies; nogle kan udl\u00f8be efter et par minutter, mens andre kan udl\u00f8be efter flere \u00e5r.\n\nVi bruger f\u00f8lgende typer cookies p\u00e5 vores websted.\n<\/h3>\t\t\t\t<\/div>\n\t\t\t\t<\/div>\n\t\t\t\t<div class=\"elementor-element elementor-element-9f516ca elementor-widget elementor-widget-heading\" data-id=\"9f516ca\" data-element_type=\"widget\" data-e-type=\"widget\" data-widget_type=\"heading.default\">\n\t\t\t\t<div class=\"elementor-widget-container\">\n\t\t\t\t\t<h3 class=\"elementor-heading-title elementor-size-default\">Strengt n\u00f8dvendige og v\u00e6sentlige cookies<\/h3>\t\t\t\t<\/div>\n\t\t\t\t<\/div>\n\t\t\t\t<div class=\"elementor-element elementor-element-acf9116 elementor-widget elementor-widget-heading\" data-id=\"acf9116\" data-element_type=\"widget\" data-e-type=\"widget\" data-widget_type=\"heading.default\">\n\t\t\t\t<div class=\"elementor-widget-container\">\n\t\t\t\t\t<h3 class=\"elementor-heading-title elementor-size-small\">Disse cookies er vigtige for at f\u00e5 vores websted til at fungere og sikre korrekt funktionalitet. De muligg\u00f8r grundl\u00e6ggende funktioner som f.eks. netv\u00e6rksstyring, dine cookie-pr\u00e6ferencer og tilg\u00e6ngelighed. Disse cookies g\u00f8r det muligt for dig at navigere rundt p\u00e5 webstedet og bruge dets funktioner.  Du kan deaktivere dem ved at \u00e6ndre dine browserindstillinger, men dette kan p\u00e5virke webstedets funktion, og vi kan ikke garantere vores webstedets tekniske drift og brug.<\/h3>\t\t\t\t<\/div>\n\t\t\t\t<\/div>\n\t\t\t\t<div class=\"elementor-element elementor-element-974ef26 elementor-widget elementor-widget-heading\" data-id=\"974ef26\" data-element_type=\"widget\" data-e-type=\"widget\" data-widget_type=\"heading.default\">\n\t\t\t\t<div class=\"elementor-widget-container\">\n\t\t\t\t\t<h3 class=\"elementor-heading-title elementor-size-default\">Cookies for ydeevne og funktionalitet <\/h3>\t\t\t\t<\/div>\n\t\t\t\t<\/div>\n\t\t\t\t<div class=\"elementor-element elementor-element-4d68d2d elementor-widget elementor-widget-heading\" data-id=\"4d68d2d\" data-element_type=\"widget\" data-e-type=\"widget\" data-widget_type=\"heading.default\">\n\t\t\t\t<div class=\"elementor-widget-container\">\n\t\t\t\t\t<h3 class=\"elementor-heading-title elementor-size-small\">Disse cookies er ikke essentielle, men bruges til at forbedre vores hjemmesides ydeevne og funktionalitet. Uden disse cookies kan visse funktioner som f.eks. videoer blive utilg\u00e6ngelige, eller hver gang du bes\u00f8ger hjemmesiden, vil vi ikke kunne huske dine individuelle valg (f.eks. sprog eller region). <\/h3>\t\t\t\t<\/div>\n\t\t\t\t<\/div>\n\t\t\t\t<div class=\"elementor-element elementor-element-018c9a3 elementor-widget elementor-widget-heading\" data-id=\"018c9a3\" data-element_type=\"widget\" data-e-type=\"widget\" data-widget_type=\"heading.default\">\n\t\t\t\t<div class=\"elementor-widget-container\">\n\t\t\t\t\t<h3 class=\"elementor-heading-title elementor-size-default\">Cookies til analyse og tilpasning<\/h3>\t\t\t\t<\/div>\n\t\t\t\t<\/div>\n\t\t\t\t<div class=\"elementor-element elementor-element-bd5d329 elementor-widget elementor-widget-heading\" data-id=\"bd5d329\" data-element_type=\"widget\" data-e-type=\"widget\" data-widget_type=\"heading.default\">\n\t\t\t\t<div class=\"elementor-widget-container\">\n\t\t\t\t\t<h3 class=\"elementor-heading-title elementor-size-small\">Disse cookies indsamler oplysninger, der bruges til at hj\u00e6lpe os med at forst\u00e5, hvordan vores websted bruges, eller til at hj\u00e6lpe os med at tilpasse vores websted til dig. Vi bruger statistiske oplysninger om brugen af vores websted til ydeevne og optimering af webstedet.\n\nVi bruger cookies, der betjenes af Google Analytics, til at indsamle begr\u00e6nsede data direkte fra slutbrugernes browsere, s\u00e5 vi bedre kan forst\u00e5 din brug af vores websted. Disse cookies kan spore ting som f.eks. hvor lang tid du bruger p\u00e5 webstedet og de sider, du bes\u00f8ger.  Du kan finde flere oplysninger om, hvordan Google indsamler og bruger disse data, p\u00e5: https:\/\/policies.google.com\/technologies\/partner-sites. Du kan frav\u00e6lge alle Google-underst\u00f8ttede analyser p\u00e5 vores websteder ved at g\u00e5 til: https:\/\/tools.google.com\/dlpage\/gaoptout. \n<\/h3>\t\t\t\t<\/div>\n\t\t\t\t<\/div>\n\t\t\t\t<div class=\"elementor-element elementor-element-a8e8e2b elementor-widget elementor-widget-heading\" data-id=\"a8e8e2b\" data-element_type=\"widget\" data-e-type=\"widget\" data-widget_type=\"heading.default\">\n\t\t\t\t<div class=\"elementor-widget-container\">\n\t\t\t\t\t<h3 class=\"elementor-heading-title elementor-size-default\">Cookies fra tredjeparter<\/h3>\t\t\t\t<\/div>\n\t\t\t\t<\/div>\n\t\t\t\t<div class=\"elementor-element elementor-element-261a06e elementor-widget elementor-widget-heading\" data-id=\"261a06e\" data-element_type=\"widget\" data-e-type=\"widget\" data-widget_type=\"heading.default\">\n\t\t\t\t<div class=\"elementor-widget-container\">\n\t\t\t\t\t<h3 class=\"elementor-heading-title elementor-size-small\">Nogle af de cookies, der er blevet sat p\u00e5 vores websted, er ikke sat p\u00e5 f\u00f8rstepartsbasis. Hjemmesiden kan indeholde indhold fra tredjeparter med henblik p\u00e5 reklame via vores hjemmeside. Disse tredjepartstjenesteudbydere kan s\u00e6tte deres egne cookies i din webbrowser. Tredjepartstjenesteudbydere kontrollerer mange af de pr\u00e6stations- og funktionalitets-, reklame-, markedsf\u00f8rings- og analysecookies, der er beskrevet ovenfor. Tredjepartscookies kan bruge oplysninger om dine bes\u00f8g p\u00e5 dette og andre websteder til at levere relevante reklamer om varer og tjenester, som du kan v\u00e6re interesseret i. De data, der indsamles af disse cookies, er ikke under vores kontrol, da brugen af disse tredjepartscookies kun kan tilg\u00e5s af den tredjepart, der oprindeligt indstillede dem. \n<\/h3>\t\t\t\t<\/div>\n\t\t\t\t<\/div>\n\t\t\t\t<div class=\"elementor-element elementor-element-b51feb4 elementor-widget elementor-widget-heading\" data-id=\"b51feb4\" data-element_type=\"widget\" data-e-type=\"widget\" data-widget_type=\"heading.default\">\n\t\t\t\t<div class=\"elementor-widget-container\">\n\t\t\t\t\t<h3 class=\"elementor-heading-title elementor-size-default\">Hvordan kan du administrere cookies?<\/h3>\t\t\t\t<\/div>\n\t\t\t\t<\/div>\n\t\t\t\t<div class=\"elementor-element elementor-element-2c7865f elementor-widget elementor-widget-heading\" data-id=\"2c7865f\" data-element_type=\"widget\" data-e-type=\"widget\" data-widget_type=\"heading.default\">\n\t\t\t\t<div class=\"elementor-widget-container\">\n\t\t\t\t\t<h3 class=\"elementor-heading-title elementor-size-small\">De fleste browsere giver dig mulighed for at styre cookies via deres \"indstillinger\". Du kan \u00e6ndre dine browserindstillinger for at styre, i hvilket omfang du tillader brugen af cookies og m\u00e5lretning af reklamer. Hvis du begr\u00e6nser webstedernes mulighed for at s\u00e6tte cookies, kan du dog forv\u00e6rre din samlede brugeroplevelse, da den ikke l\u00e6ngere vil v\u00e6re tilpasset dig.\n\nHvis du \u00f8nsker at konfigurere indstillingerne i overensstemmelse med dine pr\u00e6ferencer, kan du finde flere oplysninger i din browserproducents hj\u00e6lpemenu.\n\n<\/h3>\t\t\t\t<\/div>\n\t\t\t\t<\/div>\n\t\t\t\t<div class=\"elementor-element elementor-element-9710fb8 elementor-widget elementor-widget-heading\" data-id=\"9710fb8\" data-element_type=\"widget\" data-e-type=\"widget\" data-widget_type=\"heading.default\">\n\t\t\t\t<div class=\"elementor-widget-container\">\n\t\t\t\t\t<h3 class=\"elementor-heading-title elementor-size-default\">Blokering og deaktivering af cookies og lignende teknologier<\/h3>\t\t\t\t<\/div>\n\t\t\t\t<\/div>\n\t\t\t\t<div class=\"elementor-element elementor-element-817ac0b elementor-widget elementor-widget-heading\" data-id=\"817ac0b\" data-element_type=\"widget\" data-e-type=\"widget\" data-widget_type=\"heading.default\">\n\t\t\t\t<div class=\"elementor-widget-container\">\n\t\t\t\t\t<h3 class=\"elementor-heading-title elementor-size-small\">Du kan indstille din browser til at blokere cookies og lignende teknologier, men dette kan ogs\u00e5 blokere vores vigtige cookies og forhindre vores websted i at fungere korrekt. Du kan opleve visse ulemper i forbindelse med din brug af hjemmesidens funktioner og tjenester. Du skal v\u00e6re opm\u00e6rksom p\u00e5, at du ogs\u00e5 kan miste nogle gemte oplysninger (f.eks. webstedspr\u00e6ferencer), hvis du blokerer cookies i din browser. Det anbefales derfor, at du ikke deaktiverer eller blokerer cookies.\n\nDeaktivering af en cookie eller en kategori af cookies sletter ikke cookien fra din browser, du skal selv g\u00f8re dette fra din browser. Hvis du gerne vil slette cookies eller tildele din webbrowser at slette eller afvise cookies, kan du g\u00e5 til hj\u00e6lpemenuen i din webbrowser.\n<\/h3>\t\t\t\t<\/div>\n\t\t\t\t<\/div>\n\t\t\t\t<div class=\"elementor-element elementor-element-23cbeb8 elementor-widget elementor-widget-heading\" data-id=\"23cbeb8\" data-element_type=\"widget\" data-e-type=\"widget\" data-widget_type=\"heading.default\">\n\t\t\t\t<div class=\"elementor-widget-container\">\n\t\t\t\t\t<h3 class=\"elementor-heading-title elementor-size-default\">\u00c6ndringer af vores cookiepolitik<\/h3>\t\t\t\t<\/div>\n\t\t\t\t<\/div>\n\t\t\t\t<div class=\"elementor-element elementor-element-9c2009c elementor-widget elementor-widget-heading\" data-id=\"9c2009c\" data-element_type=\"widget\" data-e-type=\"widget\" data-widget_type=\"heading.default\">\n\t\t\t\t<div class=\"elementor-widget-container\">\n\t\t\t\t\t<h3 class=\"elementor-heading-title elementor-size-small\">Vi kan v\u00e6re n\u00f8dt til at foretage \u00e6ndringer i denne cookiepolitik, s\u00e5 den afspejler vores service og politikker korrekt. Vi anbefaler, at du bes\u00f8ger vores cookiepolitik fra tid til anden for at holde dig orienteret om vores brug af cookies og relaterede teknologier. Den seneste relevante cookiepolitik kan findes her.\n\nHvis vi skulle foretage \u00e6ndringer, der i v\u00e6sentlig grad reviderer vores cookiepolitik, kan vi fremh\u00e6ve \u00e6ndringerne p\u00e5 vores websted.\n<\/h3>\t\t\t\t<\/div>\n\t\t\t\t<\/div>\n\t\t\t\t<div class=\"elementor-element elementor-element-b89bbbe elementor-widget elementor-widget-heading\" data-id=\"b89bbbe\" data-element_type=\"widget\" data-e-type=\"widget\" data-widget_type=\"heading.default\">\n\t\t\t\t<div class=\"elementor-widget-container\">\n\t\t\t\t\t<h3 class=\"elementor-heading-title elementor-size-default\">Dine rettigheder til dine personlige oplysninger<\/h3>\t\t\t\t<\/div>\n\t\t\t\t<\/div>\n\t\t\t\t<div class=\"elementor-element elementor-element-e8cb0be elementor-widget elementor-widget-heading\" data-id=\"e8cb0be\" data-element_type=\"widget\" data-e-type=\"widget\" data-widget_type=\"heading.default\">\n\t\t\t\t<div class=\"elementor-widget-container\">\n\t\t\t\t\t<h3 class=\"elementor-heading-title elementor-size-small\">Du har ret til at beslutte, om du vil acceptere eller afvise cookies. Ved at forts\u00e6tte med at bruge vores websted giver du hermed dit samtykke til vores cookiepolitik og accepterer betingelserne herfor.\n\nDine personlige oplysninger behandles fortroligt. Vi afsl\u00f8rer, s\u00e6lger eller udlejer ikke dine oplysninger til tredjeparter. Dine personlige oplysninger er begr\u00e6nset til medarbejdere hos Oniar O\u00dc, som kan bruge disse oplysninger i forbindelse med deres opgaver.\n\nDu har ret til at kontrollere oplysningerne om dig selv i vores register, ret til at anmode om rettelse af ukorrekte oplysninger og ret til at forbyde behandling af personoplysninger om dig i forbindelse med direkte markedsf\u00f8ring.\n\nP\u00e5 din anmodning vil vi rette, slette eller supplere personoplysninger, som kan v\u00e6re un\u00f8jagtige, un\u00f8dvendige, ufuldst\u00e6ndige eller for\u00e6ldede. Hvis du \u00f8nsker at ud\u00f8ve dine rettigheder til dine personoplysninger, eller hvis du har sp\u00f8rgsm\u00e5l vedr\u00f8rende vores cookiepolitik, bedes du kontakte os via e-mail: dataprotection@oniar.eu <\/h3>\t\t\t\t<\/div>\n\t\t\t\t<\/div>\n\t\t\t\t\t<\/div>\n\t\t<\/div>\n\t\t\t\t\t<\/div>\n\t\t<\/section>\n\t\t\t\t<\/div>","protected":false},"excerpt":{"rendered":"<p>Cookie policy Introduction This cookie policy explains what cookies are and how Oniar O\u00dc use them on website www.oniar.eu. This policy will help you understand what type of cookies we use, the information we collect using cookies and how this information is being used. Furthermore, it explains why we use them, as well as your [&hellip;]<\/p>\n","protected":false},"author":2,"featured_media":0,"parent":0,"menu_order":0,"comment_status":"closed","ping_status":"closed","template":"","meta":{"_eb_attr":"","_monsterinsights_skip_tracking":false,"_monsterinsights_sitenote_active":false,"_monsterinsights_sitenote_note":"","_monsterinsights_sitenote_category":0,"site-sidebar-layout":"no-sidebar","site-content-layout":"page-builder","ast-site-content-layout":"full-width-container","site-content-style":"unboxed","site-sidebar-style":"unboxed","ast-global-header-display":"","ast-banner-title-visibility":"","ast-main-header-display":"","ast-hfb-above-header-display":"","ast-hfb-below-header-display":"","ast-hfb-mobile-header-display":"","site-post-title":"disabled","ast-breadcrumbs-content":"","ast-featured-img":"disabled","footer-sml-layout":"","ast-disable-related-posts":"","theme-transparent-header-meta":"enabled","adv-header-id-meta":"","stick-header-meta":"","header-above-stick-meta":"","header-main-stick-meta":"","header-below-stick-meta":"","astra-migrate-meta-layouts":"set","ast-page-background-enabled":"default","ast-page-background-meta":{"desktop":{"background-color":"","background-image":"","background-repeat":"repeat","background-position":"center center","background-size":"auto","background-attachment":"scroll","background-type":"","background-media":"","overlay-type":"","overlay-color":"","overlay-opacity":"","overlay-gradient":""},"tablet":{"background-color":"","background-image":"","background-repeat":"repeat","background-position":"center center","background-size":"auto","background-attachment":"scroll","background-type":"","background-media":"","overlay-type":"","overlay-color":"","overlay-opacity":"","overlay-gradient":""},"mobile":{"background-color":"","background-image":"","background-repeat":"repeat","background-position":"center center","background-size":"auto","background-attachment":"scroll","background-type":"","background-media":"","overlay-type":"","overlay-color":"","overlay-opacity":"","overlay-gradient":""}},"ast-content-background-meta":{"desktop":{"background-color":"var(--ast-global-color-5)","background-image":"","background-repeat":"repeat","background-position":"center center","background-size":"auto","background-attachment":"scroll","background-type":"","background-media":"","overlay-type":"","overlay-color":"","overlay-opacity":"","overlay-gradient":""},"tablet":{"background-color":"var(--ast-global-color-5)","background-image":"","background-repeat":"repeat","background-position":"center center","background-size":"auto","background-attachment":"scroll","background-type":"","background-media":"","overlay-type":"","overlay-color":"","overlay-opacity":"","overlay-gradient":""},"mobile":{"background-color":"var(--ast-global-color-5)","background-image":"","background-repeat":"repeat","background-position":"center center","background-size":"auto","background-attachment":"scroll","background-type":"","background-media":"","overlay-type":"","overlay-color":"","overlay-opacity":"","overlay-gradient":""}},"footnotes":""},"class_list":["post-5974","page","type-page","status-publish","hentry"],"aioseo_notices":[],"_links":{"self":[{"href":"https:\/\/oniar.eu\/da\/wp-json\/wp\/v2\/pages\/5974","targetHints":{"allow":["GET"]}}],"collection":[{"href":"https:\/\/oniar.eu\/da\/wp-json\/wp\/v2\/pages"}],"about":[{"href":"https:\/\/oniar.eu\/da\/wp-json\/wp\/v2\/types\/page"}],"author":[{"embeddable":true,"href":"https:\/\/oniar.eu\/da\/wp-json\/wp\/v2\/users\/2"}],"replies":[{"embeddable":true,"href":"https:\/\/oniar.eu\/da\/wp-json\/wp\/v2\/comments?post=5974"}],"version-history":[{"count":26,"href":"https:\/\/oniar.eu\/da\/wp-json\/wp\/v2\/pages\/5974\/revisions"}],"predecessor-version":[{"id":7776,"href":"https:\/\/oniar.eu\/da\/wp-json\/wp\/v2\/pages\/5974\/revisions\/7776"}],"wp:attachment":[{"href":"https:\/\/oniar.eu\/da\/wp-json\/wp\/v2\/media?parent=5974"}],"curies":[{"name":"wp","href":"https:\/\/api.w.org\/{rel}","templated":true}]}}